{"id":881,"date":"2024-09-10T14:55:12","date_gmt":"2024-09-10T17:55:12","guid":{"rendered":"https:\/\/sbbd.org.br\/2024\/?page_id=881"},"modified":"2024-10-12T16:06:24","modified_gmt":"2024-10-12T19:06:24","slug":"wtag","status":"publish","type":"page","link":"https:\/\/sbbd.org.br\/2024\/en\/wtag\/","title":{"rendered":"WTAG"},"content":{"rendered":"<p class=\"has-white-color has-vivid-cyan-blue-to-vivid-purple-gradient-background has-text-color has-background has-link-color wp-elements-d15ce4d246b92d804b2c926955ba714f\">WTAG 1 &#8211; &lt;Sess\u00e3o T\u00e9cnica 1&gt; &#8211; Chair: N\u00e1dia Kozievitch<\/p>\n\n\n\n<figure class=\"wp-block-table is-style-stripes\"><table class=\"has-fixed-layout\"><tbody><tr><td>Ter\u00e7a<\/td><td>15\/10\/2024<\/td><td><\/td><\/tr><tr><td>8:30<\/td><td>Abertura da sess\u00e3o (Chair)<\/td><td><\/td><\/tr><tr><td>8:35<\/td><td>Identifica\u00e7\u00e3o de Temas em Coment\u00e1rios de Restaurantes usando BERT e Modelos de Linguagem Generativa<\/td><td>Jos\u00e9 Almeida Neto (Universidade do Estado do Amazonas), Tiago de Melo (Universidade do Estado do Amazonas)<\/td><\/tr><tr><td>8:52<\/td><td>Investiga\u00e7\u00e3o sobre a Leitura de Documentos de Modelos de Perguntas e Respostas no Dom\u00ednio Esportivo<\/td><td>Laura Camargos (Universidade de S\u00e3o Paulo), Leonardo Mauro Pereira Moraes (Universidade de S\u00e3o Paulo), Cristina Aguiar(Universidade de S\u00e3o Paulo)<\/td><\/tr><tr><td>9:09<\/td><td>Processo de ETL para inser\u00e7\u00e3o de dados estat\u00edsticos do ensino superior brasileiro com foco em mulheres nas \u00e1reas STEM no grafo de conhecimento da plataforma ELLAS<\/td><td>Bruna Amador (UTFPR), Rita Berardi (UTFPR)<\/td><\/tr><tr><td>9:26<\/td><td>An\u00e1lise Comparativa de Canais do YouTube utilizando Redes Complexas<\/td><td>Phelipe Rodovalho Santos (Universidade Federal de Uberl\u00e2ndia), Fabiola Souza Fernandes Pereira (Universidade Federal de Uberl\u00e2ndia)<\/td><\/tr><tr><td>9:43<\/td><td>Estudo experimental sobre justi\u00e7a algor\u00edtmica aplicada em modelos de an\u00e1lise de cr\u00e9dito<\/td><td>Robespierre Pita (Universidade Federal da Bahia), Leandro Andrade (Universidade Federal da Bahia), Tiago Almeida de Oliveira (Universidade Federal da Bahia), Jo\u00e3o Victor Luz Oliveira (Universidade Federal da Bahia), Tarc\u00edsio Para\u00edso Farias (Universidade Federal da Bahia), Erick Cruz (Instituto Federal da Bahia)<\/td><\/tr><\/tbody><\/table><\/figure>\n\n\n\n<div style=\"height:100px\" aria-hidden=\"true\" class=\"wp-block-spacer\"><\/div>\n\n\n\n<p class=\"has-white-color has-vivid-cyan-blue-to-vivid-purple-gradient-background has-text-color has-background has-link-color wp-elements-e4b372ee554f1dc02ee3abcb0e483294\">WTAG 2 &#8211; &lt;Sess\u00e3o T\u00e9cnica 2&gt; &#8211; Chair: N\u00e1dia Kozievitch<\/p>\n\n\n\n<figure class=\"wp-block-table is-style-stripes\"><table class=\"has-fixed-layout\"><tbody><tr><td>Ter\u00e7a<\/td><td>15\/10\/2024<\/td><td><\/td><\/tr><tr><td>14:00<\/td><td>Abertura da sess\u00e3o (Chair)<\/td><td><\/td><\/tr><tr><td>14:05<\/td><td>An\u00e1lise de Satisfa\u00e7\u00e3o de Servi\u00e7os e Produtos Brasileiros em Plataformas Eletr\u00f4nicas: Uma Abordagem de Minera\u00e7\u00e3o de Texto<\/td><td>Isabella dos Santos (PUC-Rio), Marcos Villas (PUC-Rio), Sergio Lifschitz (PUC-Rio)<\/td><\/tr><tr><td>14:22<\/td><td>An\u00e1lise de Influenciadores de Redes Sociais Digitais<\/td><td>Marina Schuler (PUC-Rio), Sergio Lifschitz (PUC-Rio)<\/td><\/tr><tr><td>14:39<\/td><td>Identifica\u00e7\u00e3o de Perfis em M\u00faltiplas Redes Sociais<\/td><td>Mariana Barreto (PUC-Rio), Sergio Lifschitz (PUC-Rio)<\/td><\/tr><tr><td>14:56<\/td><td>Monitoramento do mercado de ativos brasileiro: uma proposta de pipeline de dados para detec\u00e7\u00e3o de bolhas financeiras<\/td><td>Uiliam Bomfim (IFBA), Fl\u00e1via Nascimento (IFBA)<\/td><\/tr><tr><td>15:13<\/td><td>Uso de Business Intelligence para mensura\u00e7\u00e3o de acidentes rodovi\u00e1rios atrav\u00e9s da base de dados da Pol\u00edcia Rodovi\u00e1ria Federal<\/td><td>Lucca Ros\u00e1rio (IFAL), Mayson De Medeiros (IFAL), Edison Moraes (IFAL), Flavio Medeiros (IFAL), Jailton Cruz (IFAL)<\/td><\/tr><\/tbody><\/table><\/figure>\n\n\n\n<p><\/p>","protected":false},"excerpt":{"rendered":"<p>WTAG 1 &#8211; &lt;Sess\u00e3o T\u00e9cnica 1&gt; &#8211; Chair: N\u00e1dia Kozievitch Ter\u00e7a 15\/10\/2024 8:30 Abertura da sess\u00e3o (Chair) 8:35 Identifica\u00e7\u00e3o de Temas em Coment\u00e1rios de Restaurantes usando BERT e Modelos de Linguagem Generativa Jos\u00e9 Almeida Neto (Universidade do Estado do Amazonas), Tiago de Melo (Universidade do Estado do Amazonas) 8:52 Investiga\u00e7\u00e3o sobre a Leitura de Documentos [&hellip;]<\/p>\n","protected":false},"author":3,"featured_media":0,"parent":0,"menu_order":0,"comment_status":"closed","ping_status":"closed","template":"","meta":{"footnotes":""},"class_list":["post-881","page","type-page","status-publish","hentry"],"_links":{"self":[{"href":"https:\/\/sbbd.org.br\/2024\/en\/wp-json\/wp\/v2\/pages\/881","targetHints":{"allow":["GET"]}}],"collection":[{"href":"https:\/\/sbbd.org.br\/2024\/en\/wp-json\/wp\/v2\/pages"}],"about":[{"href":"https:\/\/sbbd.org.br\/2024\/en\/wp-json\/wp\/v2\/types\/page"}],"author":[{"embeddable":true,"href":"https:\/\/sbbd.org.br\/2024\/en\/wp-json\/wp\/v2\/users\/3"}],"replies":[{"embeddable":true,"href":"https:\/\/sbbd.org.br\/2024\/en\/wp-json\/wp\/v2\/comments?post=881"}],"version-history":[{"count":9,"href":"https:\/\/sbbd.org.br\/2024\/en\/wp-json\/wp\/v2\/pages\/881\/revisions"}],"predecessor-version":[{"id":1165,"href":"https:\/\/sbbd.org.br\/2024\/en\/wp-json\/wp\/v2\/pages\/881\/revisions\/1165"}],"wp:attachment":[{"href":"https:\/\/sbbd.org.br\/2024\/en\/wp-json\/wp\/v2\/media?parent=881"}],"curies":[{"name":"wp","href":"https:\/\/api.w.org\/{rel}","templated":true}]}}