{"id":658,"date":"2024-09-06T10:07:19","date_gmt":"2024-09-06T13:07:19","guid":{"rendered":"https:\/\/sbbd.org.br\/2024\/?page_id=658"},"modified":"2024-09-12T17:25:35","modified_gmt":"2024-09-12T20:25:35","slug":"artigos-curtos","status":"publish","type":"page","link":"https:\/\/sbbd.org.br\/2024\/en\/artigos-curtos\/","title":{"rendered":"Short Papers"},"content":{"rendered":"<p><\/p>\n\n\n\n<p class=\"has-text-align-left has-background has-medium-font-size\" id=\"STShort1\" style=\"background-color:#5567d0fc\"><strong><mark style=\"background-color:rgba(0, 0, 0, 0)\" class=\"has-inline-color has-white-color\">ST1- Sess\u00e3o T\u00e9cnica 1<\/mark><\/strong><\/p>\n\n\n\n<figure id=\"STFull1\" class=\"wp-block-table is-style-stripes has-small-font-size\"><table class=\"has-white-background-color has-background\"><thead><tr><th class=\"has-text-align-left\" data-align=\"left\">Ter\u00e7a<br>(15\/10)<\/th><th class=\"has-text-align-left\" data-align=\"left\" colspan=\"2\"><strong><mark style=\"background-color:rgba(0, 0, 0, 0)\" class=\"has-inline-color has-black-color\">ST Short 1<\/mark><\/strong><br><strong>Time series &amp; Data Science &#8211; Chair:<\/strong> Tiago Fran\u00e7a<\/th><\/tr><\/thead><tbody><tr><td class=\"has-text-align-left\" data-align=\"left\">8:30<\/td><td class=\"has-text-align-left\" data-align=\"left\" colspan=\"2\">Abertura da Sess\u00e3o<\/td><\/tr><tr><td class=\"has-text-align-left\" data-align=\"left\">8:35<\/td><td class=\"has-text-align-left\" data-align=\"left\">Dual-Metric Clustering for Multivariate Time Series: KMeans with DTW and QuadTree with Entropy<\/td><td>Gerardo Rojas Torres (LNCC),<br>Raphael Saldanha (Funda\u00e7\u00e3o Oswaldo Cruz),<br>Rocio Zorrilla (LNCC),<br>Victor Ribeiro (LNCC),<br>Eduardo Pena (UTFPR),<br>Fabio Porto (LNCC)<\/td><\/tr><tr><td class=\"has-text-align-left\" data-align=\"left\">8:50<\/td><td class=\"has-text-align-left\" data-align=\"left\">Matching Detections to Events in Time Series<\/td><td>Michel Reis (Cefet\/RJ),<br>Rebecca Salles (INRIA),<br>Geraldo Xex\u00e9o (UFRJ),<br>Rafaelli Coutinho (Cefet\/RJ),<br>Eduardo Ogasawara (Cefet\/RJ)<\/td><\/tr><tr><td class=\"has-text-align-left\" data-align=\"left\">9:05<\/td><td class=\"has-text-align-left\" data-align=\"left\">Diferenciando Perfis de Corredores por Meio de Pontos de Mudan\u00e7a nos Treinos<\/td><td>Nath\u00e1lia Tito (Cefet-RJ),<br>Balthazar Paix\u00e3o (Cefet\/RJ),<br>Lucas Giusti (Cefet\/RJ),<br>Eduardo Ogasawara (Cefet\/RJ),<br>Glauco Amorim (Cefet\/RJ)<\/td><\/tr><tr><td class=\"has-text-align-left\" data-align=\"left\">9:20<\/td><td class=\"has-text-align-left\" data-align=\"left\">Aprimoramento de modelos para detec\u00e7\u00e3o de conluios em licita\u00e7\u00f5es p\u00fablicas brasileiras com vari\u00e1veis estat\u00edsticas e modelos explic\u00e1veis<\/td><td>Lucas Daflon Scoralick (Cefet\/RJ),<br>Diego Brand\u00e3o (Cefet\/RJ),<br>Kele Belloze (Cefet\/RJ)<\/td><\/tr><tr><td class=\"has-text-align-left\" data-align=\"left\">9:35<\/td><td class=\"has-text-align-left\" data-align=\"left\">Avalia\u00e7\u00e3o de T\u00e9cnicas de Balanceamento de Dados na Detec\u00e7\u00e3o de Fraude em Transa\u00e7\u00f5es Online de Cart\u00e3o de Cr\u00e9dito<\/td><td>Arthur Cavalcanti (Cefet\/RJ),<br>Rafaelli Coutinho (Cefet\/RJ),<br>Eduardo Bezerra (Cefet\/RJ),<br>Diego Brand\u00e3o (Cefet\/RJ)<\/td><\/tr><tr><td class=\"has-text-align-left\" data-align=\"left\">9:50<\/td><td class=\"has-text-align-left\" data-align=\"left\">Impacto da COVID-19 na Forma\u00e7\u00e3o de Estudantes de P\u00f3s-Gradua\u00e7\u00e3o no Brasil: Uma An\u00e1lise a Partir de Dados da Plataforma Lattes do CNPq<\/td><td>Pedro Mucci (Universidade Federal de Minas Gerais),<br>Alberto Laender (Universidade Federal de Minas Gerais)<\/td><\/tr><\/tbody><\/table><\/figure>\n\n\n\n<p class=\"has-background has-medium-font-size\" id=\"STShort2\" style=\"background-color:#5567d0fc\"><strong><mark style=\"background-color:rgba(0, 0, 0, 0)\" class=\"has-inline-color has-white-color\">ST2- Sess\u00e3o T\u00e9cnica 2<\/mark><\/strong><\/p>\n\n\n\n<figure id=\"STFull1\" class=\"wp-block-table is-style-stripes has-small-font-size\"><table class=\"has-white-background-color has-background\"><thead><tr><th class=\"has-text-align-left\" data-align=\"left\">Ter\u00e7a<br>(15\/10)<\/th><th class=\"has-text-align-left\" data-align=\"left\" colspan=\"2\"><strong>Semantic and Knowledge graphs &amp; Decision support  &#8211; Chair:<\/strong> Tiago Brasileiro\u00a0Ara\u00fajo<\/th><\/tr><\/thead><tbody><tr><td class=\"has-text-align-left\" data-align=\"left\">8:30<\/td><td class=\"has-text-align-left\" data-align=\"left\" colspan=\"2\">Abertura da Sess\u00e3o<\/td><\/tr><tr><td class=\"has-text-align-left\" data-align=\"left\">8:35<\/td><td class=\"has-text-align-left\" data-align=\"left\">Justi\u00e7a em Modelos de Apoio a Processos de Tomada de Decis\u00e3o com Uso de Aprendizado Federado<\/td><td>\u00carica Peters do Carmo (ICMC-USP),<br>Agma Traina (ICMC-USP),<br>Caetano Traina J\u00fanior (ICMC &#8211; USP)<\/td><\/tr><tr><td class=\"has-text-align-left\" data-align=\"left\">8:50<\/td><td class=\"has-text-align-left\" data-align=\"left\">An Approach to Construct a Metadata Graph for Specifying Enterprise Knowledge Graphs<\/td><td>Tulio Vidal Rolim (Universidade Federal do Cear\u00e1),<br>Caio Viktor Avila (Universidade Federal do Cear\u00e1)<\/td><\/tr><tr><td class=\"has-text-align-left\" data-align=\"left\">9:05<\/td><td class=\"has-text-align-left\" data-align=\"left\">Identification of Participants of Narratives Using Knowledge Bases<\/td><td>Juliana Machado (INESC TEC),<br>Evelin Amorim (INESC TEC)<\/td><\/tr><tr><td class=\"has-text-align-left\" data-align=\"left\">9:20<\/td><td class=\"has-text-align-left\" data-align=\"left\">A Decision-support Service for Firefighting in Environments of Dry Tropical Forest<\/td><td>Tiago Brasileiro Ara\u00fajo (Instituto Federal da Para\u00edba, Soledade\/Monteiro),<br>Dami\u00e3o Ribeiro de Almeida (Instituto Federal da Para\u00edba, Soledade\/Monteiro), Jos\u00e9 Gomes Lopes Filho (Funda\u00e7\u00e3o Parque Tecnol\u00f3gico Itaipu),<br>Hicaro Ferreira Brasil (Instituto Federal da Para\u00edba, Soledade\/Monteiro),<br>Ester Pequeno Trevisan (Instituto Federal da Para\u00edba, Soledade\/Monteiro),<br>Igor Silva Sobral (Instituto Federal da Para\u00edba, Soledade\/Monteiro),<br>Igor P. G. F. de Souza (Instituto Federal da Para\u00edba, Soledade\/Monteiro),<br>Carlos Henrique A. Queiroz (Instituto Federal da Para\u00edba, Soledade\/Monteiro),<br>Ana L\u00edcia Ferreira Soares (Instituto Federal da Para\u00edba, Soledade\/Monteiro),<br>Anna Beatriz Gomes Sales (Instituto Federal da Para\u00edba, Soledade\/Monteiro),<br>Wanderley Almeida de M. Junior (Instituto Federal da Para\u00edba, Soledade\/Monteiro)<\/td><\/tr><tr><td class=\"has-text-align-left\" data-align=\"left\">9:35<\/td><td class=\"has-text-align-left\" data-align=\"left\">Data Lakehouses para a an\u00e1lise de dados geoespaciais em larga escala<\/td><td>F\u00e1bio Jos\u00e9 Coutinho da Silva (Universidade Federal de Alagoas),<br>Felipe Vasconcelos (Universidade Federal De Alagoas)<\/td><\/tr><tr><td class=\"has-text-align-left\" data-align=\"left\">9:50<\/td><td class=\"has-text-align-left\" data-align=\"left\">Projeto SARA: Sistema Automatizado de Resposta a Recursos dos Pedidos de Acesso \u00e0 Informa\u00e7\u00e3o<\/td><td>Douglas Rolins de Santana (Instituto Federal de Goi\u00e1s),<br>L\u00edvia Mancine (Instituto Federal Goiano),<br>Kairo Silva (Universidade Federal de Goi\u00e1s),<br>Danilo Ramos (Universidade Federal de Goi\u00e1s),<br>Valdemar Vicente Graciano Neto (Universidade Federal de Goi\u00e1s),<br>Leonardo Andrade Ribeiro (Federal University of Goi\u00e1s)<\/td><\/tr><\/tbody><\/table><\/figure>\n\n\n\n<p class=\"has-background has-medium-font-size\" id=\"STShort3\" style=\"background-color:#5567d0fc\"><strong><mark style=\"background-color:rgba(0, 0, 0, 0)\" class=\"has-inline-color has-white-color\">ST3- Sess\u00e3o T\u00e9cnica 3<\/mark><\/strong><\/p>\n\n\n\n<figure id=\"STFull1\" class=\"wp-block-table is-style-stripes has-small-font-size\"><table class=\"has-white-background-color has-background\"><thead><tr><th class=\"has-text-align-left\" data-align=\"left\">Quarta<br>(16\/10)<\/th><th class=\"has-text-align-left\" data-align=\"left\" colspan=\"2\"><strong>Best Papers &#8211; Chair:<\/strong> Altigran Soares da Silva<\/th><\/tr><\/thead><tbody><tr><td class=\"has-text-align-left\" data-align=\"left\">8:30<\/td><td class=\"has-text-align-left\" data-align=\"left\" colspan=\"2\">Abertura da Sess\u00e3o<\/td><\/tr><tr><td class=\"has-text-align-left\" data-align=\"left\">8:35<\/td><td class=\"has-text-align-left\" data-align=\"left\">HD Pump: A Hybrid Detection Approach for Pump-and-Dump Schemes in Cryptocurrency Exchanges<\/td><td>Matheus Moura (Cefet\/RJ),<br>Lais Baroni (Cefet\/RJ),<br>Eduardo Ogasawara (Cefet\/RJ),<br>Diogo Mendon\u00e7a (Cefet\/RJ)<\/td><\/tr><tr><td class=\"has-text-align-left\" data-align=\"left\">8:50<\/td><td class=\"has-text-align-left\" data-align=\"left\">A Two-tiered Approach for Knowledge Reasoning<\/td><td>Fernando Pinto (Puc-Rio),<br>Jefferson Santos (Funda\u00e7\u00e3o Getulio Vargas),<br>Sergio Lifschitz (PUC-Rio),<br>Edward Hermann Haeusler (PUC-Rio)<\/td><\/tr><tr><td class=\"has-text-align-left\" data-align=\"left\">9:05<\/td><td class=\"has-text-align-left\" data-align=\"left\">Cutoff Frequency Adjustment for FFT-Based Anomaly Detectors<\/td><td>Ellen Silva (Cefet\/RJ),<br>Helga Balbi (Cefet\/RJ),<br>Esther Pacitti (LIRMM),<br>Fabio Porto (LNCC),<br>Joel dos Santos (Cefet\/RJ),<br>Eduardo Ogasawara (Cefet\/RJ)<\/td><\/tr><tr><td class=\"has-text-align-left\" data-align=\"left\">9:20<\/td><td class=\"has-text-align-left\" data-align=\"left\">Data Analytics for a Changing Climate: Feature Engineering for the forecast of hydrometeorological events<\/td><td>Caique Noboa (UTFPR),<br>Elaiz Mensch Buffon (Universidade Federal do Paran\u00e1),<br>Daniel Pigatto (UTFPR Curitiba),<br>Luiz Celso Gomes Jr (UTFPR)<\/td><\/tr><tr><td class=\"has-text-align-left\" data-align=\"left\">9:35<\/td><td class=\"has-text-align-left\" data-align=\"left\">Gerenciamento de Migra\u00e7\u00e3o de Dados: Um Workflow Eficiente para Empresas<\/td><td>Gustavo Moraes (Universidade Federal do Cear\u00e1),<br>Victor Carneiro (Universidade Federal do Cear\u00e1),<br>Angelo Brayner (Universidade Federal do Cear\u00e1)<\/td><\/tr><\/tbody><tfoot><tr><td class=\"has-text-align-left\" data-align=\"left\"><\/td><td class=\"has-text-align-left\" data-align=\"left\"><\/td><\/tr><\/tfoot><\/table><\/figure>\n\n\n\n<p class=\"has-background has-medium-font-size\" id=\"STShort4\" style=\"background-color:#5567d0fc\"><strong><mark style=\"background-color:rgba(0, 0, 0, 0)\" class=\"has-inline-color has-white-color\">ST4- Sess\u00e3o T\u00e9cnica 4<\/mark><\/strong><\/p>\n\n\n\n<figure id=\"STFull1\" class=\"wp-block-table is-style-stripes has-small-font-size\"><table class=\"has-white-background-color has-background\"><thead><tr><th class=\"has-text-align-left\" data-align=\"left\">Quarta<br>(16\/10)<\/th><th class=\"has-text-align-left\" data-align=\"left\" colspan=\"2\"><strong>Data quality, annotation and cleaning &#8211; Chair:<\/strong> Michele Amaral Brand\u00e3o<\/th><\/tr><\/thead><tbody><tr><td class=\"has-text-align-left\" data-align=\"left\">14:00<\/td><td class=\"has-text-align-left\" data-align=\"left\" colspan=\"2\">Abertura da Sess\u00e3o <\/td><\/tr><tr><td class=\"has-text-align-left\" data-align=\"left\">14:05<\/td><td class=\"has-text-align-left\" data-align=\"left\">Detec\u00e7\u00e3o de Fraudes em Licita\u00e7\u00f5es P\u00fablicas: Uma Compara\u00e7\u00e3o de Modelos de Detec\u00e7\u00e3o de Anomalias<\/td><td>Breno Abreu (UTFPR)<br>Thomaz Pereira (UTFPR)<br>Luiz Celso Gomes Jr (UTFPR)<\/td><\/tr><tr><td class=\"has-text-align-left\" data-align=\"left\">14:20<\/td><td class=\"has-text-align-left\" data-align=\"left\">Analyzing Query Execution for Integrity Constraint Violation Detection<\/td><td>Alessandro dos Santos (UTFPR),<br>Eduardo Pena (UTFPR)<\/td><\/tr><tr><td class=\"has-text-align-left\" data-align=\"left\">14:35<\/td><td class=\"has-text-align-left\" data-align=\"left\">Measuring Similarity between Groups of Trajectory Data with Multiple Aspects<\/td><td>Vanessa Lago Machado (Instituto Federal Sul-rio-grandense),<br>Tarlis Tortelli Portela (Universidade Federal de Santa Catarina),<br>Ronaldo Mello (Universidade Federal de Santa Catarina),<br>Lucas vanini (IFSUL)<\/td><\/tr><tr><td class=\"has-text-align-left\" data-align=\"left\">14:50<\/td><td class=\"has-text-align-left\" data-align=\"left\">Handling missing values in data streams: An overview.<\/td><td>Afonso Matheus Sousa Lima (Universidade de S\u00e3o Paulo),<br>Elaine Sousa (University of Sao Paulo)<\/td><\/tr><tr><td class=\"has-text-align-left\" data-align=\"left\">15:05<\/td><td class=\"has-text-align-left\" data-align=\"left\">Uma Proposta baseada no Dublin Core para Cataloga\u00e7\u00e3o de Metadados de Fontes de Dados Governamentais<\/td><td>Hudson Silva (IFPA),<br>Jo\u00e3o Santos (UFSC),<br>Jos\u00e9 Medeiros Jochem (Federal University of Santa Catarina),<br>Ana Fleck (Universidade federal de Santa Catarina),<br>Ronaldo Mello (Universidade Federal de Santa Catarina),<br>Carina F. Dorneles (UFSC)<br>Renato Fileto (UFSC)<\/td><\/tr><tr><td class=\"has-text-align-left\" data-align=\"left\">15:20<\/td><td class=\"has-text-align-left\" data-align=\"left\">Detecting Misinformation on Telegram Anti-vaccine Communities<\/td><td>Athus Cavalini (Universidade Federal do Esp\u00edrito Santo),<br>Thamya Donadia (Universidade Federal do Esp\u00edrito Santo),<br>Fabio Malini (Universidade Federal do Esp\u00edrito Santo),<br>Giovanni Comarela (UFES)<\/td><\/tr><tr><td class=\"has-text-align-left\" data-align=\"left\">15:35<\/td><td class=\"has-text-align-left\" data-align=\"left\">Avalia\u00e7\u00e3o de diferentes t\u00e9cnicas de agrupamento no contexto da Imputa\u00e7\u00e3o em Cascata<\/td><td>Tarsila Tavares (Cefet\/RJ),<br>Kele Belloze (Cefet\/RJ),<br>Ronaldo Goldschmidt (Instituto Militar de Engenharia),<br>Jorge Soares (Cefet\/RJ)<\/td><\/tr><tr><td class=\"has-text-align-left\" data-align=\"left\">15:50<\/td><td class=\"has-text-align-left\" data-align=\"left\">Sele\u00e7\u00e3o de Atributos para Predi\u00e7\u00e3o de Tempo de Manuten\u00e7\u00e3o em Vag\u00f5es Ferrovi\u00e1rios: Uma An\u00e1lise com M\u00e9todos de Filtro<\/td><td>Josemar Coelho Felix (UFOP),<br>Rodrigo Silva (Universidade Federal de Ouro Preto),<br>Andrea Bianchi (Universidade Federal de Ouro Preto)<\/td><\/tr><\/tbody><tfoot><tr><td class=\"has-text-align-left\" data-align=\"left\"><\/td><td class=\"has-text-align-left\" data-align=\"left\"><\/td><\/tr><\/tfoot><\/table><\/figure>\n\n\n\n<p class=\"has-background has-medium-font-size\" id=\"STShort5\" style=\"background-color:#5567d0fc\"><strong><mark style=\"background-color:rgba(0, 0, 0, 0)\" class=\"has-inline-color has-white-color\">ST5- Sess\u00e3o T\u00e9cnica 5<\/mark><\/strong><\/p>\n\n\n\n<figure id=\"STFull1\" class=\"wp-block-table is-style-stripes has-small-font-size\"><table class=\"has-white-background-color has-background\"><thead><tr><th class=\"has-text-align-left\" data-align=\"left\">Quinta<br>(17\/10)<\/th><th class=\"has-text-align-left\" data-align=\"left\" colspan=\"2\"><strong>Fainess &amp; Large Language Models &#8211; Chair:<\/strong> Luiz Celso Gomes Jr.<\/th><\/tr><\/thead><tbody><tr><td class=\"has-text-align-left\" data-align=\"left\">8:30<\/td><td class=\"has-text-align-left\" data-align=\"left\" colspan=\"2\">Abertura da Sess\u00e3o<\/td><\/tr><tr><td class=\"has-text-align-left\" data-align=\"left\">8:35<\/td><td class=\"has-text-align-left\" data-align=\"left\">Evaluation of Fairness in Machine Learning Models using the UCI Adult Dataset<\/td><td>Lucas Sena (Universidade Federal do Ceara),<br>Javam Machado (Federal University of Cear\u00e1)<\/td><\/tr><tr><td class=\"has-text-align-left\" data-align=\"left\">8:50<\/td><td class=\"has-text-align-left\" data-align=\"left\">Combining Semantic Graph Features and a Common Data Model to Exploit the Interoperability of Patient Databases<\/td><td>Rafael Conrado (Universidade de S\u00e3o Paulo), <br>Marco Gutierrez (Heart Institute, Univ. of Sao Paulo Medical School), <br>Caetano Traina J\u00fanior (ICMC &#8211; USP), Agma Traina (ICMC-USP), <br>Mirela Cazzolato (University of S\u00e3o Paulo)<\/td><\/tr><tr><td class=\"has-text-align-left\" data-align=\"left\">9:05<\/td><td class=\"has-text-align-left\" data-align=\"left\">The Inefficiency of Achieving Fairness with Protected Attribute Suppression<\/td><td>Lucas Arag\u00e3o (Universidade Federal do Cear\u00e1),<br>Maria de Lourdes Silva (Federal University of Cear\u00e1),<br>Javam Machado (Federal University of Cear\u00e1)<\/td><\/tr><tr><td class=\"has-text-align-left\" data-align=\"left\">9:20<\/td><td class=\"has-text-align-left\" data-align=\"left\">Performance Comparison of Large Language Models with Retrieval Augmented Generation on the Brazilian University Admission Exam<\/td><td>Leonardo Taschetto (25242),<br>Renato Fileto (UFSC)<\/td><\/tr><tr><td class=\"has-text-align-left\" data-align=\"left\">9:35<\/td><td class=\"has-text-align-left\" data-align=\"left\">PREAnoTe: Uma abordagem de anota\u00e7\u00e3o de corpus para o ajuste fino de Large Language Model pr\u00e9-treinado<\/td><td>Jones Oliveira Avelino (Instituto Militar de Engenharia),<br>Giselle Rosa (Instituto Militar de Engenharia),<br>Gustavo Danon (Instituto Militar de Engenharia),<br>Kelli de Faria Cordeiro (Centro de An\u00e1lise de Sistemas Navais),<br>Maria Claudia Cavalcanti (Instituto Militar de Engenharia)<\/td><\/tr><\/tbody><tfoot><tr><td class=\"has-text-align-left\" data-align=\"left\"><\/td><td class=\"has-text-align-left\" data-align=\"left\"><\/td><\/tr><\/tfoot><\/table><\/figure>\n\n\n\n<p class=\"has-background has-medium-font-size\" id=\"STShort6\" style=\"background-color:#5567d0fc\"><strong><mark style=\"background-color:rgba(0, 0, 0, 0)\" class=\"has-inline-color has-white-color\">ST6- Sess\u00e3o T\u00e9cnica 6<\/mark><\/strong><\/p>\n\n\n\n<figure id=\"STFull1\" class=\"wp-block-table is-style-stripes has-small-font-size\"><table class=\"has-white-background-color has-background\"><thead><tr><th class=\"has-text-align-left\" data-align=\"left\">Quinta<br>(17\/10)<\/th><th class=\"has-text-align-left\" data-align=\"left\" colspan=\"2\"><strong>Machine Learning &#8211; Chair:<\/strong> Humberto Razente<\/th><\/tr><\/thead><tbody><tr><td class=\"has-text-align-left\" data-align=\"left\">8:00<\/td><td class=\"has-text-align-left\" data-align=\"left\" colspan=\"2\">Abertura da Sess\u00e3o<\/td><\/tr><tr><td class=\"has-text-align-left\" data-align=\"left\">8:05<\/td><td class=\"has-text-align-left\" data-align=\"left\">Avalia\u00e7\u00e3o de Desvios de Conceitos Reais e Virtuais nos Atrasos de Voos em S\u00e3o Paulo no Per\u00edodo Pr\u00e9, Intra e P\u00f3s-Pandemia<\/td><td>Fabiana dos Santos (Cefet\/RJ),<br>Lucas Giusti (Cefet\/RJ),<br>Diego Carvalho (Cefet\/RJ),<br>Eduardo Ogasawara (Cefet\/RJ),<br>Jorge Soares (Cefet\/RJ)<\/td><\/tr><tr><td class=\"has-text-align-left\" data-align=\"left\">8:20<\/td><td class=\"has-text-align-left\" data-align=\"left\">Aplica\u00e7\u00e3o de T\u00e9cnicas de Aprendizado de M\u00e1quina na Determina\u00e7\u00e3o de Estoque de Carbono no Solo<\/td><td>Diego Brand\u00e3o (Cefet\/RJ),<br>Kele Belloze (Cefet\/RJ),<br>Laura Assis (Cefet\/RJ),<br>Alexandre Pardelinha (Cefet\/RJ),<br>Roberto Pontes (Cefet\/RJ),<br>Marcos Ceddia (UFRRJ)<\/td><\/tr><tr><td class=\"has-text-align-left\" data-align=\"left\">8:35<\/td><td class=\"has-text-align-left\" data-align=\"left\">Health Levels Modeling for SSD Failure Prediction<\/td><td>Gustavo Valen\u00e7a (Universidade Federal do Cear\u00e1),<br>Francisco Pereira (Universidade Federal do Cear\u00e1),<br>Felipe Brito (Federal University of Ceara),<br>Victor Aguiar Evangelista de Farias (Universidade Federal do Cear\u00e1),<br>Javam Machado (Federal University of Cear\u00e1)<\/td><\/tr><tr><td class=\"has-text-align-left\" data-align=\"left\">8:50<\/td><td class=\"has-text-align-left\" data-align=\"left\">Methodology to build labeled corpora and classification models to assess technological readiness: a case study with defense technologies described by texts in pt-br<\/td><td>Jos\u00e9 Luiz Neves Voltan (Instituto Militar de Engenharia),<br>Romullo Girardi Moreira (Military Institute of Engineering (IME)),<br>Thassia Santos (Universidade Presbiteriana Mackenzie),<br>Daniel Abreu (41\u00ba Centro de Telem\u00e1tica (Ex\u00e9rcito Brasileiro)),<br>J\u00falio Leit\u00e3o Albuquerque de Farias (Instituto Tecnol\u00f3gico de Aeron\u00e1utica),<br>Diogo Araujo (Instituto Militar de Engenharia)<\/td><\/tr><tr><td class=\"has-text-align-left\" data-align=\"left\">9:05<\/td><td class=\"has-text-align-left\" data-align=\"left\">Previs\u00e3o de Sucesso de Atletas Jovens de Futebol usando Integra\u00e7\u00e3o de diferentes Base de Dados<\/td><td>Lucas Calmon (Cefet\/RJ),<br>Rodrigo Ferro (Cefet\/RJ),<br>Caio Souza (Cefet\/RJ),<br>Carlos Henrique O. Pereira (Cefet\/RJ),<br>Lucas Giusti (Cefet\/RJ),<br>Glauco Amorim (Cefet\/RJ)<\/td><\/tr><\/tbody><tfoot><tr><td class=\"has-text-align-left\" data-align=\"left\"><\/td><td class=\"has-text-align-left\" data-align=\"left\"><\/td><\/tr><\/tfoot><\/table><\/figure>\n\n\n\n<p><\/p>","protected":false},"excerpt":{"rendered":"<p>ST1- Sess\u00e3o T\u00e9cnica 1 Ter\u00e7a(15\/10) ST Short 1Time series &amp; Data Science &#8211; Chair: Tiago Fran\u00e7a 8:30 Abertura da Sess\u00e3o 8:35 Dual-Metric Clustering for Multivariate Time Series: KMeans with DTW and QuadTree with Entropy Gerardo Rojas Torres (LNCC),Raphael Saldanha (Funda\u00e7\u00e3o Oswaldo Cruz),Rocio Zorrilla (LNCC),Victor Ribeiro (LNCC),Eduardo Pena (UTFPR),Fabio Porto (LNCC) 8:50 Matching Detections to Events [&hellip;]<\/p>\n","protected":false},"author":3,"featured_media":0,"parent":0,"menu_order":0,"comment_status":"closed","ping_status":"closed","template":"","meta":{"footnotes":""},"class_list":["post-658","page","type-page","status-publish","hentry"],"_links":{"self":[{"href":"https:\/\/sbbd.org.br\/2024\/en\/wp-json\/wp\/v2\/pages\/658","targetHints":{"allow":["GET"]}}],"collection":[{"href":"https:\/\/sbbd.org.br\/2024\/en\/wp-json\/wp\/v2\/pages"}],"about":[{"href":"https:\/\/sbbd.org.br\/2024\/en\/wp-json\/wp\/v2\/types\/page"}],"author":[{"embeddable":true,"href":"https:\/\/sbbd.org.br\/2024\/en\/wp-json\/wp\/v2\/users\/3"}],"replies":[{"embeddable":true,"href":"https:\/\/sbbd.org.br\/2024\/en\/wp-json\/wp\/v2\/comments?post=658"}],"version-history":[{"count":29,"href":"https:\/\/sbbd.org.br\/2024\/en\/wp-json\/wp\/v2\/pages\/658\/revisions"}],"predecessor-version":[{"id":944,"href":"https:\/\/sbbd.org.br\/2024\/en\/wp-json\/wp\/v2\/pages\/658\/revisions\/944"}],"wp:attachment":[{"href":"https:\/\/sbbd.org.br\/2024\/en\/wp-json\/wp\/v2\/media?parent=658"}],"curies":[{"name":"wp","href":"https:\/\/api.w.org\/{rel}","templated":true}]}}