{"id":609,"date":"2024-09-05T14:53:19","date_gmt":"2024-09-05T17:53:19","guid":{"rendered":"https:\/\/sbbd.org.br\/2024\/?page_id=609"},"modified":"2024-10-11T16:00:36","modified_gmt":"2024-10-11T19:00:36","slug":"programacao","status":"publish","type":"page","link":"https:\/\/sbbd.org.br\/2024\/en\/programacao\/","title":{"rendered":"Schedule"},"content":{"rendered":"<p class=\"translation-block\">See <a href=\"https:\/\/sbbd.org.br\/2024\/en\/programacao-em-pdf\/\" data-type=\"page\" data-id=\"703\" target=\"_self\">here<\/a> the Program in PDF format.<\/p>\n\n\n\n\n\n<p class=\"translation-block\">Check out the <a href=\"https:\/\/sbbd.org.br\/2024\/en\/artigos-completos\/\" data-type=\"page\" data-id=\"644\" target=\"_self\">Technical Sessions<\/a> for the Full Papers.<\/p>\n\n\n\n<p class=\"translation-block\">Check out the <a href=\"https:\/\/sbbd.org.br\/2024\/en\/artigos-curtos\/\" data-type=\"page\" data-id=\"658\" target=\"_self\">Technical Sessions<\/a> for the Short Papers<\/p>\n\n\n\n<p><\/p>","protected":false},"excerpt":{"rendered":"<p>Veja aqui a Programa\u00e7\u00e3o em pdf Confira as Sess\u00f5es T\u00e9cnicas dos Artigos Completos. Confira as Sess\u00f5es T\u00e9cnicas dos Artigos Curtos<\/p>","protected":false},"author":3,"featured_media":0,"parent":0,"menu_order":0,"comment_status":"closed","ping_status":"closed","template":"","meta":{"footnotes":""},"class_list":["post-609","page","type-page","status-publish","hentry"],"_links":{"self":[{"href":"https:\/\/sbbd.org.br\/2024\/en\/wp-json\/wp\/v2\/pages\/609","targetHints":{"allow":["GET"]}}],"collection":[{"href":"https:\/\/sbbd.org.br\/2024\/en\/wp-json\/wp\/v2\/pages"}],"about":[{"href":"https:\/\/sbbd.org.br\/2024\/en\/wp-json\/wp\/v2\/types\/page"}],"author":[{"embeddable":true,"href":"https:\/\/sbbd.org.br\/2024\/en\/wp-json\/wp\/v2\/users\/3"}],"replies":[{"embeddable":true,"href":"https:\/\/sbbd.org.br\/2024\/en\/wp-json\/wp\/v2\/comments?post=609"}],"version-history":[{"count":12,"href":"https:\/\/sbbd.org.br\/2024\/en\/wp-json\/wp\/v2\/pages\/609\/revisions"}],"predecessor-version":[{"id":1158,"href":"https:\/\/sbbd.org.br\/2024\/en\/wp-json\/wp\/v2\/pages\/609\/revisions\/1158"}],"wp:attachment":[{"href":"https:\/\/sbbd.org.br\/2024\/en\/wp-json\/wp\/v2\/media?parent=609"}],"curies":[{"name":"wp","href":"https:\/\/api.w.org\/{rel}","templated":true}]}}