{"id":583,"date":"2024-09-03T14:25:47","date_gmt":"2024-09-03T17:25:47","guid":{"rendered":"https:\/\/sbbd.org.br\/2024\/?page_id=583"},"modified":"2024-09-17T14:30:06","modified_gmt":"2024-09-17T17:30:06","slug":"minicursos","status":"publish","type":"page","link":"https:\/\/sbbd.org.br\/2024\/en\/minicursos\/","title":{"rendered":"Minicursos"},"content":{"rendered":"<h2 class=\"wp-block-heading\" id=\"Minicurso1\"><strong>Minicurso 1:<\/strong><\/h2>\n\n\n\n<p>T\u00edtulo: Gera\u00e7\u00e3o com Recupera\u00e7\u00e3o Aumentada (RAG) em Grafos de Conhecimento<br>Autores: Ot\u00e1vio Cala\u00e7a Xavier (UFG), Anderson da Silva Soares (UFG)<\/p>\n\n\n\n<div class=\"wp-block-columns is-layout-flex wp-container-core-columns-is-layout-9d6595d7 wp-block-columns-is-layout-flex\">\n<div class=\"wp-block-column is-layout-flow wp-block-column-is-layout-flow\"><div class=\"wp-block-image is-style-rounded\">\n<figure class=\"aligncenter size-full\"><img loading=\"lazy\" decoding=\"async\" width=\"337\" height=\"345\" src=\"https:\/\/sbbd.org.br\/2024\/wp-content\/uploads\/2024\/09\/1.jpeg\" alt=\"\" class=\"wp-image-584\" srcset=\"https:\/\/sbbd.org.br\/2024\/wp-content\/uploads\/2024\/09\/1.jpeg 337w, https:\/\/sbbd.org.br\/2024\/wp-content\/uploads\/2024\/09\/1-293x300.jpeg 293w, https:\/\/sbbd.org.br\/2024\/wp-content\/uploads\/2024\/09\/1-12x12.jpeg 12w\" sizes=\"auto, (max-width: 337px) 100vw, 337px\" \/><\/figure>\n<\/div><\/div>\n\n\n\n<div class=\"wp-block-column is-layout-flow wp-block-column-is-layout-flow\"><div class=\"wp-block-image is-style-rounded\">\n<figure class=\"aligncenter size-full\"><img loading=\"lazy\" decoding=\"async\" width=\"349\" height=\"349\" src=\"https:\/\/sbbd.org.br\/2024\/wp-content\/uploads\/2024\/09\/2.jpeg\" alt=\"\" class=\"wp-image-585\" srcset=\"https:\/\/sbbd.org.br\/2024\/wp-content\/uploads\/2024\/09\/2.jpeg 349w, https:\/\/sbbd.org.br\/2024\/wp-content\/uploads\/2024\/09\/2-300x300.jpeg 300w, https:\/\/sbbd.org.br\/2024\/wp-content\/uploads\/2024\/09\/2-150x150.jpeg 150w, https:\/\/sbbd.org.br\/2024\/wp-content\/uploads\/2024\/09\/2-12x12.jpeg 12w\" sizes=\"auto, (max-width: 349px) 100vw, 349px\" \/><\/figure>\n<\/div><\/div>\n<\/div>\n\n\n\n<div style=\"height:100px\" aria-hidden=\"true\" class=\"wp-block-spacer\"><\/div>\n\n\n\n<h2 class=\"wp-block-heading\" id=\"Minicurso2\"><strong>Minicurso 2:<\/strong><\/h2>\n\n\n\n<p>T\u00edtulo: Desvendando Planos de Execu\u00e7\u00e3o: Uma Abordagem Visual para Explora\u00e7\u00e3o e Otimiza\u00e7\u00e3o de Consultas<br>Autor: S\u00e9rgio Mergen (UFSM)<\/p>\n\n\n<div class=\"wp-block-image is-style-rounded\">\n<figure class=\"aligncenter size-full\"><img loading=\"lazy\" decoding=\"async\" width=\"296\" height=\"298\" src=\"https:\/\/sbbd.org.br\/2024\/wp-content\/uploads\/2024\/09\/5.jpeg\" alt=\"\" class=\"wp-image-588\" srcset=\"https:\/\/sbbd.org.br\/2024\/wp-content\/uploads\/2024\/09\/5.jpeg 296w, https:\/\/sbbd.org.br\/2024\/wp-content\/uploads\/2024\/09\/5-150x150.jpeg 150w, https:\/\/sbbd.org.br\/2024\/wp-content\/uploads\/2024\/09\/5-12x12.jpeg 12w\" sizes=\"auto, (max-width: 296px) 100vw, 296px\" \/><\/figure>\n<\/div>\n\n\n<div style=\"height:100px\" aria-hidden=\"true\" class=\"wp-block-spacer\"><\/div>\n\n\n\n<h2 class=\"wp-block-heading\" id=\"Minicurso3\"><strong>Minicurso 3:<\/strong><\/h2>\n\n\n\n<p>T\u00edtulo: Practical Graph Pattern Mining: Systems, Applications, and Challenges<br>Autores: Vinicius Dias (UFLA), Samuel Ferraz (UFMS)<\/p>\n\n\n\n<div class=\"wp-block-columns is-layout-flex wp-container-core-columns-is-layout-9d6595d7 wp-block-columns-is-layout-flex\">\n<div class=\"wp-block-column is-layout-flow wp-block-column-is-layout-flow\"><div class=\"wp-block-image is-style-rounded\">\n<figure class=\"aligncenter size-full\"><img loading=\"lazy\" decoding=\"async\" width=\"293\" height=\"296\" src=\"https:\/\/sbbd.org.br\/2024\/wp-content\/uploads\/2024\/09\/3.jpeg\" alt=\"\" class=\"wp-image-586\" srcset=\"https:\/\/sbbd.org.br\/2024\/wp-content\/uploads\/2024\/09\/3.jpeg 293w, https:\/\/sbbd.org.br\/2024\/wp-content\/uploads\/2024\/09\/3-12x12.jpeg 12w\" sizes=\"auto, (max-width: 293px) 100vw, 293px\" \/><\/figure>\n<\/div><\/div>\n\n\n\n<div class=\"wp-block-column is-layout-flow wp-block-column-is-layout-flow\"><div class=\"wp-block-image is-style-rounded\">\n<figure class=\"aligncenter size-full is-resized\"><img loading=\"lazy\" decoding=\"async\" width=\"255\" height=\"252\" src=\"https:\/\/sbbd.org.br\/2024\/wp-content\/uploads\/2024\/09\/4.jpeg\" alt=\"\" class=\"wp-image-587\" style=\"width:301px;height:auto\" srcset=\"https:\/\/sbbd.org.br\/2024\/wp-content\/uploads\/2024\/09\/4.jpeg 255w, https:\/\/sbbd.org.br\/2024\/wp-content\/uploads\/2024\/09\/4-12x12.jpeg 12w\" sizes=\"auto, (max-width: 255px) 100vw, 255px\" \/><\/figure>\n<\/div><\/div>\n<\/div>\n\n\n\n<div style=\"height:100px\" aria-hidden=\"true\" class=\"wp-block-spacer\"><\/div>\n\n\n\n<h2 class=\"wp-block-heading\" id=\"Minicurso4\"><strong>Minicurso 4:<\/strong><\/h2>\n\n\n\n<p>Unraveling BERT: Complete Course on Topic Modeling <br> Autores: Ant\u00f4nio Oss Boll, Let\u00edcia Maria Puttlitz (USP)<\/p>\n\n\n\n<div class=\"wp-block-columns is-layout-flex wp-container-core-columns-is-layout-9d6595d7 wp-block-columns-is-layout-flex\">\n<div class=\"wp-block-column is-layout-flow wp-block-column-is-layout-flow\"><div class=\"wp-block-image is-style-rounded\">\n<figure class=\"aligncenter size-full is-resized\"><img loading=\"lazy\" decoding=\"async\" width=\"400\" height=\"400\" src=\"https:\/\/sbbd.org.br\/2024\/wp-content\/uploads\/2024\/09\/1-1.png\" alt=\"\" class=\"wp-image-597\" style=\"width:324px;height:auto\" srcset=\"https:\/\/sbbd.org.br\/2024\/wp-content\/uploads\/2024\/09\/1-1.png 400w, https:\/\/sbbd.org.br\/2024\/wp-content\/uploads\/2024\/09\/1-1-300x300.png 300w, https:\/\/sbbd.org.br\/2024\/wp-content\/uploads\/2024\/09\/1-1-150x150.png 150w, https:\/\/sbbd.org.br\/2024\/wp-content\/uploads\/2024\/09\/1-1-12x12.png 12w\" sizes=\"auto, (max-width: 400px) 100vw, 400px\" \/><\/figure>\n<\/div><\/div>\n\n\n\n<div class=\"wp-block-column is-layout-flow wp-block-column-is-layout-flow\"><div class=\"wp-block-image is-style-rounded\">\n<figure class=\"aligncenter size-full is-resized\"><img loading=\"lazy\" decoding=\"async\" width=\"400\" height=\"400\" src=\"https:\/\/sbbd.org.br\/2024\/wp-content\/uploads\/2024\/09\/2.png\" alt=\"\" class=\"wp-image-598\" style=\"width:328px;height:auto\" srcset=\"https:\/\/sbbd.org.br\/2024\/wp-content\/uploads\/2024\/09\/2.png 400w, https:\/\/sbbd.org.br\/2024\/wp-content\/uploads\/2024\/09\/2-300x300.png 300w, https:\/\/sbbd.org.br\/2024\/wp-content\/uploads\/2024\/09\/2-150x150.png 150w, https:\/\/sbbd.org.br\/2024\/wp-content\/uploads\/2024\/09\/2-12x12.png 12w\" sizes=\"auto, (max-width: 400px) 100vw, 400px\" \/><\/figure>\n<\/div><\/div>\n<\/div>","protected":false},"excerpt":{"rendered":"<p>Minicurso 1: T\u00edtulo: Gera\u00e7\u00e3o com Recupera\u00e7\u00e3o Aumentada (RAG) em Grafos de ConhecimentoAutores: Ot\u00e1vio Cala\u00e7a Xavier (UFG), Anderson da Silva Soares (UFG) Minicurso 2: T\u00edtulo: Desvendando Planos de Execu\u00e7\u00e3o: Uma Abordagem Visual para Explora\u00e7\u00e3o e Otimiza\u00e7\u00e3o de ConsultasAutor: S\u00e9rgio Mergen (UFSM) Minicurso 3: T\u00edtulo: Practical Graph Pattern Mining: Systems, Applications, and ChallengesAutores: Vinicius Dias (UFLA), Samuel [&hellip;]<\/p>\n","protected":false},"author":3,"featured_media":0,"parent":0,"menu_order":0,"comment_status":"closed","ping_status":"closed","template":"","meta":{"footnotes":""},"class_list":["post-583","page","type-page","status-publish","hentry"],"_links":{"self":[{"href":"https:\/\/sbbd.org.br\/2024\/en\/wp-json\/wp\/v2\/pages\/583","targetHints":{"allow":["GET"]}}],"collection":[{"href":"https:\/\/sbbd.org.br\/2024\/en\/wp-json\/wp\/v2\/pages"}],"about":[{"href":"https:\/\/sbbd.org.br\/2024\/en\/wp-json\/wp\/v2\/types\/page"}],"author":[{"embeddable":true,"href":"https:\/\/sbbd.org.br\/2024\/en\/wp-json\/wp\/v2\/users\/3"}],"replies":[{"embeddable":true,"href":"https:\/\/sbbd.org.br\/2024\/en\/wp-json\/wp\/v2\/comments?post=583"}],"version-history":[{"count":11,"href":"https:\/\/sbbd.org.br\/2024\/en\/wp-json\/wp\/v2\/pages\/583\/revisions"}],"predecessor-version":[{"id":989,"href":"https:\/\/sbbd.org.br\/2024\/en\/wp-json\/wp\/v2\/pages\/583\/revisions\/989"}],"wp:attachment":[{"href":"https:\/\/sbbd.org.br\/2024\/en\/wp-json\/wp\/v2\/media?parent=583"}],"curies":[{"name":"wp","href":"https:\/\/api.w.org\/{rel}","templated":true}]}}