{"id":554,"date":"2024-09-03T07:46:45","date_gmt":"2024-09-03T10:46:45","guid":{"rendered":"https:\/\/sbbd.org.br\/2024\/?page_id=554"},"modified":"2024-09-03T07:47:30","modified_gmt":"2024-09-03T10:47:30","slug":"vencedores-ctdbd","status":"publish","type":"page","link":"https:\/\/sbbd.org.br\/2024\/en\/vencedores-ctdbd\/","title":{"rendered":"Vencedores do Concurso de Teses e Disserta\u00e7\u00e3o de Banco de Dados"},"content":{"rendered":"<div style=\"height:100px\" aria-hidden=\"true\" class=\"wp-block-spacer\"><\/div>\n\n\n\n<h2 class=\"wp-block-heading\" style=\"font-size:28px\"><strong>Vencedor da melhor <\/strong>Tese de Doutorado<strong> submetida ao CTDBD:<\/strong><\/h2>\n\n\n\n<div class=\"wp-block-media-text is-stacked-on-mobile\" style=\"grid-template-columns:32% auto\"><figure class=\"wp-block-media-text__media\"><img loading=\"lazy\" decoding=\"async\" width=\"231\" height=\"231\" src=\"https:\/\/sbbd.org.br\/2024\/wp-content\/uploads\/2024\/09\/ctdbddw.jpeg\" alt=\"\" class=\"wp-image-555 size-full\" srcset=\"https:\/\/sbbd.org.br\/2024\/wp-content\/uploads\/2024\/09\/ctdbddw.jpeg 231w, https:\/\/sbbd.org.br\/2024\/wp-content\/uploads\/2024\/09\/ctdbddw-150x150.jpeg 150w, https:\/\/sbbd.org.br\/2024\/wp-content\/uploads\/2024\/09\/ctdbddw-12x12.jpeg 12w\" sizes=\"auto, (max-width: 231px) 100vw, 231px\" \/><\/figure><div class=\"wp-block-media-text__content\">\n<p style=\"font-size:25px\">T\u00edtulo: Differentially Private Release of Count-Weighted Graphs.<br>Autor: Felipe Timb\u00f3 Brito.<br>Institui\u00e7\u00e3o: MDCC\/UFC&nbsp;Orientador:<strong> <\/strong>Javam de Castro Machado<\/p>\n<\/div><\/div>\n\n\n\n<div style=\"height:100px\" aria-hidden=\"true\" class=\"wp-block-spacer\"><\/div>\n\n\n\n<h2 class=\"wp-block-heading\" style=\"font-size:28px\"><strong>Vencedor da melhor <\/strong>Tese de Mestrado<strong> submetida ao CTDBD:<\/strong><\/h2>\n\n\n\n<div class=\"wp-block-media-text is-stacked-on-mobile\" style=\"grid-template-columns:32% auto\"><figure class=\"wp-block-media-text__media\"><img loading=\"lazy\" decoding=\"async\" width=\"222\" height=\"227\" src=\"https:\/\/sbbd.org.br\/2024\/wp-content\/uploads\/2024\/09\/ctdbdmw.jpeg\" alt=\"\" class=\"wp-image-561 size-full\" srcset=\"https:\/\/sbbd.org.br\/2024\/wp-content\/uploads\/2024\/09\/ctdbdmw.jpeg 222w, https:\/\/sbbd.org.br\/2024\/wp-content\/uploads\/2024\/09\/ctdbdmw-12x12.jpeg 12w\" sizes=\"auto, (max-width: 222px) 100vw, 222px\" \/><\/figure><div class=\"wp-block-media-text__content\">\n<p style=\"font-size:25px\">T\u00edtulo: Querying Databases with Natural Language: The use of Large Language Models for Text-to-SQL tasks<br>Doutor: &nbsp;Eduardo Roger Silva Nascimento.<br>Institui\u00e7\u00e3o: PPGI\/PUC-Rio<br>Orientador: Marco Ant\u00f4nio Casanova<\/p>\n<\/div><\/div>\n\n\n\n<hr class=\"wp-block-separator has-alpha-channel-opacity\"\/>\n\n\n\n<p>Os trabalhos foram apresentados em Sess\u00f5es Online, conforme calend\u00e1rio abaixo:<br><\/p>\n\n\n\n<p><strong>DOUTORADO<br>Sess\u00e3o online: 22\/08 (quinta-feira), 18:30<\/strong><br>Banca: Carmen Hara (UFPR),&nbsp; Daniel Kaster (UEL), Daniel Oliveira (UFF)<\/p>\n\n\n\n<p>T\u00edtulo: On the Role of Semantic Word Clusters \u2014 CluWords \u2014 in Natural Language Processing (NLP) Tasks<br>Autor: Felipe Augusto Resende Viegas<br>Institui\u00e7\u00e3o: PPGCC\/UFMG<br>Orientador: Marcos Andr\u00e9 Gon\u00e7alves<br>Co-orientador: Leonardo Chaves Dutra da Rocha&nbsp;<\/p>\n\n\n\n<p>T\u00edtulo: Differentially Private Release of Count-Weighted Graphs.<br>Autor: Felipe Timb\u00f3 Brito.<br>Institui\u00e7\u00e3o: MDCC\/UFC<br>Orientador:<strong> <\/strong>Javam de Castro Machado<\/p>\n\n\n\n<p>Titulo: Graph Pattern Mining: consolidating models, systems, and abstractions<br>Doutor: Vin\u00edcius Vitor dos Santos Dias<br>Institui\u00e7\u00e3o: PPGCC\/UFMG<br>Orientador: Dorgival Guedes Neto<\/p>\n\n\n\n<div style=\"height:100px\" aria-hidden=\"true\" class=\"wp-block-spacer\"><\/div>\n\n\n\n<p><strong>MESTRADO<br>Sess\u00e3o online: 28\/08 (quarta-feira), 18:30<\/strong><br>Banca: Agma Traina (USP-SC), Jos\u00e9 Ant\u00f4nio Macedo (UFC), Marcos Bedo (UFF)<\/p>\n\n\n\n<p>Titulo: Querying Databases with Natural Language: The use of Large Language Models for Text-to-SQL tasks<br>Doutor: Eduardo Roger Silva Nascimento<br>Institui\u00e7\u00e3o: PPGI\/PUC-Rio<br>Orientador: Marco Ant\u00f4nio Casanova<\/p>\n\n\n\n<p>Titulo: Creating Resources and Evaluating the Impact of OCR Quality on Information Retrieval: A Case Study in the Geoscientific Domain<br>Doutor: Lucas Lima de Oliveira<br>Institui\u00e7\u00e3o: PPGCC\/UFRRGS<br>Orientador: Viviane Pereira Moreira<\/p>\n\n\n\n<p>Titulo: A New Risk-Sensitive Deep Learning Optimization Function for Ranking Tasks<br>Doutor: Pedro Henrique Silva Rodrigues<br>Institui\u00e7\u00e3o: PPGCC\/UFMG<br>Orientador: Marcos Andr\u00e9 Gon\u00e7alves<br>Co-orientador: Daniel Xavier de Sousa<\/p>\n\n\n\n<p><\/p>","protected":false},"excerpt":{"rendered":"<p>Vencedor da melhor Tese de Doutorado submetida ao CTDBD: T\u00edtulo: Differentially Private Release of Count-Weighted Graphs.Autor: Felipe Timb\u00f3 Brito.Institui\u00e7\u00e3o: MDCC\/UFC&nbsp;Orientador: Javam de Castro Machado Vencedor da melhor Tese de Mestrado submetida ao CTDBD: T\u00edtulo: Querying Databases with Natural Language: The use of Large Language Models for Text-to-SQL tasksDoutor: &nbsp;Eduardo Roger Silva Nascimento.Institui\u00e7\u00e3o: PPGI\/PUC-RioOrientador: Marco Ant\u00f4nio [&hellip;]<\/p>\n","protected":false},"author":3,"featured_media":0,"parent":0,"menu_order":0,"comment_status":"closed","ping_status":"closed","template":"","meta":{"footnotes":""},"class_list":["post-554","page","type-page","status-publish","hentry"],"_links":{"self":[{"href":"https:\/\/sbbd.org.br\/2024\/en\/wp-json\/wp\/v2\/pages\/554","targetHints":{"allow":["GET"]}}],"collection":[{"href":"https:\/\/sbbd.org.br\/2024\/en\/wp-json\/wp\/v2\/pages"}],"about":[{"href":"https:\/\/sbbd.org.br\/2024\/en\/wp-json\/wp\/v2\/types\/page"}],"author":[{"embeddable":true,"href":"https:\/\/sbbd.org.br\/2024\/en\/wp-json\/wp\/v2\/users\/3"}],"replies":[{"embeddable":true,"href":"https:\/\/sbbd.org.br\/2024\/en\/wp-json\/wp\/v2\/comments?post=554"}],"version-history":[{"count":11,"href":"https:\/\/sbbd.org.br\/2024\/en\/wp-json\/wp\/v2\/pages\/554\/revisions"}],"predecessor-version":[{"id":571,"href":"https:\/\/sbbd.org.br\/2024\/en\/wp-json\/wp\/v2\/pages\/554\/revisions\/571"}],"wp:attachment":[{"href":"https:\/\/sbbd.org.br\/2024\/en\/wp-json\/wp\/v2\/media?parent=554"}],"curies":[{"name":"wp","href":"https:\/\/api.w.org\/{rel}","templated":true}]}}