{"id":403,"date":"2024-08-19T13:56:33","date_gmt":"2024-08-19T16:56:33","guid":{"rendered":"https:\/\/sbbd.org.br\/2024\/?page_id=403"},"modified":"2024-08-19T14:49:13","modified_gmt":"2024-08-19T17:49:13","slug":"nota-de-empenho","status":"publish","type":"page","link":"https:\/\/sbbd.org.br\/2024\/en\/nota-de-empenho\/","title":{"rendered":"Nota de Empenho"},"content":{"rendered":"<p>O que \u00e9: emitida quando a inscri\u00e7\u00e3o \u00e9 paga por alguma institui\u00e7\u00e3o. A nota de empenho \u00e9 emitida com o valor da inscri\u00e7\u00e3o e os dados da SBC (os dados podem ser encontrados <a href=\"https:\/\/docs.google.com\/document\/d\/1GWCDoLIwY-n8-wtCuVDj7VGk2mg9x3lXj_MOx9-_s_k\/edit?userstoinvite=jozianepgoncalves@gmail.com&amp;sharingaction=manageaccess&amp;role=writer\" data-type=\"link\" data-id=\"https:\/\/docs.google.com\/document\/d\/1GWCDoLIwY-n8-wtCuVDj7VGk2mg9x3lXj_MOx9-_s_k\/edit?userstoinvite=jozianepgoncalves@gmail.com&amp;sharingaction=manageaccess&amp;role=writer\">neste documento<\/a>). A nota \u00e9 o compromisso da institui\u00e7\u00e3o com esse pagamento, cujo valor estar\u00e1 reservado exclusivamente para quita\u00e7\u00e3o desse d\u00e9bito. Como a inscri\u00e7\u00e3o \u00e9 um servi\u00e7o, a SBC faz a emiss\u00e3o da nota fiscal ap\u00f3s o evento para comprova\u00e7\u00e3o juntamente com o certificado de participa\u00e7\u00e3o no evento. S\u00f3 ap\u00f3s esse processo, o valor do empenho \u00e9 liquidado e transferido para SBC.<\/p>\n\n\n\n<p><strong>Emiss\u00e3o do empenho:<\/strong><strong><br><\/strong>Cada institui\u00e7\u00e3o tem seu pr\u00f3prio fluxo para emiss\u00e3o, mas o in\u00edcio do processo \u00e9 padr\u00e3o: o interessado, discente, docente ou servidor deve reunir informa\u00e7\u00f5es sobre a atividade a ser custeada e solicitar diretamente \u00e0 secretaria, ou unidade respons\u00e1vel pelo pagamento, que o processo seja tramitado.<\/p>\n\n\n\n<p>Desde que o pagamento seja efetuado via Nota de Empenho, o valor original do momento da inscri\u00e7\u00e3o ser\u00e1 mantido, independente da data do envio do documento.<\/p>\n\n\n\n<p>O faturamento \u00e9 apenas o pedido de compra das inscri\u00e7\u00f5es. A SBC emite a nota fiscal no momento que recebe a solicita\u00e7\u00e3o e tem at\u00e9 30 dias para o pagamento, por deposito, ou outras formas dispon\u00edveis se for necess\u00e1rio.<\/p>\n\n\n\n<p>*Se sua institui\u00e7\u00e3o solicita que o boleto seja emitido ao CNPJ, por favor encaminhar a solicita\u00e7\u00e3o para o faturamento@sbc.org.br informando: CNPJ, endere\u00e7o, raz\u00e3o social, nome completo do inscrito e evento.<\/p>\n\n\n\n<p>Ainda ficou com d\u00favidas? Ent\u00e3o, mande e-mail para a SBC: faturamento@sbc.org.br<\/p>\n\n\n\n<p><\/p>","protected":false},"excerpt":{"rendered":"<p>O que \u00e9: emitida quando a inscri\u00e7\u00e3o \u00e9 paga por alguma institui\u00e7\u00e3o. A nota de empenho \u00e9 emitida com o valor da inscri\u00e7\u00e3o e os dados da SBC (os dados podem ser encontrados neste documento). A nota \u00e9 o compromisso da institui\u00e7\u00e3o com esse pagamento, cujo valor estar\u00e1 reservado exclusivamente para quita\u00e7\u00e3o desse d\u00e9bito. Como [&hellip;]<\/p>\n","protected":false},"author":3,"featured_media":0,"parent":0,"menu_order":0,"comment_status":"closed","ping_status":"closed","template":"","meta":{"footnotes":""},"class_list":["post-403","page","type-page","status-publish","hentry"],"_links":{"self":[{"href":"https:\/\/sbbd.org.br\/2024\/en\/wp-json\/wp\/v2\/pages\/403","targetHints":{"allow":["GET"]}}],"collection":[{"href":"https:\/\/sbbd.org.br\/2024\/en\/wp-json\/wp\/v2\/pages"}],"about":[{"href":"https:\/\/sbbd.org.br\/2024\/en\/wp-json\/wp\/v2\/types\/page"}],"author":[{"embeddable":true,"href":"https:\/\/sbbd.org.br\/2024\/en\/wp-json\/wp\/v2\/users\/3"}],"replies":[{"embeddable":true,"href":"https:\/\/sbbd.org.br\/2024\/en\/wp-json\/wp\/v2\/comments?post=403"}],"version-history":[{"count":2,"href":"https:\/\/sbbd.org.br\/2024\/en\/wp-json\/wp\/v2\/pages\/403\/revisions"}],"predecessor-version":[{"id":407,"href":"https:\/\/sbbd.org.br\/2024\/en\/wp-json\/wp\/v2\/pages\/403\/revisions\/407"}],"wp:attachment":[{"href":"https:\/\/sbbd.org.br\/2024\/en\/wp-json\/wp\/v2\/media?parent=403"}],"curies":[{"name":"wp","href":"https:\/\/api.w.org\/{rel}","templated":true}]}}