{"id":390,"date":"2024-08-15T21:05:43","date_gmt":"2024-08-16T00:05:43","guid":{"rendered":"https:\/\/sbbd.org.br\/2024\/?page_id=390"},"modified":"2024-09-10T08:31:38","modified_gmt":"2024-09-10T11:31:38","slug":"ctdbd2","status":"publish","type":"page","link":"https:\/\/sbbd.org.br\/2024\/en\/ctdbd2\/","title":{"rendered":"Concurso de Teses e Disserta\u00e7\u00f5es em Banco de Dados"},"content":{"rendered":"<p><strong>\u00c9 com grande alegria que divulgamos os trabalhos aceitos para a segunda fase do Concurso de Teses e Disserta\u00e7\u00f5es em Banco de Dados &#8211; CTDBD. Os trabalhos ser\u00e3o apresentados no Canal da SBC (<a href=\"https:\/\/www.youtube.com\/@sbcoficial\/\" target=\"_blank\" rel=\"noreferrer noopener\">https:\/\/www.youtube.com\/@sbcoficial\/<\/a>), nas datas e hor\u00e1rios definidos abaixo. Super parab\u00e9ns aos selecionados!!<\/strong><\/p>\n\n\n\n<div style=\"height:100px\" aria-hidden=\"true\" class=\"wp-block-spacer\"><\/div>\n\n\n\n<hr class=\"wp-block-separator has-alpha-channel-opacity\"\/>\n\n\n\n<p><strong>DOUTORADO<\/strong><\/p>\n\n\n\n<p><strong>Sess\u00e3o online: 22\/08 (quinta-feira), 18:30<\/strong><br>Banca: Carmen Hara (UFPR),&nbsp; Daniel Kaster (UEL), Daniel Oliveira (UFF)<\/p>\n\n\n\n<p><\/p>\n\n\n\n<p>T\u00edtulo:&nbsp;On the Role of Semantic Word Clusters \u2014 CluWords \u2014 in Natural Language Processing&nbsp;(NLP) TasksAutor:&nbsp;Felipe Augusto Resende Viegas&nbsp;Institui\u00e7\u00e3o: PPGCC\/UFMG<br>Orientador:&nbsp;Marcos Andr\u00e9 Gon\u00e7alves <br>Co-orientador:&nbsp;Leonardo Chaves Dutra da Rocha<\/p>\n\n\n\n<p>T\u00edtulo:&nbsp;Differentially Private Release of Count-Weighted Graphs.<br>Autor:&nbsp;Felipe Timb\u00f3 Brito.Institui\u00e7\u00e3o:&nbsp;MDCC\/UFC&nbsp;<br>Orientador:<strong>&nbsp;<\/strong>Javam de Castro Machado<\/p>\n\n\n\n<p>Titulo:&nbsp;Graph Pattern Mining: consolidating models, systems, and abstractions <br>Doutor:&nbsp;Vin\u00edcius Vitor dos Santos Dias <br>Institui\u00e7\u00e3o: PPGCC\/UFMG <br>Orientador:&nbsp;Dorgival Guedes Neto<br><\/p>\n\n\n\n<div style=\"height:100px\" aria-hidden=\"true\" class=\"wp-block-spacer\"><\/div>\n\n\n\n<p>Link para assistir as apresenta\u00e7\u00f5es das teses de doutorado: <br><a href=\"https:\/\/www.youtube.com\/watch?v=w-VBm7jCvH0\">https:\/\/www.youtube.com\/watch?v=w-VBm7jCvH0<\/a><\/p>\n\n\n\n<p>Link para assistir a divulga\u00e7\u00e3o do resultado do concurso de teses de doutorado: <a href=\"https:\/\/www.youtube.com\/watch?v=W-m9_HQLviI\">https:\/\/www.youtube.com\/watch?v=W-m9_HQLviI<\/a><\/p>\n\n\n\n<div style=\"height:100px\" aria-hidden=\"true\" class=\"wp-block-spacer\"><\/div>\n\n\n\n<hr class=\"wp-block-separator has-alpha-channel-opacity\"\/>\n\n\n\n<p><strong>MESTRADO<\/strong><\/p>\n\n\n\n<p><strong>Sess\u00e3o online: 28\/08 (quarta-feira), 18:30<\/strong><br>Banca: Agma Traina (USP-SC), Jos\u00e9 Ant\u00f4nio Macedo (UFC), Marcos Bedo (UFF)<\/p>\n\n\n\n<p><\/p>\n\n\n\n<p>Titulo:&nbsp;Querying Databases with Natural Language: The use of Large Language Models for Text-to-SQL tasks<br>Doutor:&nbsp;Eduardo Roger Silva Nascimento&nbsp;<br>Institui\u00e7\u00e3o: PPGI\/PUC-Rio<br>Orientador:&nbsp;Marco Ant\u00f4nio Casanova<\/p>\n\n\n\n<p><br>Titulo:&nbsp;Creating Resources and Evaluating the Impact of OCR Quality on Information Retrieval: A Case Study in the Geoscientific Domain<br>Doutor:&nbsp;Lucas Lima de Oliveira<br>Institui\u00e7\u00e3o: PPGCC\/UFRRGS<br>Orientador:&nbsp;Viviane Pereira Moreira<\/p>\n\n\n\n<p><br>Titulo:&nbsp;A New Risk-Sensitive Deep Learning Optimization Function for Ranking Tasks<br>Doutor:&nbsp;Pedro Henrique Silva Rodrigues<br>Institui\u00e7\u00e3o: PPGCC\/UFMG<br>Orientador:&nbsp;Marcos Andr\u00e9 Gon\u00e7alves<br>Co-orientador:&nbsp;Daniel Xavier de Sousa<\/p>\n\n\n\n<div style=\"height:100px\" aria-hidden=\"true\" class=\"wp-block-spacer\"><\/div>\n\n\n\n<p>Link para assistir as apresenta\u00e7\u00f5es das disserta\u00e7\u00f5es de mestrado:<br><a href=\"https:\/\/www.youtube.com\/watch?v=mkK635A0Rq8\">https:\/\/www.youtube.com\/watch?v=mkK635A0Rq8<\/a><\/p>\n\n\n\n<p>Link para assistir a divulga\u00e7\u00e3o do resultado do concurso de disserta\u00e7\u00f5es de mestrado: <a href=\"https:\/\/www.youtube.com\/watch?v=9fG9piICt4M\">https:\/\/www.youtube.com\/watch?v=9fG9piICt4M<\/a><\/p>\n\n\n\n<hr class=\"wp-block-separator has-alpha-channel-opacity\"\/>\n\n\n\n<div style=\"height:100px\" aria-hidden=\"true\" class=\"wp-block-spacer\"><\/div>\n\n\n\n<p class=\"has-text-align-center\">Conhe\u00e7a os <a href=\"https:\/\/sbbd.org.br\/2024\/en\/09\/03\/vencedores-ctdbd\/\">vencedores<\/a>.<\/p>\n\n\n\n<p><\/p>\n\n\n\n<div style=\"height:100px\" aria-hidden=\"true\" class=\"wp-block-spacer\"><\/div>\n\n\n\n<p class=\"has-white-color has-luminous-vivid-orange-background-color has-text-color has-background has-link-color wp-elements-4fa802a5bd3d02a32c26e143f28df98f\"><strong>CTDBD &#8211; Concurso de Teses e Disserta\u00e7\u00f5es em Banco de Dados &#8211; Chair: Karin Becker<\/strong><\/p>\n\n\n\n<figure class=\"wp-block-table is-style-stripes\"><table class=\"has-fixed-layout\"><tbody><tr><td>Quarta, 16\/10\/2024 <\/td><td>&#8211; 14:00 \u00e0s 15:30<\/td><td><\/td><\/tr><tr><td>14:00<\/td><td>Abertura da sess\u00e3o (Chair)<\/td><td><\/td><\/tr><tr><td>14:10<\/td><td>Melhor Disserta\u00e7\u00e3o: Querying Databases with Natural Language: The use of Large Language Models for Text-to-SQL tasks<\/td><td>Eduardo Roger Nascimento (PUCRio),<br>Orientador: Marco Ant\u00f4nio Casanova<\/td><\/tr><tr><td>14:30<\/td><td>Melhor Tese: Differentially Private Release of Count-Weighted Graphs<\/td><td>Felipe Brito Timb\u00f3 (UFC) Orientador: Javam Machado<\/td><\/tr><tr><td>15:00<\/td><td>Painel: O Caminho da Pesquisa de Sucesso &#8211; em conjunto com WTDBD<\/td><td>Modera\u00e7\u00e3o: Karin Becker Finalistas do CTDBD<\/td><\/tr><tr><td>16:00<\/td><td>T\u00e9rmino<\/td><td><\/td><\/tr><\/tbody><\/table><\/figure>","protected":false},"excerpt":{"rendered":"<p>\u00c9 com grande alegria que divulgamos os trabalhos aceitos para a segunda fase do Concurso de Teses e Disserta\u00e7\u00f5es em Banco de Dados &#8211; CTDBD. Os trabalhos ser\u00e3o apresentados no Canal da SBC (https:\/\/www.youtube.com\/@sbcoficial\/), nas datas e hor\u00e1rios definidos abaixo. Super parab\u00e9ns aos selecionados!! DOUTORADO Sess\u00e3o online: 22\/08 (quinta-feira), 18:30Banca: Carmen Hara (UFPR),&nbsp; Daniel Kaster [&hellip;]<\/p>\n","protected":false},"author":3,"featured_media":0,"parent":0,"menu_order":0,"comment_status":"closed","ping_status":"closed","template":"","meta":{"footnotes":""},"class_list":["post-390","page","type-page","status-publish","hentry"],"_links":{"self":[{"href":"https:\/\/sbbd.org.br\/2024\/en\/wp-json\/wp\/v2\/pages\/390","targetHints":{"allow":["GET"]}}],"collection":[{"href":"https:\/\/sbbd.org.br\/2024\/en\/wp-json\/wp\/v2\/pages"}],"about":[{"href":"https:\/\/sbbd.org.br\/2024\/en\/wp-json\/wp\/v2\/types\/page"}],"author":[{"embeddable":true,"href":"https:\/\/sbbd.org.br\/2024\/en\/wp-json\/wp\/v2\/users\/3"}],"replies":[{"embeddable":true,"href":"https:\/\/sbbd.org.br\/2024\/en\/wp-json\/wp\/v2\/comments?post=390"}],"version-history":[{"count":27,"href":"https:\/\/sbbd.org.br\/2024\/en\/wp-json\/wp\/v2\/pages\/390\/revisions"}],"predecessor-version":[{"id":860,"href":"https:\/\/sbbd.org.br\/2024\/en\/wp-json\/wp\/v2\/pages\/390\/revisions\/860"}],"wp:attachment":[{"href":"https:\/\/sbbd.org.br\/2024\/en\/wp-json\/wp\/v2\/media?parent=390"}],"curies":[{"name":"wp","href":"https:\/\/api.w.org\/{rel}","templated":true}]}}