{"id":346,"date":"2024-08-09T18:25:10","date_gmt":"2024-08-09T21:25:10","guid":{"rendered":"https:\/\/sbbd.org.br\/2024\/?page_id=346"},"modified":"2024-09-09T09:35:34","modified_gmt":"2024-09-09T12:35:34","slug":"hospedagens","status":"publish","type":"page","link":"https:\/\/sbbd.org.br\/2024\/en\/hospedagens\/","title":{"rendered":"Accommodation"},"content":{"rendered":"<h2 class=\"wp-block-heading\"><strong><em>Host Hotel for SBBD'24<\/em><\/strong><\/h2>\n\n\n\n<div class=\"wp-block-media-text is-stacked-on-mobile\"><figure class=\"wp-block-media-text__media\"><img loading=\"lazy\" decoding=\"async\" width=\"559\" height=\"370\" src=\"https:\/\/sbbd.org.br\/2024\/wp-content\/uploads\/2024\/08\/d649a036-0472-4b5a-9bae-7854916790b6.jpeg\" alt=\"\" class=\"wp-image-347 size-full\" srcset=\"https:\/\/sbbd.org.br\/2024\/wp-content\/uploads\/2024\/08\/d649a036-0472-4b5a-9bae-7854916790b6.jpeg 559w, https:\/\/sbbd.org.br\/2024\/wp-content\/uploads\/2024\/08\/d649a036-0472-4b5a-9bae-7854916790b6-300x199.jpeg 300w, https:\/\/sbbd.org.br\/2024\/wp-content\/uploads\/2024\/08\/d649a036-0472-4b5a-9bae-7854916790b6-18x12.jpeg 18w\" sizes=\"auto, (max-width: 559px) 100vw, 559px\" \/><\/figure><div class=\"wp-block-media-text__content\">\n<h2 class=\"wp-block-heading\" style=\"font-size:27px\">Hotel Majestic<\/h2>\n\n\n\n<p style=\"font-size:20px\"><a href=\"https:\/\/www.majesticpalace.com.br\/\">https:\/\/www.majesticpalace.com.br\/<\/a><\/p>\n\n\n\n<p style=\"font-size:17px\" class=\"translation-block\">The Majestic Palace Hotel combines sophistication and comfort at the best address in the city, Avenida Beira Mar Norte, next to Beiramar Shopping.<br> Its location provides easy and quick access to the island's South, North, and East beaches, Herc\u00edlio Luz International Airport, the Centrosul Convention Center, and the Federal and State universities.<\/p>\n<\/div><\/div>\n\n\n\n<p style=\"font-size:15px\"><\/p>\n\n\n\n<p style=\"font-size:16px\" class=\"translation-block\">Enter the promo code \u201c<strong>SBBD2024<\/strong>\u201d to receive your accommodation discount.<\/p>\n\n\n\n<p style=\"font-size:16px\"><em>The discount is 15% off the current rate and is valid for reservations made until October 13. Please note that we work with floating rates based on occupancy, so the sooner you make your reservation, the lower the rates will be. Free cancellation is available up to 2 days before the check-in date. The credit card requested at the time of reservation is only used as a guarantee, with no advance charge. Payment should be made directly at check-in. Majestic Hotel.<\/em><\/p>\n\n\n\n<figure class=\"wp-block-table\"><table class=\"has-fixed-layout\"><tbody><tr><td><strong>Other option of hotel nearby<\/strong><\/td><\/tr><\/tbody><\/table><\/figure>\n\n\n\n<figure class=\"wp-block-table\"><table class=\"has-fixed-layout\"><tbody><tr><td><strong>Blue Tree Premium<\/strong><br><a href=\"https:\/\/www.bluetree.com.br\/hotel\/blue-tree-premium-florianopolis\">https:\/\/www.bluetree.com.br\/hotel\/blue-tree-premium-florianopolis<\/a><br><br>O hotel Blue Tree Florian\u00f3polis est\u00e1 em um endere\u00e7o descolado, charmoso, junto ao melhor do entretenimento da cidade e ao lado do cal\u00e7ad\u00e3o da Beira Mar, para voc\u00ea caminhar ou correr com a energia do mar. Voc\u00ea contar\u00e1 com a nossa aten\u00e7\u00e3o aos detalhes, al\u00e9m de apartamentos confort\u00e1veis e espa\u00e7osos para curtir a sua estada em Floripa.<br><br><strong>Localiza\u00e7\u00e3o<\/strong>:&nbsp;<br>Rua Bocai\u00fava, 2304, Centro \u2022 SC \u2022 Florian\u00f3polis \u2022 88015-530<br><br><strong>290m do local do evento<\/strong><\/td><td><img loading=\"lazy\" decoding=\"async\" width=\"250\" height=\"376\" src=\"https:\/\/sbbd.org.br\/2024\/wp-content\/uploads\/2024\/08\/fe96e2ae-9014-4860-9b2f-d20570edb41f.jpeg\" alt=\"\" class=\"wp-image-355\" srcset=\"https:\/\/sbbd.org.br\/2024\/wp-content\/uploads\/2024\/08\/fe96e2ae-9014-4860-9b2f-d20570edb41f.jpeg 250w, https:\/\/sbbd.org.br\/2024\/wp-content\/uploads\/2024\/08\/fe96e2ae-9014-4860-9b2f-d20570edb41f-199x300.jpeg 199w, https:\/\/sbbd.org.br\/2024\/wp-content\/uploads\/2024\/08\/fe96e2ae-9014-4860-9b2f-d20570edb41f-8x12.jpeg 8w\" sizes=\"auto, (max-width: 250px) 100vw, 250px\" \/><\/td><\/tr><tr><td class=\"translation-block\"><br><br>The Novotel is located in a prime area with shops, bars, stores, banks, and shopping centers like Villa Romana, just a 9-minute drive from the hotel. Visit Praia Mole, a 29-minute drive from the hotel. For events, Centrosul, the city's largest event space, is a 10-minute drive from the Novotel in Florian\u00f3polis. Additionally, enjoy the Herc\u00edlio Luz Bridge, a 9-minute drive from the hotel, and visit the Public Market, 10 minutes away by car.<br><br><strong>Location<\/strong>:<br>Av. Rubens de Arruda Ramos, 2034<br><br><strong>800m from the event venue<\/strong><br><\/td><td><img loading=\"lazy\" decoding=\"async\" width=\"556\" height=\"417\" src=\"https:\/\/sbbd.org.br\/2024\/wp-content\/uploads\/2024\/08\/a422ae9b-74c1-4c69-a75e-aa5bb20cc34c.jpeg\" alt=\"\" class=\"wp-image-357\" srcset=\"https:\/\/sbbd.org.br\/2024\/wp-content\/uploads\/2024\/08\/a422ae9b-74c1-4c69-a75e-aa5bb20cc34c.jpeg 556w, https:\/\/sbbd.org.br\/2024\/wp-content\/uploads\/2024\/08\/a422ae9b-74c1-4c69-a75e-aa5bb20cc34c-300x225.jpeg 300w, https:\/\/sbbd.org.br\/2024\/wp-content\/uploads\/2024\/08\/a422ae9b-74c1-4c69-a75e-aa5bb20cc34c-16x12.jpeg 16w\" sizes=\"auto, (max-width: 556px) 100vw, 556px\" \/><\/td><\/tr><tr><td><strong>LK DESIGN HOTEL<\/strong><br><a href=\"https:\/\/lkdesignhotel.com.br\/\"><strong>https:\/\/lkdesignhotel.com.br\/<\/strong><\/a><br><br>Localizado no ponto mais nobre da Avenida Beira-Mar Norte, o LK Design Hotel Florian\u00f3polis possui apartamentos modernos e confort\u00e1veis, um rooftop incr\u00edvel com piscina ao ar livre, academia de alta performance e tudo o que voc\u00ea deseja em um hotel de alto padr\u00e3o na capital de Santa Catarina.<br><br><strong>Localiza\u00e7\u00e3o:<\/strong><br>R. Bocai\u00fava, 1755<br><br><strong>900m do local do evento<\/strong><br><\/td><td><img loading=\"lazy\" decoding=\"async\" width=\"347\" height=\"526\" src=\"https:\/\/sbbd.org.br\/2024\/wp-content\/uploads\/2024\/08\/da1632fe-d030-4726-a535-7dcd2f14dab8.jpeg\" alt=\"\" class=\"wp-image-358\" srcset=\"https:\/\/sbbd.org.br\/2024\/wp-content\/uploads\/2024\/08\/da1632fe-d030-4726-a535-7dcd2f14dab8.jpeg 347w, https:\/\/sbbd.org.br\/2024\/wp-content\/uploads\/2024\/08\/da1632fe-d030-4726-a535-7dcd2f14dab8-198x300.jpeg 198w, https:\/\/sbbd.org.br\/2024\/wp-content\/uploads\/2024\/08\/da1632fe-d030-4726-a535-7dcd2f14dab8-8x12.jpeg 8w\" sizes=\"auto, (max-width: 347px) 100vw, 347px\" \/><\/td><\/tr><\/tbody><\/table><figcaption class=\"wp-element-caption\"><br>Voc\u00ea tamb\u00e9m consegue \u00f3timas op\u00e7\u00f5es em Hostels pr\u00f3ximos ou pelo AirBnB!<\/figcaption><\/figure>","protected":false},"excerpt":{"rendered":"<p>Hotel hospedeiro do SBBD&#8217;24 Hotel Majestic https:\/\/www.majesticpalace.com.br\/ O Majestic Palace Hotel re\u00fane sofistica\u00e7\u00e3o e conforto no melhor endere\u00e7o da cidade, Avenida Beira Mar Norte, ao lado do Beiramar Shopping.Sua Localiza\u00e7\u00e3o permite f\u00e1cil e r\u00e1pido acesso \u00e0s praias do Sul, Norte e Leste da ilha, ao aeroporto internacional Herc\u00edlio Luz, ao Centro de Conven\u00e7\u00f5es Centrosul e [&hellip;]<\/p>\n","protected":false},"author":3,"featured_media":0,"parent":0,"menu_order":0,"comment_status":"closed","ping_status":"closed","template":"","meta":{"footnotes":""},"class_list":["post-346","page","type-page","status-publish","hentry"],"_links":{"self":[{"href":"https:\/\/sbbd.org.br\/2024\/en\/wp-json\/wp\/v2\/pages\/346","targetHints":{"allow":["GET"]}}],"collection":[{"href":"https:\/\/sbbd.org.br\/2024\/en\/wp-json\/wp\/v2\/pages"}],"about":[{"href":"https:\/\/sbbd.org.br\/2024\/en\/wp-json\/wp\/v2\/types\/page"}],"author":[{"embeddable":true,"href":"https:\/\/sbbd.org.br\/2024\/en\/wp-json\/wp\/v2\/users\/3"}],"replies":[{"embeddable":true,"href":"https:\/\/sbbd.org.br\/2024\/en\/wp-json\/wp\/v2\/comments?post=346"}],"version-history":[{"count":7,"href":"https:\/\/sbbd.org.br\/2024\/en\/wp-json\/wp\/v2\/pages\/346\/revisions"}],"predecessor-version":[{"id":740,"href":"https:\/\/sbbd.org.br\/2024\/en\/wp-json\/wp\/v2\/pages\/346\/revisions\/740"}],"wp:attachment":[{"href":"https:\/\/sbbd.org.br\/2024\/en\/wp-json\/wp\/v2\/media?parent=346"}],"curies":[{"name":"wp","href":"https:\/\/api.w.org\/{rel}","templated":true}]}}