{"id":188,"date":"2024-04-30T18:18:28","date_gmt":"2024-04-30T21:18:28","guid":{"rendered":"https:\/\/sbbd.org.br\/2024\/?page_id=188"},"modified":"2024-09-12T08:27:14","modified_gmt":"2024-09-12T11:27:14","slug":"ctdbd","status":"publish","type":"page","link":"https:\/\/sbbd.org.br\/2024\/en\/ctdbd\/","title":{"rendered":"CTDBD"},"content":{"rendered":"<p>O Concurso de Teses e Disserta\u00e7\u00f5es em Banco de Dados (CTDBD) do Simp\u00f3sio Brasileiro de Banco de Dados (SBBD) tem como objetivos selecionar e premiar as melhores teses de doutorado e disserta\u00e7\u00f5es de mestrado em Banco de Dados do pa\u00eds que tenham sido desenvolvidas em institui\u00e7\u00f5es de ensino e pesquisa brasileiras, defendidas e aprovadas no per\u00edodo entre 1\u00ba de janeiro de 2022 e 30 de abril de 2024. Podem concorrer as teses e disserta\u00e7\u00f5es relacionadas aos <a href=\"https:\/\/sbbd.org.br\/2024\/en\/2023\/topicos-de-interesse\/\">t\u00f3picos de interesse do SBBD<\/a>.&nbsp;<\/p>\n\n\n\n<p>As teses e disserta\u00e7\u00f5es s\u00e3o avaliadas conforme os resultados cient\u00edficos e tecnol\u00f3gicos do trabalho aprovado, assim como pelo seu potencial impacto no estado da arte e\/ou de inova\u00e7\u00e3o na \u00e1rea de Banco de Dados e aplica\u00e7\u00f5es inovadoras centradas em dados.<\/p>\n\n\n\n<p>Com o objetivo de revelar as pesquisas qualificadas sendo desenvolvidas no Brasil, e incentivar a ampla participa\u00e7\u00e3o de toda a comunidade, o CTDBD vem em 2024 com um formato inovador: concurso anual, submiss\u00e3o facilitada, processo seletivo on-line, e apresenta\u00e7\u00e3o e premia\u00e7\u00e3o da melhor disserta\u00e7\u00e3o e da melhor tese em Banco de Dados presencialmente no SBBD.<\/p>\n\n\n\n<h2 class=\"wp-block-heading\">Important dates:<\/h2>\n\n\n\n<p><strong>Primeira fase: <\/strong>submiss\u00e3o dos trabalhos e ranqueamento dos trabalhos<\/p>\n\n\n\n<ul class=\"wp-block-list\">\n<li>Abstracts registration: <s><strong>(22\/05\/2024)<\/strong><\/s> &#8211; <strong>03\/06\/2024<\/strong><\/li>\n\n\n\n<li>Submiss\u00e3o (resumo executivo, comprovante de conclusao, disserta\u00e7\u00e3o\/tese): <strong><s>(03\/06\/2024)<\/s><\/strong> &#8211; <strong>10\/06\/2024<\/strong><\/li>\n\n\n\n<li>Notifica\u00e7\u00e3o dos autores selecionados para a apresenta\u00e7\u00e3o: <strong>15\/07\/2024<\/strong><\/li>\n<\/ul>\n\n\n\n<p><strong>Segunda Fase: <\/strong>apresenta\u00e7\u00e3o dos trabalhos de forma on-line<\/p>\n\n\n\n<ul class=\"wp-block-list\">\n<li><strong>Apresenta\u00e7\u00e3o dos trabalhos selecionados: 12-23\/08\/2024<\/strong><\/li>\n\n\n\n<li><strong>Divulga\u00e7\u00e3o dos resultados: at\u00e9 24\/08\/2024 <\/strong>(melhor disserta\u00e7\u00e3o, melhor tese, men\u00e7\u00f5es honrosas<strong>)<\/strong><\/li>\n\n\n\n<li><strong>Entrega da vers\u00e3o final para os anais:<\/strong> <strong>30\/08\/2024<\/strong><\/li>\n<\/ul>\n\n\n\n<p><strong>Terceira Fase: <\/strong>apresenta\u00e7\u00e3o e premia\u00e7\u00e3o dos dois trabalhos vencedores (melhores disserta\u00e7\u00e3o e tese) no SBBD.<\/p>\n\n\n\n<h2 class=\"wp-block-heading\">Processo de Sele\u00e7\u00e3o:<\/h2>\n\n\n\n<p>O processo de sele\u00e7\u00e3o ocorrer\u00e1 em duas fases.<\/p>\n\n\n\n<ul class=\"wp-block-list\">\n<li><strong>Primeira fase:<\/strong> cada trabalho submetido \u00e9 avaliado por pelo menos tr\u00eas especialistas, os quais analisam o material submetido pelos autores (ver os documentos necess\u00e1rios na se\u00e7\u00e3o \u201cSubmiss\u00e3o de Trabalhos\u201d). Com base nas avalia\u00e7\u00f5es feitas, um comit\u00ea formado por meta-revisores selecionar\u00e1 os tr\u00eas trabalhos melhor avaliados de cada categoria: at\u00e9 3 (tr\u00eas) teses de doutorado e at\u00e9 3 (tr\u00eas) disserta\u00e7\u00f5es de mestrado. Em caso de empate, mais trabalhos podem ser selecionados para a segunda fase.&nbsp;<\/li>\n\n\n\n<li><strong>Segunda fase:<\/strong> os autores dos trabalhos selecionados devem apresentar em sess\u00e3o on-line p\u00fablica seus trabalhos a um Comit\u00ea Avaliador. Cada apresenta\u00e7\u00e3o deve ter dura\u00e7\u00e3o de 15 minutos, e deve ser obrigatoriamente feita&nbsp; pelo mestre\/doutor autor do trabalho. Cada apresenta\u00e7\u00e3o \u00e9 seguida de questionamentos, tamb\u00e9m de dura\u00e7\u00e3o de 15 minutos. As datas das sess\u00f5es ser\u00e3o divulgadas com 15 dias de anteced\u00eancia. Dessas apresenta\u00e7\u00f5es, ser\u00e3o selecionadas a melhor tese e a melhor disserta\u00e7\u00e3o. Para fins de premia\u00e7\u00e3o, ser\u00e3o avaliados o conte\u00fado cient\u00edfico com os pareceres j\u00e1 emitidos na primeira fase, a qualidade da apresenta\u00e7\u00e3o oral e a desenvoltura nas respostas \u00e0s perguntas realizadas ap\u00f3s a apresenta\u00e7\u00e3o oral.&nbsp;<\/li>\n<\/ul>\n\n\n\n<h3 class=\"wp-block-heading\">Premia\u00e7\u00e3o e Publica\u00e7\u00e3o:<\/h3>\n\n\n\n<p>Os trabalhos premiados ser\u00e3o apresentados de forma presencial em uma sess\u00e3o do SBBD 2024. Um resumo estendido dos vencedores e men\u00e7\u00f5es honrosas ser\u00e1 publicado nos Anais do SBBD 2024 junto aos eventos sat\u00e9lites.<\/p>\n\n\n\n<h3 class=\"wp-block-heading\">Instru\u00e7\u00f5es de Submiss\u00e3o:<\/h3>\n\n\n\n<p>As submiss\u00f5es devem ser realizadas pelo mestre\/doutor autor do trabalho usando o sistema <a href=\"https:\/\/jems.sbc.org.br\/jems2\/index.php?r=conference\/main&amp;c=4570\">JEMS<\/a>. Assume-se que a submiss\u00e3o tem o aval do orientador.<\/p>\n\n\n\n<p>Cada submiss\u00e3o deve incluir os seguintes documentos:<\/p>\n\n\n\n<ul class=\"wp-block-list\">\n<li>Resumo executivo do trabalho em formato descrito abaixo.<\/li>\n\n\n\n<li>Documento que comprove que a tese ou disserta\u00e7\u00e3o foi defendida e aprovada no per\u00edodo definido nessa chamada (ex: diploma, ata, certificado).<\/li>\n\n\n\n<li>Texto completo da tese ou disserta\u00e7\u00e3o.<\/li>\n<\/ul>\n\n\n\n<p>Todos os documentos devem ser enviados em formato PDF. O trabalho ser\u00e1 examinado com base no resumo executivo. O texto completo da tese ou disserta\u00e7\u00e3o serve, essencialmente, como fonte de consulta adicional para os avaliadores sobre os resultados do trabalho. A produ\u00e7\u00e3o t\u00e9cnica\/cient\u00edfica \u00e9 uma dimens\u00e3o importante de qualidade da pesquisa, mas ser\u00e1 considerada em conjunto com a contribui\u00e7\u00e3o da disserta\u00e7\u00e3o\/tese defendida e aprovada.&nbsp;<\/p>\n\n\n\n<h2 class=\"wp-block-heading\">Formato do Resumo Executivo<\/h2>\n\n\n\n<p>O resumo executivo tem uma (1) folha de rosto, at\u00e9 duas (2) p\u00e1ginas de descri\u00e7\u00e3o no formato de itens espec\u00edficos, at\u00e9 uma (1) p\u00e1gina para produ\u00e7\u00e3o cient\u00edfica e tecnol\u00f3gica, e um n\u00famero ilimitado de p\u00e1ginas para refer\u00eancias bibliogr\u00e1ficas. As margens horizontais\/verticais devem ser de no m\u00ednimo 2 cm.<\/p>\n\n\n\n<p><strong>P\u00e1gina 1: folha de rosto com a identifica\u00e7\u00e3o do autor e de seu trabalho<\/strong><\/p>\n\n\n\n<p>Categoria: Mestrado ou Doutorado<\/p>\n\n\n\n<p>Autor<\/p>\n\n\n\n<p>T\u00edtulo<\/p>\n\n\n\n<p>Programa de P\u00f3s-Gradua\u00e7\u00e3o\/Universidade<\/p>\n\n\n\n<p>Orientador (incluir co-orientador, se pertinente)&nbsp;<\/p>\n\n\n\n<p>Data de Defesa e aprova\u00e7\u00e3o:&nbsp;<\/p>\n\n\n\n<p>Nome dos membros da banca com respectiva afilia\u00e7\u00e3o.<\/p>\n\n\n\n<p>Nota e Men\u00e7\u00e3o honrosa:<\/p>\n\n\n\n<ul class=\"wp-block-list\">\n<li>Informar se sua institui\u00e7\u00e3o estabelece nota e\/ou conceito, informando a nota\/conceito obtido (com a escala)<\/li>\n\n\n\n<li>Informar se sua institui\u00e7\u00e3o atribui men\u00e7\u00e3o de louvor, destaque ou equivalente, informando se recebeu.<\/li>\n<\/ul>\n\n\n\n<p>Highlights: at\u00e9 5 pontos de <em>highlights <\/em>do trabalho. Usamos a <a href=\"https:\/\/www.elsevier.com\/researcher\/author\/tools-and-resources\/highlights\">defini\u00e7\u00e3o de <em>highlights <\/em><\/a>conforme Elsevier. Cada <em>highlight <\/em>tem at\u00e9 85 caracteres, e capturam algum aspecto inovador e\/ou de destaque de seu trabalho.&nbsp;<\/p>\n\n\n\n<p><strong>P\u00e1ginas 2 e 3: Descri\u00e7\u00e3o do trabalho por meio de <u>campos pr\u00e9-definidos<\/u>. Voc\u00ea pode distribuir o conte\u00fado como quiser ao longo das duas p\u00e1ginas, mas os <u>campos devem ser estes e somente estes<\/u>.<\/strong><\/p>\n\n\n\n<ol class=\"wp-block-list\">\n<li><strong>Contexto e problema: <\/strong>Descreva o contexto que motiva seu trabalho, esclarecendo a import\u00e2ncia de seu trabalho para esse cen\u00e1rio, a relev\u00e2ncia da pesquisa, bem como aplicabilidade e impacto de sua solu\u00e7\u00e3o. Descreva o problema resolvido (<em>problem statement<\/em>), sua complexidade, os desafios e as lacunas\/oportunidades de inova\u00e7\u00e3o abordadas pelo seu trabalho.<\/li>\n\n\n\n<li><strong>Objetivo: <\/strong>descreva os objetivos de seu trabalho. Destaque como os desafios\/lacunas s\u00e3o abordados seu trabalho por meio de caracter\u00edsticas diferenciadoras e\/ou inovadoras de sua pesquisa\/abordagem.<\/li>\n\n\n\n<li><strong>Contribui\u00e7\u00e3o:<\/strong> resumir as principais contribui\u00e7\u00f5es de seu trabalho. Pode incluir, al\u00e9m das inova\u00e7\u00f5es cient\u00edficas, datasets p\u00fablicos (com link) ou c\u00f3digo\/software p\u00fablico (com link).<\/li>\n\n\n\n<li><strong>Avan\u00e7o no estado da arte: <\/strong>resuma como seu trabalho se destaca em rela\u00e7\u00e3o aos trabalhos relacionados, e como avan\u00e7a o estado da arte em rela\u00e7\u00e3o \u00e0s principais publica\u00e7\u00f5es na \u00e1rea. Referencie os trabalhos constantes nas refer\u00eancias bibliogr\u00e1ficas segundo cita\u00e7\u00e3o num\u00e9rica.<\/li>\n\n\n\n<li><strong>Resumo de sua solu\u00e7\u00e3o: <\/strong>descri\u00e7\u00e3o resumida de sua solu\u00e7\u00e3o, destacando as principais caracter\u00edsticas diferenciadoras\/inovadoras, desafios enfrentados, problemas resolvidos. Use texto ou figura como apropriado.<\/li>\n\n\n\n<li><strong>Avalia\u00e7\u00e3o: <\/strong>descreva como o trabalho foi avaliado\/validado, incluindo os principais objetivos de avalia\u00e7\u00e3o e experimentos realizados, e as principais conclus\u00f5es<\/li>\n<\/ol>\n\n\n\n<p><strong>Folha 4: Liste aqui produ\u00e7\u00e3o cient\u00edfica, t\u00e9cnica e\/ou pr\u00eamios com rela\u00e7\u00e3o direta a seu trabalho. <u>Somente as publica\u00e7\u00f5es aqui listadas podem ser citadas em sua apresenta\u00e7\u00e3o, caso passe para a segunda fase.<\/u><\/strong><\/p>\n\n\n\n<ul class=\"wp-block-list\">\n<li><strong>Produ\u00e7\u00e3o cient\u00edfica:<\/strong> liste as comunica\u00e7\u00f5es orais ou escritas decorrentes de seu trabalho, com autores, t\u00edtulo e informa\u00e7\u00e3o identificando o f\u00f3rum. Pode incluir artigos em peri\u00f3dicos e confer\u00eancias, p\u00f4steres, mini-cursos, entrevistas, etc. Liste em ordem de import\u00e2ncia (do mais ao menos importante). Caso o f\u00f3rum possua QUALIS, cite. Pode incluir artigos no prelo (isto \u00e9, j\u00e1 aceitos, mas n\u00e3o publicados).&nbsp;<\/li>\n\n\n\n<li><strong>Artigos submetidos. <\/strong>Descreva aqui as comunica\u00e7\u00f5es escritas decorrentes de seu trabalho que foram <strong><u>submetidas<\/u><\/strong> a algum f\u00f3rum, mas que ainda n\u00e3o decis\u00e3o sobre a avalia\u00e7\u00e3o pelos pares. Incluir autores, t\u00edtulo, f\u00f3rum, ano, e se houveram, etapas intermediarias avan\u00e7ando na avalia\u00e7\u00e3o.&nbsp;<\/li>\n\n\n\n<li><strong>Produ\u00e7\u00e3o T\u00e9cnica, registros e patentes:<\/strong> listar aqui produ\u00e7\u00e3o t\u00e9cnica decorrente de seu trabalho, software ou patente, descrevendo brevemente<\/li>\n\n\n\n<li><strong>Pr\u00eamios: <\/strong>descreva aqui pr\u00eamios, destaques e men\u00e7\u00f5es honrosas obtidos como decorr\u00eancia de seu trabalho. Relacione o pr\u00eamio, a entidade\/evento que concede, e o ano. Caso a sele\u00e7\u00e3o final n\u00e3o tenha ocorrido, pode incluir sele\u00e7\u00e3o para etapas intermedi\u00e1rias.<\/li>\n<\/ul>\n\n\n\n<p><strong><strong>P\u00e1gina <\/strong>5 em diante:<\/strong> referencias bibliogr\u00e1ficas que necessitar citar nas folhas 2 e 3.&nbsp;<\/p>\n\n\n\n<h2 class=\"wp-block-heading\">Coordenadora do CTDBD:<\/h2>\n\n\n\n<p>O resumo executivo tem uma (1) folha de rosto, at\u00e9 duas (2) p\u00e1ginas de descri\u00e7\u00e3o no formato de itens espec\u00edficos, at\u00e9 uma (1) p\u00e1gina para produ\u00e7\u00e3o cient\u00edfica e tecnol\u00f3gica, e um n\u00famero ilimitado de p\u00e1ginas para refer\u00eancias bibliogr\u00e1ficas. As margens horizontais\/verticais devem ser de no m\u00ednimo 2 cm.<\/p>","protected":false},"excerpt":{"rendered":"<p>O Concurso de Teses e Disserta\u00e7\u00f5es em Banco de Dados (CTDBD) do Simp\u00f3sio Brasileiro de Banco de Dados (SBBD) tem como objetivos selecionar e premiar as melhores teses de doutorado e disserta\u00e7\u00f5es de mestrado em Banco de Dados do pa\u00eds que tenham sido desenvolvidas em institui\u00e7\u00f5es de ensino e pesquisa brasileiras, defendidas e aprovadas no [&hellip;]<\/p>\n","protected":false},"author":3,"featured_media":0,"parent":0,"menu_order":0,"comment_status":"closed","ping_status":"closed","template":"event_page.php","meta":{"footnotes":""},"class_list":["post-188","page","type-page","status-publish","hentry"],"_links":{"self":[{"href":"https:\/\/sbbd.org.br\/2024\/en\/wp-json\/wp\/v2\/pages\/188","targetHints":{"allow":["GET"]}}],"collection":[{"href":"https:\/\/sbbd.org.br\/2024\/en\/wp-json\/wp\/v2\/pages"}],"about":[{"href":"https:\/\/sbbd.org.br\/2024\/en\/wp-json\/wp\/v2\/types\/page"}],"author":[{"embeddable":true,"href":"https:\/\/sbbd.org.br\/2024\/en\/wp-json\/wp\/v2\/users\/3"}],"replies":[{"embeddable":true,"href":"https:\/\/sbbd.org.br\/2024\/en\/wp-json\/wp\/v2\/comments?post=188"}],"version-history":[{"count":6,"href":"https:\/\/sbbd.org.br\/2024\/en\/wp-json\/wp\/v2\/pages\/188\/revisions"}],"predecessor-version":[{"id":935,"href":"https:\/\/sbbd.org.br\/2024\/en\/wp-json\/wp\/v2\/pages\/188\/revisions\/935"}],"wp:attachment":[{"href":"https:\/\/sbbd.org.br\/2024\/en\/wp-json\/wp\/v2\/media?parent=188"}],"curies":[{"name":"wp","href":"https:\/\/api.w.org\/{rel}","templated":true}]}}