{"id":182,"date":"2024-04-30T18:06:11","date_gmt":"2024-04-30T21:06:11","guid":{"rendered":"https:\/\/sbbd.org.br\/2024\/?page_id=182"},"modified":"2024-09-10T10:36:40","modified_gmt":"2024-09-10T13:36:40","slug":"rescai","status":"publish","type":"page","link":"https:\/\/sbbd.org.br\/2024\/en\/chamada-workshops\/rescai\/","title":{"rendered":"ReSCAI &#8211; Recomenda\u00e7\u00e3o Sens\u00edvel ao Contexto em Ambientes Inteligentes"},"content":{"rendered":"<p class=\"has-white-color has-text-color has-background has-link-color has-medium-font-size wp-elements-a3fd03e92de99bbb905c892ef450279f\" style=\"background-color:#5567d0fc\">Chair: Jos\u00e9 Palazzo Moreira de Oliveira<\/p>\n\n\n\n<figure class=\"wp-block-table is-style-stripes\"><table class=\"has-fixed-layout\"><tbody><tr><td>Segunda<\/td><td>14\/10\/2024<\/td><td><\/td><\/tr><tr><td>14:00<\/td><td>Uma An\u00e1lise de Interface para Constru\u00e7\u00e3o do Perfil Inicial de Usu\u00e1rios em Sistemas de Recomenda\u00e7\u00e3o Baseados em Conte\u00fado<\/td><td>Nath\u00e1lia Locatelli Cezar (Universidade do Estado de Santa Catarina) Daniel Lichtnow (Universidade Federal de Santa Maria) Isabela Gasparini (Universidade do Estado de Santa Catarina)<\/td><\/tr><tr><td>14:20<\/td><td>A Review and Analysis of Recommendation Systems in Collaboration Networks<\/td><td>Lara Moreira, F\u00e1bio Paulo <br>Basso, Guilherme Bustamante S\u00e1 (Universidade Federal do Pampa) Gabriel M. Lunardi (Universidade FEderal de Santa Maria)<\/td><\/tr><tr><td>14:40<\/td><td>O Ensino de Sistemas de Recomenda\u00e7\u00e3o \u2013 Um Relato de Experi\u00eancias na Gradua\u00e7\u00e3o<\/td><td>Daniel Lichtnow (Universidade Federal de Santa Maria)<\/td><\/tr><tr><td>15:10<\/td><td>Modelos de Linguagem de Grande Escala<\/td><td>Eduardo Alves da Silva (niversidade Federal do Amazonas) (Universidade do Vale do Itajai) (SAKS) Leandro Balby Marinho (Universidade Federal de Campina Grande) Edleno Silva de Moura (Universidade Federal do Amazonas) Altigran Soares da Silva (Universidade Federal do Amazonas)<\/td><\/tr><tr><td>15:45<\/td><td>Debate sobre as apresenta\u00e7\u00f5es<\/td><td>Jos\u00e9 Palazzo Moreira de Oliveira (Universidade Federal do Rio Grande do Sul)) Ana Pernas (Universidade Fedral de Pelotas) Apresentadores<\/td><\/tr><\/tbody><\/table><\/figure>\n\n\n\n<p><\/p>","protected":false},"excerpt":{"rendered":"<p>Chair: Jos\u00e9 Palazzo Moreira de Oliveira Segunda 14\/10\/2024 14:00 Uma An\u00e1lise de Interface para Constru\u00e7\u00e3o do Perfil Inicial de Usu\u00e1rios em Sistemas de Recomenda\u00e7\u00e3o Baseados em Conte\u00fado Nath\u00e1lia Locatelli Cezar (Universidade do Estado de Santa Catarina) Daniel Lichtnow (Universidade Federal de Santa Maria) Isabela Gasparini (Universidade do Estado de Santa Catarina) 14:20 A Review and [&hellip;]<\/p>\n","protected":false},"author":3,"featured_media":0,"parent":56,"menu_order":0,"comment_status":"closed","ping_status":"closed","template":"event_page.php","meta":{"footnotes":""},"class_list":["post-182","page","type-page","status-publish","hentry"],"_links":{"self":[{"href":"https:\/\/sbbd.org.br\/2024\/en\/wp-json\/wp\/v2\/pages\/182","targetHints":{"allow":["GET"]}}],"collection":[{"href":"https:\/\/sbbd.org.br\/2024\/en\/wp-json\/wp\/v2\/pages"}],"about":[{"href":"https:\/\/sbbd.org.br\/2024\/en\/wp-json\/wp\/v2\/types\/page"}],"author":[{"embeddable":true,"href":"https:\/\/sbbd.org.br\/2024\/en\/wp-json\/wp\/v2\/users\/3"}],"replies":[{"embeddable":true,"href":"https:\/\/sbbd.org.br\/2024\/en\/wp-json\/wp\/v2\/comments?post=182"}],"version-history":[{"count":9,"href":"https:\/\/sbbd.org.br\/2024\/en\/wp-json\/wp\/v2\/pages\/182\/revisions"}],"predecessor-version":[{"id":866,"href":"https:\/\/sbbd.org.br\/2024\/en\/wp-json\/wp\/v2\/pages\/182\/revisions\/866"}],"up":[{"embeddable":true,"href":"https:\/\/sbbd.org.br\/2024\/en\/wp-json\/wp\/v2\/pages\/56"}],"wp:attachment":[{"href":"https:\/\/sbbd.org.br\/2024\/en\/wp-json\/wp\/v2\/media?parent=182"}],"curies":[{"name":"wp","href":"https:\/\/api.w.org\/{rel}","templated":true}]}}