{"id":170,"date":"2024-04-24T19:28:35","date_gmt":"2024-04-24T22:28:35","guid":{"rendered":"https:\/\/sbbd.org.br\/2024\/?page_id=170"},"modified":"2024-08-13T16:45:32","modified_gmt":"2024-08-13T19:45:32","slug":"caravanas","status":"publish","type":"page","link":"https:\/\/sbbd.org.br\/2024\/en\/caravanas\/","title":{"rendered":"Caravans"},"content":{"rendered":"\n<p>O SBBD 2024 vai proporcionar condi\u00e7\u00f5es especiais para a inscri\u00e7\u00e3o de grupos de estudantes em geral, de professores do ensino m\u00e9dio e fundamental e de profissionais de empresas que estejam interessados em participar do evento. Cada Caravana dever\u00e1, necessariamente, ser composta por pessoas pertencentes a uma mesma categoria (Estudante de Gradua\u00e7\u00e3o, Estudante de P\u00f3s-Gradua\u00e7\u00e3o, Professor de Ensino M\u00e9dio ou Profissional). Para cada 10 (dez) pessoas inscritas em uma mesma Caravana, da mesma categoria, o evento oferece 1 (uma) inscri\u00e7\u00e3o extra gratuita (cortesia) da <strong>mesma categoria dos pagantes<\/strong> da Caravana.<\/p>\n\n\n\n<p><strong><em>Importante<\/em><\/strong>: As inscri\u00e7\u00f5es de grupos s\u00e3o v\u00e1lidas apenas para membros de uma <strong>mesma<\/strong> institui\u00e7\u00e3o.<\/p>\n\n\n\n<p>Um dos membros da Caravana dever\u00e1 ser escolhido como respons\u00e1vel por ela e dever\u00e1 proceder da seguinte forma:<\/p>\n\n\n\n<ul class=\"wp-block-list\">\n<li>entrar em contato com o setor de faturamento da SBC, atrav\u00e9s do e-mail &lt;<a href=\"http:\/\/mailto:faturamento@sbc.org.br\/\">faturamento@sbc.org.br<\/a>&gt; solicitando um \u201c<strong>c\u00f3digo de caravana<\/strong>\u201d e orienta\u00e7\u00f5es para realizar o pagamento do grupo, que dever\u00e1 ser pago at\u00e9 a data limite indicada. O assunto da mensagem dever\u00e1 indicar o Estado ou munic\u00edpio da Caravana;<\/li>\n\n\n\n<li>com a posse do c\u00f3digo, instruir os participantes da Caravana a realizar suas inscri\u00e7\u00f2es on-line, no sistema ECOS (<a href=\"https:\/\/centraldesistemas.sbc.org.br\/ecos\/sbbd2024\/admin\">https:\/\/centraldesistemas.sbc.org.br\/ecos\/sbbd2024<\/a>), que dever\u00e3o informar o c\u00f3digo de caravana no campo de \u201cInstitui\u00e7\u00e3o\/Empresa\u201d do formul\u00e1rio de inscri\u00e7\u00e3o;\n<ul class=\"wp-block-list\">\n<li>Inscritos pagantes devem efetuar o pagamento<\/li>\n\n\n\n<li>inscrito(s) com inscri\u00e7\u00e3o cortesia deve ignorar o pagamento&nbsp;<\/li>\n<\/ul>\n<\/li>\n<\/ul>\n\n\n\n<p>Assim que todos os membros da Caravana completarem suas inscri\u00e7\u00f5es, e realizarem o pagamento, o respons\u00e1vel dever\u00e1 enviar e-mail para&nbsp; &lt;<a href=\"http:\/\/mailto:faturamento@sbc.org.br\/\">faturamento@sbc.org.br<\/a>&gt;, uma mensagem com o assunto \u201cCaravana [nome do evento e da institui\u00e7\u00e3o]\u201c contendo:<\/p>\n\n\n\n<ol class=\"wp-block-list\">\n<li>os comprovantes de de todos os pagamentos;<\/li>\n\n\n\n<li>a rela\u00e7\u00e3o de nomes dos inscritos que fazem parte do grupo e os valores das suas respectivas inscri\u00e7\u00f5es; e<\/li>\n\n\n\n<li>o(s) nome(s) do(s) inscrito(s) com inscri\u00e7\u00e3o gratuita.&nbsp;<\/li>\n<\/ol>\n\n\n\n<p>Membros de caravanas pagam os valores de inscri\u00e7\u00e3o com desconto v\u00e1lidos at\u00e9 20\/08, mas n\u00e3o deixe para a \u00faltima hora!&#8221;<\/p>\n","protected":false},"excerpt":{"rendered":"<p>O SBBD 2024 vai proporcionar condi\u00e7\u00f5es especiais para a inscri\u00e7\u00e3o de grupos de estudantes em geral, de professores do ensino m\u00e9dio e fundamental e de profissionais de empresas que estejam interessados em participar do evento. Cada Caravana dever\u00e1, necessariamente, ser composta por pessoas pertencentes a uma mesma categoria (Estudante de Gradua\u00e7\u00e3o, Estudante de P\u00f3s-Gradua\u00e7\u00e3o, Professor [&hellip;]<\/p>\n","protected":false},"author":3,"featured_media":0,"parent":0,"menu_order":0,"comment_status":"closed","ping_status":"closed","template":"","meta":{"footnotes":""},"class_list":["post-170","page","type-page","status-publish","hentry"],"_links":{"self":[{"href":"https:\/\/sbbd.org.br\/2024\/en\/wp-json\/wp\/v2\/pages\/170","targetHints":{"allow":["GET"]}}],"collection":[{"href":"https:\/\/sbbd.org.br\/2024\/en\/wp-json\/wp\/v2\/pages"}],"about":[{"href":"https:\/\/sbbd.org.br\/2024\/en\/wp-json\/wp\/v2\/types\/page"}],"author":[{"embeddable":true,"href":"https:\/\/sbbd.org.br\/2024\/en\/wp-json\/wp\/v2\/users\/3"}],"replies":[{"embeddable":true,"href":"https:\/\/sbbd.org.br\/2024\/en\/wp-json\/wp\/v2\/comments?post=170"}],"version-history":[{"count":2,"href":"https:\/\/sbbd.org.br\/2024\/en\/wp-json\/wp\/v2\/pages\/170\/revisions"}],"predecessor-version":[{"id":364,"href":"https:\/\/sbbd.org.br\/2024\/en\/wp-json\/wp\/v2\/pages\/170\/revisions\/364"}],"wp:attachment":[{"href":"https:\/\/sbbd.org.br\/2024\/en\/wp-json\/wp\/v2\/media?parent=170"}],"curies":[{"name":"wp","href":"https:\/\/api.w.org\/{rel}","templated":true}]}}