{"id":169,"date":"2024-08-04T20:10:48","date_gmt":"2024-08-04T23:10:48","guid":{"rendered":"https:\/\/sbbd.org.br\/2024\/?page_id=169"},"modified":"2024-10-11T16:20:12","modified_gmt":"2024-10-11T19:20:12","slug":"palestras","status":"publish","type":"page","link":"https:\/\/sbbd.org.br\/2024\/en\/palestras\/","title":{"rendered":"Keynote Speakers"},"content":{"rendered":"<h2 class=\"wp-block-heading\" id=\"Palestra1\">Palestra 1 &#8211; Data Science and Innovation<\/h2>\n\n\n\n<p style=\"font-size:22px\"><strong>Patrick Valduriez<\/strong><br>Director of Research Emeritus at Inria<\/p>\n\n\n\n<div class=\"wp-block-columns is-layout-flex wp-container-core-columns-is-layout-9d6595d7 wp-block-columns-is-layout-flex\">\n<div class=\"wp-block-column is-layout-flow wp-block-column-is-layout-flow\" style=\"flex-basis:100%\">\n<div class=\"wp-block-media-text is-stacked-on-mobile\" style=\"grid-template-columns:40% auto\"><figure class=\"wp-block-media-text__media\"><img loading=\"lazy\" decoding=\"async\" width=\"741\" height=\"768\" src=\"https:\/\/sbbd.org.br\/2024\/wp-content\/uploads\/2024\/08\/foto.jpg\" alt=\"\" class=\"wp-image-442 size-full\" srcset=\"https:\/\/sbbd.org.br\/2024\/wp-content\/uploads\/2024\/08\/foto.jpg 741w, https:\/\/sbbd.org.br\/2024\/wp-content\/uploads\/2024\/08\/foto-289x300.jpg 289w, https:\/\/sbbd.org.br\/2024\/wp-content\/uploads\/2024\/08\/foto-12x12.jpg 12w\" sizes=\"auto, (max-width: 741px) 100vw, 741px\" \/><\/figure><div class=\"wp-block-media-text__content\">\n<p style=\"font-size:19px\"><strong>Short-bio<\/strong>: Patrick Valduriez \u00e9 diretor em\u00e9rito de pesquisa no Inria, Fran\u00e7a, diretor cient\u00edfico do laborat\u00f3rio internacional Inria-Brasil e Chief Scientist Officer da empresa LeanXcale. Ele tamb\u00e9m \u00e9 colaborador no Data Extreme Lab. (DEXL) no LNCC, Rio de Janeiro, Brasil. Passou a maior parte de sua carreira no Inria como diretor de pesquisa, onde criou e dirigiu tr\u00eas equipes (Rodin, Atlas e Zenith). Tamb\u00e9m foi professor de ci\u00eancia da computa\u00e7\u00e3o na Universidade Pierre et Marie Curie (UPMC), agora Universidade Sorbonne, em Paris (2000-2002), pesquisador na Microelectronics and Computer Technology Corp. em Austin, Texas (1985-1989) e pesquisador no Inria (1982-1984).<\/p>\n\n\n\n<p style=\"font-size:18px\"><\/p>\n<\/div><\/div>\n<\/div>\n<\/div>\n\n\n\n<div class=\"wp-block-columns has-medium-font-size is-layout-flex wp-container-core-columns-is-layout-9d6595d7 wp-block-columns-is-layout-flex\">\n<div class=\"wp-block-column is-layout-flow wp-block-column-is-layout-flow\" style=\"flex-basis:95%\">\n<p style=\"font-size:18px\">Ele recebeu seu t\u00edtulo de Ph.D. (orientado pelo Professor Georges Gardarin) e Doctorat d&#8217;\u00c9tat em Ci\u00eancia da Computa\u00e7\u00e3o pela UPMC em 1981 e 1985, respectivamente. De 1995 a 2000, foi gerente da joint venture Bull-Inria (chamada Dyade), que promoveu a transfer\u00eancia de tecnologia em TI e seguran\u00e7a. A Dyade gerou cinco startups bem-sucedidas, incluindo a Kelkoo, baseada no software Disco, que ele desenvolveu no Inria com sua equipe. Ele tamb\u00e9m atuou como consultor para grandes empresas nos EUA (HP Labs, Lucent Bell Labs, Microsoft), Europa (Ask, ESA, Eurocontrol, Shell) e Fran\u00e7a (Bull, Capgemini, Matra Marconi Space, Murex, Orsys, Schlumberger).<\/p>\n\n\n\n<p style=\"font-size:18px\">Atualmente, \u00e9 membro da equipe Zenith (entre o Inria e a Universidade de Montpellier no laborat\u00f3rio LIRMM), focando em ci\u00eancia de dados, em particular na gest\u00e3o de dados em sistemas distribu\u00eddos e paralelos em larga escala e na gest\u00e3o de dados cient\u00edficos. Ele \u00e9 autor e coautor de mais de 400 artigos t\u00e9cnicos e v\u00e1rios livros did\u00e1ticos, entre os quais &#8220;Principles of Distributed Database Systems&#8221; (com o Professor Tamer \u00d6zsu, da Universidade de Waterloo). Atualmente, atua como editor associado do peri\u00f3dico Distributed and Parallel Databases. J\u00e1 atuou como chair de comit\u00ea de programa em confer\u00eancias importantes como SIGMOD e VLDB. Ele foi o chair geral do SIGMOD 2004, EDBT 2008 e VLDB 2009.<\/p>\n\n\n\n<p style=\"font-size:18px\">Recebeu pr\u00eamios de melhor artigo em v\u00e1rias confer\u00eancias internacionais (VLDB 2000, SBAC 2005, VecPar 2008, SBBD 2017, DEXA 2020). Foi o ganhador do pr\u00eamio cient\u00edfico IBM de 1993 em Ci\u00eancia da Computa\u00e7\u00e3o na Fran\u00e7a e do Pr\u00eamio de Inova\u00e7\u00e3o de 2014 do Inria e da Academia Francesa de Ci\u00eancias. Ele \u00e9 Fellow da ACM, Fellow da AAIA e Trustee Emeritus do VLDB Endowment.<\/p>\n\n\n\n<p style=\"font-size:18px\"><strong>Abstract:<\/strong> Ci\u00eancia de dados e inova\u00e7\u00e3o tornaram-se termos sobrecarregados, o que gerou certa confus\u00e3o. Para ter sucesso, o processo de inova\u00e7\u00e3o envolve n\u00e3o apenas inven\u00e7\u00f5es (por exemplo, novos m\u00e9todos), mas tamb\u00e9m contexto, como o comportamento do usu\u00e1rio, e o timing, como a prontid\u00e3o do mercado. Nesta palestra, discuto o impacto da ci\u00eancia de dados na inova\u00e7\u00e3o, utilizando hist\u00f3rias de sucesso selecionadas (algumas das quais eu estive envolvido). Tamb\u00e9m dou dicas para promover a inova\u00e7\u00e3o dentro das empresas, em particular, utilizando a inova\u00e7\u00e3o aberta. Por fim, descrevo algumas inova\u00e7\u00f5es no contexto da parceria Inria-Brasil.<\/p>\n\n\n\n<div style=\"height:150px\" aria-hidden=\"true\" class=\"wp-block-spacer\"><\/div>\n<\/div>\n<\/div>\n\n\n\n<h2 class=\"wp-block-heading\" id=\"Palestra2\">Palestra 2 &#8211; Composable Data Management Systems<\/h2>\n\n\n\n<p style=\"font-size:22px\"><strong>Pedro Pedreira<\/strong><br><em>Software Engineer at Meta<\/em><\/p>\n\n\n\n<div class=\"wp-block-media-text is-stacked-on-mobile has-white-background-color has-background\" style=\"grid-template-columns:40% auto\"><figure class=\"wp-block-media-text__media\"><img loading=\"lazy\" decoding=\"async\" width=\"403\" height=\"403\" src=\"https:\/\/sbbd.org.br\/2024\/wp-content\/uploads\/2024\/08\/91303c18-a7a0-4c35-a600-d377a6a17947-3.jpeg\" alt=\"\" class=\"wp-image-332 size-full\" srcset=\"https:\/\/sbbd.org.br\/2024\/wp-content\/uploads\/2024\/08\/91303c18-a7a0-4c35-a600-d377a6a17947-3.jpeg 403w, https:\/\/sbbd.org.br\/2024\/wp-content\/uploads\/2024\/08\/91303c18-a7a0-4c35-a600-d377a6a17947-3-300x300.jpeg 300w, https:\/\/sbbd.org.br\/2024\/wp-content\/uploads\/2024\/08\/91303c18-a7a0-4c35-a600-d377a6a17947-3-150x150.jpeg 150w, https:\/\/sbbd.org.br\/2024\/wp-content\/uploads\/2024\/08\/91303c18-a7a0-4c35-a600-d377a6a17947-3-12x12.jpeg 12w\" sizes=\"auto, (max-width: 403px) 100vw, 403px\" \/><\/figure><div class=\"wp-block-media-text__content\">\n<p><strong>Short-bio:<\/strong> Pedro Pedreira is a Software Engineer at Meta. In his 10+ year tenure, he has led a series of Data Infrastructure projects in collaboration with the research and open-source community. Pedro leads the Velox program, a cross-organizational effort involving 20+ companies aimed at unifying execution engines using an open-source library, in addition to related efforts regarding data processing at scale, focused on accelerating both traditional Analytic and novel ML workloads. In the past, he worked on log analytics engines (such as Scuba), and created Cubrick, an in-memory analytical DBMS. Pedro holds a Ph.D, M.Sc, B.Sc in Computer Science from the Federal University of Parana (UFPR), in Brazil.<\/p>\n<\/div><\/div>\n\n\n\n<div class=\"wp-block-columns is-layout-flex wp-container-core-columns-is-layout-9d6595d7 wp-block-columns-is-layout-flex\">\n<div class=\"wp-block-column is-layout-flow wp-block-column-is-layout-flow\" style=\"flex-basis:95%\">\n<p><strong>Abstract<\/strong>Data management system design has evolved over the last decade. The traditional monolithic model of developing vertically integrated systems resulted in a fragmented landscape dominated by inconsistent user APIs and SQL dialects; this has limited reuse among data systems and ultimately slowed down innovation. In this lecture, I will present the new composable data system stack that has emerged in the community, largely driven by open source. I will highlight how projects such as Velox, Prestissimo, Nimble, Gluten, and others created by our team at Meta and by the open-source community are improving both the efficiency and engineering efficiency of developing data systems, while providing a framework more suitable for evolving hardware platforms.<\/p>\n\n\n\n<div style=\"height:150px\" aria-hidden=\"true\" class=\"wp-block-spacer\"><\/div>\n<\/div>\n<\/div>\n\n\n\n<h2 class=\"wp-block-heading\" id=\"Palestra3\">Palestra 3 &#8211; Matrix no controle? Uma discuss\u00e3o sobre o relacionamento entre Sistemas de Bancos de Dados e IA<\/h2>\n\n\n\n<p style=\"font-size:22px\"><strong><em>Angelo Brayner<\/em><\/strong><br>Professor at UFC<\/p>\n\n\n\n<div class=\"wp-block-media-text is-stacked-on-mobile has-white-background-color has-background\" style=\"grid-template-columns:40% auto\"><figure class=\"wp-block-media-text__media\"><img loading=\"lazy\" decoding=\"async\" width=\"404\" height=\"402\" src=\"https:\/\/sbbd.org.br\/2024\/wp-content\/uploads\/2024\/08\/ccae8269-27ef-43aa-a72d-87c2751e8cda-1.jpeg\" alt=\"\" class=\"wp-image-329 size-full\" srcset=\"https:\/\/sbbd.org.br\/2024\/wp-content\/uploads\/2024\/08\/ccae8269-27ef-43aa-a72d-87c2751e8cda-1.jpeg 404w, https:\/\/sbbd.org.br\/2024\/wp-content\/uploads\/2024\/08\/ccae8269-27ef-43aa-a72d-87c2751e8cda-1-300x300.jpeg 300w, https:\/\/sbbd.org.br\/2024\/wp-content\/uploads\/2024\/08\/ccae8269-27ef-43aa-a72d-87c2751e8cda-1-150x150.jpeg 150w, https:\/\/sbbd.org.br\/2024\/wp-content\/uploads\/2024\/08\/ccae8269-27ef-43aa-a72d-87c2751e8cda-1-12x12.jpeg 12w\" sizes=\"auto, (max-width: 404px) 100vw, 404px\" \/><\/figure><div class=\"wp-block-media-text__content\">\n<p style=\"font-size:18px\"><strong><em>Short-bio<\/em><\/strong>: Angelo Brayner possui um mestrado em Ci\u00eancia da Computa\u00e7\u00e3o pela Universidade Estadual de Campinas (UNICAMP) e um doutorado em Ci\u00eancia da Computa\u00e7\u00e3o pela Universit\u00e4t Kaiserslautern, na Alemanha. Ele \u00e9 professor adjunto na Universidade Federal do Cear\u00e1 e atuou como professor visitante na Universidade de Stuttgart. \u00c9 autor e coautor de v\u00e1rios livros, incluindo <em>Transaction Management in Multidatabase Systems<\/em>, publicado pela Shaker-Verlag, Alemanha, e <em>Developments and Applications for ECG Signal Processing<\/em>, publicado pela Elsevier. Foi um dos recipientes do Pr\u00eamio Anual da Academia de Ci\u00eancias de Cuba em 2020 e do Pr\u00eamio CITMA da Prov\u00edncia de Santiago de Cuba, este \u00faltimo concedido pelo Minist\u00e9rio de Ci\u00eancia, Tecnologia e Meio Ambiente do pa\u00eds caribenho.<\/p>\n<\/div><\/div>\n\n\n\n<div class=\"wp-block-columns is-layout-flex wp-container-core-columns-is-layout-9d6595d7 wp-block-columns-is-layout-flex\">\n<div class=\"wp-block-column is-layout-flow wp-block-column-is-layout-flow\" style=\"flex-basis:95%\">\n<p>Ele coordenou o grupo de trabalho da Sociedade Brasileira de Computa\u00e7\u00e3o, que desenvolveu as refer\u00eancias curriculares para cursos de gradua\u00e7\u00e3o em Ci\u00eancia de Dados. O Prof. Angelo Brayner \u00e9 autor de mais de 100 artigos publicados em peri\u00f3dicos, como o <em>ACM Computing Surveys<\/em>, al\u00e9m de confer\u00eancias internacionais e nacionais.<\/p>\n\n\n\n<p><strong>Abstract:<\/strong> A capilaridade do uso da IA na vida moderna \u00e9 ilimitada. Por outro lado, como todo problema computacional, os dados representam a base para o funcionamento da IA. Destas duas premissas, pode-se derivar v\u00e1rios pontos de reflex\u00e3o, como: (i) IA precisa de um SBD ?; Pode-se incorporar mais intelig\u00eancia a um SBD com o uso da IA?; IA ser\u00e1 capaz de criar seu pr\u00f3prio SBD?<br>Assim, nesta palestra, apresentaremos inicialmente as formas de \u201cintelig\u00eancias\u201d j\u00e1 existentes nos SBDs atuais. Assim, alguns componentes de SBD ser\u00e3o analisados para explicitar seus graus de intelig\u00eancia, mais especificamente, abordaremos a m\u00e1quina de consulta e os gerenciadores de transa\u00e7\u00f5es e de buffer. Apresentaremos ainda trabalhos que se prop\u00f5em a incrementar tal grau de intelig\u00eancia. Em seguida, discutiremos poss\u00edveis cen\u00e1rios de como a tecnologia de banco de dados se relaciona com a IA.<\/p>\n\n\n\n<div style=\"height:150px\" aria-hidden=\"true\" class=\"wp-block-spacer\"><\/div>\n<\/div>\n<\/div>\n\n\n\n<h2 class=\"wp-block-heading\">Palestra 4 &#8211; Modern Data Stack: Impulsionando a Transforma\u00e7\u00e3o Data-Driven e Carreiras no Mundo de Dados<\/h2>\n\n\n\n<p><strong>Matheus Dellagnelo<\/strong><br>CEO e Co-fundador da Indicium<\/p>\n\n\n\n<div class=\"wp-block-media-text is-stacked-on-mobile\" style=\"grid-template-columns:40% auto\"><figure class=\"wp-block-media-text__media\"><img loading=\"lazy\" decoding=\"async\" width=\"1024\" height=\"984\" src=\"https:\/\/sbbd.org.br\/2024\/wp-content\/uploads\/2024\/10\/WhatsApp-Image-2024-10-10-at-09.49.45-1024x984.jpeg\" alt=\"\" class=\"wp-image-1142 size-full\" srcset=\"https:\/\/sbbd.org.br\/2024\/wp-content\/uploads\/2024\/10\/WhatsApp-Image-2024-10-10-at-09.49.45-1024x984.jpeg 1024w, https:\/\/sbbd.org.br\/2024\/wp-content\/uploads\/2024\/10\/WhatsApp-Image-2024-10-10-at-09.49.45-300x288.jpeg 300w, https:\/\/sbbd.org.br\/2024\/wp-content\/uploads\/2024\/10\/WhatsApp-Image-2024-10-10-at-09.49.45-768x738.jpeg 768w, https:\/\/sbbd.org.br\/2024\/wp-content\/uploads\/2024\/10\/WhatsApp-Image-2024-10-10-at-09.49.45-1536x1476.jpeg 1536w, https:\/\/sbbd.org.br\/2024\/wp-content\/uploads\/2024\/10\/WhatsApp-Image-2024-10-10-at-09.49.45-12x12.jpeg 12w, https:\/\/sbbd.org.br\/2024\/wp-content\/uploads\/2024\/10\/WhatsApp-Image-2024-10-10-at-09.49.45.jpeg 1600w\" sizes=\"auto, (max-width: 1024px) 100vw, 1024px\" \/><\/figure><div class=\"wp-block-media-text__content\">\n<p style=\"font-size:18px\"><strong><em>Short-bio<\/em><\/strong>: CEO e Co-fundador da Indicium, empresa global de servi\u00e7os de dados, Matheus Dellagnelo \u00e9 graduado em Engenharia de Materiais pela Universidade Federal de Santa Catarina e mestre em Gest\u00e3o de Engenharia pela Universidade do Sul da Calif\u00f3rnia. Antes da Indicium, Matheus atuou como diretor de produ\u00e7\u00e3o e gestor de projetos, em Hong Kong. Sob sua lideran\u00e7a, a empresa com sede em Nova York, soma 7 anos de experi\u00eancia em metodologias modernas de dados e uma equipe de mais de 300 profissionais certificados, que j\u00e1 realizaram mais de 600 projetos, com m\u00e9dia acima de 150% de ROI gerado Apoiada por um investimento de US$ 40 milh\u00f5es, em 2024, a Indicium pretende tornar-se a empresa n\u00famero 1 em servi\u00e7os de dados modernos nas Am\u00e9ricas.<\/p>\n\n\n\n<p><\/p>\n<\/div><\/div>\n\n\n\n<div class=\"wp-block-columns is-layout-flex wp-container-core-columns-is-layout-9d6595d7 wp-block-columns-is-layout-flex\">\n<div class=\"wp-block-column is-layout-flow wp-block-column-is-layout-flow\" style=\"flex-basis:95%\">\n<p>Curiosidades: Matheus tamb\u00e9m \u00e9 ex-atleta profissional, campe\u00e3o mundial de sunfish, modalidade Vela, (2011) e bi-campe\u00e3o pan-americano (2011-2019) na mesma modalidade.<\/p>\n\n\n\n<p><strong>Abstract:<\/strong> Os silos de dados est\u00e3o limitando o potencial inovador das empresas, e o Modern Data Stack (MDS) oferece uma solu\u00e7\u00e3o eficaz para superar esses obst\u00e1culos. Ao integrar tecnologias modernas e pessoas, \u00e9 poss\u00edvel promover a converg\u00eancia dos dados, aumentar a agilidade operacional e impulsionar o crescimento empresarial sustent\u00e1vel com no m\u00ednimo 35% mais efici\u00eancia. Matheus Dellagnelo, cofundador e CEO da Indicium, apresentar\u00e1 insights sobre a implementa\u00e7\u00e3o de estrat\u00e9gias de dados eficientes, al\u00e9m de explorar as oportunidades de carreira no setor de dados, destacando as habilidades necess\u00e1rias para profissionais que buscam se destacar nesse campo em constante evolu\u00e7\u00e3o.<\/p>\n\n\n\n<div style=\"height:150px\" aria-hidden=\"true\" class=\"wp-block-spacer\"><\/div>\n<\/div>\n<\/div>\n\n\n\n<h2 class=\"wp-block-heading\">Palestra 5 &#8211; Plataforma Analytics: Uma abordagem t\u00e9cnica e como gerar valor ao cliente<\/h2>\n\n\n\n<div class=\"wp-block-columns is-layout-flex wp-container-core-columns-is-layout-9d6595d7 wp-block-columns-is-layout-flex\">\n<div class=\"wp-block-column is-layout-flow wp-block-column-is-layout-flow\" style=\"flex-basis:95%\">\n<p><strong>Palestrantes:<\/strong> Guilherme Laercio Da Silva e Gabriel\u00a0Camoese\u00a0Salla (Stone)<\/p>\n\n\n\n<div class=\"wp-block-columns is-layout-flex wp-container-core-columns-is-layout-9d6595d7 wp-block-columns-is-layout-flex\">\n<div class=\"wp-block-column is-layout-flow wp-block-column-is-layout-flow\">\n<figure class=\"wp-block-image size-full\"><img loading=\"lazy\" decoding=\"async\" width=\"512\" height=\"512\" src=\"https:\/\/sbbd.org.br\/2024\/wp-content\/uploads\/2024\/10\/WhatsApp-Image-2024-10-11-at-14.16.21.jpeg\" alt=\"\" class=\"wp-image-1151\" srcset=\"https:\/\/sbbd.org.br\/2024\/wp-content\/uploads\/2024\/10\/WhatsApp-Image-2024-10-11-at-14.16.21.jpeg 512w, https:\/\/sbbd.org.br\/2024\/wp-content\/uploads\/2024\/10\/WhatsApp-Image-2024-10-11-at-14.16.21-300x300.jpeg 300w, https:\/\/sbbd.org.br\/2024\/wp-content\/uploads\/2024\/10\/WhatsApp-Image-2024-10-11-at-14.16.21-150x150.jpeg 150w, https:\/\/sbbd.org.br\/2024\/wp-content\/uploads\/2024\/10\/WhatsApp-Image-2024-10-11-at-14.16.21-12x12.jpeg 12w\" sizes=\"auto, (max-width: 512px) 100vw, 512px\" \/><\/figure>\n<\/div>\n\n\n\n<div class=\"wp-block-column is-layout-flow wp-block-column-is-layout-flow\">\n<figure class=\"wp-block-image size-full\"><img loading=\"lazy\" decoding=\"async\" width=\"512\" height=\"512\" src=\"https:\/\/sbbd.org.br\/2024\/wp-content\/uploads\/2024\/10\/e2dc3725-aeda-472c-be7c-7816a32dff27.jpeg\" alt=\"\" class=\"wp-image-1152\" srcset=\"https:\/\/sbbd.org.br\/2024\/wp-content\/uploads\/2024\/10\/e2dc3725-aeda-472c-be7c-7816a32dff27.jpeg 512w, https:\/\/sbbd.org.br\/2024\/wp-content\/uploads\/2024\/10\/e2dc3725-aeda-472c-be7c-7816a32dff27-300x300.jpeg 300w, https:\/\/sbbd.org.br\/2024\/wp-content\/uploads\/2024\/10\/e2dc3725-aeda-472c-be7c-7816a32dff27-150x150.jpeg 150w, https:\/\/sbbd.org.br\/2024\/wp-content\/uploads\/2024\/10\/e2dc3725-aeda-472c-be7c-7816a32dff27-12x12.jpeg 12w\" sizes=\"auto, (max-width: 512px) 100vw, 512px\" \/><\/figure>\n<\/div>\n<\/div>\n\n\n\n<p><strong>Abstract:<\/strong> A palestra vai abordar a constru\u00e7\u00e3o do ecossistema de Dados da Stone, desde a unifica\u00e7\u00e3o dos times em uma \u00fanica cloud, auto gerenciada, com o desenvolvimento dos motores de ingest\u00e3o, transforma\u00e7\u00e3o e de data quality open sources e com alto grau de governan\u00e7a para atender as necessidade de analytics, at\u00e9 como essa arquitetura conversa com os atuais cargos e responsabilidade que exige um time moderno de dados. No fim, como isso impacta de fato no neg\u00f3cio sob o olhar de uma squad de People Analytics.<\/p>\n<\/div>\n<\/div>\n\n\n\n<p><\/p>","protected":false},"excerpt":{"rendered":"<p>Palestra 1 &#8211; Data Science and Innovation Patrick ValduriezDirector of Research Emeritus at Inria Short-bio: Patrick Valduriez \u00e9 diretor em\u00e9rito de pesquisa no Inria, Fran\u00e7a, diretor cient\u00edfico do laborat\u00f3rio internacional Inria-Brasil e Chief Scientist Officer da empresa LeanXcale. Ele tamb\u00e9m \u00e9 colaborador no Data Extreme Lab. (DEXL) no LNCC, Rio de Janeiro, Brasil. Passou a [&hellip;]<\/p>\n","protected":false},"author":3,"featured_media":0,"parent":0,"menu_order":0,"comment_status":"closed","ping_status":"closed","template":"","meta":{"footnotes":""},"class_list":["post-169","page","type-page","status-publish","hentry"],"_links":{"self":[{"href":"https:\/\/sbbd.org.br\/2024\/en\/wp-json\/wp\/v2\/pages\/169","targetHints":{"allow":["GET"]}}],"collection":[{"href":"https:\/\/sbbd.org.br\/2024\/en\/wp-json\/wp\/v2\/pages"}],"about":[{"href":"https:\/\/sbbd.org.br\/2024\/en\/wp-json\/wp\/v2\/types\/page"}],"author":[{"embeddable":true,"href":"https:\/\/sbbd.org.br\/2024\/en\/wp-json\/wp\/v2\/users\/3"}],"replies":[{"embeddable":true,"href":"https:\/\/sbbd.org.br\/2024\/en\/wp-json\/wp\/v2\/comments?post=169"}],"version-history":[{"count":78,"href":"https:\/\/sbbd.org.br\/2024\/en\/wp-json\/wp\/v2\/pages\/169\/revisions"}],"predecessor-version":[{"id":1159,"href":"https:\/\/sbbd.org.br\/2024\/en\/wp-json\/wp\/v2\/pages\/169\/revisions\/1159"}],"wp:attachment":[{"href":"https:\/\/sbbd.org.br\/2024\/en\/wp-json\/wp\/v2\/media?parent=169"}],"curies":[{"name":"wp","href":"https:\/\/api.w.org\/{rel}","templated":true}]}}