{"id":119,"date":"2024-04-08T21:09:20","date_gmt":"2024-04-09T00:09:20","guid":{"rendered":"https:\/\/sbbd.org.br\/2024\/?page_id=119"},"modified":"2024-08-21T10:03:51","modified_gmt":"2024-08-21T13:03:51","slug":"incricoes","status":"publish","type":"page","link":"https:\/\/sbbd.org.br\/2024\/en\/incricoes\/","title":{"rendered":"Registrations"},"content":{"rendered":"<div class=\"wp-block-buttons is-layout-flex wp-block-buttons-is-layout-flex\">\n<div class=\"wp-block-button\"><a class=\"wp-block-button__link wp-element-button\" href=\"https:\/\/centraldesistemas.sbc.org.br\/ecos\/sbbd2024\">Register now<\/a><\/div>\n\n\n\n<div class=\"wp-block-button is-style-fill\"><a class=\"wp-block-button__link has-light-green-cyan-background-color has-background wp-element-button\" href=\"https:\/\/sbbd.org.br\/2024\/en\/caravanas\/\">Caravans<\/a><\/div>\n<\/div>\n\n\n\n<h2 class=\"wp-block-heading\">Tabela de Valores<\/h2>\n\n\n\n<p id=\"block-4a3f8db9-df2a-4322-b9f7-7cbfde804fa8\">Os valores das taxas de inscri\u00e7\u00e3o no&nbsp;<strong>SBBD 2024<\/strong>&nbsp;est\u00e3o listados abaixo.<\/p>\n\n\n\n<p id=\"block-4a3f8db9-df2a-4322-b9f7-7cbfde804fa8\">A inscri\u00e7\u00e3o no SBBD d\u00e1 direito \u00e0 participa\u00e7\u00e3o em todos os sub-eventos, com exce\u00e7\u00e3o dos <a href=\"https:\/\/sbbd.org.br\/2024\/en\/chamada-mini-cursos\/\" data-type=\"page\" data-id=\"60\">Minicursos<\/a>, cuja vaga deve ser garantida por meio do preenchimento do <a href=\"https:\/\/forms.gle\/pvJbRgLoub1Lk6jt8\" data-type=\"link\" data-id=\"https:\/\/forms.gle\/pvJbRgLoub1Lk6jt8\">formul\u00e1rio<\/a>.<\/p>\n\n\n\n<figure class=\"wp-block-table table is-striped is-hoverable is-narrow is-bordered is-blue\"><table><thead><tr><th>Estudantes de Gradua\u00e7\u00e3o \/ Ensino M\u00e9dio<\/th><th>At\u00e9 30\/08<\/th><th>De 31\/08 a 14\/09<\/th><th>A partir de 15\/09<\/th><\/tr><\/thead><tbody><tr><td>Associado \u00e0 SBC com anuidade vigente<\/td><td>R$ 50,00<\/td><td>R$ 76,00<\/td><td>R$ 96,00<\/td><\/tr><tr><td>Associado \u00e0 SBC com anuidade vencendo em at\u00e9 90 dias<br><strong>COMBO: inscri\u00e7\u00e3o no evento + renova\u00e7\u00e3o da associa\u00e7\u00e3o \u00e0 SBC<\/strong><\/td><td>R$ 81,00<\/td><td>R$ 107,00<\/td><td>R$ 127,00<\/td><\/tr><tr><td>N\u00e3o associado ou com associa\u00e7\u00e3o n\u00e3o vigente \u00e0 SBC<br><strong>COMBO: inscri\u00e7\u00e3o no evento + associa\u00e7\u00e3o \u00e0 SBC<\/strong><\/td><td>R$ 81,00<\/td><td>R$ 107,00<\/td><td>R$ 127,00<\/td><\/tr><tr><td>N\u00e3o associado \u00e0 SBC<br><strong>Somente inscri\u00e7\u00e3o no evento<\/strong><\/td><td>R$ 86,00<\/td><td>R$ 115,00<\/td><td>R$ 137,00<\/td><\/tr><\/tbody><\/table><\/figure>\n\n\n\n<figure class=\"wp-block-table table is-striped is-hoverable is-narrow is-bordered is-yellow\"><table><thead><tr><th>Estudantes de P\u00f3s-Gradua\u00e7\u00e3o ou P\u00f3s-Doutorado<\/th><th>At\u00e9 30\/08<\/th><th>De 31\/08 a 14\/09<\/th><th>A partir de 15\/09<\/th><\/tr><\/thead><tbody><tr><td>Associado \u00e0 SBC com anuidade vigente<\/td><td>R$ 120,00<\/td><td>R$ 140,00<\/td><td>R$ 170,00<\/td><\/tr><tr><td>Associado \u00e0 SBC com anuidade vencendo em at\u00e9 90 dias<br><strong>COMBO: inscri\u00e7\u00e3o no evento + renova\u00e7\u00e3o da associa\u00e7\u00e3o \u00e0 SBC<\/strong><\/td><td>R$ 245,00<\/td><td>R$ 265,00<\/td><td>R$ 295,00<\/td><\/tr><tr><td>N\u00e3o associado ou com associa\u00e7\u00e3o n\u00e3o vigente \u00e0 SBC<br><strong>COMBO: inscri\u00e7\u00e3o no evento + associa\u00e7\u00e3o \u00e0 SBC<\/strong><\/td><td>R$ 245,00<\/td><td>R$ 265,00<\/td><td>R$ 295,00<\/td><\/tr><tr><td>N\u00e3o associado \u00e0 SBC<br><strong>Somente inscri\u00e7\u00e3o no evento<\/strong><\/td><td>R$ 257,00<\/td><td>R$ 297,00<\/td><td>R$ 312,00<\/td><\/tr><\/tbody><\/table><\/figure>\n\n\n\n<figure class=\"wp-block-table table is-striped is-hoverable is-narrow is-bordered is-green\"><table><thead><tr><th>Professor de Educa\u00e7\u00e3o b\u00e1sica<\/th><th>At\u00e9 30\/08<\/th><th>De 31\/08 a 14\/09<\/th><th>A partir de 15\/09<\/th><\/tr><\/thead><tbody><tr><td>Associado \u00e0 SBC com anuidade vigente<\/td><td>R$ 130,00<\/td><td>R$ 150,00<\/td><td>R$ 180,00<\/td><\/tr><tr><td>Associado \u00e0 SBC com anuidade vencendo em at\u00e9 90 dias<br><em><strong>COMBO: inscri\u00e7\u00e3o no evento + renova\u00e7\u00e3o da associa\u00e7\u00e3o \u00e0 SBC<\/strong><\/em><\/td><td>R$ 255,00<\/td><td>R$ 275,00<\/td><td>R$ 305,00<\/td><\/tr><tr><td>N\u00e3o associado ou com associa\u00e7\u00e3o n\u00e3o vigente \u00e0 SBC<br><strong>COMBO: inscri\u00e7\u00e3o no evento + associa\u00e7\u00e3o \u00e0 SBC<\/strong><\/td><td>R$ 255,00<\/td><td>R$ 275,00<\/td><td>R$ 305,00<\/td><\/tr><tr><td>N\u00e3o associado \u00e0 SBC<br><strong>Somente inscri\u00e7\u00e3o no evento<\/strong><\/td><td>R$ 268,00<\/td><td>R$ 309,00<\/td><td>R$ 323,00<\/td><\/tr><\/tbody><\/table><\/figure>\n\n\n\n<figure class=\"wp-block-table table is-striped is-hoverable is-narrow is-bordered\"><table><thead><tr><th>Profissional\/Efetivo<\/th><th>At\u00e9 30\/08<\/th><th>De 31\/08 a 14\/09<\/th><th>A partir de 15\/09<\/th><\/tr><\/thead><tbody><tr><td>Associado \u00e0 SBC com anuidade vigente<\/td><td>R$ 400,00<\/td><td>R$ 450,00<\/td><td>R$ 525,00<\/td><\/tr><tr><td>Associado \u00e0 SBC com anuidade vencendo em at\u00e9 90 dias<br><strong>COMBO: inscri\u00e7\u00e3o no evento + renova\u00e7\u00e3o da associa\u00e7\u00e3o \u00e0 SBC<\/strong><\/td><td>R$ 756,00<\/td><td>R$ 805,00<\/td><td>R$ 881,00<\/td><\/tr><tr><td>N\u00e3o associado ou com associa\u00e7\u00e3o n\u00e3o vigente \u00e0 SBC<br><strong>COMBO: inscri\u00e7\u00e3o no evento + associa\u00e7\u00e3o \u00e0 SBC<\/strong><\/td><td>R$ 756,00<\/td><td>R$ 805,00<\/td><td>R$ 881,00<\/td><\/tr><tr><td>N\u00e3o associado \u00e0 SBC<br><strong>Somente inscri\u00e7\u00e3o no evento<\/strong><\/td><td>R$ 796,00<\/td><td>R$ 851,00<\/td><td>R$ 934,00<\/td><\/tr><\/tbody><\/table><\/figure>\n\n\n\n<h3 class=\"wp-block-heading\">A inscri\u00e7\u00e3o inclui participa\u00e7\u00e3o em:<\/h3>\n\n\n\n<ul class=\"wp-block-list\">\n<li>Todas as sess\u00f5es t\u00e9cnicas;<\/li>\n\n\n\n<li>Apresenta\u00e7\u00f5es de palestrantes convidados;<\/li>\n\n\n\n<li>Todos os tutoriais;<\/li>\n\n\n\n<li>Sess\u00f5es WTDBD;<\/li>\n\n\n\n<li>Sess\u00f5es de Demos;<\/li>\n\n\n\n<li>Todos os minicursos;<\/li>\n\n\n\n<li>Reuni\u00e3o aberta da CEBD (Comiss\u00e3o Especial de Bancos de Dados) da SBC.<\/li>\n<\/ul>\n\n\n\n<h3 class=\"wp-block-heading\">Jantar:&nbsp;<\/h3>\n\n\n\n<p>Os ingressos para o jantar devem ser adquiridos juntamente com a inscri\u00e7\u00e3o pelo valor de R$150,00. Data limite para compra: 11\/10\/2024 (ap\u00f3s essa data, os interessados dever\u00e3o consultar a Organiza\u00e7\u00e3o Local para adquirir seu ingresso). Limite de ingressos por inscri\u00e7\u00e3o: 2<\/p>\n\n\n\n<h2 class=\"wp-block-heading\">Associa\u00e7\u00e3o \u00e0 SBC<\/h2>\n\n\n\n<p>O COMBO \u00e9 uma categoria que inclui a&nbsp; inscri\u00e7\u00e3o no evento + associa\u00e7\u00e3o \u00e0 SBC, com um valor diferenciado. As categorias COMBO s\u00e3o a op\u00e7\u00e3o mais vantajosa para os n\u00e3o associados \u00e0 SBC, pois os valores de inscri\u00e7\u00f5es s\u00e3o menores do que as categorias sem combo e incluem a associa\u00e7\u00e3o \u00e0 SBC.<\/p>\n\n\n\n<p>Acesse o <a href=\"https:\/\/www.sbc.org.br\/\">site da SBC <\/a>e veja porqu\u00ea ser associado. Associar-se \u00e0 SBC \u00e9 uma forma de tornar a SBC ainda mais forte para representar a nossa \u00e1rea de atua\u00e7\u00e3o junto aos diversos setores. Que tal fazer parte da nossa Comunidade?&nbsp;<\/p>\n\n\n\n<h3 class=\"wp-block-heading\">Alguns benef\u00edcios exclusivos de associado:&nbsp;<\/h3>\n\n\n\n<ul class=\"wp-block-list\">\n<li>Acesso \u00e0 rede sem fio <a href=\"http:\/\/www.sbc.org.br\/2-uncategorised\/1945-acesso-a-rede-sem-fio-eduroam-para-associados-da-sbc\">Eduroam<\/a>;<\/li>\n\n\n\n<li>Acesso \u00e0s listas de discuss\u00e3o exclusivas para associados da SBC, com mais de 8 mil&nbsp; inscritos;<\/li>\n\n\n\n<li>Desconto em inscri\u00e7\u00f5es nos mais de <a href=\"https:\/\/centraldesistemas.sbc.org.br\/ecos\">40 eventos<\/a> realizados anualmente pela SBC;<\/li>\n\n\n\n<li>Valor de inscri\u00e7\u00e3o diferenciado no <a href=\"http:\/\/www.sbc.org.br\/index.php?option=com_content&amp;view=article&amp;layout=edit&amp;id=458\">POSCOMP<\/a>;<\/li>\n\n\n\n<li>Acesso aos estudos realizados pela SBC e destinados a \u00f3rg\u00e3os p\u00fablicos ou privados, expressando posi\u00e7\u00f5es pol\u00edticas da Sociedade.<\/li>\n<\/ul>\n\n\n\n<p>Veja os demais benef\u00edcios no site da <a href=\"https:\/\/www.sbc.org.br\/\">SBC<\/a><\/p>\n\n\n\n<h2 class=\"wp-block-heading\">Formas de Pagamento<\/h2>\n\n\n\n<p>Os pagamentos por boleto e d\u00e9bito encerram-se dia 20\/09\/2023, os pagamentos por cart\u00e3o de cr\u00e9dito, <a href=\"https:\/\/sbbd.org.br\/2024\/en\/nota-de-empenho\/\" data-type=\"link\" data-id=\"https:\/\/docs.google.com\/document\/d\/1GWCDoLIwY-n8-wtCuVDj7VGk2mg9x3lXj_MOx9-_s_k\/edit\">nota de empenho<\/a> e faturamento ficar\u00e3o abertos at\u00e9 o \u00faltimo dia do evento. Uma inscri\u00e7\u00e3o s\u00f3 ser\u00e1 considerada v\u00e1lida quando seu status aparecer como \u201cPago\u201d, com exce\u00e7\u00e3o das inscri\u00e7\u00f5es por nota de empenho ou faturamento, que possuem um prazo maior de processamento, e das inscri\u00e7\u00f5es de s\u00f3cios institucionais com direito a isen\u00e7\u00e3o, que ser\u00e3o verificadas junto \u00e0 SBC.&nbsp;&nbsp;<\/p>\n\n\n\n<p>D\u00favidas sobre formas de pagamento, valores, e demais quest\u00f5es sobre o pagamento das inscri\u00e7\u00f5es, entre em contato com a SBC:&nbsp;<a href=\"mailto:faturamento@sbc.org.br\" target=\"_blank\" rel=\"noreferrer noopener\">faturamento@sbc.org.br<\/a><\/p>\n\n\n\n<h2 class=\"wp-block-heading\">Instructions for Authors<\/h2>\n\n\n\n<p>A inscri\u00e7\u00e3o pagante de, no m\u00ednimo, um autor por artigo, INDEPENDENTE DA CATEGORIA, \u00e9 obrigat\u00f3ria para publica\u00e7\u00e3o do trabalho na SBC OpenLib. Autores com mais de um artigo aprovado em qualquer evento do SBBD poder\u00e3o realizar o pagamento de uma \u00fanica inscri\u00e7\u00e3o, acrescida de uma \u201cTaxa de Publica\u00e7\u00e3o e Apresenta\u00e7\u00e3o\u201d por artigo adicional no valor de R$120,00. Autores que se inscreverem por isen\u00e7\u00e3o institucional devem pagar a \u201cTaxa de Publica\u00e7\u00e3o e Apresenta\u00e7\u00e3o\u201d para cada artigo, mesmo para um \u00fanico artigo.<\/p>\n\n\n\n<p>Ao efetuar sua inscri\u00e7\u00e3o no sistema ECOS, o autor dever\u00e1 preencher os campos \u201cT\u00edtulo do artigo\u201d e \u201cN\u00famero JEMS do artigo\u201d, na \u00e1rea \u201cArtigos\u201d, indicando os artigos que est\u00e3o cobertos por aquela inscri\u00e7\u00e3o. Com isso, n\u00e3o ser\u00e1 necess\u00e1rio fazer upload de qualquer comprovante no JEMS.<\/p>\n\n\n\n<h3 class=\"wp-block-heading\">Observa\u00e7\u00e3o para estudantes<\/h3>\n\n\n\n<p>Tarifas de estudante est\u00e3o dispon\u00edveis apenas para estudantes matriculados em institui\u00e7\u00f5es de ensino superior como aluno de gradua\u00e7\u00e3o ou de p\u00f3s-gradua\u00e7\u00e3o (mestrandos e doutorandos). Declara\u00e7\u00f5es de status contendo nome da institui\u00e7\u00e3o, nome do aluno, curso matriculado e data corrente dever\u00e3o ser apresentados quando requisitado. A aus\u00eancia de documento implica no pagamento da diferen\u00e7a da tarifa profissional para a tarifa de estudante (sem desconto). Para estudantes de P\u00f3s-Doutorado, ser\u00e1 cobrada a tarifa de estudantes de p\u00f3s-gradua\u00e7\u00e3o.<\/p>\n\n\n\n<h2 class=\"wp-block-heading\">Pol\u00edtica de cancelamento<\/h2>\n\n\n\n<p>O prazo para solicita\u00e7\u00e3o de reembolso de inscri\u00e7\u00e3o \u00e9 04 de outubro de 2024. Neste caso, o participante dever\u00e1 enviar e-mail para faturamento@sbc.org.br. O reembolso ser\u00e1 de 80% do valor pago (o restante cobrir\u00e1 os custos administrativos da inscri\u00e7\u00e3o). Nenhum cancelamento de inscri\u00e7\u00e3o do Autor ser\u00e1 aceito ap\u00f3s 13 de outubro de 2024, pois os anais da confer\u00eancia estar\u00e3o finalizados.<\/p>\n\n\n\n<h2 class=\"wp-block-heading\">Direitos de Imagem<\/h2>\n\n\n\n<p>Apesar do SBBD 2024 ser totalmente presencial, podem existir alguns momentos de transmiss\u00f5es online, sendo assim minha imagem e minha fala poder\u00e3o ser transmitidas, gravadas e editadas (por meio de recortes ou exclus\u00e3o\/jun\u00e7\u00e3o de trechos) durante as transmiss\u00f5es e que este conte\u00fado \u00e9 propriedade exclusiva da Sociedade Brasileira de Computa\u00e7\u00e3o, podendo ser utilizado posteriormente para divulga\u00e7\u00e3o em distintos canais de comunica\u00e7\u00e3o e pe\u00e7as publicit\u00e1rias, sem fins comerciais.<\/p>","protected":false},"excerpt":{"rendered":"<p>Tabela de Valores Os valores das taxas de inscri\u00e7\u00e3o no&nbsp;SBBD 2024&nbsp;est\u00e3o listados abaixo. A inscri\u00e7\u00e3o no SBBD d\u00e1 direito \u00e0 participa\u00e7\u00e3o em todos os sub-eventos, com exce\u00e7\u00e3o dos Minicursos, cuja vaga deve ser garantida por meio do preenchimento do formul\u00e1rio. Estudantes de Gradua\u00e7\u00e3o \/ Ensino M\u00e9dio At\u00e9 30\/08 De 31\/08 a 14\/09 A partir de [&hellip;]<\/p>\n","protected":false},"author":3,"featured_media":0,"parent":0,"menu_order":0,"comment_status":"closed","ping_status":"closed","template":"subscribe_page.php","meta":{"footnotes":""},"class_list":["post-119","page","type-page","status-publish","hentry"],"_links":{"self":[{"href":"https:\/\/sbbd.org.br\/2024\/en\/wp-json\/wp\/v2\/pages\/119","targetHints":{"allow":["GET"]}}],"collection":[{"href":"https:\/\/sbbd.org.br\/2024\/en\/wp-json\/wp\/v2\/pages"}],"about":[{"href":"https:\/\/sbbd.org.br\/2024\/en\/wp-json\/wp\/v2\/types\/page"}],"author":[{"embeddable":true,"href":"https:\/\/sbbd.org.br\/2024\/en\/wp-json\/wp\/v2\/users\/3"}],"replies":[{"embeddable":true,"href":"https:\/\/sbbd.org.br\/2024\/en\/wp-json\/wp\/v2\/comments?post=119"}],"version-history":[{"count":35,"href":"https:\/\/sbbd.org.br\/2024\/en\/wp-json\/wp\/v2\/pages\/119\/revisions"}],"predecessor-version":[{"id":440,"href":"https:\/\/sbbd.org.br\/2024\/en\/wp-json\/wp\/v2\/pages\/119\/revisions\/440"}],"wp:attachment":[{"href":"https:\/\/sbbd.org.br\/2024\/en\/wp-json\/wp\/v2\/media?parent=119"}],"curies":[{"name":"wp","href":"https:\/\/api.w.org\/{rel}","templated":true}]}}