{"id":114,"date":"2024-04-08T20:59:35","date_gmt":"2024-04-08T23:59:35","guid":{"rendered":"https:\/\/sbbd.org.br\/2024\/?page_id=114"},"modified":"2024-05-22T09:51:07","modified_gmt":"2024-05-22T12:51:07","slug":"tutoriais","status":"publish","type":"page","link":"https:\/\/sbbd.org.br\/2024\/en\/tutoriais\/","title":{"rendered":"Tutorials"},"content":{"rendered":"<p>SBBD 2024 invites submissions of tutorial proposals. Each tutorial will be presented in up to 3 hours. We will consider proposals for introductory and advanced tutorials on topics within the database or related field (e.g., Data Science, Data-Centric AI). Topics of interest include, but are not limited to, the following topics described at <a href=\"https:\/\/sbbd.org.br\/2024\/en\/call-for-papers\/\">https:\/\/sbbd.org.br\/2024\/call-for-papers\/<\/a>. Introductory tutorials should target an audience consisting of advanced undergraduate and graduate students, as well as attendees from the industry. Hence, they can be thought of as \u201crecycling\u201d courses though they should not be about traditional \u201ctextbook\u201d topics. Advanced tutorials, on the other hand, must cover a topic\u2019s state-of-the-art, motivating, and exposing potential research issues.<\/p>\n\n\n\n<h2 class=\"wp-block-heading\">Instructions for Authors<\/h2>\n\n\n\n<p>Tutorial proposals must be of no more than 5 pages, using Times New Roman, 12 pt. font, and must include the following items (in this order):<\/p>\n\n\n\n<ul class=\"wp-block-list\">\n<li>Tutorial title, authors\u2019 full name, affiliations, e-mails, and URL of the respective <em>home pages<\/em> (if available).<\/li>\n\n\n\n<li>If the proposed tutorial has been presented previously, please indicate the event the tutorial has been presented and how it will be updated and improved for SBBD 2024.<\/li>\n\n\n\n<li>Tutorial type (introductory or advanced).<\/li>\n\n\n\n<li>The target audience and its assumed background.<\/li>\n\n\n\n<li>The language in which the tutorial will be presented (English or Portuguese).<\/li>\n\n\n\n<li>An abstract (no more than 100 words) describing the tutorial\u2019s main goal.<\/li>\n\n\n\n<li>Outline of the tutorial (list of topics and a brief description of how the topics will be covered).<\/li>\n\n\n\n<li>List of (up to 10) related references.<\/li>\n\n\n\n<li>A brief bio of authors (up to 20 lines\/author).<\/li>\n\n\n\n<li>The name of whom will present the tutorial, in case of a tutorial proposed by more than one author. The authors can share the presentation, that is, more than an author can present the tutorial.<\/li>\n\n\n\n<li>Audio-visual equipment required (e.g., multimedia projector and computer resources).<\/li>\n<\/ul>\n\n\n\n<h2 class=\"wp-block-heading\">Submission Guidelines<\/h2>\n\n\n\n<p>Submitted tutorial proposals can be written in Portuguese or English. Submissions in English are strongly encouraged. Submitted proposals will be reviewed based on originality, relevance, technical soundness, and clarity of presentation.<\/p>\n\n\n\n<p>Tutorial proposals must be emailed as PDF attachments to <a href=\"mailto:fporto@lncc.br\">fporto@lncc.br<\/a>. The subject of the email must be: \u201cSBBD 2024 Tutorial Session\u201d. Please, send email with the suggested subject to aid the chair to filter messages of interest. Formats other than PDF will not be accepted. SBBD 2024 reserves the right to refuse all the submitted tutorial proposals, as well as to include invited tutorial presentations.<\/p>\n\n\n\n<h2 class=\"wp-block-heading\">Important Dates<\/h2>\n\n\n\n<p>Submission: <strong>July 1st<\/strong><br>Notification: <strong>August 1st<\/strong><br>Camera-ready: <strong>August 31th<\/strong><\/p>\n\n\n\n<h2 class=\"wp-block-heading\">Program Coordination<\/h2>\n\n\n\n<p>Dr. Fabio Porto, Coordination of Mathematics and Computation Methods (National Laboratory of Scientific Computing&nbsp;\/ DEXL Lab)<\/p>\n\n\n\n<h2 class=\"wp-block-heading\">Contact<\/h2>\n\n\n\n<p>For further information please&nbsp;contact&nbsp;Fabio Porto at&nbsp;&nbsp;<a href=\"mailto:fporto@lncc.br\">fporto@lncc.br<\/a>. Send message with the subject \u201cSBBD&nbsp;2024&nbsp;Tutorial&nbsp;Session\u201d. Please, send email with the suggested subject to aid the chair to filter messages of interest.<\/p>","protected":false},"excerpt":{"rendered":"<p>O SBBD 2024 convida \u00e0 submiss\u00e3o de propostas de tutoriais. Cada tutorial ser\u00e1 apresentado em at\u00e9 3 horas. Consideraremos propostas de tutoriais introdut\u00f3rios e avan\u00e7ados sobre t\u00f3picos do banco de dados ou \u00e1reas relacionadas (por exemplo, Ci\u00eancia de Dados, IA Centrada em Dados). Os t\u00f3picos de interesse incluem, mas n\u00e3o est\u00e3o limitados aos seguintes t\u00f3picos [&hellip;]<\/p>\n","protected":false},"author":3,"featured_media":0,"parent":0,"menu_order":0,"comment_status":"closed","ping_status":"closed","template":"event_page.php","meta":{"footnotes":""},"class_list":["post-114","page","type-page","status-publish","hentry"],"_links":{"self":[{"href":"https:\/\/sbbd.org.br\/2024\/en\/wp-json\/wp\/v2\/pages\/114","targetHints":{"allow":["GET"]}}],"collection":[{"href":"https:\/\/sbbd.org.br\/2024\/en\/wp-json\/wp\/v2\/pages"}],"about":[{"href":"https:\/\/sbbd.org.br\/2024\/en\/wp-json\/wp\/v2\/types\/page"}],"author":[{"embeddable":true,"href":"https:\/\/sbbd.org.br\/2024\/en\/wp-json\/wp\/v2\/users\/3"}],"replies":[{"embeddable":true,"href":"https:\/\/sbbd.org.br\/2024\/en\/wp-json\/wp\/v2\/comments?post=114"}],"version-history":[{"count":6,"href":"https:\/\/sbbd.org.br\/2024\/en\/wp-json\/wp\/v2\/pages\/114\/revisions"}],"predecessor-version":[{"id":255,"href":"https:\/\/sbbd.org.br\/2024\/en\/wp-json\/wp\/v2\/pages\/114\/revisions\/255"}],"wp:attachment":[{"href":"https:\/\/sbbd.org.br\/2024\/en\/wp-json\/wp\/v2\/media?parent=114"}],"curies":[{"name":"wp","href":"https:\/\/api.w.org\/{rel}","templated":true}]}}