{"id":112,"date":"2024-04-08T20:52:27","date_gmt":"2024-04-08T23:52:27","guid":{"rendered":"https:\/\/sbbd.org.br\/2024\/?page_id=112"},"modified":"2024-09-13T12:15:10","modified_gmt":"2024-09-13T15:15:10","slug":"demos","status":"publish","type":"page","link":"https:\/\/sbbd.org.br\/2024\/en\/demos\/","title":{"rendered":"Demos"},"content":{"rendered":"<p class=\"has-white-color has-luminous-vivid-amber-to-luminous-vivid-orange-gradient-background has-text-color has-background has-link-color wp-elements-de34cf6e742f75a3e5053b650f9cac4a\">Sess\u00e3o de Demos &#8211; Chair: Dimas Cassimiro<\/p>\n\n\n\n<figure class=\"wp-block-table is-style-stripes\"><table class=\"has-fixed-layout\"><tbody><tr><td>Quarta, 16\/10\/2024 <\/td><td><\/td><td><\/td><\/tr><tr><td> 14:00-16:00<\/td><td>I-DataMig: Uma Ferramenta Inteligente para Migra\u00e7\u00e3o Eficiente de Bancos de Dados<\/td><td>Victor Carneiro (UFC) Gustavo Moraes (UFC) Angelo Brayner (UFC)<\/td><\/tr><tr><td>14:00-16:00<\/td><td>ImageLogViewer: An open-source solution for exploring images from micro-resistivity and ultrasonic boreholes<\/td><td>Marcos Bedo (UFF) Rodrigo Piva (Wikki Brasil) Leandro Fernandes (UFF) <br>Willian Trevizan (Petrobr\u00e1s)<br>Candida de Jesus (Petrobr\u00e1s) <br>Rodrigo Monteiro (UFF) Elaine Sousa (USP) <br>Andr\u00e9 Souza (USP)<\/td><\/tr><tr><td>14:00-16:00<\/td><td>Fairness-Oriented Entity Resolution Tool for Streaming Data<\/td><td>Tiago Brasileiro Ara\u00fajo (IFPB) <br>Vasilis Efthymiou (Harokopio University of Athens) Kostas Stefanidis (Tampere University) <br>Rafael de Souza Guerra (UFCG)<\/td><\/tr><tr><td>14:00-16:00<\/td><td>Unified Approach to Trajectory Data Mining and Multi-Aspect Trajectory Analysis with MAT-Tools Framework<\/td><td>Tarlis Tortelli Portela (UFSC) <br>Vanessa Lago Machado (IFSul) <br>Chiara Renso (KDDLAB ISTI\/CNR)<\/td><\/tr><tr><td>14:00-16:00<\/td><td>ContextEKG_Explorer: Uma Ferramenta para Explora\u00e7\u00e3o Baseada em Contexto da Vis\u00e3o Sem\u00e2ntica de EKGs<\/td><td>Renato Freitas (UFC) <br>Vania Vidal (UFC)<\/td><\/tr><tr><td>14:00-16:00<\/td><td>LLM-MRI Python module: a brain scanner for LLMs<\/td><td>Luiz Felipe Costa (UNICAMP) <br>Mateus Fig\u00eanio (UTFPR)<br>Andr\u00e9 Santanch\u00e8 (UNICAMP)<br>Luiz Celso Gomes Jr (UTFPR)<\/td><\/tr><tr><td>14:00-16:00<\/td><td>brModeloPD: Uma Extens\u00e3o da Ferramenta BrModelo para Incorporar os Requisitos e as Restri\u00e7\u00f5es da LGPD ao Projeto de Banco de Dados<\/td><td>Patricia Barros (Universidade Federal do Piau\u00ed) Jose Fran\u00e7a (Universidade Federal do Cear\u00e1) <br>Jos\u00e9 Monteiro (Universidade Federal do Cear\u00e1 &#8211; UFC) <br>Javam Machado (Federal University of Cear\u00e1)<\/td><\/tr><tr><td>14:00-16:00<\/td><td>Monitor de WhatsApp 2.0 &#8211; Monitoramento de Grupos Pol\u00edticos Brasileiros no WhatsApp<\/td><td>M\u00e1rcio Inacio da silva (UFMS) <br>Daniel Kansaon (UFMG) <br>Philipe Melo (UFMG) <br>Fabricio Benevenuto (UFMG)<\/td><\/tr><tr><td>14:00-16:00<\/td><td>DataNexus: Uma ferramenta para auxiliar a an\u00e1lise da modelagem de bancos de dados extensos<\/td><td>Gustavo Moraes (UFC) <br>Victor Carneiro (UFC) Angelo Brayner (UFC)<\/td><\/tr><tr><td>14:00-16:00<\/td><td>Rel2Doc: Migrating Data from Relational to Document-Oriented Databases<\/td><td>Tainam Garbin (UFFS)<br>Denio Duarte (UFFS)<br>Geomar Schreiner (UFFS)<\/td><\/tr><tr><td>14:00-16:00<\/td><td>MedTalkAI: Assisted Anamnesis Creation With Automatic Speech Recognition<\/td><td>Yanna Gon\u00e7alves (UFC) <br>Jo\u00e3o Alves (UFC) <br>Breno Alef Dourado S\u00e1 (UFC) <br>Lazaro Silva (UFC) <br>Jos\u00e9 Macedo (UFC) <br>Ticiana Linhares Coelho da Silva (UFC)<\/td><\/tr><\/tbody><\/table><\/figure>\n\n\n\n<p><\/p>","protected":false},"excerpt":{"rendered":"<p>Sess\u00e3o de Demos &#8211; Chair: Dimas Cassimiro Quarta, 16\/10\/2024 14:00-16:00 I-DataMig: Uma Ferramenta Inteligente para Migra\u00e7\u00e3o Eficiente de Bancos de Dados Victor Carneiro (UFC) Gustavo Moraes (UFC) Angelo Brayner (UFC) 14:00-16:00 ImageLogViewer: An open-source solution for exploring images from micro-resistivity and ultrasonic boreholes Marcos Bedo (UFF) Rodrigo Piva (Wikki Brasil) Leandro Fernandes (UFF) Willian Trevizan [&hellip;]<\/p>\n","protected":false},"author":3,"featured_media":0,"parent":0,"menu_order":0,"comment_status":"closed","ping_status":"closed","template":"event_page.php","meta":{"footnotes":""},"class_list":["post-112","page","type-page","status-publish","hentry"],"_links":{"self":[{"href":"https:\/\/sbbd.org.br\/2024\/en\/wp-json\/wp\/v2\/pages\/112","targetHints":{"allow":["GET"]}}],"collection":[{"href":"https:\/\/sbbd.org.br\/2024\/en\/wp-json\/wp\/v2\/pages"}],"about":[{"href":"https:\/\/sbbd.org.br\/2024\/en\/wp-json\/wp\/v2\/types\/page"}],"author":[{"embeddable":true,"href":"https:\/\/sbbd.org.br\/2024\/en\/wp-json\/wp\/v2\/users\/3"}],"replies":[{"embeddable":true,"href":"https:\/\/sbbd.org.br\/2024\/en\/wp-json\/wp\/v2\/comments?post=112"}],"version-history":[{"count":19,"href":"https:\/\/sbbd.org.br\/2024\/en\/wp-json\/wp\/v2\/pages\/112\/revisions"}],"predecessor-version":[{"id":946,"href":"https:\/\/sbbd.org.br\/2024\/en\/wp-json\/wp\/v2\/pages\/112\/revisions\/946"}],"wp:attachment":[{"href":"https:\/\/sbbd.org.br\/2024\/en\/wp-json\/wp\/v2\/media?parent=112"}],"curies":[{"name":"wp","href":"https:\/\/api.w.org\/{rel}","templated":true}]}}