{"id":1008,"date":"2024-09-29T14:42:59","date_gmt":"2024-09-29T17:42:59","guid":{"rendered":"https:\/\/sbbd.org.br\/2024\/?page_id=1008"},"modified":"2024-09-29T17:09:13","modified_gmt":"2024-09-29T20:09:13","slug":"floripa","status":"publish","type":"page","link":"https:\/\/sbbd.org.br\/2024\/en\/floripa\/","title":{"rendered":"Floripa"},"content":{"rendered":"<p class=\"translation-block\">Florian\u00f3polis (or simply Floripa) is the host city for SBBD 2024 and one of the most beautiful state capitals in Brazil! Want a quick rundown on what to see in Floripa?!<\/p>\n\n\n\n<p class=\"translation-block\">First, let\u2019s get our bearings! SBBD 2024 takes place at the <strong>Majestic Palace<\/strong> hotel, located on the most beautiful avenue in the city: <strong>Avenida Beira-Mar Norte<\/strong>! Check out the map below and tips for nearby attractions:<\/p>\n\n\n\n<div style=\"height:54px\" aria-hidden=\"true\" class=\"wp-block-spacer\"><\/div>\n\n\n<div class=\"wp-block-image is-style-default\">\n<figure class=\"aligncenter size-full is-resized\"><img loading=\"lazy\" decoding=\"async\" width=\"815\" height=\"555\" src=\"https:\/\/sbbd.org.br\/2024\/wp-content\/uploads\/2024\/09\/2658519d-8251-4f59-a23e-209b0ceef796.jpg\" alt=\"\" class=\"wp-image-1009\" style=\"width:839px;height:auto\" srcset=\"https:\/\/sbbd.org.br\/2024\/wp-content\/uploads\/2024\/09\/2658519d-8251-4f59-a23e-209b0ceef796.jpg 815w, https:\/\/sbbd.org.br\/2024\/wp-content\/uploads\/2024\/09\/2658519d-8251-4f59-a23e-209b0ceef796-300x204.jpg 300w, https:\/\/sbbd.org.br\/2024\/wp-content\/uploads\/2024\/09\/2658519d-8251-4f59-a23e-209b0ceef796-768x523.jpg 768w, https:\/\/sbbd.org.br\/2024\/wp-content\/uploads\/2024\/09\/2658519d-8251-4f59-a23e-209b0ceef796-18x12.jpg 18w\" sizes=\"auto, (max-width: 815px) 100vw, 815px\" \/><\/figure>\n<\/div>\n\n\n<hr class=\"wp-block-separator has-alpha-channel-opacity\"\/>\n\n\n\n<div style=\"height:106px\" aria-hidden=\"true\" class=\"wp-block-spacer\"><\/div>\n\n\n\n<div class=\"wp-block-media-text has-media-on-the-right is-stacked-on-mobile\" style=\"grid-template-columns:auto 42%\"><div class=\"wp-block-media-text__content\">\n<p style=\"font-size:18px\" class=\"translation-block\"><strong>Beiramar Shopping:<\/strong> located right across from the Majestic hotel. A great option for dining and shopping;<\/p>\n\n\n\n<p style=\"font-size:18px\" class=\"translation-block\"><strong>Avenida Beira-Mar Norte:<\/strong> ideal for a walk and beautiful photos. You can rent a bike to cover longer distances. Bars and restaurants are available along the avenue. The photo beside shows the shopping center and the avenue from the top of the hotel;<\/p>\n\n\n\n<p style=\"font-size:18px\" class=\"translation-block\"><strong>Trapiche da Beira-Mar Norte:<\/strong> the location of the <em>Beira-Mar Norte Catamaran<\/em> (the venue for the SBBD 2024 dinner). On Sundays during the day, there is a craft and food fair.<\/p>\n<\/div><figure class=\"wp-block-media-text__media\"><img loading=\"lazy\" decoding=\"async\" width=\"598\" height=\"465\" src=\"https:\/\/sbbd.org.br\/2024\/wp-content\/uploads\/2024\/09\/abaa058a-1890-4741-9f42-1c60631d33bb.jpg\" alt=\"\" class=\"wp-image-1016 size-full\" srcset=\"https:\/\/sbbd.org.br\/2024\/wp-content\/uploads\/2024\/09\/abaa058a-1890-4741-9f42-1c60631d33bb.jpg 598w, https:\/\/sbbd.org.br\/2024\/wp-content\/uploads\/2024\/09\/abaa058a-1890-4741-9f42-1c60631d33bb-300x233.jpg 300w, https:\/\/sbbd.org.br\/2024\/wp-content\/uploads\/2024\/09\/abaa058a-1890-4741-9f42-1c60631d33bb-15x12.jpg 15w\" sizes=\"auto, (max-width: 598px) 100vw, 598px\" \/><\/figure><\/div>\n\n\n\n<div style=\"height:38px\" aria-hidden=\"true\" class=\"wp-block-spacer\"><\/div>\n\n\n\n<div class=\"wp-block-columns is-layout-flex wp-container-core-columns-is-layout-9d6595d7 wp-block-columns-is-layout-flex\">\n<div class=\"wp-block-column is-layout-flow wp-block-column-is-layout-flow\"><div class=\"wp-block-image\">\n<figure class=\"aligncenter size-full is-resized\"><img loading=\"lazy\" decoding=\"async\" width=\"708\" height=\"372\" src=\"https:\/\/sbbd.org.br\/2024\/wp-content\/uploads\/2024\/09\/WhatsApp-Image-2024-09-29-at-15.08.19-1.jpeg\" alt=\"\" class=\"wp-image-1098\" style=\"width:696px;height:auto\" srcset=\"https:\/\/sbbd.org.br\/2024\/wp-content\/uploads\/2024\/09\/WhatsApp-Image-2024-09-29-at-15.08.19-1.jpeg 708w, https:\/\/sbbd.org.br\/2024\/wp-content\/uploads\/2024\/09\/WhatsApp-Image-2024-09-29-at-15.08.19-1-300x158.jpeg 300w, https:\/\/sbbd.org.br\/2024\/wp-content\/uploads\/2024\/09\/WhatsApp-Image-2024-09-29-at-15.08.19-1-18x9.jpeg 18w\" sizes=\"auto, (max-width: 708px) 100vw, 708px\" \/><\/figure>\n<\/div><\/div>\n<\/div>\n\n\n<div class=\"wp-block-image\">\n<figure class=\"aligncenter size-large is-resized\"><img loading=\"lazy\" decoding=\"async\" width=\"1024\" height=\"576\" src=\"https:\/\/sbbd.org.br\/2024\/wp-content\/uploads\/2024\/09\/Imagem-do-WhatsApp-de-2024-09-07-as-13.25.15_450964b4-2-1024x576.jpg\" alt=\"\" class=\"wp-image-1097\" style=\"width:696px;height:auto\" srcset=\"https:\/\/sbbd.org.br\/2024\/wp-content\/uploads\/2024\/09\/Imagem-do-WhatsApp-de-2024-09-07-as-13.25.15_450964b4-2-1024x576.jpg 1024w, https:\/\/sbbd.org.br\/2024\/wp-content\/uploads\/2024\/09\/Imagem-do-WhatsApp-de-2024-09-07-as-13.25.15_450964b4-2-300x169.jpg 300w, https:\/\/sbbd.org.br\/2024\/wp-content\/uploads\/2024\/09\/Imagem-do-WhatsApp-de-2024-09-07-as-13.25.15_450964b4-2-768x432.jpg 768w, https:\/\/sbbd.org.br\/2024\/wp-content\/uploads\/2024\/09\/Imagem-do-WhatsApp-de-2024-09-07-as-13.25.15_450964b4-2-18x10.jpg 18w, https:\/\/sbbd.org.br\/2024\/wp-content\/uploads\/2024\/09\/Imagem-do-WhatsApp-de-2024-09-07-as-13.25.15_450964b4-2.jpg 1366w\" sizes=\"auto, (max-width: 1024px) 100vw, 1024px\" \/><\/figure>\n<\/div>\n\n\n<div style=\"height:72px\" aria-hidden=\"true\" class=\"wp-block-spacer\"><\/div>\n\n\n\n<hr class=\"wp-block-separator has-alpha-channel-opacity\"\/>\n\n\n\n<p class=\"has-text-align-left\">    The map also shows the center of Floripa. It\u2019s worth exploring:<br><\/p>\n\n\n\n<div class=\"wp-block-media-text is-stacked-on-mobile\" style=\"grid-template-columns:44% auto\"><figure class=\"wp-block-media-text__media\"><img loading=\"lazy\" decoding=\"async\" width=\"519\" height=\"398\" src=\"https:\/\/sbbd.org.br\/2024\/wp-content\/uploads\/2024\/09\/WhatsApp-Image-2024-09-29-at-15.17.16.jpeg\" alt=\"\" class=\"wp-image-1050 size-full\" srcset=\"https:\/\/sbbd.org.br\/2024\/wp-content\/uploads\/2024\/09\/WhatsApp-Image-2024-09-29-at-15.17.16.jpeg 519w, https:\/\/sbbd.org.br\/2024\/wp-content\/uploads\/2024\/09\/WhatsApp-Image-2024-09-29-at-15.17.16-300x230.jpeg 300w, https:\/\/sbbd.org.br\/2024\/wp-content\/uploads\/2024\/09\/WhatsApp-Image-2024-09-29-at-15.17.16-16x12.jpeg 16w\" sizes=\"auto, (max-width: 519px) 100vw, 519px\" \/><\/figure><div class=\"wp-block-media-text__content\">\n<p style=\"font-size:20px\" class=\"translation-block\"><strong>Herc\u00edlio Luz Bridge:<\/strong> one of the main landmarks of the city. The distance from the hotel to the bridge is 2.7 km. For those who enjoy walking, it\u2019s a beautiful stroll along Beira-Mar Norte. On Sundays, the bridge is closed to traffic, allowing pedestrians to walk across! There\u2019s a souvenir shop at the island end of the bridge;<\/p>\n<\/div><\/div>\n\n\n\n<div style=\"height:25px\" aria-hidden=\"true\" class=\"wp-block-spacer\"><\/div>\n\n\n\n<p class=\"translation-block\"><strong>Historic Center:<\/strong> an area that includes Pra\u00e7a XV de Novembro with its centuries-old fig tree, the Historical Museum, the Cathedral, Pra\u00e7a da Alf\u00e2ndega, and the Public Market, among other attractions. The bars at the Public Market are a great option for a happy hour.<\/p>\n\n\n\n<div class=\"wp-block-columns is-layout-flex wp-container-core-columns-is-layout-9d6595d7 wp-block-columns-is-layout-flex\">\n<div class=\"wp-block-column is-layout-flow wp-block-column-is-layout-flow\"><div class=\"wp-block-image\">\n<figure class=\"alignleft size-full is-resized\"><img loading=\"lazy\" decoding=\"async\" width=\"379\" height=\"271\" src=\"https:\/\/sbbd.org.br\/2024\/wp-content\/uploads\/2024\/09\/WhatsApp-Image-2024-09-29-at-15.22.19.jpeg\" alt=\"\" class=\"wp-image-1055\" style=\"width:264px;height:auto\" srcset=\"https:\/\/sbbd.org.br\/2024\/wp-content\/uploads\/2024\/09\/WhatsApp-Image-2024-09-29-at-15.22.19.jpeg 379w, https:\/\/sbbd.org.br\/2024\/wp-content\/uploads\/2024\/09\/WhatsApp-Image-2024-09-29-at-15.22.19-300x215.jpeg 300w, https:\/\/sbbd.org.br\/2024\/wp-content\/uploads\/2024\/09\/WhatsApp-Image-2024-09-29-at-15.22.19-18x12.jpeg 18w\" sizes=\"auto, (max-width: 379px) 100vw, 379px\" \/><\/figure>\n<\/div><\/div>\n\n\n\n<div class=\"wp-block-column is-layout-flow wp-block-column-is-layout-flow\">\n<figure class=\"wp-block-image size-full\"><img loading=\"lazy\" decoding=\"async\" width=\"422\" height=\"272\" src=\"https:\/\/sbbd.org.br\/2024\/wp-content\/uploads\/2024\/09\/WhatsApp-Image-2024-09-29-at-15.21.50-1.jpeg\" alt=\"\" class=\"wp-image-1060\" srcset=\"https:\/\/sbbd.org.br\/2024\/wp-content\/uploads\/2024\/09\/WhatsApp-Image-2024-09-29-at-15.21.50-1.jpeg 422w, https:\/\/sbbd.org.br\/2024\/wp-content\/uploads\/2024\/09\/WhatsApp-Image-2024-09-29-at-15.21.50-1-300x193.jpeg 300w, https:\/\/sbbd.org.br\/2024\/wp-content\/uploads\/2024\/09\/WhatsApp-Image-2024-09-29-at-15.21.50-1-18x12.jpeg 18w\" sizes=\"auto, (max-width: 422px) 100vw, 422px\" \/><\/figure>\n<\/div>\n\n\n\n<div class=\"wp-block-column is-layout-flow wp-block-column-is-layout-flow\"><div class=\"wp-block-image\">\n<figure class=\"alignright size-full is-resized\"><img loading=\"lazy\" decoding=\"async\" width=\"371\" height=\"270\" src=\"https:\/\/sbbd.org.br\/2024\/wp-content\/uploads\/2024\/09\/WhatsApp-Image-2024-09-29-at-15.21.31-1.jpeg\" alt=\"\" class=\"wp-image-1061\" style=\"width:265px;height:auto\" srcset=\"https:\/\/sbbd.org.br\/2024\/wp-content\/uploads\/2024\/09\/WhatsApp-Image-2024-09-29-at-15.21.31-1.jpeg 371w, https:\/\/sbbd.org.br\/2024\/wp-content\/uploads\/2024\/09\/WhatsApp-Image-2024-09-29-at-15.21.31-1-300x218.jpeg 300w, https:\/\/sbbd.org.br\/2024\/wp-content\/uploads\/2024\/09\/WhatsApp-Image-2024-09-29-at-15.21.31-1-16x12.jpeg 16w\" sizes=\"auto, (max-width: 371px) 100vw, 371px\" \/><\/figure>\n<\/div><\/div>\n<\/div>\n\n\n\n<div style=\"height:47px\" aria-hidden=\"true\" class=\"wp-block-spacer\"><\/div>\n\n\n\n<p class=\"translation-block\">In addition to all this, Floripa is an island with beautiful beaches! Here are some suggestions: Jurer\u00ea Internacional (calm waters and S\u00e3o Jos\u00e9 da Ponta Grossa fort), Santinho (trails and rock carvings), Lagoa da Concei\u00e7\u00e3o (viewpoints, dining, nightlife, and boat tours), Joaquina (dunes, sandboarding, and surfing), Arma\u00e7\u00e3o (seaside hills and natural pools), and Lagoinha do Leste (hiking, panoramic views, and a wild beach).<\/p>\n\n\n\n<div class=\"wp-block-columns is-layout-flex wp-container-core-columns-is-layout-9d6595d7 wp-block-columns-is-layout-flex\">\n<div class=\"wp-block-column is-layout-flow wp-block-column-is-layout-flow\">\n<figure class=\"wp-block-image size-full is-resized\"><img loading=\"lazy\" decoding=\"async\" width=\"457\" height=\"253\" src=\"https:\/\/sbbd.org.br\/2024\/wp-content\/uploads\/2024\/09\/WhatsApp-Image-2024-09-29-at-15.33.07.jpeg\" alt=\"\" class=\"wp-image-1069\" style=\"width:272px;height:auto\" srcset=\"https:\/\/sbbd.org.br\/2024\/wp-content\/uploads\/2024\/09\/WhatsApp-Image-2024-09-29-at-15.33.07.jpeg 457w, https:\/\/sbbd.org.br\/2024\/wp-content\/uploads\/2024\/09\/WhatsApp-Image-2024-09-29-at-15.33.07-300x166.jpeg 300w, https:\/\/sbbd.org.br\/2024\/wp-content\/uploads\/2024\/09\/WhatsApp-Image-2024-09-29-at-15.33.07-18x10.jpeg 18w\" sizes=\"auto, (max-width: 457px) 100vw, 457px\" \/><\/figure>\n<\/div>\n\n\n\n<div class=\"wp-block-column is-layout-flow wp-block-column-is-layout-flow\">\n<figure class=\"wp-block-image size-full is-resized\"><img loading=\"lazy\" decoding=\"async\" width=\"473\" height=\"247\" src=\"https:\/\/sbbd.org.br\/2024\/wp-content\/uploads\/2024\/09\/WhatsApp-Image-2024-09-29-at-15.33.36.jpeg\" alt=\"\" class=\"wp-image-1070\" style=\"width:279px;height:auto\" srcset=\"https:\/\/sbbd.org.br\/2024\/wp-content\/uploads\/2024\/09\/WhatsApp-Image-2024-09-29-at-15.33.36.jpeg 473w, https:\/\/sbbd.org.br\/2024\/wp-content\/uploads\/2024\/09\/WhatsApp-Image-2024-09-29-at-15.33.36-300x157.jpeg 300w, https:\/\/sbbd.org.br\/2024\/wp-content\/uploads\/2024\/09\/WhatsApp-Image-2024-09-29-at-15.33.36-18x9.jpeg 18w\" sizes=\"auto, (max-width: 473px) 100vw, 473px\" \/><\/figure>\n<\/div>\n\n\n\n<div class=\"wp-block-column is-layout-flow wp-block-column-is-layout-flow\">\n<figure class=\"wp-block-image size-full is-resized\"><img loading=\"lazy\" decoding=\"async\" width=\"455\" height=\"246\" src=\"https:\/\/sbbd.org.br\/2024\/wp-content\/uploads\/2024\/09\/WhatsApp-Image-2024-09-29-at-15.34.00.jpeg\" alt=\"\" class=\"wp-image-1071\" style=\"width:269px;height:auto\" srcset=\"https:\/\/sbbd.org.br\/2024\/wp-content\/uploads\/2024\/09\/WhatsApp-Image-2024-09-29-at-15.34.00.jpeg 455w, https:\/\/sbbd.org.br\/2024\/wp-content\/uploads\/2024\/09\/WhatsApp-Image-2024-09-29-at-15.34.00-300x162.jpeg 300w, https:\/\/sbbd.org.br\/2024\/wp-content\/uploads\/2024\/09\/WhatsApp-Image-2024-09-29-at-15.34.00-18x10.jpeg 18w\" sizes=\"auto, (max-width: 455px) 100vw, 455px\" \/><\/figure>\n<\/div>\n<\/div>\n\n\n<div class=\"wp-block-image\">\n<figure class=\"aligncenter size-full\"><img loading=\"lazy\" decoding=\"async\" width=\"533\" height=\"380\" src=\"https:\/\/sbbd.org.br\/2024\/wp-content\/uploads\/2024\/09\/WhatsApp-Image-2024-09-29-at-15.38.02.jpeg\" alt=\"\" class=\"wp-image-1083\" srcset=\"https:\/\/sbbd.org.br\/2024\/wp-content\/uploads\/2024\/09\/WhatsApp-Image-2024-09-29-at-15.38.02.jpeg 533w, https:\/\/sbbd.org.br\/2024\/wp-content\/uploads\/2024\/09\/WhatsApp-Image-2024-09-29-at-15.38.02-300x214.jpeg 300w, https:\/\/sbbd.org.br\/2024\/wp-content\/uploads\/2024\/09\/WhatsApp-Image-2024-09-29-at-15.38.02-18x12.jpeg 18w\" sizes=\"auto, (max-width: 533px) 100vw, 533px\" \/><\/figure>\n<\/div>\n\n\n<div style=\"height:29px\" aria-hidden=\"true\" class=\"wp-block-spacer\"><\/div>\n\n\n\n<div class=\"wp-block-columns is-layout-flex wp-container-core-columns-is-layout-9d6595d7 wp-block-columns-is-layout-flex\">\n<div class=\"wp-block-column is-layout-flow wp-block-column-is-layout-flow\">\n<figure class=\"wp-block-image size-full\"><img loading=\"lazy\" decoding=\"async\" width=\"453\" height=\"254\" src=\"https:\/\/sbbd.org.br\/2024\/wp-content\/uploads\/2024\/09\/WhatsApp-Image-2024-09-29-at-15.39.14.jpeg\" alt=\"\" class=\"wp-image-1085\" srcset=\"https:\/\/sbbd.org.br\/2024\/wp-content\/uploads\/2024\/09\/WhatsApp-Image-2024-09-29-at-15.39.14.jpeg 453w, https:\/\/sbbd.org.br\/2024\/wp-content\/uploads\/2024\/09\/WhatsApp-Image-2024-09-29-at-15.39.14-300x168.jpeg 300w, https:\/\/sbbd.org.br\/2024\/wp-content\/uploads\/2024\/09\/WhatsApp-Image-2024-09-29-at-15.39.14-18x10.jpeg 18w\" sizes=\"auto, (max-width: 453px) 100vw, 453px\" \/><\/figure>\n<\/div>\n\n\n\n<div class=\"wp-block-column is-layout-flow wp-block-column-is-layout-flow\">\n<figure class=\"wp-block-image size-full\"><img loading=\"lazy\" decoding=\"async\" width=\"437\" height=\"252\" src=\"https:\/\/sbbd.org.br\/2024\/wp-content\/uploads\/2024\/09\/WhatsApp-Image-2024-09-29-at-15.39.51.jpeg\" alt=\"\" class=\"wp-image-1086\" srcset=\"https:\/\/sbbd.org.br\/2024\/wp-content\/uploads\/2024\/09\/WhatsApp-Image-2024-09-29-at-15.39.51.jpeg 437w, https:\/\/sbbd.org.br\/2024\/wp-content\/uploads\/2024\/09\/WhatsApp-Image-2024-09-29-at-15.39.51-300x173.jpeg 300w, https:\/\/sbbd.org.br\/2024\/wp-content\/uploads\/2024\/09\/WhatsApp-Image-2024-09-29-at-15.39.51-18x10.jpeg 18w\" sizes=\"auto, (max-width: 437px) 100vw, 437px\" \/><\/figure>\n<\/div>\n<\/div>\n\n\n\n<p class=\"has-text-align-center\">Have fun!<\/p>","protected":false},"excerpt":{"rendered":"<p>Florian\u00f3polis (ou simplesmente Floripa) \u00e9 a cidade sede do SBBD 2024 e uma das capitais de Estado mais bonitas do Brasil! Bora saber o que conhecer em Floripa de forma r\u00e1pida?!&nbsp; Primeiramente, vamos nos situar! O SBBD 2024 ocorre no hotel Majestic Palace, que fica na avenida mais bonita da cidade: a avenida Beira-Mar Norte! [&hellip;]<\/p>\n","protected":false},"author":3,"featured_media":0,"parent":0,"menu_order":0,"comment_status":"closed","ping_status":"closed","template":"","meta":{"footnotes":""},"class_list":["post-1008","page","type-page","status-publish","hentry"],"_links":{"self":[{"href":"https:\/\/sbbd.org.br\/2024\/en\/wp-json\/wp\/v2\/pages\/1008","targetHints":{"allow":["GET"]}}],"collection":[{"href":"https:\/\/sbbd.org.br\/2024\/en\/wp-json\/wp\/v2\/pages"}],"about":[{"href":"https:\/\/sbbd.org.br\/2024\/en\/wp-json\/wp\/v2\/types\/page"}],"author":[{"embeddable":true,"href":"https:\/\/sbbd.org.br\/2024\/en\/wp-json\/wp\/v2\/users\/3"}],"replies":[{"embeddable":true,"href":"https:\/\/sbbd.org.br\/2024\/en\/wp-json\/wp\/v2\/comments?post=1008"}],"version-history":[{"count":72,"href":"https:\/\/sbbd.org.br\/2024\/en\/wp-json\/wp\/v2\/pages\/1008\/revisions"}],"predecessor-version":[{"id":1104,"href":"https:\/\/sbbd.org.br\/2024\/en\/wp-json\/wp\/v2\/pages\/1008\/revisions\/1104"}],"wp:attachment":[{"href":"https:\/\/sbbd.org.br\/2024\/en\/wp-json\/wp\/v2\/media?parent=1008"}],"curies":[{"name":"wp","href":"https:\/\/api.w.org\/{rel}","templated":true}]}}