{"id":7803,"date":"2023-10-02T17:17:48","date_gmt":"2023-10-02T20:17:48","guid":{"rendered":"https:\/\/sbbd.org.br\/2023\/?page_id=7803"},"modified":"2023-10-05T15:02:41","modified_gmt":"2023-10-05T18:02:41","slug":"certificados","status":"publish","type":"page","link":"https:\/\/sbbd.org.br\/2023\/certificados\/","title":{"rendered":"Certificados"},"content":{"rendered":"\n<p>Baixe aqui o seu certificado do SBBD\/KDMiLe 2023. <\/p>\n\n\n\n<p>Os certificados est\u00e3o agrupados por evento, ent\u00e3o para salvar o seu certificado (uma \u00fanica p\u00e1gina do arquivo PDF) em um novo arquivo, voc\u00ea pode seguir estas etapas no seu navegador ou leitor de arquivos PDF :<\/p>\n\n\n\n<ol class=\"wp-block-list\"><li>Abra o arquivo PDF do evento desejado<\/li><li>Mande imprimir o arquivo (Ctrl+P)<\/li><li>Selecione como destino a op\u00e7\u00e3o &#8220;Salvar como arquivo PDF&#8221; (ou algo similar)<\/li><li>Escolha a(s) p\u00e1gina(s) que voc\u00ea imprimir<\/li><li>Salve o arquivo final<\/li><\/ol>\n\n\n\n<h2 class=\"wp-block-heading\"><a href=\"https:\/\/sbbd.org.br\/2023\/wp-content\/uploads\/sites\/16\/2023\/10\/certificados-kdmile.pdf\">KDMiLe<\/a><\/h2>\n\n\n\n<h2 class=\"wp-block-heading\">SBBD<\/h2>\n\n\n\n<ul class=\"wp-block-list\"><li><a href=\"https:\/\/sbbd.org.br\/2023\/wp-content\/uploads\/sites\/16\/2023\/10\/certificados-bresci.pdf\">BreSci<\/a><\/li><li><a href=\"https:\/\/sbbd.org.br\/2023\/wp-content\/uploads\/sites\/16\/2023\/10\/certificados-ctdbd.pdf\">CTDBD<\/a><\/li><li><a href=\"https:\/\/sbbd.org.br\/2023\/wp-content\/uploads\/sites\/16\/2023\/10\/certificados-demos.pdf\">Demos<\/a><\/li><li><a href=\"https:\/\/sbbd.org.br\/2023\/wp-content\/uploads\/sites\/16\/2023\/10\/certificados-dexea.pdf\">DEXEA<\/a><\/li><li><a href=\"https:\/\/sbbd.org.br\/2023\/wp-content\/uploads\/sites\/16\/2023\/10\/certificados-dsw.pdf\">DSW<\/a><\/li><li><a href=\"https:\/\/sbbd.org.br\/2023\/wp-content\/uploads\/sites\/16\/2023\/10\/certificados-full-papers.pdf\">Full Papers<\/a><\/li><li><a href=\"https:\/\/sbbd.org.br\/2023\/wp-content\/uploads\/sites\/16\/2023\/10\/certificados-maratonasql.pdf\">Maratona SQL<\/a><\/li><li><a href=\"https:\/\/sbbd.org.br\/2023\/wp-content\/uploads\/sites\/16\/2023\/10\/certificados-minicursos.pdf\">Minicursos<\/a><\/li><li><a href=\"https:\/\/sbbd.org.br\/2023\/wp-content\/uploads\/sites\/16\/2023\/10\/certificados-short-papers.pdf\">Short Papers<\/a><\/li><li><a href=\"https:\/\/sbbd.org.br\/2023\/wp-content\/uploads\/sites\/16\/2023\/10\/certificados-tutoriais.pdf\">Tutoriais<\/a><\/li><li><a href=\"https:\/\/sbbd.org.br\/2023\/wp-content\/uploads\/sites\/16\/2023\/10\/certificados-workshops.pdf\">Workshops<\/a><\/li><li><a href=\"https:\/\/sbbd.org.br\/2023\/wp-content\/uploads\/sites\/16\/2023\/10\/certificados-wtag.pdf\">WTAG<\/a><\/li><li>WTDBD<\/li><\/ul>\n\n\n\n<h2 class=\"wp-block-heading\">Organiza\u00e7\u00e3o<\/h2>\n\n\n\n<ul class=\"wp-block-list\"><li><a href=\"https:\/\/sbbd.org.br\/2023\/wp-content\/uploads\/sites\/16\/2023\/10\/certificados-voluntarios.pdf\">Volunt\u00e1rios<\/a><\/li><\/ul>\n","protected":false},"excerpt":{"rendered":"<p>Baixe aqui o seu certificado do SBBD\/KDMiLe 2023. Os certificados est\u00e3o agrupados por evento, ent\u00e3o para salvar o seu certificado&hellip; <\/p>\n","protected":false},"author":32,"featured_media":0,"parent":0,"menu_order":0,"comment_status":"closed","ping_status":"closed","template":"","meta":{"footnotes":""},"class_list":["post-7803","page","type-page","status-publish","hentry"],"_links":{"self":[{"href":"https:\/\/sbbd.org.br\/2023\/wp-json\/wp\/v2\/pages\/7803","targetHints":{"allow":["GET"]}}],"collection":[{"href":"https:\/\/sbbd.org.br\/2023\/wp-json\/wp\/v2\/pages"}],"about":[{"href":"https:\/\/sbbd.org.br\/2023\/wp-json\/wp\/v2\/types\/page"}],"author":[{"embeddable":true,"href":"https:\/\/sbbd.org.br\/2023\/wp-json\/wp\/v2\/users\/32"}],"replies":[{"embeddable":true,"href":"https:\/\/sbbd.org.br\/2023\/wp-json\/wp\/v2\/comments?post=7803"}],"version-history":[{"count":9,"href":"https:\/\/sbbd.org.br\/2023\/wp-json\/wp\/v2\/pages\/7803\/revisions"}],"predecessor-version":[{"id":7842,"href":"https:\/\/sbbd.org.br\/2023\/wp-json\/wp\/v2\/pages\/7803\/revisions\/7842"}],"wp:attachment":[{"href":"https:\/\/sbbd.org.br\/2023\/wp-json\/wp\/v2\/media?parent=7803"}],"curies":[{"name":"wp","href":"https:\/\/api.w.org\/{rel}","templated":true}]}}