{"id":7768,"date":"2023-09-21T18:47:12","date_gmt":"2023-09-21T21:47:12","guid":{"rendered":"https:\/\/sbbd.org.br\/2023\/?page_id=7768"},"modified":"2023-09-22T16:04:44","modified_gmt":"2023-09-22T19:04:44","slug":"informacoes-sobre-refeicoes","status":"publish","type":"page","link":"https:\/\/sbbd.org.br\/2023\/informacoes-sobre-refeicoes\/","title":{"rendered":"Op\u00e7\u00f5es para Refei\u00e7\u00f5es"},"content":{"rendered":"\n<p><em>Essas s\u00e3o algumas sugest\u00f5es, mas como BH \u00e9 conhecida nacionalmente pela sua deliciosa culin\u00e1ria, as possibilidades s\u00e3o <strong>infinitas<\/strong>! \ud83e\udd29<\/em><\/p>\n\n\n\n<h2 class=\"wp-block-heading\">Restaurantes Parceiros<\/h2>\n\n\n\n<h3 class=\"wp-block-heading\"><strong>Bar e Restaurante do Cl\u00f3vis ($)<\/strong><\/h3>\n\n\n\n<p><strong>Endere\u00e7o:<\/strong> Rua Alagoas, 612 &#8211; Savassi, Belo Horizonte<br><strong>Dist\u00e2ncia at\u00e9 a PUC Liberdade:<\/strong> 280m (4min a p\u00e9)<br><strong>Hor\u00e1rio de funcionamento: <\/strong>Segunda a s\u00e1bado, de 8h \u00e0s 0h<br><strong><em><mark style=\"background-color:#fcb900\" class=\"has-inline-color\">10% de desconto para participantes do SBBD\/KDMiLe 2023<\/mark><\/em><\/strong><mark style=\"background-color:#fcb900\" class=\"has-inline-color\"> <em>&#8211; Basta mostrar o crach\u00e1 do evento<\/em><\/mark><\/p>\n\n\n\n<h3 class=\"wp-block-heading\"><strong>Attelier Savassi | Self-service ($$)<\/strong><\/h3>\n\n\n\n<p><strong>Endere\u00e7o:<\/strong> Rua Alagoas, 763 &#8211; Savassi, Belo Horizonte<br><strong>Dist\u00e2ncia at\u00e9 a PUC Liberdade:<\/strong> 250m (3min a p\u00e9)<br><strong>Hor\u00e1rio de funcionamento: <\/strong>Segunda a s\u00e1bado, de 11h \u00e0s 14h30<br><strong>Instagram: <\/strong><a href=\"https:\/\/www.instagram.com\/atteliersavassi_\/\">@atteliersavassi_<\/a><br><strong><em><mark style=\"background-color:#fcb900\" class=\"has-inline-color\">5% de desconto para participantes do SBBD\/KDMiLe 2023<\/mark><\/em><\/strong><mark style=\"background-color:#fcb900\" class=\"has-inline-color\"> <em>&#8211; Basta mostrar o crach\u00e1 do evento<\/em><\/mark><\/p>\n\n\n\n<hr class=\"wp-block-separator has-alpha-channel-opacity\"\/>\n\n\n\n<h2 class=\"wp-block-heading\">Outros Restaurantes<\/h2>\n\n\n\n<h3 class=\"wp-block-heading\"><strong>Pallet&#8217;s Beer ($)<\/strong><\/h3>\n\n\n\n<p><strong>Endere\u00e7o:<\/strong> Avenida Brasil, 1970 &#8211; Funcion\u00e1rios, Belo Horizonte<br><strong>Dist\u00e2ncia at\u00e9 a PUC Liberdade:<\/strong> 160m (2min a p\u00e9)<br><strong>Hor\u00e1rio de funcionamento: <\/strong><br><strong>Site: <\/strong><a href=\"http:\/\/www.instagram.com\/palletsbeer\">@palletsbeer<\/a><\/p>\n\n\n\n<h3 class=\"wp-block-heading\"><strong>Almanaque ($$)<\/strong><\/h3>\n\n\n\n<p><strong>Endere\u00e7o:<\/strong> Rua Alagoas, 626 &#8211; Savassi, Belo Horizonte<br><strong>Dist\u00e2ncia at\u00e9 a PUC Liberdade:<\/strong> 240m (3min a p\u00e9)<br><strong>Hor\u00e1rio de funcionamento: <\/strong>Segunda a domingo, de 11h30 \u00e0s 1h<br><strong>Site: <\/strong><a href=\"http:\/\/www.chopperiaalmanaque.com.br\">www.chopperiaalmanaque.com.br<\/a><\/p>\n\n\n\n<h3 class=\"wp-block-heading\"><strong>Amadeus ($$)<\/strong><\/h3>\n\n\n\n<p><strong>Endere\u00e7o:<\/strong> Rua Alagoas, 701 &#8211; Boa Viagem, Belo Horizonte<br><strong>Dist\u00e2ncia at\u00e9 a PUC Liberdade:<\/strong> 240m (3min a p\u00e9)<br><strong>Hor\u00e1rio de funcionamento: <\/strong>Todos os dias, de 11h30 \u00e0s 14h30<br><strong>Instagram<\/strong>:  <a href=\"http:\/\/www.instagram.com\/amadeusrestauranteebar\">@amadeusrestauranteebar<\/a><\/p>\n\n\n\n<h3 class=\"wp-block-heading\"><strong>Andrade Colaborativo ($$)<\/strong><\/h3>\n\n\n\n<p><strong>Endere\u00e7o:<\/strong> Rua Alagoas, 851 &#8211; Savassi, Belo Horizonte<br><strong>Dist\u00e2ncia at\u00e9 a PUC Liberdade:<\/strong> 260m (3min a p\u00e9)<br><strong>Hor\u00e1rio de funcionamento: <\/strong>Segunda a sexta, de 11h \u00e0s 15h30<br><strong>Instagram: <\/strong><a href=\"https:\/\/www.instagram.com\/andradecolaborativo\/\">@andradecolaborativo<\/a><\/p>\n\n\n\n<h3 class=\"wp-block-heading\"><strong>Santa Rita Restaurante ($$)<\/strong><\/h3>\n\n\n\n<p><strong>Endere\u00e7o:<\/strong> Rua Santa Rita Dur\u00e3o, 999 &#8211; Savassi, Belo Horizonte<br><strong>Dist\u00e2ncia at\u00e9 a PUC Liberdade:<\/strong> 300m (4min a p\u00e9)<br><strong>Hor\u00e1rio de funcionamento: <\/strong>Segunda a sexta, de 11h30 \u00e0s 14h30<\/p>\n\n\n\n<h3 class=\"wp-block-heading\"><strong>Casa Amora ($$)<\/strong><\/h3>\n\n\n\n<p><strong>Endere\u00e7o:<\/strong> Rua Para\u00edba, 941 &#8211; Savassi, Belo Horizonte<br><strong>Dist\u00e2ncia at\u00e9 a PUC Liberdade:<\/strong> 500m (7min a p\u00e9)<br><strong>Hor\u00e1rio de funcionamento: <\/strong>Segunda a sexta, de 11h30 \u00e0s 14h30<br><strong>Instagram<\/strong>: <a href=\"http:\/\/www.instagram.com\/casaamorabh\">@casaamorabh<\/a><\/p>\n\n\n\n<h3 class=\"wp-block-heading\"><strong>No Quintal com Chefs ($$)<\/strong><\/h3>\n\n\n\n<p><strong>Endere\u00e7o:<\/strong> Rua Para\u00edba, 755 &#8211; Santa Efig\u00eania, Belo Horizonte<br><strong>Dist\u00e2ncia at\u00e9 a PUC Liberdade:<\/strong> 550m (7min a p\u00e9)<br><strong>Hor\u00e1rio de funcionamento: <\/strong>Quarta a s\u00e1bado, de 11h30 \u00e0s 15h<br><strong>Instagram<\/strong>: <a href=\"http:\/\/www.instagram.com\/noquintalcomchefs\">@noquintalcomchefs<\/a><\/p>\n\n\n\n<h3 class=\"wp-block-heading\"><strong>Magn\u00f3lia ($$$)<\/strong><\/h3>\n\n\n\n<p><strong>Endere\u00e7o:<\/strong> Rua Sergipe, 314 &#8211; Boa Viagem, Belo Horizonte<br><strong>Dist\u00e2ncia at\u00e9 a PUC Liberdade:<\/strong> 550m (7min a p\u00e9)<br><strong>Hor\u00e1rio de funcionamento: <\/strong>Segunda a sexta, de 11h30 \u00e0s 15h<br><strong>Instagram<\/strong>: <a href=\"http:\/\/www.instagram.com\/magnoliarestaurante\">@magnoliarestaurante<\/a><\/p>\n\n\n\n<h3 class=\"wp-block-heading\"><strong>Restaurante do Minas I ($$)<\/strong><\/h3>\n\n\n\n<p><strong>Endere\u00e7o:<\/strong> Rua da Bahia, 2244 &#8211; Lourdes, Belo Horizonte<br><strong>Dist\u00e2ncia at\u00e9 a PUC Liberdade:<\/strong> 600m (8min a p\u00e9)<br><strong>Hor\u00e1rio de funcionamento: <\/strong>Ter\u00e7a a sexta, de 11h \u00e0s 23h<br><strong>Instagram<\/strong>: <a href=\"http:\/\/www.instagram.com\/restaurantedominas1\">@restaurantedominas1<\/a><\/p>\n\n\n\n<h3 class=\"wp-block-heading\"><strong>Casa dos Contos ($$)<\/strong><\/h3>\n\n\n\n<p><strong>Endere\u00e7o:<\/strong> Rua Rio Grande do Norte, 1065 &#8211; Savassi, Belo Horizonte<br><strong>Dist\u00e2ncia at\u00e9 a PUC Liberdade:<\/strong> 650m (8min a p\u00e9)<br><strong>Hor\u00e1rio de funcionamento: <\/strong>Todos os dias, de 11h30 \u00e0s 0h<br><strong>Instagram<\/strong>: <a href=\"http:\/\/www.instagram.com\/casadoscontos\">@casadoscontos<\/a><\/p>\n","protected":false},"excerpt":{"rendered":"<p>Essas s\u00e3o algumas sugest\u00f5es, mas como BH \u00e9 conhecida nacionalmente pela sua deliciosa culin\u00e1ria, as possibilidades s\u00e3o infinitas! \ud83e\udd29 Restaurantes&hellip; <\/p>\n","protected":false},"author":32,"featured_media":0,"parent":0,"menu_order":0,"comment_status":"closed","ping_status":"closed","template":"","meta":{"footnotes":""},"class_list":["post-7768","page","type-page","status-publish","hentry"],"_links":{"self":[{"href":"https:\/\/sbbd.org.br\/2023\/wp-json\/wp\/v2\/pages\/7768","targetHints":{"allow":["GET"]}}],"collection":[{"href":"https:\/\/sbbd.org.br\/2023\/wp-json\/wp\/v2\/pages"}],"about":[{"href":"https:\/\/sbbd.org.br\/2023\/wp-json\/wp\/v2\/types\/page"}],"author":[{"embeddable":true,"href":"https:\/\/sbbd.org.br\/2023\/wp-json\/wp\/v2\/users\/32"}],"replies":[{"embeddable":true,"href":"https:\/\/sbbd.org.br\/2023\/wp-json\/wp\/v2\/comments?post=7768"}],"version-history":[{"count":3,"href":"https:\/\/sbbd.org.br\/2023\/wp-json\/wp\/v2\/pages\/7768\/revisions"}],"predecessor-version":[{"id":7777,"href":"https:\/\/sbbd.org.br\/2023\/wp-json\/wp\/v2\/pages\/7768\/revisions\/7777"}],"wp:attachment":[{"href":"https:\/\/sbbd.org.br\/2023\/wp-json\/wp\/v2\/media?parent=7768"}],"curies":[{"name":"wp","href":"https:\/\/api.w.org\/{rel}","templated":true}]}}