{"id":7702,"date":"2023-09-15T14:32:53","date_gmt":"2023-09-15T17:32:53","guid":{"rendered":"https:\/\/sbbd.org.br\/2023\/?page_id=7702"},"modified":"2023-09-25T17:01:22","modified_gmt":"2023-09-25T20:01:22","slug":"sbbd-sponsored-keynote-2","status":"publish","type":"page","link":"https:\/\/sbbd.org.br\/2023\/sbbd-sponsored-keynote-2\/","title":{"rendered":"SBBD Keynote &#8211; Solides"},"content":{"rendered":"\n<h2 class=\"wp-block-heading\"><strong>Fl\u00e1vio Soma<\/strong><\/h2>\n\n\n\n<p><\/p>\n\n\n\n<div class=\"wp-block-media-text alignwide is-stacked-on-mobile\" style=\"grid-template-columns:28% auto\"><figure class=\"wp-block-media-text__media\"><img loading=\"lazy\" decoding=\"async\" width=\"512\" height=\"458\" src=\"https:\/\/sbbd.org.br\/2023\/wp-content\/uploads\/sites\/16\/2023\/09\/keynote_solides.jpeg\" alt=\"\" class=\"wp-image-7779 size-full\" srcset=\"https:\/\/sbbd.org.br\/2023\/wp-content\/uploads\/sites\/16\/2023\/09\/keynote_solides.jpeg 512w, https:\/\/sbbd.org.br\/2023\/wp-content\/uploads\/sites\/16\/2023\/09\/keynote_solides-300x268.jpeg 300w\" sizes=\"auto, (max-width: 512px) 100vw, 512px\" \/><\/figure><div class=\"wp-block-media-text__content\">\n<p><strong>Bio:<\/strong> Atua como Head de Produto na S\u00f3lides, l\u00edder \u00e1gil com mais de 10 anos de experi\u00eancia em gest\u00e3o de produtos e forte compreens\u00e3o do processo de cria\u00e7\u00e3o e entrega de projetos &#8211; desde a pesquisa e design, at\u00e9 a produ\u00e7\u00e3o e implementa\u00e7\u00e3o. Formado em Designer Gr\u00e1fico pela FUMEC, p\u00f3s graduado em Design da Intera\u00e7\u00e3o e Business Analytics pela PUC-MG.<\/p>\n<\/div><\/div>\n\n\n\n<p> <\/p>\n","protected":false},"excerpt":{"rendered":"<p>Fl\u00e1vio Soma Bio: Atua como Head de Produto na S\u00f3lides, l\u00edder \u00e1gil com mais de 10 anos de experi\u00eancia em&hellip; <\/p>\n","protected":false},"author":32,"featured_media":0,"parent":0,"menu_order":0,"comment_status":"closed","ping_status":"closed","template":"","meta":{"footnotes":""},"class_list":["post-7702","page","type-page","status-publish","hentry"],"_links":{"self":[{"href":"https:\/\/sbbd.org.br\/2023\/wp-json\/wp\/v2\/pages\/7702","targetHints":{"allow":["GET"]}}],"collection":[{"href":"https:\/\/sbbd.org.br\/2023\/wp-json\/wp\/v2\/pages"}],"about":[{"href":"https:\/\/sbbd.org.br\/2023\/wp-json\/wp\/v2\/types\/page"}],"author":[{"embeddable":true,"href":"https:\/\/sbbd.org.br\/2023\/wp-json\/wp\/v2\/users\/32"}],"replies":[{"embeddable":true,"href":"https:\/\/sbbd.org.br\/2023\/wp-json\/wp\/v2\/comments?post=7702"}],"version-history":[{"count":2,"href":"https:\/\/sbbd.org.br\/2023\/wp-json\/wp\/v2\/pages\/7702\/revisions"}],"predecessor-version":[{"id":7780,"href":"https:\/\/sbbd.org.br\/2023\/wp-json\/wp\/v2\/pages\/7702\/revisions\/7780"}],"wp:attachment":[{"href":"https:\/\/sbbd.org.br\/2023\/wp-json\/wp\/v2\/media?parent=7702"}],"curies":[{"name":"wp","href":"https:\/\/api.w.org\/{rel}","templated":true}]}}