{"id":7672,"date":"2023-09-12T22:50:01","date_gmt":"2023-09-13T01:50:01","guid":{"rendered":"https:\/\/sbbd.org.br\/2023\/?page_id=7672"},"modified":"2023-09-12T22:56:08","modified_gmt":"2023-09-13T01:56:08","slug":"sbbd-demos-program","status":"publish","type":"page","link":"https:\/\/sbbd.org.br\/2023\/sbbd-demos-program\/","title":{"rendered":"Demos &#8211; Programa\u00e7\u00e3o"},"content":{"rendered":"\n<div style=\"height:22px\" aria-hidden=\"true\" class=\"wp-block-spacer\"><\/div>\n\n\n\n<h4 class=\"wp-block-heading\"><mark style=\"background-color:#ffffff\" class=\"has-inline-color has-luminous-vivid-orange-color\">Quarta-feira, 27 de setembro de 2023<\/mark><\/h4>\n\n\n\n<figure class=\"wp-block-table is-style-stripes has-small-font-size\"><table><thead><tr><th class=\"has-text-align-left\" data-align=\"left\">Trabalhos Participantes <\/th><\/tr><\/thead><tbody><tr><td class=\"has-text-align-left\" data-align=\"left\">ENoW &#8211; Extrator de Dados de Not\u00edcias da Web<em><br>Lisiane Reips (UFPR), Martin Musicante (UFRN), Genoveva Vargas-Solar (CNRS &#8211; U. Lyon\/Fra), Aurora Pozo(UFPR), Carmem Hara (UFPR)<\/em><\/td><\/tr><tr><td class=\"has-text-align-left\" data-align=\"left\">INSTRUCTOR: uma Ferramenta para An\u00e1lise de Trajet\u00f3rias An\u00f4malas de Navios por Meio de Algoritmos de Agrupamento<em><br>Cl\u00e1udio Ribeiro (UFF), Aline Paes (UFF), Daniel de Oliveira(UFF)<\/em><\/td><\/tr><tr><td class=\"has-text-align-left\" data-align=\"left\">Flower-PROV: Captura Distribu\u00edda de Dados de Proveni\u00eancia em Experimentos de Aprendizado Federado<em><br>Camila Lopes (UFF), Alan Nunes (UFF), Cristina Boeres (UFF), L\u00facia Drummond (UFF), Daniel de Oliveira (UFF)<\/em><\/td><\/tr><tr><td class=\"has-text-align-left\" data-align=\"left\">MobApp: A Data Visualization Tool for Trajectory Analysis<em><br>Michael Cruz (UFPE), Fernando Neto (UFPE), Luciano Barbosa (UFPE)<\/em><\/td><\/tr><tr><td class=\"has-text-align-left\" data-align=\"left\">LiRB: Um Navegador Leve Baseado em Texto para Knowledge Graphs RDF<em><br>Caio Viktor Avila (UFC), Vania Vidal (UFC)<\/em><\/td><\/tr><tr><td class=\"has-text-align-left\" data-align=\"left\">Pluv-Web: um Gateway Cient\u00edfico Orientado a Dados para An\u00e1lise e Monitoramento de Chuvas na Cidade de Niter\u00f3i<em><br>Fabio Victorino (UFF), Annie Amorim (UFF), Kaio Pereira (UFF), Gabriel Assis (UFF), Arthur Poustka (UFF), Felipe Oliveira (UFF), Yuri Frota (UFF), Andressa Nemirovsky (Defesa Civil &#8211; Niter\u00f3i\/RJ), Nathalia Moura (UFF), Aline Paes (UFF), Marcos Lage (UFF), Daniel de Oliveira (UFF)<\/em><\/td><\/tr><tr><td class=\"has-text-align-left\" data-align=\"left\">STMotif Explorer: A Tool for Spatiotemporal Motif Analysis<em><br>Heraldo Borges (CEFET\/RJ), Antonio Castro (CEFET\/RJ), Rafaelli Coutinho (CEFET\/RJ), Fabio Porto (LNCC), Esther Pacitti (INRIA\/Fra), Eduardo Ogasawara(CEFET\/RJ)<\/em><\/td><\/tr><tr><td class=\"has-text-align-left\" data-align=\"left\">ALTES: uma Ferramenta de Rotula\u00e7\u00e3o Autom\u00e1tica de T\u00f3picos por meio de Fontes Externas<em><br>Annie Amorim (UFF), Nils Murrugarra-Llerena (Weber State University\/USA), V\u00edtor Silva (UFRJ), Daniel de Oliveira(UFF), Aline Paes (UFF)<\/em><\/td><\/tr><tr><td class=\"has-text-align-left\" data-align=\"left\">MoreData: Enriquecimento Sem\u00e2ntico para Grandes Volumes de Dados Geolocalizados<em><br>Germano dos Santos (UFV), Leonardo Figueiredo (UFMG), Fabr\u00edcio Silva (UFV), Antonio Loureiro (UFMG)<\/em><\/td><\/tr><tr><td class=\"has-text-align-left\" data-align=\"left\">Desenvolvimento de um Sistema para Gest\u00e3o de Propriedade Intelectual para Institui\u00e7\u00f5es de Ci\u00eancia e Tecnologia<br><em>Arthur Teles (CEFET\/MG), Eduardo de Souza (CEFET\/MG), Eloy Maciel (CEFET\/MG), Isaac da Silva (CEFET\/MG), Izabela de Andrade (CEFET\/MG), Lara Santos (CEFET\/MG), Mateus Sobreira (CEFET\/MG), Mayara Mendes (CEFET\/MG), Marcela Silv\u00e9rio (CEFET\/MG), T\u00e1ssyla Lima (CEFET\/MG), Andr\u00e9 da Cruz (CEFET\/MG), Daniel Hasan (CEFET\/MG)<\/em><\/td><\/tr><\/tbody><\/table><\/figure>\n\n\n\n<p><\/p>\n\n\n\n<p><\/p>\n\n\n\n<p><\/p>\n","protected":false},"excerpt":{"rendered":"<p>Quarta-feira, 27 de setembro de 2023 Trabalhos Participantes ENoW &#8211; Extrator de Dados de Not\u00edcias da WebLisiane Reips (UFPR), Martin&hellip; <\/p>\n","protected":false},"author":32,"featured_media":0,"parent":0,"menu_order":0,"comment_status":"closed","ping_status":"closed","template":"","meta":{"footnotes":""},"class_list":["post-7672","page","type-page","status-publish","hentry"],"_links":{"self":[{"href":"https:\/\/sbbd.org.br\/2023\/wp-json\/wp\/v2\/pages\/7672","targetHints":{"allow":["GET"]}}],"collection":[{"href":"https:\/\/sbbd.org.br\/2023\/wp-json\/wp\/v2\/pages"}],"about":[{"href":"https:\/\/sbbd.org.br\/2023\/wp-json\/wp\/v2\/types\/page"}],"author":[{"embeddable":true,"href":"https:\/\/sbbd.org.br\/2023\/wp-json\/wp\/v2\/users\/32"}],"replies":[{"embeddable":true,"href":"https:\/\/sbbd.org.br\/2023\/wp-json\/wp\/v2\/comments?post=7672"}],"version-history":[{"count":1,"href":"https:\/\/sbbd.org.br\/2023\/wp-json\/wp\/v2\/pages\/7672\/revisions"}],"predecessor-version":[{"id":7673,"href":"https:\/\/sbbd.org.br\/2023\/wp-json\/wp\/v2\/pages\/7672\/revisions\/7673"}],"wp:attachment":[{"href":"https:\/\/sbbd.org.br\/2023\/wp-json\/wp\/v2\/media?parent=7672"}],"curies":[{"name":"wp","href":"https:\/\/api.w.org\/{rel}","templated":true}]}}