{"id":7641,"date":"2023-09-11T18:50:30","date_gmt":"2023-09-11T21:50:30","guid":{"rendered":"https:\/\/sbbd.org.br\/2023\/?page_id=7641"},"modified":"2023-09-11T18:53:32","modified_gmt":"2023-09-11T21:53:32","slug":"sbbd-sponsored-keynote-1","status":"publish","type":"page","link":"https:\/\/sbbd.org.br\/2023\/sbbd-sponsored-keynote-1\/","title":{"rendered":"SBBD Keynote &#8211; CockroachLabs"},"content":{"rendered":"\n<h2 class=\"wp-block-heading\"><strong>O mundo do Banco de Dados Distribu\u00eddo<\/strong><\/h2>\n\n\n\n<p><strong>Resumo: <\/strong>Banco de Dados distribu\u00eddo surgiu de uma necessidade, mas como ele realmente funciona e o que podemos fazer com ele? Nesta palestra mostrarei como ele \u00e9 necess\u00e1rio, alguns de seus conceitos b\u00e1sicos de funcionamento e suas vantagens. Usando CockroachDB como exemplo, mostrarei tamb\u00e9m algumas das suas funcionalidades, assim como sua observabilidade dispon\u00edvel. Muitas aplica\u00e7\u00f5es e servi\u00e7os est\u00e3o evoluindo, e seu banco de dados precisa evoluir com eles.<\/p>\n\n\n\n<div class=\"wp-block-media-text alignwide is-stacked-on-mobile\" style=\"grid-template-columns:28% auto\"><figure class=\"wp-block-media-text__media\"><img loading=\"lazy\" decoding=\"async\" width=\"970\" height=\"1024\" src=\"https:\/\/sbbd.org.br\/2023\/wp-content\/uploads\/sites\/16\/2023\/09\/profile-pic-marylia-970x1024.png\" alt=\"\" class=\"wp-image-7642 size-full\" srcset=\"https:\/\/sbbd.org.br\/2023\/wp-content\/uploads\/sites\/16\/2023\/09\/profile-pic-marylia-970x1024.png 970w, https:\/\/sbbd.org.br\/2023\/wp-content\/uploads\/sites\/16\/2023\/09\/profile-pic-marylia-284x300.png 284w, https:\/\/sbbd.org.br\/2023\/wp-content\/uploads\/sites\/16\/2023\/09\/profile-pic-marylia-768x811.png 768w, https:\/\/sbbd.org.br\/2023\/wp-content\/uploads\/sites\/16\/2023\/09\/profile-pic-marylia-1455x1536.png 1455w, https:\/\/sbbd.org.br\/2023\/wp-content\/uploads\/sites\/16\/2023\/09\/profile-pic-marylia.png 1622w\" sizes=\"auto, (max-width: 970px) 100vw, 970px\" \/><\/figure><div class=\"wp-block-media-text__content\">\n<p><strong>Bio:<\/strong> Marylia \u00e9 engenheira da computa\u00e7\u00e3o, com gradua\u00e7\u00e3o e mestrado pela Escola Polit\u00e9cnica da Universidade de S\u00e3o Paulo. Atua h\u00e1 mais de 10 anos no mercado como desenvolvedora full-stack e h\u00e1 dois anos tamb\u00e9m como gerente de engenharia. Trabalha na CockroachLabs, sendo respons\u00e1vel pela \u00e1rea de Observabilidade do Cluster, ajudando usu\u00e1rios a entenderem o que est\u00e1 acontecendo com seu banco de dados.<\/p>\n<\/div><\/div>\n\n\n\n<p> <\/p>\n","protected":false},"excerpt":{"rendered":"<p>O mundo do Banco de Dados Distribu\u00eddo Resumo: Banco de Dados distribu\u00eddo surgiu de uma necessidade, mas como ele realmente&hellip; <\/p>\n","protected":false},"author":32,"featured_media":0,"parent":0,"menu_order":0,"comment_status":"closed","ping_status":"closed","template":"","meta":{"footnotes":""},"class_list":["post-7641","page","type-page","status-publish","hentry"],"_links":{"self":[{"href":"https:\/\/sbbd.org.br\/2023\/wp-json\/wp\/v2\/pages\/7641","targetHints":{"allow":["GET"]}}],"collection":[{"href":"https:\/\/sbbd.org.br\/2023\/wp-json\/wp\/v2\/pages"}],"about":[{"href":"https:\/\/sbbd.org.br\/2023\/wp-json\/wp\/v2\/types\/page"}],"author":[{"embeddable":true,"href":"https:\/\/sbbd.org.br\/2023\/wp-json\/wp\/v2\/users\/32"}],"replies":[{"embeddable":true,"href":"https:\/\/sbbd.org.br\/2023\/wp-json\/wp\/v2\/comments?post=7641"}],"version-history":[{"count":1,"href":"https:\/\/sbbd.org.br\/2023\/wp-json\/wp\/v2\/pages\/7641\/revisions"}],"predecessor-version":[{"id":7643,"href":"https:\/\/sbbd.org.br\/2023\/wp-json\/wp\/v2\/pages\/7641\/revisions\/7643"}],"wp:attachment":[{"href":"https:\/\/sbbd.org.br\/2023\/wp-json\/wp\/v2\/media?parent=7641"}],"curies":[{"name":"wp","href":"https:\/\/api.w.org\/{rel}","templated":true}]}}