{"id":7568,"date":"2023-09-05T14:34:02","date_gmt":"2023-09-05T17:34:02","guid":{"rendered":"https:\/\/sbbd.org.br\/2023\/?page_id=7568"},"modified":"2023-09-05T14:39:25","modified_gmt":"2023-09-05T17:39:25","slug":"sbbd-dexea-program","status":"publish","type":"page","link":"https:\/\/sbbd.org.br\/2023\/sbbd-dexea-program\/","title":{"rendered":"DEXEA &#8211; Programa\u00e7\u00e3o"},"content":{"rendered":"\n<div style=\"height:22px\" aria-hidden=\"true\" class=\"wp-block-spacer\"><\/div>\n\n\n\n<h4 class=\"wp-block-heading\"><mark style=\"background-color:#ffffff\" class=\"has-inline-color has-luminous-vivid-orange-color\">Segunda-feira, 25 de setembro de 2023<\/mark><\/h4>\n\n\n\n<figure class=\"wp-block-table is-style-stripes has-small-font-size\"><table><thead><tr><th class=\"has-text-align-center\" data-align=\"center\">DEXEA ST1<\/th><th class=\"has-text-align-left\" data-align=\"left\">Sess\u00e3o T\u00e9cnica 1 <\/th><\/tr><\/thead><tbody><tr><td class=\"has-text-align-center\" data-align=\"center\">14:00<\/td><td class=\"has-text-align-left\" data-align=\"left\">An\u00e1lise da Varia\u00e7\u00e3o da Coes\u00e3o do Discurso sobre a COVID-19 em M\u00eddia Social<br><em>Joao Matheus Goncalves (UFRJ), Jonice Oliveira (UFRJ), Fabio Porto (LNCC), Tiago Fran\u00e7a (UFRRJ)<\/em><\/td><\/tr><tr><td class=\"has-text-align-center\" data-align=\"center\">14:30<\/td><td class=\"has-text-align-left\" data-align=\"left\">Precipitation Nowcasting using Data Augmentation <br><em>Eduardo Bezerra (CEFET\/RJ), Augusto Fonseca (CEFET\/RJ), Adriano Cabo (CEFET\/RJ), Fabio Porto (LNCC), Mariza Ferro (UFF)<\/em><\/td><\/tr><tr><td class=\"has-text-align-center\" data-align=\"center\">15:00<\/td><td class=\"has-text-align-left\" data-align=\"left\">Machine learning derived sub-seasonal to seasonal extremes <br><em>Daniel Salles Civitarese (IBM Research), Bianca Zadrozny (IBM Research)<\/em><\/td><\/tr><tr><td class=\"has-text-align-center\" data-align=\"center\">15:30<\/td><td class=\"has-text-align-left\" data-align=\"left\">Diversidade de Dados Meteorol\u00f3gicos da Cidade do Rio de Janeiro: Uma Proposta de Arquitetura de Armazenamento e Fluxo de Dados para Modelos de Previs\u00e3o <br><em>Bruno de Freitas (UFF), Augusto Fonseca (CEFET\/RJ), Eduardo Bezerra (CEFET\/RJ), Flavia Bernardini (UFF), Mariza Ferro (UFF)<\/em><\/td><\/tr><\/tbody><\/table><\/figure>\n\n\n\n<figure class=\"wp-block-table is-style-stripes has-small-font-size\"><table><thead><tr><th class=\"has-text-align-center\" data-align=\"center\">DEXEA <br>ST2<\/th><th class=\"has-text-align-left\" data-align=\"left\">Sess\u00e3o T\u00e9cnica 2<\/th><\/tr><\/thead><tbody><tr><td class=\"has-text-align-center\" data-align=\"center\">16:30<\/td><td class=\"has-text-align-left\" data-align=\"left\">Discuss\u00f5es<\/td><\/tr><\/tbody><\/table><\/figure>\n\n\n\n<p><\/p>\n\n\n\n<p><\/p>\n\n\n\n<p><\/p>\n","protected":false},"excerpt":{"rendered":"<p>Segunda-feira, 25 de setembro de 2023 DEXEA ST1 Sess\u00e3o T\u00e9cnica 1 14:00 An\u00e1lise da Varia\u00e7\u00e3o da Coes\u00e3o do Discurso sobre&hellip; <\/p>\n","protected":false},"author":32,"featured_media":0,"parent":0,"menu_order":0,"comment_status":"closed","ping_status":"closed","template":"","meta":{"footnotes":""},"class_list":["post-7568","page","type-page","status-publish","hentry"],"_links":{"self":[{"href":"https:\/\/sbbd.org.br\/2023\/wp-json\/wp\/v2\/pages\/7568","targetHints":{"allow":["GET"]}}],"collection":[{"href":"https:\/\/sbbd.org.br\/2023\/wp-json\/wp\/v2\/pages"}],"about":[{"href":"https:\/\/sbbd.org.br\/2023\/wp-json\/wp\/v2\/types\/page"}],"author":[{"embeddable":true,"href":"https:\/\/sbbd.org.br\/2023\/wp-json\/wp\/v2\/users\/32"}],"replies":[{"embeddable":true,"href":"https:\/\/sbbd.org.br\/2023\/wp-json\/wp\/v2\/comments?post=7568"}],"version-history":[{"count":3,"href":"https:\/\/sbbd.org.br\/2023\/wp-json\/wp\/v2\/pages\/7568\/revisions"}],"predecessor-version":[{"id":7571,"href":"https:\/\/sbbd.org.br\/2023\/wp-json\/wp\/v2\/pages\/7568\/revisions\/7571"}],"wp:attachment":[{"href":"https:\/\/sbbd.org.br\/2023\/wp-json\/wp\/v2\/media?parent=7568"}],"curies":[{"name":"wp","href":"https:\/\/api.w.org\/{rel}","templated":true}]}}