{"id":7522,"date":"2023-09-01T16:42:41","date_gmt":"2023-09-01T19:42:41","guid":{"rendered":"https:\/\/sbbd.org.br\/2023\/?page_id=7522"},"modified":"2023-09-01T16:48:53","modified_gmt":"2023-09-01T19:48:53","slug":"sbbd-wtdbd-program","status":"publish","type":"page","link":"https:\/\/sbbd.org.br\/2023\/sbbd-wtdbd-program\/","title":{"rendered":"WTDBD &#8211; Programa\u00e7\u00e3o"},"content":{"rendered":"\n<div style=\"height:22px\" aria-hidden=\"true\" class=\"wp-block-spacer\"><\/div>\n\n\n\n<h4 class=\"wp-block-heading\"><mark style=\"background-color:#ffffff\" class=\"has-inline-color has-luminous-vivid-orange-color\">Quarta-feira, 27 de setembro de 2023<\/mark><\/h4>\n\n\n\n<figure class=\"wp-block-table is-style-stripes has-small-font-size\"><table><thead><tr><th class=\"has-text-align-center\" data-align=\"center\">WTDBD <br>ST1<\/th><th class=\"has-text-align-center\" data-align=\"center\">N\u00edvel<\/th><th class=\"has-text-align-left\" data-align=\"left\">Trabalho<\/th><\/tr><\/thead><tbody><tr><td class=\"has-text-align-center\" data-align=\"center\">08:30<\/td><td class=\"has-text-align-center\" data-align=\"center\"><\/td><td class=\"has-text-align-left\" data-align=\"left\">Abertura<\/td><\/tr><tr><td class=\"has-text-align-center\" data-align=\"center\">08:45<\/td><td class=\"has-text-align-center\" data-align=\"center\">Doutorado<\/td><td class=\"has-text-align-left\" data-align=\"left\">Exploring Architectural Solutions for Implementing the FAIR Principles in Big Data Environments <br><em>Jo\u00e3o P. C. Castro (UFMG, USP), Cristina D. Aguiar (USP)<\/em><\/td><\/tr><tr><td class=\"has-text-align-center\" data-align=\"center\">09:20<\/td><td class=\"has-text-align-center\" data-align=\"center\">Mestrado<\/td><td class=\"has-text-align-left\" data-align=\"left\">Caramel Framework: An Ecosystems of Big Social Data <br><em>Paulo Freitas Silva J\u00fanior (UFRJ), Jonice Oliveira (UFRJ), Tiago Fran\u00e7a (UFRRJ)<\/em><\/td><\/tr><\/tbody><\/table><\/figure>\n\n\n\n<figure class=\"wp-block-table is-style-stripes has-small-font-size\"><table><thead><tr><th class=\"has-text-align-center\" data-align=\"center\">WTDBD ST2<\/th><th class=\"has-text-align-center\" data-align=\"center\">N\u00edvel<\/th><th class=\"has-text-align-left\" data-align=\"left\">Trabalho<\/th><\/tr><\/thead><tbody><tr><td class=\"has-text-align-center\" data-align=\"center\">14:00<\/td><td class=\"has-text-align-center\" data-align=\"center\">Doutorado<\/td><td class=\"has-text-align-left\" data-align=\"left\">Re-Think, Retrieve and Re-Ranking: A New Complementary Two-stage Retrieving and Re-ranking Pipeline for Extreme Multi-Label Text Classification <br><em>Celso Fran\u00e7a (UFMG), Berthier Ribeiro-Neto (UFMG), Marcos Andr\u00e9 Gon\u00e7alves (UFMG)<\/em><\/td><\/tr><tr><td class=\"has-text-align-center\" data-align=\"center\">14:35<\/td><td class=\"has-text-align-center\" data-align=\"center\">Mestrado<\/td><td class=\"has-text-align-left\" data-align=\"left\">Aprendizado Federado Sens\u00edvel ao Risco em Modelos de Ranqueamento <br><em>Gestefane Rabbi Magalh\u00e3es (UFMG), Celso Fran\u00e7a (UFMG), Marcos Andr\u00e9 Gon\u00e7alves (UFMG), Daniel Xavier de Sousa (IFG)<\/em><\/td><\/tr><tr><td class=\"has-text-align-center\" data-align=\"center\">15:05<\/td><td class=\"has-text-align-center\" data-align=\"center\">Doutorado<\/td><td class=\"has-text-align-left\" data-align=\"left\">Ensemble of Term Classification (ETC): Classifying Word Occurrences <br><em>V\u00edtor Mangaravite (UFMG), Marcos Andr\u00e9 Gon\u00e7alves (UFMG)<\/em><\/td><\/tr><\/tbody><\/table><\/figure>\n\n\n\n<p><\/p>\n\n\n\n<p><\/p>\n\n\n\n<p><\/p>\n","protected":false},"excerpt":{"rendered":"<p>Quarta-feira, 27 de setembro de 2023 WTDBD ST1 N\u00edvel Trabalho 08:30 Abertura 08:45 Doutorado Exploring Architectural Solutions for Implementing the&hellip; <\/p>\n","protected":false},"author":32,"featured_media":0,"parent":0,"menu_order":0,"comment_status":"closed","ping_status":"closed","template":"","meta":{"footnotes":""},"class_list":["post-7522","page","type-page","status-publish","hentry"],"_links":{"self":[{"href":"https:\/\/sbbd.org.br\/2023\/wp-json\/wp\/v2\/pages\/7522","targetHints":{"allow":["GET"]}}],"collection":[{"href":"https:\/\/sbbd.org.br\/2023\/wp-json\/wp\/v2\/pages"}],"about":[{"href":"https:\/\/sbbd.org.br\/2023\/wp-json\/wp\/v2\/types\/page"}],"author":[{"embeddable":true,"href":"https:\/\/sbbd.org.br\/2023\/wp-json\/wp\/v2\/users\/32"}],"replies":[{"embeddable":true,"href":"https:\/\/sbbd.org.br\/2023\/wp-json\/wp\/v2\/comments?post=7522"}],"version-history":[{"count":2,"href":"https:\/\/sbbd.org.br\/2023\/wp-json\/wp\/v2\/pages\/7522\/revisions"}],"predecessor-version":[{"id":7524,"href":"https:\/\/sbbd.org.br\/2023\/wp-json\/wp\/v2\/pages\/7522\/revisions\/7524"}],"wp:attachment":[{"href":"https:\/\/sbbd.org.br\/2023\/wp-json\/wp\/v2\/media?parent=7522"}],"curies":[{"name":"wp","href":"https:\/\/api.w.org\/{rel}","templated":true}]}}