{"id":7518,"date":"2023-09-01T16:34:10","date_gmt":"2023-09-01T19:34:10","guid":{"rendered":"https:\/\/sbbd.org.br\/2023\/?page_id=7518"},"modified":"2023-09-01T16:48:39","modified_gmt":"2023-09-01T19:48:39","slug":"sbbd-wtag-program","status":"publish","type":"page","link":"https:\/\/sbbd.org.br\/2023\/sbbd-wtag-program\/","title":{"rendered":"WTAG &#8211; Programa\u00e7\u00e3o"},"content":{"rendered":"\n<div style=\"height:22px\" aria-hidden=\"true\" class=\"wp-block-spacer\"><\/div>\n\n\n\n<h4 class=\"wp-block-heading\"><mark style=\"background-color:#ffffff\" class=\"has-inline-color has-luminous-vivid-orange-color\">Quarta-feira, 27 de setembro de 2023<\/mark><\/h4>\n\n\n\n<figure class=\"wp-block-table is-style-stripes has-small-font-size\"><table><thead><tr><th class=\"has-text-align-center\" data-align=\"center\">WTAG ST1<\/th><th class=\"has-text-align-left\" data-align=\"left\">Sess\u00e3o T\u00e9cnica 1<\/th><\/tr><\/thead><tbody><tr><td class=\"has-text-align-center\" data-align=\"center\">08:30<\/td><td class=\"has-text-align-left\" data-align=\"left\">Melhorando a Experi\u00eancia do Cliente Online: Um Estudo de Caso com Medidas de Similaridade <br><em>Fabr\u00edcia de Jesus Santos (Universidade Federal de Sergipe), Layla Joana Santos (Universidade Federal de Sergipe), Methanias Cola\u00e7o J\u00fanior (Universidade Federal de Sergipe)<\/em><\/td><\/tr><tr><td class=\"has-text-align-center\" data-align=\"center\">08:45<\/td><td class=\"has-text-align-left\" data-align=\"left\">Grace: Sistema de Recomenda\u00e7\u00e3o de Curr\u00edculos com Intelig\u00eancia Artificial<br><em>Robson Bonidia (University of S\u00e3o Paulo), Ana Clara Medeiros (Faculdade de Tecnologia de Ourinhos), Mariana Macedo (Faculdade de Tecnologia de Ourinhos), Julia Longo (Faculdade de Tecnologia de Ourinhos), Jo\u00e3o Fernando Franciscon (Faculdade de Tecnologia de Ourinhos), Marcos Vinicius Moraes (Faculdade de Tecnologia de Ourinhos)<\/em><\/td><\/tr><tr><td class=\"has-text-align-center\" data-align=\"center\">09:00<\/td><td class=\"has-text-align-left\" data-align=\"left\">Strategies Selection for a Fair Classification in Logistic Regression: A Comparative Analysis <br><em>Murilo Almeida Pinheiro (Universidade Federal do Cear\u00e1), Maria de Lourdes Silva (Universidade Federal do Cear\u00e1), Javam Machado (Universidade Federal do Cear\u00e1)<\/em><\/td><\/tr><tr><td class=\"has-text-align-center\" data-align=\"center\">09:15<\/td><td class=\"has-text-align-left\" data-align=\"left\">Predizendo os Vencedores dos Playoffs: Um Estudo de Caso com Aprendizado de M\u00e1quina em Partidas de Futebol Americano <br><em>Robson Bonidia (University of S\u00e3o Paulo), Danielle Bernardes (Faculdade de Tecnologia de Ourinhos), Jo\u00e3o Fernando Franciscon (Faculdade de Tecnologia de Ourinhos), Fernando Araujo (Faculdade de Tecnologia de Ourinhos), Marcos Oliveira (Faculdade de Tecnologia de Ourinhos)<\/em><\/td><\/tr><tr><td class=\"has-text-align-center\" data-align=\"center\">09:30<\/td><td class=\"has-text-align-left\" data-align=\"left\">An\u00e1lise da Mobilidade Urbana por meio de Redes Sociais Baseadas em Localiza\u00e7\u00e3o: Estudo de Caso em Cidades Inteligentes <br><em>Jo\u00e3o Augusto dos Santos Silva (PUC Minas), Felipe Domingos da Cunha (PUC-Minas), Silvio Guimar\u00e3es (PUC Minas)<\/em><\/td><\/tr><tr><td class=\"has-text-align-center\" data-align=\"center\">09:45<\/td><td class=\"has-text-align-left\" data-align=\"left\">Gerenciamento de Dados de Redes Sociais com An\u00e1lise de Redes e Modelagem de T\u00f3picos <br><em>Mariana Barreto (PUC-Rio), Sergio Lifschitz (PUC-Rio), Marcos Villas (PUC-Rio), Isabella dos Santos (PUC-Rio), Alexandre Heine (PUC-Rio), Marina Schuler (PUC-Rio), Andr\u00e9 Luiz da Cunha R\u00eago (PUC-Rio)<\/em><\/td><\/tr><\/tbody><\/table><\/figure>\n\n\n\n<hr class=\"wp-block-separator has-alpha-channel-opacity\"\/>\n\n\n\n<h4 class=\"wp-block-heading\"><mark style=\"background-color:#ffffff\" class=\"has-inline-color has-luminous-vivid-orange-color\">Quinta-feira, 28 de setembro de 2023<\/mark><\/h4>\n\n\n\n<figure class=\"wp-block-table is-style-stripes has-small-font-size\"><table><thead><tr><th class=\"has-text-align-center\" data-align=\"center\">WTAG ST2<\/th><th class=\"has-text-align-left\" data-align=\"left\">Sess\u00e3o T\u00e9cnica 2<\/th><\/tr><\/thead><tbody><tr><td class=\"has-text-align-center\" data-align=\"center\">08:30<\/td><td class=\"has-text-align-left\" data-align=\"left\">An\u00e1lise Experimental de Abordagens de Preserva\u00e7\u00e3o de Privacidade para Testes Qui-quadrado em GWAS <br><em>Ant\u00f4nio Marreiras Neto (Universidade Federal do Cear\u00e1), Manuel Filho (Universidade Federal do Cear\u00e1), Javam Machado (Universidade Federal do Cear\u00e1)<\/em><\/td><\/tr><tr><td class=\"has-text-align-center\" data-align=\"center\">08:45<\/td><td class=\"has-text-align-left\" data-align=\"left\">Ambiente de data warehousing espacial para tomada de decis\u00e3o sobre dados de crimes <br><em>Juliana Bernardes Freitas (USP), Jo\u00e3o Paulo Santos (USP), Cristina Aguiar (USP)<\/em><\/td><\/tr><tr><td class=\"has-text-align-center\" data-align=\"center\">09:00<\/td><td class=\"has-text-align-left\" data-align=\"left\">Os desafios e solu\u00e7\u00f5es para a implementa\u00e7\u00e3o de Big Data Analytics em Cidades Inteligentes <br><em>Felipe Vasconcelos (Universidade Federal De Alagoas), Vin\u00edcius Ramos (Universidade Federal De Alagoas), F\u00e1bio Jos\u00e9 Coutinho da Silva (Universidade Federal de Alagoas)<\/em><\/td><\/tr><tr><td class=\"has-text-align-center\" data-align=\"center\">09:15<\/td><td class=\"has-text-align-left\" data-align=\"left\">Feature Selection for Remaining Useful Life Prediction in Hard Disk Drives with Missing Data <br><em>Gabriel Lucas Silva Felix (Universidade Federal do Cear\u00e1), Francisco Pereira (Universidade Federal do Cear\u00e1), Joao Gomes (Universidade Federal do Ceara), Javam Machado (Universidade Federal do Cear\u00e1), Francisco Praciano (Universidade Federal do Cear\u00e1)<\/em><\/td><\/tr><tr><td class=\"has-text-align-center\" data-align=\"center\">09:30<\/td><td class=\"has-text-align-left\" data-align=\"left\">Um Mecanismo Para Recomenda\u00e7\u00e3o De Conte\u00fado Baseada Em Localiza\u00e7\u00e3o E Interesse: Uma Aplica\u00e7\u00e3o Com O CidadeSocial <br><em>N\u00edcolas Maia (UFRRJ), Tiago Fran\u00e7a (UFRRJ)<\/em><\/td><\/tr><\/tbody><\/table><\/figure>\n\n\n\n<p><\/p>\n\n\n\n<p><\/p>\n\n\n\n<p><\/p>\n","protected":false},"excerpt":{"rendered":"<p>Quarta-feira, 27 de setembro de 2023 WTAG ST1 Sess\u00e3o T\u00e9cnica 1 08:30 Melhorando a Experi\u00eancia do Cliente Online: Um Estudo&hellip; <\/p>\n","protected":false},"author":32,"featured_media":0,"parent":0,"menu_order":0,"comment_status":"closed","ping_status":"closed","template":"","meta":{"footnotes":""},"class_list":["post-7518","page","type-page","status-publish","hentry"],"_links":{"self":[{"href":"https:\/\/sbbd.org.br\/2023\/wp-json\/wp\/v2\/pages\/7518","targetHints":{"allow":["GET"]}}],"collection":[{"href":"https:\/\/sbbd.org.br\/2023\/wp-json\/wp\/v2\/pages"}],"about":[{"href":"https:\/\/sbbd.org.br\/2023\/wp-json\/wp\/v2\/types\/page"}],"author":[{"embeddable":true,"href":"https:\/\/sbbd.org.br\/2023\/wp-json\/wp\/v2\/users\/32"}],"replies":[{"embeddable":true,"href":"https:\/\/sbbd.org.br\/2023\/wp-json\/wp\/v2\/comments?post=7518"}],"version-history":[{"count":3,"href":"https:\/\/sbbd.org.br\/2023\/wp-json\/wp\/v2\/pages\/7518\/revisions"}],"predecessor-version":[{"id":7521,"href":"https:\/\/sbbd.org.br\/2023\/wp-json\/wp\/v2\/pages\/7518\/revisions\/7521"}],"wp:attachment":[{"href":"https:\/\/sbbd.org.br\/2023\/wp-json\/wp\/v2\/media?parent=7518"}],"curies":[{"name":"wp","href":"https:\/\/api.w.org\/{rel}","templated":true}]}}