{"id":7515,"date":"2023-09-01T16:25:46","date_gmt":"2023-09-01T19:25:46","guid":{"rendered":"https:\/\/sbbd.org.br\/2023\/?page_id=7515"},"modified":"2023-09-18T16:10:01","modified_gmt":"2023-09-18T19:10:01","slug":"sbbd-bresci-program","status":"publish","type":"page","link":"https:\/\/sbbd.org.br\/2023\/sbbd-bresci-program\/","title":{"rendered":"BreSci &#8211; Programa\u00e7\u00e3o"},"content":{"rendered":"\n<div style=\"height:22px\" aria-hidden=\"true\" class=\"wp-block-spacer\"><\/div>\n\n\n\n<h4 class=\"wp-block-heading\"><mark style=\"background-color:#ffffff\" class=\"has-inline-color has-luminous-vivid-orange-color\">Ter\u00e7a-feira, 26 de setembro de 2023<\/mark><\/h4>\n\n\n\n<figure class=\"wp-block-table is-style-stripes has-small-font-size\"><table><thead><tr><th class=\"has-text-align-center\" data-align=\"center\">BreSci ST1<\/th><th class=\"has-text-align-left\" data-align=\"left\">Sess\u00e3o T\u00e9cnica 1 <br>Chair: Gustavo Dias<\/th><\/tr><\/thead><tbody><tr><td class=\"has-text-align-center\" data-align=\"center\">08:30<\/td><td class=\"has-text-align-left\" data-align=\"left\">Abertura<\/td><\/tr><tr><td class=\"has-text-align-center\" data-align=\"center\">08:40<\/td><td class=\"has-text-align-left\" data-align=\"left\"><strong>PALESTRA:<\/strong> Como a RNP realiza o Suporte \u00e0 e-Ci\u00eancia junto \u00e0 Comunidade Cient\u00edfica Brasileira <br><em>D\u00e9bora Reis (RNP)<\/em><\/td><\/tr><tr><td class=\"has-text-align-center\" data-align=\"center\">09:00<\/td><td class=\"has-text-align-left\" data-align=\"left\"><strong>ARTIGO:<\/strong> BreSci na \u00faltima d\u00e9cada: Uma an\u00e1lise baseada em redes sociais <br><em>Silas Lima Filho (UFRJ), Luiz Paulo Carvalho (UFRJ), Jonice Oliveira (UFRJ), Michele Brand\u00e3o (UFRJ), M\u00f4nica Silva (UFRJ)<\/em><\/td><\/tr><tr><td class=\"has-text-align-center\" data-align=\"center\">09:30<\/td><td class=\"has-text-align-left\" data-align=\"left\"><strong>ARTIGO:<\/strong> Redu\u00e7\u00e3o dimensional de dados de express\u00e3o g\u00eanica para classifica\u00e7\u00e3o de subtipos de c\u00e2ncer de mama <br><em>Arthur Alves (UFAM), Rayol Mendon\u00e7a Neto (UFAM), Fab\u00edola Guerra Nakamura (UFAM), Eduardo Nakamura (UFAM), David Feny\u00f6 (NYU School of Medicine &#8211; USA)<\/em><\/td><\/tr><\/tbody><\/table><\/figure>\n\n\n\n<figure class=\"wp-block-table is-style-stripes has-small-font-size\"><table><thead><tr><th class=\"has-text-align-center\" data-align=\"center\">BreSci ST2<\/th><th class=\"has-text-align-left\" data-align=\"left\">Sess\u00e3o T\u00e9cnica 2<br>Chair: Gabriella Dalpra<\/th><\/tr><\/thead><tbody><tr><td class=\"has-text-align-center\" data-align=\"center\">14:00<\/td><td class=\"has-text-align-left\" data-align=\"left\"><strong>ARTIGO:<\/strong> Desafios na Predi\u00e7\u00e3o do Consumo de Pesticidas em Escala Global Usando Aprendizado de M\u00e1quina <br><em>Bruna Capistrano (CEFET-RJ), Luma Chen (CEFET-RJ), Matheus Ribeiro (CEFET-RJ), Carla Pacheco (PUC-Rio), Dacy Lobosco (CEFET-RJ), Maria Izabel Barreto (Petrobras Biocombust\u00edvel S.A.), Jo\u00e3o Quadros (CEFET-RJ), Eduardo Ogasawara (CEFET-RJ)<\/em><\/td><\/tr><tr><td class=\"has-text-align-center\" data-align=\"center\">14:30<\/td><td class=\"has-text-align-left\" data-align=\"left\"><strong>ARTIGO:<\/strong> Modeling and Implementation of a Web Database for RNA-Seq of Bovine Embryonic Cells <br><em>Natalia Soriani Daleffi (UFABC)<\/em><\/td><\/tr><tr><td class=\"has-text-align-center\" data-align=\"center\">15:00<\/td><td class=\"has-text-align-left\" data-align=\"left\"><strong>PALESTRA:<\/strong> A import\u00e2ncia da ger\u00eancia de workflows cient\u00edficos para pesquisas cient\u00edficas na era da IA (Intelig\u00eancia Artificial)<br><em>Marta Mattoso (UFRJ)<\/em><\/td><\/tr><\/tbody><\/table><\/figure>\n\n\n\n<figure class=\"wp-block-table is-style-stripes has-small-font-size\"><table><thead><tr><th class=\"has-text-align-center\" data-align=\"center\">BreSci <br>ST3<\/th><th class=\"has-text-align-left\" data-align=\"left\">Sess\u00e3o T\u00e9cnica 3<br>Chair: Gustavo Dias<\/th><\/tr><\/thead><tbody><tr><td class=\"has-text-align-center\" data-align=\"center\">16:30<\/td><td class=\"has-text-align-left\" data-align=\"left\"><strong>PALESTRA:<\/strong> Pesquisas Colaborativas mediadas por Dados: Desafios e oportunidades <br><em>Claudia Medeiros (UNICAMP)<\/em><\/td><\/tr><tr><td class=\"has-text-align-center\" data-align=\"center\">17:30<\/td><td class=\"has-text-align-left\" data-align=\"left\"><strong>ARTIGO:<\/strong> Uma Abordagem de Acompanhamento da Evolu\u00e7\u00e3o de Planos de Gest\u00e3o de Dados Ativos <br><em>Annatercia Gomes Pinheiro (UFRJ), Sergio Manuel Serra da Cruz (UFRJ), Maria Luiza Campos (UFRJ), Renato Cerceau (UERJ)<\/em><\/td><\/tr><tr><td class=\"has-text-align-center\" data-align=\"center\">18:00<\/td><td class=\"has-text-align-left\" data-align=\"left\"><strong>ARTIGO:<\/strong> NMFSt.P: um Notebook para Identifica\u00e7\u00e3o em Paralelo de Sub\u00e1rvores Frequentes em Conjuntos de \u00c1rvores Filogen\u00e9ticas <br><em>Camila Ferrari (UFF), Jo\u00e3o Vitor Moraes (UFF), Daniel de Oliveira (UFF)<\/em><\/td><\/tr><\/tbody><\/table><\/figure>\n\n\n\n<p><\/p>\n\n\n\n<p><\/p>\n\n\n\n<p><\/p>\n","protected":false},"excerpt":{"rendered":"<p>Ter\u00e7a-feira, 26 de setembro de 2023 BreSci ST1 Sess\u00e3o T\u00e9cnica 1 Chair: Gustavo Dias 08:30 Abertura 08:40 PALESTRA: Como a&hellip; <\/p>\n","protected":false},"author":32,"featured_media":0,"parent":0,"menu_order":0,"comment_status":"closed","ping_status":"closed","template":"","meta":{"footnotes":""},"class_list":["post-7515","page","type-page","status-publish","hentry"],"_links":{"self":[{"href":"https:\/\/sbbd.org.br\/2023\/wp-json\/wp\/v2\/pages\/7515","targetHints":{"allow":["GET"]}}],"collection":[{"href":"https:\/\/sbbd.org.br\/2023\/wp-json\/wp\/v2\/pages"}],"about":[{"href":"https:\/\/sbbd.org.br\/2023\/wp-json\/wp\/v2\/types\/page"}],"author":[{"embeddable":true,"href":"https:\/\/sbbd.org.br\/2023\/wp-json\/wp\/v2\/users\/32"}],"replies":[{"embeddable":true,"href":"https:\/\/sbbd.org.br\/2023\/wp-json\/wp\/v2\/comments?post=7515"}],"version-history":[{"count":2,"href":"https:\/\/sbbd.org.br\/2023\/wp-json\/wp\/v2\/pages\/7515\/revisions"}],"predecessor-version":[{"id":7723,"href":"https:\/\/sbbd.org.br\/2023\/wp-json\/wp\/v2\/pages\/7515\/revisions\/7723"}],"wp:attachment":[{"href":"https:\/\/sbbd.org.br\/2023\/wp-json\/wp\/v2\/media?parent=7515"}],"curies":[{"name":"wp","href":"https:\/\/api.w.org\/{rel}","templated":true}]}}