{"id":7510,"date":"2023-09-01T16:01:35","date_gmt":"2023-09-01T19:01:35","guid":{"rendered":"https:\/\/sbbd.org.br\/2023\/?page_id=7510"},"modified":"2023-09-26T16:02:07","modified_gmt":"2023-09-26T19:02:07","slug":"sbbd-dsw-program","status":"publish","type":"page","link":"https:\/\/sbbd.org.br\/2023\/sbbd-dsw-program\/","title":{"rendered":"DSW &#8211; Programa\u00e7\u00e3o"},"content":{"rendered":"\n<div style=\"height:22px\" aria-hidden=\"true\" class=\"wp-block-spacer\"><\/div>\n\n\n\n<h4 class=\"wp-block-heading\"><mark style=\"background-color:#ffffff\" class=\"has-inline-color has-luminous-vivid-orange-color\">Segunda-feira, 25 de setembro de 2023<\/mark><\/h4>\n\n\n\n<figure class=\"wp-block-table is-style-stripes has-small-font-size\"><table><thead><tr><th class=\"has-text-align-center\" data-align=\"center\">DSW ST1<\/th><th class=\"has-text-align-left\" data-align=\"left\">Redes de comunidades <br>Chair: Carina, Mirella e Eric<\/th><\/tr><\/thead><tbody><tr><td class=\"has-text-align-center\" data-align=\"center\">14:00<\/td><td class=\"has-text-align-left\" data-align=\"left\">AirBSet: Um Conjunto de Dados com Im\u00f3veis Brasileiros do Airbnb e respectivas Avalia\u00e7\u00f5es <br><em>Jonatas Freire (IFMG &#8211; Sabar\u00e1 &#8211; Algeria), Luis Henrique Ferreira Costa (IFMG &#8211; Ribeir\u00e3o das Neves &#8211; Brazil), Carina F. Dorneles (Universidade Federal de Santa Catarina &#8211; Brazil), Michele Brand\u00e3o (IFMG &#8211; Brazil)<\/em><\/td><\/tr><tr><td class=\"has-text-align-center\" data-align=\"center\">14:17<\/td><td class=\"has-text-align-left\" data-align=\"left\">Um Reposit\u00f3rio de Imagens para a Detec\u00e7\u00e3o de Desinforma\u00e7\u00e3o Disseminada em Plataformas Digitais <br><em>Julio C. S. Reis (Universidade Federal de Vi\u00e7osa (UFV) &#8211; Brazil), Michel Silva (UFMG &#8211; Brazil), Yago Ara\u00fajo dos Santos (Universidade Federal de Vi\u00e7osa &#8211; Brazil<\/em>)<\/td><\/tr><tr><td class=\"has-text-align-center\" data-align=\"center\">14:34<\/td><td class=\"has-text-align-left\" data-align=\"left\">MGD+: An Enhanced Music Genre Dataset with Success-based Networks <br><em>Danilo Seufitelli (Universidade Federal de Minas Gerais &#8211; Brazil), Gabriel P. Oliveira (Universidade Federal de Minas Gerais &#8211; Brazil), Mariana O. Silva (Universidade Federal de Minas Gerais &#8211; Brazil), Mirella Moro (Universidade Federal de Minas Gerais &#8211; Brazil)<\/em><\/td><\/tr><\/tbody><\/table><\/figure>\n\n\n\n<figure class=\"wp-block-table is-style-stripes has-small-font-size\"><table><thead><tr><th class=\"has-text-align-center\" data-align=\"center\">DSW ST2<\/th><th class=\"has-text-align-left\" data-align=\"left\">Cidades<\/th><\/tr><\/thead><tbody><tr><td class=\"has-text-align-center\" data-align=\"center\">14:51<\/td><td class=\"has-text-align-left\" data-align=\"left\">BrStats: a socioeconomic statistics dataset of the Brazilian cities <br><em>Jefferson Toledo (IFPB &#8211; Brazil), Thiago Moura (Instituto Federal da Para\u00edba &#8211; Brazil), Robson Timoteo (Minist\u00e9rio do Trabalho e Emprego &#8211; Brazil<\/em>)<\/td><\/tr><tr><td class=\"has-text-align-center\" data-align=\"center\">15:08<\/td><td class=\"has-text-align-left\" data-align=\"left\">BRBus &#8211; construindo um dataset para monitoramento geoespacial dos \u00f4nibus de cidades brasileiras <br><em>Felipe Vasconcelos (Universidade Federal De Alagoas &#8211; Brazil), Ruan Tenorio de Melo (Universidade Federal De Alagoas), Rafael Silva (Universidade Federal de Alagoas &#8211; Brazil), Pedro Santos (Universidade Federal de Alagoas &#8211; Brazil), Vin\u00edcius Ramos (UFAL), F\u00e1bio Jos\u00e9 Coutinho da Silva (Universidade Federal de Alagoas &#8211; Brazil)<\/em><\/td><\/tr><tr><td class=\"has-text-align-center\" data-align=\"center\">15:25<\/td><td class=\"has-text-align-left\" data-align=\"left\">Vehicle Energy Dataset &#8211; um dataset enriquecido, equilibrando integridade e anonimiza\u00e7\u00e3o dos dados <br><em>Jo\u00e3o Firmino J\u00fanior (Instituto Federal da Para\u00edba &#8211; Brazil), Francisco Dantas Nobre Neto (Instituto Federal de Educa\u00e7\u00e3o, Ci\u00eancia e Tecnologia da Para\u00edba &#8211; Brazil<\/em>)<\/td><\/tr><tr><td class=\"has-text-align-center\" data-align=\"center\">15:42<\/td><td class=\"has-text-align-left\" data-align=\"left\">SPSafe: um dataset sobre dados de criminalidade no estado de S\u00e3o Paulo <br><em>Juliana Bernardes Freitas (Universidade de S\u00e3o Paulo &#8211; Brazil), Jo\u00e3o Paulo Santos (USP &#8211; Brazil), Cristina Aguiar (USP &#8211; Brazil)<\/em><\/td><\/tr><\/tbody><\/table><\/figure>\n\n\n\n<figure class=\"wp-block-table is-style-stripes has-small-font-size\"><table><thead><tr><th class=\"has-text-align-center\" data-align=\"center\">DSW <br>ST3<\/th><th class=\"has-text-align-left\" data-align=\"left\">Produ\u00e7\u00e3o intelectual<\/th><\/tr><\/thead><tbody><tr><td class=\"has-text-align-center\" data-align=\"center\">16:30 &#8211; 17:15<\/td><td class=\"has-text-align-left\" data-align=\"left\"><a href=\"https:\/\/sbbd.org.br\/2023\/wp-content\/uploads\/sites\/16\/2023\/09\/Palestra-Estati\u0301stica-e-Banco-de-Dados.pdf\"><strong>Palestra:<\/strong> <strong>Estat\u00edstica e Banco de Dados: rela\u00e7\u00e3o simbi\u00f3tica<\/strong><\/a><br><em>Marcelo Menezes Reis (UFSC)<\/em><\/td><\/tr><tr><td class=\"has-text-align-center\" data-align=\"center\">17:15<\/td><td class=\"has-text-align-left\" data-align=\"left\">Elabora\u00e7\u00e3o de um Conjunto de Dados sobre o Registro de Patentes no Brasil <br><em>Nicolas Rezende (Centro Federal de Educa\u00e7\u00e3o Tecnol\u00f3gica de Minas Gerais &#8211; Brazil), Michele Brand\u00e3o (IFMG &#8211; Brazil), Daniel Dalip (Centro Federal de Educa\u00e7\u00e3o Tecnol\u00f3gica de Minas Gerais &#8211; Brazil), Marisa Vasconcelos (IBM Research &#8211; Brazil<\/em>)<\/td><\/tr><tr><td class=\"has-text-align-center\" data-align=\"center\">17:32<\/td><td class=\"has-text-align-left\" data-align=\"left\">LHTR.br: em Busca de um Conjunto Anotado de Textos Manuscritos em Portugu\u00eas <br><em>Gabriel Silva (Universidade Federal Fluminense &#8211; Brazil), Daniel de Oliveira (Universidade Federal Fluminense &#8211; Brazil), Isabel Rosseti (Universidade Federal Fluminense &#8211; Brazil), Aline Paes (Universidade Federal Fluminense &#8211; Brazil<\/em>)<\/td><\/tr><\/tbody><\/table><\/figure>\n\n\n\n<figure class=\"wp-block-table is-style-stripes has-small-font-size\"><table><thead><tr><th class=\"has-text-align-center\" data-align=\"center\">DSW ST4<\/th><th class=\"has-text-align-left\" data-align=\"left\">Esporte e trabalho<\/th><\/tr><\/thead><tbody><tr><td class=\"has-text-align-center\" data-align=\"center\">17:49<\/td><td class=\"has-text-align-left\" data-align=\"left\">QASports: A Question Answering Dataset about Sports <br><em>Pedro Jardim (University of Sao Paulo &#8211; Brazil), Leonardo Mauro Pereira Moraes (Universidade de S\u00e3o Paulo &#8211; Brazil), Cristina Aguiar (USP &#8211; Brazil<\/em>)<\/td><\/tr><tr><td class=\"has-text-align-center\" data-align=\"center\">18:06<\/td><td class=\"has-text-align-left\" data-align=\"left\">Modelagem dimensional do Cadastro Geral de Empregados e Desempregados <br><em>Andr\u00e9 Augusto da Silva Pereira (Universidade Federal do Par\u00e1 &#8211; Brazil), Marcos Seruffo (UFPA &#8211; Universidade Federal do Para &#8211; Brazil), Marcelino Silva (Universidade Federal do Oeste do Par\u00e1 &#8211; Brazil)<\/em><\/td><\/tr><\/tbody><\/table><\/figure>\n\n\n\n<p><\/p>\n\n\n\n<p><\/p>\n\n\n\n<p><\/p>\n","protected":false},"excerpt":{"rendered":"<p>Segunda-feira, 25 de setembro de 2023 DSW ST1 Redes de comunidades Chair: Carina, Mirella e Eric 14:00 AirBSet: Um Conjunto&hellip; <\/p>\n","protected":false},"author":32,"featured_media":0,"parent":0,"menu_order":0,"comment_status":"closed","ping_status":"closed","template":"","meta":{"footnotes":""},"class_list":["post-7510","page","type-page","status-publish","hentry"],"_links":{"self":[{"href":"https:\/\/sbbd.org.br\/2023\/wp-json\/wp\/v2\/pages\/7510","targetHints":{"allow":["GET"]}}],"collection":[{"href":"https:\/\/sbbd.org.br\/2023\/wp-json\/wp\/v2\/pages"}],"about":[{"href":"https:\/\/sbbd.org.br\/2023\/wp-json\/wp\/v2\/types\/page"}],"author":[{"embeddable":true,"href":"https:\/\/sbbd.org.br\/2023\/wp-json\/wp\/v2\/users\/32"}],"replies":[{"embeddable":true,"href":"https:\/\/sbbd.org.br\/2023\/wp-json\/wp\/v2\/comments?post=7510"}],"version-history":[{"count":4,"href":"https:\/\/sbbd.org.br\/2023\/wp-json\/wp\/v2\/pages\/7510\/revisions"}],"predecessor-version":[{"id":7785,"href":"https:\/\/sbbd.org.br\/2023\/wp-json\/wp\/v2\/pages\/7510\/revisions\/7785"}],"wp:attachment":[{"href":"https:\/\/sbbd.org.br\/2023\/wp-json\/wp\/v2\/media?parent=7510"}],"curies":[{"name":"wp","href":"https:\/\/api.w.org\/{rel}","templated":true}]}}