{"id":7504,"date":"2023-09-01T15:33:00","date_gmt":"2023-09-01T18:33:00","guid":{"rendered":"https:\/\/sbbd.org.br\/2023\/?page_id=7504"},"modified":"2023-09-01T15:40:34","modified_gmt":"2023-09-01T18:40:34","slug":"sbbd-ctdbd-program","status":"publish","type":"page","link":"https:\/\/sbbd.org.br\/2023\/sbbd-ctdbd-program\/","title":{"rendered":"CTDBD &#8211; Programa\u00e7\u00e3o"},"content":{"rendered":"\n<div style=\"height:22px\" aria-hidden=\"true\" class=\"wp-block-spacer\"><\/div>\n\n\n\n<h4 class=\"wp-block-heading\"><mark style=\"background-color:#ffffff\" class=\"has-inline-color has-luminous-vivid-orange-color\">Quinta-feira, 28 de setembro de 2023<\/mark><\/h4>\n\n\n\n<figure class=\"wp-block-table is-style-stripes has-small-font-size\"><table><thead><tr><th class=\"has-text-align-center\" data-align=\"center\">CTDBD ST1<\/th><th class=\"has-text-align-left\" data-align=\"left\">Mestrado (15 min Apresenta\u00e7\u00e3o + 5 min QA)<\/th><\/tr><\/thead><tbody><tr><td class=\"has-text-align-center\" data-align=\"center\">08:30<\/td><td class=\"has-text-align-left\" data-align=\"left\">Buscas por Similaridade Diversificada com o Apoio de \u00cdndices M\u00e9tricos <br><em>Daniel L. Jasbick (UFF), Daniel de Oliveira (UFF), Marcos V. N. Bedo (UFF)<\/em><\/td><\/tr><tr><td class=\"has-text-align-center\" data-align=\"center\">08:50<\/td><td class=\"has-text-align-left\" data-align=\"left\">On the Cost-Effectiveness of Stacking of Neural and Non-Neural Methods for Text Classification: Scenarios and Performance Prediction <br><em>Christian Gomes (UFMG), Leonardo Rocha (UFSJ), Marcos Gon\u00e7alves (UFMG)<\/em><\/td><\/tr><tr><td class=\"has-text-align-center\" data-align=\"center\">09:10<\/td><td class=\"has-text-align-left\" data-align=\"left\">Um Framework para an\u00e1lise de comportamento de grupos baseado na polariza\u00e7\u00e3o pol\u00edtica aplicado ao contexto da COVID-19 <br><em>R\u00e9gis Ebeling (UFRGS), Karin Becker (UFRGS)<\/em><\/td><\/tr><tr><td class=\"has-text-align-center\" data-align=\"center\">09:30<\/td><td class=\"has-text-align-left\" data-align=\"left\">Analyses of Musical Success based on Time, Genre and Collaboration <br>Gabriel P. Oliveira (UFMG), Anisio Lacerda (UFMG), Mirella M. Moro (UFMG)<\/td><\/tr><\/tbody><\/table><\/figure>\n\n\n\n<figure class=\"wp-block-table is-style-stripes has-small-font-size\"><table><thead><tr><th class=\"has-text-align-center\" data-align=\"center\">CTDBD ST2<\/th><th class=\"has-text-align-left\" data-align=\"left\">Doutorado (20 min Apresenta\u00e7\u00e3o + 10 min QA)<\/th><\/tr><\/thead><tbody><tr><td class=\"has-text-align-center\" data-align=\"center\">16:30<\/td><td class=\"has-text-align-left\" data-align=\"left\">Main Memory Database Instant Recovery <br><em>Arlino Magalh\u00e3es (UFPI), Jos\u00e9 Maria Monteiro (UFC), \u00c2ngelo Brayner (UFC)<\/em><\/td><\/tr><tr><td class=\"has-text-align-center\" data-align=\"center\">17:00<\/td><td class=\"has-text-align-left\" data-align=\"left\">Towards Auditable and Intelligent Privacy-Preserving Record Linkage <br><em>Thiago Nobrega (UFCG), Carlos Eduardo S. Pires (UFCG), Dimas Cassimiro Nascimento (UFCG)<\/em><\/td><\/tr><tr><td class=\"has-text-align-center\" data-align=\"center\">17:30<\/td><td class=\"has-text-align-left\" data-align=\"left\">Local Dampening: Differential Privacy for Non-numeric Queries via Local Sensitivity <br><em>Victor Farias (UFC), Javam de Castro Machado (UFC)<\/em><\/td><\/tr><\/tbody><\/table><\/figure>\n\n\n\n<p><\/p>\n\n\n\n<p><\/p>\n\n\n\n<p><\/p>\n","protected":false},"excerpt":{"rendered":"<p>Quinta-feira, 28 de setembro de 2023 CTDBD ST1 Mestrado (15 min Apresenta\u00e7\u00e3o + 5 min QA) 08:30 Buscas por Similaridade&hellip; <\/p>\n","protected":false},"author":32,"featured_media":0,"parent":0,"menu_order":0,"comment_status":"closed","ping_status":"closed","template":"","meta":{"footnotes":""},"class_list":["post-7504","page","type-page","status-publish","hentry"],"_links":{"self":[{"href":"https:\/\/sbbd.org.br\/2023\/wp-json\/wp\/v2\/pages\/7504","targetHints":{"allow":["GET"]}}],"collection":[{"href":"https:\/\/sbbd.org.br\/2023\/wp-json\/wp\/v2\/pages"}],"about":[{"href":"https:\/\/sbbd.org.br\/2023\/wp-json\/wp\/v2\/types\/page"}],"author":[{"embeddable":true,"href":"https:\/\/sbbd.org.br\/2023\/wp-json\/wp\/v2\/users\/32"}],"replies":[{"embeddable":true,"href":"https:\/\/sbbd.org.br\/2023\/wp-json\/wp\/v2\/comments?post=7504"}],"version-history":[{"count":1,"href":"https:\/\/sbbd.org.br\/2023\/wp-json\/wp\/v2\/pages\/7504\/revisions"}],"predecessor-version":[{"id":7505,"href":"https:\/\/sbbd.org.br\/2023\/wp-json\/wp\/v2\/pages\/7504\/revisions\/7505"}],"wp:attachment":[{"href":"https:\/\/sbbd.org.br\/2023\/wp-json\/wp\/v2\/media?parent=7504"}],"curies":[{"name":"wp","href":"https:\/\/api.w.org\/{rel}","templated":true}]}}