{"id":7496,"date":"2023-09-01T13:51:28","date_gmt":"2023-09-01T16:51:28","guid":{"rendered":"https:\/\/sbbd.org.br\/2023\/?page_id=7496"},"modified":"2023-09-05T15:01:27","modified_gmt":"2023-09-05T18:01:27","slug":"sbbd-shortpapers-program","status":"publish","type":"page","link":"https:\/\/sbbd.org.br\/2023\/sbbd-shortpapers-program\/","title":{"rendered":"SBBD Short Papers &#8211; Programa\u00e7\u00e3o"},"content":{"rendered":"\n<div style=\"height:22px\" aria-hidden=\"true\" class=\"wp-block-spacer\"><\/div>\n\n\n\n<h4 class=\"wp-block-heading\"><mark style=\"background-color:#ffffff\" class=\"has-inline-color has-luminous-vivid-orange-color\">Ter\u00e7a-feira, 26 de setembro de 2023<\/mark><\/h4>\n\n\n\n<figure class=\"wp-block-table is-style-stripes has-small-font-size\"><table><thead><tr><th class=\"has-text-align-center\" data-align=\"center\">SBBD ST1<\/th><th class=\"has-text-align-left\" data-align=\"left\">Data Analytics <br>Chair: Dimas Cassimiro (UFAPE)<\/th><\/tr><\/thead><tbody><tr><td class=\"has-text-align-center\" data-align=\"center\">08:30<\/td><td class=\"has-text-align-left\" data-align=\"left\">An\u00e1lise do Discurso de \u00d3dio em Coment\u00e1rios de V\u00eddeos no YouTube: Um Estudo de Caso da CPI da COVID-19 no Brasil<br><em>Marcela Teixeira (UFV), Julio C. S. Reis (UFV)<\/em><\/td><\/tr><tr><td class=\"has-text-align-center\" data-align=\"center\">08:43<\/td><td class=\"has-text-align-left\" data-align=\"left\">Avaliando o Processo de Sele\u00e7\u00e3o de Caracter\u00edsticas na Tarefa de Jun\u00e7\u00e3o de Similaridade<br><em>Dimas Cassimiro (UFAPE), Lucas Romeiro (UFAP)<\/em><\/td><\/tr><tr><td class=\"has-text-align-center\" data-align=\"center\">08:56<\/td><td class=\"has-text-align-left\" data-align=\"left\">Doa\u00e7\u00f5es Eleitorais e Favorecimento em Licita\u00e7\u00f5es: Um Estudo nas Elei\u00e7\u00f5es Municipais em Minas Gerais<br><em>B\u00e1rbara Mendes (UFMG), Camila Braz (UFMG), Gabriel P. Oliveira (UFMG), Henrique Hott (UFMG), Lucas L. Costa (UFMG), Mariana O. Silva (UFMG), Gisele Pappa (UFMG)<\/em><\/td><\/tr><tr><td class=\"has-text-align-center\" data-align=\"center\">09:09<\/td><td class=\"has-text-align-left\" data-align=\"left\">Identifica\u00e7\u00e3o de Falhas em Turbinas E\u00f3licas Utilizando Abordagens de Aprendizado de M\u00e1quina<br><em>Danielle Pinna (CEFET\/RJ), Rodrigo Toso (Microsoft Research), Kele Belloze (CEFET\/RJ), Fernando S\u00e1 (UFF), Raphael Guerra (UFF), Diego Brand\u00e3o (CEFET\/RJ)<\/em><\/td><\/tr><tr><td class=\"has-text-align-center\" data-align=\"center\">09:22<\/td><td class=\"has-text-align-left\" data-align=\"left\">Minera\u00e7\u00e3o de Dados sobre Despesas P\u00fablicas de Munic\u00edpios Mineiros para Gerar Alertas de Fraudes<br><em>Larissa Gomide (UFMG), Guilherme Bezerra (UFMG), Lucas Costa (UFMG), Michele Brand\u00e3o (IFMG), Anisio Lacerda (UFMG), Gisele Pappa (UFMG)<\/em><\/td><\/tr><tr><td class=\"has-text-align-center\" data-align=\"center\">09:35<\/td><td class=\"has-text-align-left\" data-align=\"left\">Quantile Symbolic Aggregate approXimation: A guaranteed equiprobable SAX<br><em>Eduardo da Silveira (UFSM), Joaquim V. C. Assun\u00e7\u00e3o (UFSM), Leonardo Emmendorfer (UFSM)<\/em><\/td><\/tr><\/tbody><\/table><\/figure>\n\n\n\n<figure class=\"wp-block-table is-style-stripes has-small-font-size\"><table><thead><tr><th class=\"has-text-align-center\" data-align=\"center\">SBBD ST2<\/th><th class=\"has-text-align-left\" data-align=\"left\">Data Management<br>Chair: Ronaldo Mello (UFSC)<\/th><\/tr><\/thead><tbody><tr><td class=\"has-text-align-center\" data-align=\"center\">08:30<\/td><td class=\"has-text-align-left\" data-align=\"left\">DRE-CVM: Explorando Dados Financeiros Enriquecidos com Proveni\u00eancia e Princ\u00edpios FAIR de Companhias Brasileiras de Capital Aberto<br><em>Gilberto Passos (CEFET\/RJ), Saulo Andrade (UFRJ), Jorge Zavaleta (UFRJ), Valquire Jesus (UFRJ), Sergio Serra (UFRRJ)<\/em><\/td><\/tr><tr><td class=\"has-text-align-center\" data-align=\"center\">08:43<\/td><td class=\"has-text-align-left\" data-align=\"left\">Ensino de Engenharia de Dados nas Universidades Brasileiras: Estado Atual e Perspectivas de Mercado<br><em>Tarsis Azevedo (UFAM), Altigran Soares da Silva (UFAM)<\/em><\/td><\/tr><tr><td class=\"has-text-align-center\" data-align=\"center\">08:56<\/td><td class=\"has-text-align-left\" data-align=\"left\">Linking Heterogeneous Health Data Sources in Brazil Centered on Drug Leaflet Processing<br><em>M\u00e1rcia Martins (UNICAMP), Claudia Bauzer Medeiros (UNICAMP)<\/em><\/td><\/tr><tr><td class=\"has-text-align-center\" data-align=\"center\">09:09<\/td><td class=\"has-text-align-left\" data-align=\"left\">Proje\u00e7\u00e3o eficiente de viola\u00e7\u00f5es de restri\u00e7\u00f5es de nega\u00e7\u00e3o<br><em>Leonardo Luciano (UFPR), Wendel Moro (UFPR), Eduardo de Almeida (UFPR), Eduardo Pena (UTFPR)<\/em><\/td><\/tr><tr><td class=\"has-text-align-center\" data-align=\"center\">09:22<\/td><td class=\"has-text-align-left\" data-align=\"left\">Um caso de Democratiza\u00e7\u00e3o de Dados na Ind\u00fastria de \u00d3leo e G\u00e1s <br><em>Kellyne Marques Santos (Petrobras), Nathalia Marassi Cianni (Petrobras), Dean Pereira de Melo (Petrobras)<\/em><\/td><\/tr><tr><td class=\"has-text-align-center\" data-align=\"center\">09:35<\/td><td class=\"has-text-align-left\" data-align=\"left\">Uso de Grafos de Proveni\u00eancia para An\u00e1lise Temporal de Uso do Solo em Centros Urbanos: uma Abordagem Pr\u00e1tica <br><em>Raffael Paranhos (UFF), Marcos Lage (UFF), Daniel de Oliveira (UFF)<\/em><\/td><\/tr><tr><td class=\"has-text-align-center\" data-align=\"center\">09:48<\/td><td class=\"has-text-align-left\" data-align=\"left\">Switch: Executando SPARQL sobre o Neo4j (Dissemination Paper &#8211; Publicado na ERBD&#8217;23)<br><em>Thiago Sant&#8217;Helena da Silva (UFSC), Ronaldo Mello (UFSC)<\/em><\/td><\/tr><\/tbody><\/table><\/figure>\n\n\n\n<hr class=\"wp-block-separator has-css-opacity\"\/>\n\n\n\n<h4 class=\"wp-block-heading\"><mark style=\"background-color:rgba(0, 0, 0, 0)\" class=\"has-inline-color has-luminous-vivid-orange-color\">Quarta-feira, 27 de setembro de 2023<\/mark><\/h4>\n\n\n\n<figure class=\"wp-block-table is-style-stripes has-small-font-size\"><table><thead><tr><th class=\"has-text-align-center\" data-align=\"center\">SBBD ST5<\/th><th class=\"has-text-align-left\" data-align=\"left\">Machine Learning and Information Retrieval<br>Chair: Claudia Bauzer Medeiros (UNICAMP)<\/th><\/tr><\/thead><tbody><tr><td class=\"has-text-align-center\" data-align=\"center\">08:30<\/td><td class=\"has-text-align-left\" data-align=\"left\">Context-Aware Knowledge Graphs Exploratory Search<br><em>Veronica Santos (PUC-Rio), Sergio Lifschitz (PUC-Rio), Daniel Schwabe (PUC-Rio)<\/em><\/td><\/tr><tr><td class=\"has-text-align-center\" data-align=\"center\">08:43<\/td><td class=\"has-text-align-left\" data-align=\"left\">Integrador de metadados modular para aprendizado de m\u00e1quina com visualiza\u00e7\u00e3o em tempo de execu\u00e7\u00e3o <br><em>Filipe Silva (COPPE\/UFRJ), Marta Mattoso (COPPE\/UFRJ)<\/em><\/td><\/tr><tr><td class=\"has-text-align-center\" data-align=\"center\">08:56<\/td><td class=\"has-text-align-left\" data-align=\"left\">M\u00e9todos de Detec\u00e7\u00e3o de Fake News: Uma Compara\u00e7\u00e3o entre as Abordagens de Crowd Signals e Ensembles<br><em>Uriel Merola (CEFET\/RJ), Paulo Freire (IME), Ronaldo Goldschmidt (IME), Jorge Soares (CEFET\/RJ)<\/em><\/td><\/tr><tr><td class=\"has-text-align-center\" data-align=\"center\">09:09<\/td><td class=\"has-text-align-left\" data-align=\"left\">Subset Modelling: A Domain partitioning strategy for data-efficient machine-learning<br><em>Victor Ribeiro (LNCC), Raphael Saldanha (INRIA), Eduardo Pena (UTFPR), Reza Akbarinia (INRIA), Julia Stoyanovich (NYU), Falaah Arif Khan (NYU), Patrick Valduriez (INRIA), Fabio Porto (LNCC)<\/em><\/td><\/tr><tr><td class=\"has-text-align-center\" data-align=\"center\">09:22<\/td><td class=\"has-text-align-left\" data-align=\"left\">Uma Metodologia para tratamento do vi\u00e9s da maioria em modelos de Stacking<br><em>Welton Augusto Santos Rodrigues (UFSJ), Celso Fran\u00e7a (UFMG), Washington Luiz (UFSJ), Guilherme Fonseca (UFSJ), Leonardo Rocha (UFSJ), Marcos Gon\u00e7alves (UFMG), Sergio Canuto (IFG)<\/em><\/td><\/tr><tr><td class=\"has-text-align-center\" data-align=\"center\">09:35<\/td><td class=\"has-text-align-left\" data-align=\"left\">Vetor de sufixos m\u00e9trico compacto<br><em>Frederico Rosa (UFU), Felipe Louza (UFU), Humberto Razente (UFU)<\/em><\/td><\/tr><\/tbody><\/table><\/figure>\n\n\n\n<hr class=\"wp-block-separator has-css-opacity\"\/>\n\n\n\n<h4 class=\"wp-block-heading\"><mark style=\"background-color:#ffffff\" class=\"has-inline-color has-luminous-vivid-orange-color\">Quinta-feira, 28 de setembro de 2023<\/mark><\/h4>\n\n\n\n<figure class=\"wp-block-table is-style-stripes has-small-font-size\"><table><thead><tr><th class=\"has-text-align-center\" data-align=\"center\">SBBD ST7<\/th><th class=\"has-text-align-left\" data-align=\"left\">Best Short Papers <br>Chair: Daniel de Oliveira (UFF)<\/th><\/tr><\/thead><tbody><tr><td class=\"has-text-align-center\" data-align=\"center\">08:30<\/td><td class=\"has-text-align-left\" data-align=\"left\">A Novel Graph-based Diversity-aware Rank Fusion Method Applied to Image Metasearch <br><em>Jos\u00e9 Figuer\u00eado (UEFS), Ana Lucia Maia (UEFS), Rodrigo Calumby (UEFS)<\/em><\/td><\/tr><tr><td class=\"has-text-align-center\" data-align=\"center\">08:43<\/td><td class=\"has-text-align-left\" data-align=\"left\">Ativismo da extrema direita brasileira no WhatsApp: O que mudou das elei\u00e7\u00f5es de 2018 para 2022? <br><em>Jos\u00e9 Monteiro (UFC), Javam Machado (UFC), Ivandro Claudino (UFC), Rangel Jungles dos Santos (UFC), Luciano Galick (UFC), Carlos Eduardo Santos (UFC), Thiago Gadelha (UFC)<\/em><\/td><\/tr><tr><td class=\"has-text-align-center\" data-align=\"center\">08:56<\/td><td class=\"has-text-align-left\" data-align=\"left\">Avalia\u00e7\u00e3o Experimental de Detectores de Erros em Conjuntos de Dados Relacionais <br><em>William Medina (UEL), Eduardo Pena (UTFPR), Daniel Kaster (UEL)<\/em><\/td><\/tr><tr><td class=\"has-text-align-center\" data-align=\"center\">09:09<\/td><td class=\"has-text-align-left\" data-align=\"left\">Constru\u00e7\u00e3o de Banco de Dados do Mercado Imobili\u00e1rio. Um estudo na Cidade de S\u00e3o Paulo <br><em>Celso Ribeiro (USP), Flavio Helena (USP), Flavio Cipparrone (USP)<\/em><\/td><\/tr><tr><td class=\"has-text-align-center\" data-align=\"center\">09:22<\/td><td class=\"has-text-align-left\" data-align=\"left\">Planos f\u00edsicos de consulta para Divis\u00e3o Relacional <br><em>Let\u00edcia Lima (UNIFEI), Lucio Fernandes Dutra Santos (IFNMG), Marcos Bedo (UFF), Enzo Seraphim (UNIFEI), Luiz Olmes Carvalho (UNIFEI)<\/em><\/td><\/tr><tr><td class=\"has-text-align-center\" data-align=\"center\">09:35<\/td><td class=\"has-text-align-left\" data-align=\"left\">Similarity Grouping by Influence: Exploring Result Diversification in Similarity Group-by Operators <br><em>Willian Oliveira (USP), Anna Julia Costa (IFNMG), Caetano Traina J\u00fanior (USP), Lucio Fernandes Dutra Santos (IFNMG)<\/em><\/td><\/tr><\/tbody><\/table><\/figure>\n\n\n\n<p><\/p>\n\n\n\n<p><\/p>\n\n\n\n<p><\/p>\n","protected":false},"excerpt":{"rendered":"<p>Ter\u00e7a-feira, 26 de setembro de 2023 SBBD ST1 Data Analytics Chair: Dimas Cassimiro (UFAPE) 08:30 An\u00e1lise do Discurso de \u00d3dio&hellip; <\/p>\n","protected":false},"author":32,"featured_media":0,"parent":0,"menu_order":0,"comment_status":"closed","ping_status":"closed","template":"","meta":{"footnotes":""},"class_list":["post-7496","page","type-page","status-publish","hentry"],"_links":{"self":[{"href":"https:\/\/sbbd.org.br\/2023\/wp-json\/wp\/v2\/pages\/7496","targetHints":{"allow":["GET"]}}],"collection":[{"href":"https:\/\/sbbd.org.br\/2023\/wp-json\/wp\/v2\/pages"}],"about":[{"href":"https:\/\/sbbd.org.br\/2023\/wp-json\/wp\/v2\/types\/page"}],"author":[{"embeddable":true,"href":"https:\/\/sbbd.org.br\/2023\/wp-json\/wp\/v2\/users\/32"}],"replies":[{"embeddable":true,"href":"https:\/\/sbbd.org.br\/2023\/wp-json\/wp\/v2\/comments?post=7496"}],"version-history":[{"count":5,"href":"https:\/\/sbbd.org.br\/2023\/wp-json\/wp\/v2\/pages\/7496\/revisions"}],"predecessor-version":[{"id":7586,"href":"https:\/\/sbbd.org.br\/2023\/wp-json\/wp\/v2\/pages\/7496\/revisions\/7586"}],"wp:attachment":[{"href":"https:\/\/sbbd.org.br\/2023\/wp-json\/wp\/v2\/media?parent=7496"}],"curies":[{"name":"wp","href":"https:\/\/api.w.org\/{rel}","templated":true}]}}