{"id":7487,"date":"2023-09-01T12:13:08","date_gmt":"2023-09-01T15:13:08","guid":{"rendered":"https:\/\/sbbd.org.br\/2023\/?page_id=7487"},"modified":"2023-09-06T16:55:51","modified_gmt":"2023-09-06T19:55:51","slug":"sbbd-minicourses-program","status":"publish","type":"page","link":"https:\/\/sbbd.org.br\/2023\/sbbd-minicourses-program\/","title":{"rendered":"SBBD Minicursos &#8211; Programa\u00e7\u00e3o"},"content":{"rendered":"\n<p>Se voc\u00ea vai partcipar no SBBD 2023 e deseja realizar nossos minicursos, preencha o formul\u00e1rio dispon\u00edvel em <a href=\"https:\/\/forms.gle\/cKJR2mLZiiG2uh9X9\">https:\/\/forms.gle\/cKJR2mLZiiG2uh9X9<\/a>. Vagas limitadas!<\/p>\n\n\n\n<p><strong>Aten\u00e7\u00e3o:<\/strong> as inscri\u00e7\u00f5es nos minicursos do Simp\u00f3sio Brasileiro de Bancos de Dados (SBBD 2023) s\u00e3o gratuitas, mas est\u00e3o condicionadas a inscri\u00e7\u00f5es efetivas no simp\u00f3sio realizadas por meio do <a href=\"https:\/\/sbbd.org.br\/2023\/inscricoes\/\">https:\/\/sbbd.org.br\/2023\/inscricoes\/<\/a>. <\/p>\n\n\n\n<div style=\"height:22px\" aria-hidden=\"true\" class=\"wp-block-spacer\"><\/div>\n\n\n\n<h4 class=\"wp-block-heading\"><mark style=\"background-color:#ffffff\" class=\"has-inline-color has-luminous-vivid-orange-color\">Segunda-feira, 25 de setembro de 2023<\/mark><\/h4>\n\n\n\n<figure class=\"wp-block-table is-style-stripes has-small-font-size\"><table><thead><tr><th class=\"has-text-align-center\" data-align=\"center\">SBBD MC1<\/th><th class=\"has-text-align-left\" data-align=\"left\">Minicurso 1<\/th><\/tr><\/thead><tbody><tr><td class=\"has-text-align-center\" data-align=\"center\">14:00<\/td><td class=\"has-text-align-left\" data-align=\"left\">Introdu\u00e7\u00e3o \u00e0 API da OpenAI<br><em>Alexandre Donizeti Alves<\/em> <\/td><\/tr><\/tbody><\/table><\/figure>\n\n\n\n<hr class=\"wp-block-separator has-css-opacity\"\/>\n\n\n\n<h4 class=\"wp-block-heading\"><mark style=\"background-color:rgba(0, 0, 0, 0)\" class=\"has-inline-color has-luminous-vivid-orange-color\">Quinta-feira, 28 de setembro de 2023<\/mark><\/h4>\n\n\n\n<figure class=\"wp-block-table is-style-stripes has-small-font-size\"><table><thead><tr><th class=\"has-text-align-center\" data-align=\"center\">SBBD MC2<\/th><th class=\"has-text-align-left\" data-align=\"left\">Minicurso 2<\/th><\/tr><\/thead><tbody><tr><td class=\"has-text-align-center\" data-align=\"center\">14:00<\/td><td class=\"has-text-align-left\" data-align=\"left\">Geospatial Data: From Theory to Practice<br><em>Augusto Cesar Souza Araujo Domingues, Fabr\u00edcio Aguiar Silva, Antonio Alfredo Ferreira Loureiro<\/em><\/td><\/tr><\/tbody><\/table><\/figure>\n\n\n\n<hr class=\"wp-block-separator has-css-opacity\"\/>\n\n\n\n<p><\/p>\n\n\n\n<p><\/p>\n\n\n\n<p><\/p>\n","protected":false},"excerpt":{"rendered":"<p>Se voc\u00ea vai partcipar no SBBD 2023 e deseja realizar nossos minicursos, preencha o formul\u00e1rio dispon\u00edvel em https:\/\/forms.gle\/cKJR2mLZiiG2uh9X9. Vagas limitadas!&hellip; <\/p>\n","protected":false},"author":32,"featured_media":0,"parent":0,"menu_order":0,"comment_status":"closed","ping_status":"closed","template":"","meta":{"footnotes":""},"class_list":["post-7487","page","type-page","status-publish","hentry"],"_links":{"self":[{"href":"https:\/\/sbbd.org.br\/2023\/wp-json\/wp\/v2\/pages\/7487","targetHints":{"allow":["GET"]}}],"collection":[{"href":"https:\/\/sbbd.org.br\/2023\/wp-json\/wp\/v2\/pages"}],"about":[{"href":"https:\/\/sbbd.org.br\/2023\/wp-json\/wp\/v2\/types\/page"}],"author":[{"embeddable":true,"href":"https:\/\/sbbd.org.br\/2023\/wp-json\/wp\/v2\/users\/32"}],"replies":[{"embeddable":true,"href":"https:\/\/sbbd.org.br\/2023\/wp-json\/wp\/v2\/comments?post=7487"}],"version-history":[{"count":6,"href":"https:\/\/sbbd.org.br\/2023\/wp-json\/wp\/v2\/pages\/7487\/revisions"}],"predecessor-version":[{"id":7619,"href":"https:\/\/sbbd.org.br\/2023\/wp-json\/wp\/v2\/pages\/7487\/revisions\/7619"}],"wp:attachment":[{"href":"https:\/\/sbbd.org.br\/2023\/wp-json\/wp\/v2\/media?parent=7487"}],"curies":[{"name":"wp","href":"https:\/\/api.w.org\/{rel}","templated":true}]}}