{"id":7441,"date":"2023-08-26T19:39:32","date_gmt":"2023-08-26T22:39:32","guid":{"rendered":"https:\/\/sbbd.org.br\/2023\/?page_id=7441"},"modified":"2023-09-16T09:31:31","modified_gmt":"2023-09-16T12:31:31","slug":"sbbd-fullpapers-program","status":"publish","type":"page","link":"https:\/\/sbbd.org.br\/2023\/sbbd-fullpapers-program\/","title":{"rendered":"SBBD Full Papers &#8211; Programa\u00e7\u00e3o"},"content":{"rendered":"\n<div style=\"height:22px\" aria-hidden=\"true\" class=\"wp-block-spacer\"><\/div>\n\n\n\n<h4 class=\"wp-block-heading\"><mark style=\"background-color:#ffffff\" class=\"has-inline-color has-luminous-vivid-orange-color\">Ter\u00e7a Feira, 26 de setembro de 2023<\/mark><\/h4>\n\n\n\n<figure class=\"wp-block-table is-style-stripes has-small-font-size\"><table><thead><tr><th class=\"has-text-align-center\" data-align=\"center\">SBBD ST3<\/th><th class=\"has-text-align-left\" data-align=\"left\">Graphs and NoSQL Databases, Data Security and Privacy<br>Chair: Arlino Magalh\u00e3es de Araujo (UFPI)<\/th><\/tr><\/thead><tbody><tr><td class=\"has-text-align-center\" data-align=\"center\">16:30<\/td><td class=\"has-text-align-left\" data-align=\"left\">Epiflow: a Hybrid Approach to Track Infectious Disease Spread in Brazil Based on Travel Data and Graph Databases<br>Autores: <em>Mariama C. Serafim de Oliveira (UFPE \u2013 Brazil), Andreza Alencar (UFRPE \u2013 Brazil), Nat\u00e1lia T. Silva de Oliveira (UFPA \u2013 Brazil), Lucas H. G. de Sales (UFRPE \u2013 Brazil), Antonio R. Cunha (Fiocruz \u2013 Brazil), Pablo I. P. Ramos (Fiocruz \u2013 Brazil)<\/em><\/td><\/tr><tr><td class=\"has-text-align-center\" data-align=\"center\">16:50<\/td><td class=\"has-text-align-left\" data-align=\"left\">SQL2Neo: Uma Interface de Acesso SQL para o Neo4j<br>Autores: <em>Pablo Vicente (UFSC \u2013 Brazil), Lucas Santos (UFSC \u2013 Brazil), Geomar Schreiner (UFFS \u2013 Brazil), Vanessa Lago Machado (IFSul \u2013 Brazil), Ronaldo Mello (UFSC \u2013 Brazil)<\/em><\/td><\/tr><tr><td class=\"has-text-align-center\" data-align=\"center\">17:10<\/td><td class=\"has-text-align-left\" data-align=\"left\">An\u00e1lise de Rela\u00e7\u00e3o de Velocidade em Consultas por Refer\u00eancia e Aninhamento em Banco de Dados NoSQL Orientados a Documentos<br>Autores: <em>Harley Vera-Olivera (UNB &#8211; Brazil), Edwin Alvarez-Mamani (Universidad Nacional de San Antonio Abad del Cusco, Peru), Maristela Holanda (UNB, Brazil)<\/em><\/td><\/tr><tr><td class=\"has-text-align-center\" data-align=\"center\">17:30<\/td><td class=\"has-text-align-left\" data-align=\"left\">Replica\u00e7\u00e3o Descentralizada em Bancos de Dados Distribu\u00eddos Usando o Algoritmo Paxos<br>Autores: <em>Danilo J. P. Ferreira (UFSCar \u2013 Brazil), Sahudy M. Gonz\u00e1lez (UFSCar \u2013 Brazil), Gustavo M. Dias Vieira (UFSCar \u2013 Brazil)<\/em><\/td><\/tr><tr><td class=\"has-text-align-center\" data-align=\"center\">17:50<\/td><td class=\"has-text-align-left\" data-align=\"left\">Database Access Control in a Database Keyword Search Tool<br>Autores: <em>Grettel Garcia (TecGraf \u2013 PUC-Rio \u2013 Brazil), Javier Guillot Jim\u00e9nez (PUC-Rio \u2013 Brazil), Yenier Torres Izquierdo (PUC-Rio \u2013 Brazil), \u00c2ngelo Batista Neves J\u00fanior (PUC-Rio \u2013 Brazil), Melissa Lemos (PUC-Rio \u2013 Brazil), Marco Antonio Casanova (PUC-Rio \u2013 Brazil), Ana Cristina Ferreira (Petrobr\u00e1s), Flavia P. Texeira da Silva (Petrobr\u00e1s)<\/em><\/td><\/tr><tr><td class=\"has-text-align-center\" data-align=\"center\">18:10<\/td><td class=\"has-text-align-left\" data-align=\"left\">Global and Local Differentially Private Release of Count-Weighted Graphs (Dissemination Paper &#8211; Publicado na SIGMOD&#8217;23)<br>Autores: <em>Felipe T. Brito (UFC &#8211; Brazil), Victor A. E. Farias (UFC &#8211; Brazil), Cheryl Flynn (AT&amp;T &#8211; USA), Subhabrata Majumdar (AT&amp;T &#8211; USA), Javam C. Machado (UFC &#8211; Brazil), Divesh Srivastava (AT&amp;T &#8211; USA)<\/em><\/td><\/tr><\/tbody><\/table><\/figure>\n\n\n\n<figure class=\"wp-block-table is-style-stripes has-small-font-size\"><table><thead><tr><th class=\"has-text-align-center\" data-align=\"center\">SBBD ST4<\/th><th class=\"has-text-align-left\" data-align=\"left\">Domain-specific Data Management and Data Quality<br>Chair: Lucio Dutra Santos (IFNMG)<\/th><\/tr><\/thead><tbody><tr><td class=\"has-text-align-center\" data-align=\"center\">16:30<\/td><td class=\"has-text-align-left\" data-align=\"left\">Database Support for Online Social Network Analysis<br>Autores: <em>Paulo Pintor (Unversity of Aveiro \u2013 Portugal), Mariana Salgueiro (PUC-Rio \u2013 Brazil), Sergio Lifschitz (PUC-Rio \u2013 Brazil), Daniel Schwabe (PUC-Rio \u2013 Brazil), Jos\u00e9 Moreira (Unversity of Aveiro \u2013 Portugal), Rog\u00e9rio Costa (Polytechnic of Leiria &#8211; Portugal)<\/em><\/td><\/tr><tr><td class=\"has-text-align-center\" data-align=\"center\">16:50<\/td><td class=\"has-text-align-left\" data-align=\"left\">A New Data Modeling Approach for Alignment-free Biological Applications<br>Autores: <em>Diogo Vieira (PUC-Rio \u2013 Brazil), Elvismary Molina de Armas (PUC-Rio \u2013 Brazil), Maria Leandra Jaramillo (PUC-Rio \u2013 Brazil), Marcos Catanho (Fiocruz \u2013 Brazil), Antonio de Miranda (Fiocruz \u2013 Brazil), Edward Hermann Haeusler (PUC-Rio \u2013 Brazil), Sergio Lifschitz (PUC-Rio \u2013 Brazil)<\/em><\/td><\/tr><tr><td class=\"has-text-align-center\" data-align=\"center\">17:10<\/td><td class=\"has-text-align-left\" data-align=\"left\">Calibra\u00e7\u00e3o de Dist\u00e2ncia em M\u00e9todos de Acesso M\u00e9trico por meio de Realimenta\u00e7\u00e3o de Relev\u00e2ncia<br>Autores: <em>Renato Gomes Marcacini (ICMC-USP \u2013 Brazil), Agma Traina (ICMC-USP \u2013 Brazil)<\/em><\/td><\/tr><tr><td class=\"has-text-align-center\" data-align=\"center\">17:30<\/td><td class=\"has-text-align-left\" data-align=\"left\">Aplica\u00e7\u00e3o de T\u00e9cnicas de Confident Learning para Limpeza de Dados e Melhoria de Desempenho de Classificadores de Aprendizado de M\u00e1quina: um Estudo de Caso<br>Autores: <em>Renato Miyaji (USP \u2013 Brazil), Felipe Almeida (USP \u2013 Brazil), Pedro Luiz Pizzigatti Corr\u00eaa (Poli-USP \u2013 Brazil)<\/em><\/td><\/tr><tr><td class=\"has-text-align-center\" data-align=\"center\">17:50<\/td><td class=\"has-text-align-left\" data-align=\"left\">Fast Algorithms for Denial Constraint Discovery (Dissemination Paper &#8211; Publicado no PVLDB&#8217;22)<br>Autores: <em>Eduardo H. M. Pena (UTFPR &#8211; Brazil), Fabio Porto (LNCC &#8211; Brazil), Felix Naumann (University of Potsdam &#8211; Germany)<\/em><\/td><\/tr><tr><td class=\"has-text-align-center\" data-align=\"center\">18:10<\/td><td class=\"has-text-align-left\" data-align=\"left\">Building Earth Observation Data Cubes on AWS (Dissemination Paper &#8211; Publicado no ISPRS&#8217;22)<br>Autores: <em>Karine R. Ferreira (INPE &#8211; Brazil), Gilberto R. Queiroz (INPE &#8211; Brazil), Rennan F. B. Marujo (INPE &#8211; Brazil), Raphael W. Costa (INPE &#8211; Brazil)<\/em><\/td><\/tr><\/tbody><\/table><\/figure>\n\n\n\n<hr class=\"wp-block-separator has-css-opacity\"\/>\n\n\n\n<h4 class=\"wp-block-heading\"><mark style=\"background-color:rgba(0, 0, 0, 0)\" class=\"has-inline-color has-luminous-vivid-orange-color\">Quarta-Feira, 27 de setembro de 2023<\/mark><\/h4>\n\n\n\n<figure class=\"wp-block-table is-style-stripes has-small-font-size\"><table><thead><tr><th class=\"has-text-align-center\" data-align=\"center\">SBBD ST6<\/th><th class=\"has-text-align-left\" data-align=\"left\">Best Full Papers<br>Chair: Carlos Eduardo Pires (UFCG)<\/th><\/tr><\/thead><tbody><tr><td class=\"has-text-align-center\" data-align=\"center\">16:30<\/td><td class=\"has-text-align-left\" data-align=\"left\">MAESTRO: Uma Abordagem para a Composi\u00e7\u00e3o e An\u00e1lise de Workflows Baseados em Scripts por Meio de Ontologias<br>Autores: <em>Luiz Gustavo Dias (UFF \u2013 Brazil), Bruno Lopes (UFF \u2013 Brazil), Daniel de Oliveira (UFF \u2013 Brazil)<\/em><\/td><\/tr><tr><td class=\"has-text-align-center\" data-align=\"center\">16:50<\/td><td class=\"has-text-align-left\" data-align=\"left\">Big Data Architectures for FAIR-compliant Repositories: A Systematic Review<br>Autores: <em>Joao Pedro Castro (UFMG \u2013 Brazil), Cristina Ciferri (ICMC-USP \u2013 Brazil)<\/em><\/td><\/tr><tr><td class=\"has-text-align-center\" data-align=\"center\">17:10<\/td><td class=\"has-text-align-left\" data-align=\"left\">Approximate Similarity Joins over Dense Vector Embeddings<br>Autores: <em>Douglas Rolins de Santana (UFG \u2013 Brazil), Leonardo Andrade Ribeiro (UFG \u2013 Brazil)<\/em><\/td><\/tr><tr><td class=\"has-text-align-center\" data-align=\"center\">17:30<\/td><td class=\"has-text-align-left\" data-align=\"left\">Improving Interoperability between Relational and Blockchain-based Database Systems: A Middleware Approach<br>Autores: <em>Rafael Avilar S\u00e1 (UFC \u2013 Brazil), Leonardo Moreira (UFC \u2013 Brazil), Javam Machado (UFC \u2013 Brazil)<\/em><\/td><\/tr><tr><td class=\"has-text-align-center\" data-align=\"center\">17:50<\/td><td class=\"has-text-align-left\" data-align=\"left\">Fault Detection in Transmission Lines: a Denial Constraint Approach<br>Autores: <em>Nicolas Tamalu (UFPR \u2013 Brazil), Leandro Ensina (UTFPR \u2013 Brazil), Eduardo de Almeida (UFPR \u2013 Brazil), Eduardo Pena (UTFPR \u2013 Brazil), Luiz Oliveira (UFPR \u2013 Brazil)<\/em><\/td><\/tr><\/tbody><\/table><\/figure>\n\n\n\n<hr class=\"wp-block-separator has-css-opacity\"\/>\n\n\n\n<h4 class=\"wp-block-heading\"><mark style=\"background-color:#ffffff\" class=\"has-inline-color has-luminous-vivid-orange-color\">Quinta-feira, 28 de setembro de 2023<\/mark><\/h4>\n\n\n\n<figure class=\"wp-block-table is-style-stripes has-small-font-size\"><table><thead><tr><th class=\"has-text-align-center\" data-align=\"center\">SBBD ST8<\/th><th class=\"has-text-align-left\" data-align=\"left\">Document and Entity Management and Classification<br>Chair: Karin Becker (UFRGS)<\/th><\/tr><\/thead><tbody><tr><td class=\"has-text-align-center\" data-align=\"center\">16:30<\/td><td class=\"has-text-align-left\" data-align=\"left\">Impacto do Pr\u00e9-processamento e Representa\u00e7\u00e3o Textual na Classifica\u00e7\u00e3o de Documentos de Licita\u00e7\u00f5es<br>Autores: <em>Michele Brand\u00e3o (IFMG \u2013 Brazil), Mariana O. Silva (UFMG \u2013 Brazil), Gabriel P. Oliveira (UFMG \u2013 Brazil), Henrique Hott (UFMG \u2013 Brazil), Anisio Lacerda (UFMG \u2013 Brazil), Gisele Pappa (UFMG \u2013 Brazil)<\/em><\/td><\/tr><tr><td class=\"has-text-align-center\" data-align=\"center\">16:50<\/td><td class=\"has-text-align-left\" data-align=\"left\">Modelagem de T\u00f3picos para a Tarefa de Recupera\u00e7\u00e3o de Casos Legais<br>Autores: <em>Altigran Soares da Silva (UFAM \u2013 Brazil), Luisa Novaes (UFAM \u2013 Brazil), Daniela Vianna (UFAM \u2013 Brazil)<\/em><\/td><\/tr><tr><td class=\"has-text-align-center\" data-align=\"center\">17:10<\/td><td class=\"has-text-align-left\" data-align=\"left\">An\u00e1lise e Classifica\u00e7\u00e3o de G\u00eaneros Musicais com Base em Letras de M\u00fasicas<br>Autores: <em>Barbara Ferreira (CEFET-MG \u2013 Brazil), Daniel Dalip (CEFET-MG \u2013 Brazil), Ismael Silva (CEFET-MG \u2013 Brazil)<\/em><\/td><\/tr><tr><td class=\"has-text-align-center\" data-align=\"center\">17:30<\/td><td class=\"has-text-align-left\" data-align=\"left\">Um Estudo Sobre M\u00e9tricas de Avalia\u00e7\u00e3o para Sumariza\u00e7\u00e3o de Ac\u00f3rd\u00e3os<br>Autores: <em>Gustavo Feltrin (UFAM \u2013 Brazil), Daniela Vianna (UFAM \u2013 Brazil), Altigran Soares da Silva (UFAM \u2013 Brazil)<\/em><\/td><\/tr><tr><td class=\"has-text-align-center\" data-align=\"center\">17:50<\/td><td class=\"has-text-align-left\" data-align=\"left\">Avaliando Fatores de Influ\u00eancia sobre Algoritmos de Aprendizado de M\u00e1quina na Etapa de Classifica\u00e7\u00e3o da Resolu\u00e7\u00e3o de Entidades<br>Autores: <em>Milena Macedo (UFAPE \u2013 Brazil), Dimas Cassimiro Nascimento (UFAPE \u2013 Brazil)<\/em><\/td><\/tr><tr><td class=\"has-text-align-center\" data-align=\"center\">18:10<\/td><td class=\"has-text-align-left\" data-align=\"left\">PromptNER: Uma Abordagem para Reconhecimento de Entidades Nomeadas em Dados Sens\u00edveis a Partir de Inst\u00e2ncias Rotuladas Automaticamente<br>Autores: <em>Claudio M. V. de Andrade (UFMG \u2013 Brazil), Celso Fran\u00e7a (UFMG \u2013 Brazil), Fabiano Bel\u00e9m (UFMG \u2013 Brazil), Gabriel Jallais (UFMG \u2013 Brazil), Marcelo A. S. Ganem (UFMG \u2013 Brazil), Gabriel Teixeira (UFMG \u2013 Brazil), Alberto Laender (UFMG \u2013 Brazil), Marcos Gon\u00e7alves (UFMG \u2013 Brazil)<br><\/em><\/td><\/tr><\/tbody><\/table><\/figure>\n\n\n\n<figure class=\"wp-block-table is-style-stripes has-small-font-size\"><table><thead><tr><th class=\"has-text-align-center\" data-align=\"center\">SBBD ST9<\/th><th class=\"has-text-align-left\" data-align=\"left\">Data Science, Mining and Machine Learning<br>Chair: Maria Camila Barioni (UFU)<\/th><\/tr><\/thead><tbody><tr><td class=\"has-text-align-center\" data-align=\"center\">16:30<\/td><td class=\"has-text-align-left\" data-align=\"left\">Spending pattern visualization using unsupervised machine learning<br>Autores: <em>Gabriel Oliveira (UNB \u2013 Brazil), Roberta Oliveira (UNB \u2013 Brazil), Jadson Gertrudes (UFOP \u2013 Brazil)<\/em><\/td><\/tr><tr><td class=\"has-text-align-center\" data-align=\"center\">16:50<\/td><td class=\"has-text-align-left\" data-align=\"left\">Uso de Regressores para a Gera\u00e7\u00e3o de Conhecimento na Avalia\u00e7\u00e3o do Ensaio de Tra\u00e7\u00e3o Ambiente<br>Autores: <em>Keila Freitas (Usiminas \u2013 Brazil), Kairo Guimar\u00e3es (Usiminas \u2013 Brazil), Luxmar Xavier (Usiminas \u2013 Brazil), Thiago Silva (UFOP \u2013 Brazil)<\/em><\/td><\/tr><tr><td class=\"has-text-align-center\" data-align=\"center\">17:10<\/td><td class=\"has-text-align-left\" data-align=\"left\">Reptilerecon: Um Arcabou\u00e7o para Extra\u00e7\u00e3o e An\u00e1lise de Sinais de Lagartos<br>Autores: <em>Jo\u00e3o Gabriel Zen\u00f3bio (UFOP \u2013 Brazil), Pedro Silva (UFOP \u2013 Brazil), Eduardo Luz (UFOP \u2013 Brazil), Gladston Moreira (UFOP \u2013 Brazil), Conrado Aleksander B. Galdino (PUC-Minas \u2013 Brazil), Jadson Gertrudes (UFOP \u2013 Brazil)<\/em><\/td><\/tr><tr><td class=\"has-text-align-center\" data-align=\"center\">17:30<\/td><td class=\"has-text-align-left\" data-align=\"left\">From Exploration to Exploitation: Understanding the Evolution of Music Careers through a Data-driven Approach<br>Autores: <em>Danilo Seufitelli (UFMG \u2013 Brazil), Mirella Moro (UFMG \u2013 Brazil)<\/em><\/td><\/tr><tr><td class=\"has-text-align-center\" data-align=\"center\">17:50<\/td><td class=\"has-text-align-left\" data-align=\"left\">Predi\u00e7\u00e3o de Tempo Restante para Conclus\u00e3o de Processos de Neg\u00f3cio Utilizando Aprendizado Profundo<br>Autores:<em> Ronildo Oliveira da Silva (UFC &#8211; Brazil), Regis P. Magalh\u00e3es (UFC \u2013 Brazil), L\u00edvia Cruz (UFC \u2013 Brazil), Cr\u00edston Souza (UFC \u2013 Brazil), Davi Vasconcelos (UFC \u2013 Brazil), Jos\u00e9 Macedo (UFC \u2013 Brazil)<\/em><\/td><\/tr><tr><td class=\"has-text-align-center\" data-align=\"center\">18:10<\/td><td class=\"has-text-align-left\" data-align=\"left\">Deep Learning Provenance Data Integration: a Practical Approach (Dissemination Paper &#8211; Publicado na IPAW&#8217;23)<br>Autores:<em> D\u00e9bora Pina (UFRJ &#8211; Brazil), Adriane Chapman (University of Southampton &#8211; UK), Daniel de Oliveira (UFF &#8211; Brazil), Marta Mattoso (UFRJ &#8211; Brazil)<\/em><\/td><\/tr><\/tbody><\/table><\/figure>\n\n\n\n<p><\/p>\n\n\n\n<p><\/p>\n\n\n\n<p><\/p>\n","protected":false},"excerpt":{"rendered":"<p>Ter\u00e7a Feira, 26 de setembro de 2023 SBBD ST3 Graphs and NoSQL Databases, Data Security and PrivacyChair: Arlino Magalh\u00e3es de&hellip; <\/p>\n","protected":false},"author":29,"featured_media":0,"parent":0,"menu_order":0,"comment_status":"closed","ping_status":"closed","template":"","meta":{"footnotes":""},"class_list":["post-7441","page","type-page","status-publish","hentry"],"_links":{"self":[{"href":"https:\/\/sbbd.org.br\/2023\/wp-json\/wp\/v2\/pages\/7441","targetHints":{"allow":["GET"]}}],"collection":[{"href":"https:\/\/sbbd.org.br\/2023\/wp-json\/wp\/v2\/pages"}],"about":[{"href":"https:\/\/sbbd.org.br\/2023\/wp-json\/wp\/v2\/types\/page"}],"author":[{"embeddable":true,"href":"https:\/\/sbbd.org.br\/2023\/wp-json\/wp\/v2\/users\/29"}],"replies":[{"embeddable":true,"href":"https:\/\/sbbd.org.br\/2023\/wp-json\/wp\/v2\/comments?post=7441"}],"version-history":[{"count":5,"href":"https:\/\/sbbd.org.br\/2023\/wp-json\/wp\/v2\/pages\/7441\/revisions"}],"predecessor-version":[{"id":7712,"href":"https:\/\/sbbd.org.br\/2023\/wp-json\/wp\/v2\/pages\/7441\/revisions\/7712"}],"wp:attachment":[{"href":"https:\/\/sbbd.org.br\/2023\/wp-json\/wp\/v2\/media?parent=7441"}],"curies":[{"name":"wp","href":"https:\/\/api.w.org\/{rel}","templated":true}]}}