{"id":7426,"date":"2023-08-26T11:36:01","date_gmt":"2023-08-26T14:36:01","guid":{"rendered":"https:\/\/sbbd.org.br\/2023\/?page_id=7426"},"modified":"2023-09-07T22:36:16","modified_gmt":"2023-09-08T01:36:16","slug":"kdmile-program","status":"publish","type":"page","link":"https:\/\/sbbd.org.br\/2023\/kdmile-program\/","title":{"rendered":"KDMiLe Program"},"content":{"rendered":"\n<div style=\"height:22px\" aria-hidden=\"true\" class=\"wp-block-spacer\"><\/div>\n\n\n\n<h4 class=\"wp-block-heading\"><strong><mark class=\"has-inline-color has-luminous-vivid-orange-color\">Ter\u00e7a Feira, 26 de setembro de 2023<\/mark><\/strong><\/h4>\n\n\n\n<figure class=\"wp-block-table is-style-stripes has-small-font-size\"><table><thead><tr><th class=\"has-text-align-center\" data-align=\"center\">Hor\u00e1rio<\/th><th class=\"has-text-align-center\" data-align=\"center\">Sess\u00e3o T\u00e9cnica 1 &#8211; Reinforcement and Explanation<\/th><\/tr><\/thead><tbody><tr><td class=\"has-text-align-center\" data-align=\"center\">08:30<\/td><td class=\"has-text-align-left\" data-align=\"left\">Abertura<\/td><\/tr><tr><td class=\"has-text-align-center\" data-align=\"center\">08:40<\/td><td class=\"has-text-align-left\" data-align=\"left\">Mining Exceptional Genre Patterns on Hit Songs<br>Autores: <em>Gabriel P. Oliveira, Mirella M. Moro<\/em><\/td><\/tr><tr><td class=\"has-text-align-center\" data-align=\"center\">09:00<\/td><td class=\"has-text-align-left\" data-align=\"left\">Toll-based Q-learning with non-cooperative agents<br>Autores: <em>Tim\u00f3teo Fonseca Santos, Mois\u00e9s Gomes de Carvalho<\/em><\/td><\/tr><tr><td class=\"has-text-align-center\" data-align=\"center\">09:20<\/td><td class=\"has-text-align-left\" data-align=\"left\">Proposal of a Method for Identifying Unfairness in Machine Learning Models Based on Counterfactual Explanations<br>Autores: <em>Fernanda R. P. Cirino, Carlos D. Maia, Marcelo S. Balbino, Cristiane N. Nobre<\/em><\/td><\/tr><tr><td class=\"has-text-align-center\" data-align=\"center\">09:40<\/td><td class=\"has-text-align-left\" data-align=\"left\">Evaluating the Explainability of Machine Learning Classifiers: A Case Study of Species Distribution Modeling in the Amazon<br>Autores: <em>Renato O. Miyaji, Felipe V. de Almeida, Pedro Luiz P. Corr\u00eaa<\/em><\/td><\/tr><\/tbody><\/table><\/figure>\n\n\n\n<figure class=\"wp-block-table is-style-stripes has-small-font-size\"><table><thead><tr><th class=\"has-text-align-center\" data-align=\"center\">Hor\u00e1rio<\/th><th>KDMiLe Palestra<\/th><\/tr><\/thead><tbody><tr><td class=\"has-text-align-center\" data-align=\"center\">16:30<\/td><td>Understanding Societies from their Digital Records <br><em>Palestrante: Pedro O. S. Vaz de Melo<\/em><\/td><\/tr><\/tbody><\/table><\/figure>\n\n\n\n<hr class=\"wp-block-separator has-css-opacity\" \/>\n\n\n\n<h4 class=\"wp-block-heading\"><strong><mark class=\"has-inline-color has-luminous-vivid-orange-color\">Quarta-Feira, 27 de setembro de 2023<\/mark><\/strong><\/h4>\n\n\n\n<figure class=\"wp-block-table is-style-stripes has-small-font-size\"><table><thead><tr><th class=\"has-text-align-center\" data-align=\"center\">Hor\u00e1rio<\/th><th>Sess\u00e3o T\u00e9cnica 2- Data Driven Applications<\/th><\/tr><\/thead><tbody><tr><td class=\"has-text-align-center\" data-align=\"center\">08:30<\/td><td>The impact of window size on univariate time series forecasting using machine learning<br>Autores: <em>Jo\u00e3o David Freitas, Caio Ponte, Rafael Bomfim, Carlos Caminha<\/em><\/td><\/tr><tr><td class=\"has-text-align-center\" data-align=\"center\">08:50<\/td><td>Data stratification analysis on the propagation of discriminatory effects in binary classification<br>Autores: <em>Diego Minatel, Angelo Cesar Mendes da Silva, N\u00edcolas Roque dos Santos, Mariana Curi, Ricardo Marcondes Marcacini, Alneu de Andrade Lopes<\/em><\/td><\/tr><tr><td class=\"has-text-align-center\" data-align=\"center\">09:10<\/td><td>Towards Effective and Reliable Data-driven Prognostication: An Application to COVID-19<br>Autores: <em>Jos\u00e9 S.L. Figuer\u00eado, Renata F. Araujo-Calumby, Rodrigo T. Calumby<\/em><\/td><\/tr><tr><td class=\"has-text-align-center\" data-align=\"center\">09:30<\/td><td>Dynamic Sample Weighting to Predict the Remaining Useful Life of Hard Disk Drives<br>Autores: <em>Gabriel L. S. Felix, Francisco L. F. Pereira, Francisco D. B. S. Praciano, Jo\u00e3o P. P. Gomes, Javam C. Machado<\/em><\/td><\/tr><\/tbody><\/table><\/figure>\n\n\n\n<figure class=\"wp-block-table is-style-stripes has-small-font-size\"><table><thead><tr><th class=\"has-text-align-center\" data-align=\"center\">Hor\u00e1rio<\/th><th>KDMiLe Tutorial<\/th><\/tr><\/thead><tbody><tr><td class=\"has-text-align-center\" data-align=\"center\">14:00<\/td><td>Mapeando e caracterizando dados por meio da din\u00e2mica de treinamento<br><em>Palestrante: Moacir Antonelli Ponti<\/em><\/td><\/tr><\/tbody><\/table><\/figure>\n\n\n\n<figure class=\"wp-block-table is-style-stripes has-small-font-size\"><table><thead><tr><th class=\"has-text-align-center\" data-align=\"center\">Hor\u00e1rio<\/th><th>Sess\u00e3o T\u00e9cnica 3- Best papers<\/th><\/tr><\/thead><tbody><tr><td class=\"has-text-align-center\" data-align=\"center\">16:30<\/td><td>Evaluating Strategies to Predict Student Dropout of a Bachelors Degree in Computer Science<br>Autores: <em>Dayane P. Bravo, Leandro Ensina, Luiz Oliveira, Marco Antonio Z. Alves<\/em><\/td><\/tr><tr><td class=\"has-text-align-center\" data-align=\"center\">16:54<\/td><td>Evaluation of methods of counterfactual explanation &#8211; A qualitative and quantitative analysis<br>Autores: <em>Omar F. de P. e Krauss, Marcelo de S. Balbino, Cristiane N. Nobre<\/em><\/td><\/tr><tr><td class=\"has-text-align-center\" data-align=\"center\">17:18<\/td><td>Gender Representation in Literature: Analysis of Characters&#8217; Physical Descriptions<br>Autores: <em>Mariana O. Silva, Luiza de Melo-Gomes, Mirella M. Moro<\/em><\/td><\/tr><tr><td class=\"has-text-align-center\" data-align=\"center\">17:42<\/td><td>Masked Faces: Overcoming Recognition Challenges with Transfer Learning in CNNs<br>Autores:<em> \u00cdtalo T. No\u00e9, Luca H. L. Costa, Thalles H. Medeiros<\/em><\/td><\/tr><tr><td class=\"has-text-align-center\" data-align=\"center\">18:06<\/td><td>Model and Algorithm-Agnostic Clustering Interpretability<br>Autores:<em> Guilherme S. Oliveira, Fabr\u00edcio A. Silva, Ricardo V. Ferreira<\/em><\/td><\/tr><\/tbody><\/table><\/figure>\n\n\n\n<hr class=\"wp-block-separator has-css-opacity\" \/>\n\n\n\n<h4 class=\"wp-block-heading\"><strong><mark class=\"has-inline-color has-luminous-vivid-orange-color\">Quinta-feira, 28 de setembro de 2023<\/mark><\/strong><\/h4>\n\n\n\n<figure class=\"wp-block-table is-style-stripes has-small-font-size\"><table><thead><tr><th class=\"has-text-align-center\" data-align=\"center\">Hor\u00e1rio<\/th><th>Sess\u00e3o T\u00e9cnica 4- Social Media and Language<\/th><\/tr><\/thead><tbody><tr><td class=\"has-text-align-center\" data-align=\"center\">08:30<\/td><td>Using Machine Learning to identify profiles of individuals with depression<br>Autores: <em>Carlos D. Maia, Cristiane N. Nobre, Marco Paulo S. Gomes, Luis E. Z\u00e1rate<\/em><\/td><\/tr><tr><td class=\"has-text-align-center\" data-align=\"center\">08:50<\/td><td>Contributions to Social Media Analysis Based on Topic Modelling<br>Autores: <em>Giordano B. B. Gomes, Romis R. F. Attux<\/em><\/td><\/tr><tr><td class=\"has-text-align-center\" data-align=\"center\">09:10<\/td><td>Feature Selection through Biclustering to Identify Specific Language Impairment<br>Autores: <em>Marta D. M. Noronha, Luis E. Z\u00e1rate<\/em><\/td><\/tr><\/tbody><\/table><\/figure>\n\n\n\n<hr class=\"wp-block-separator has-css-opacity\" \/>\n\n\n\n<h4 class=\"has-black-color has-text-color wp-block-heading\"><strong><mark class=\"has-inline-color has-luminous-vivid-orange-color\">Sexta-feira, 29 de setembro de 2023<\/mark><\/strong><\/h4>\n\n\n\n<p style=\"font-size:15px\"><strong>10:00 Premia\u00e7\u00e3o e Encerramento<\/strong><\/p>\n\n\n\n<p><\/p>\n\n\n\n<p><\/p>\n\n\n\n<p><\/p>\n\n\n\n<p><\/p>\n","protected":false},"excerpt":{"rendered":"<p>Ter\u00e7a Feira, 26 de setembro de 2023 Hor\u00e1rio Sess\u00e3o T\u00e9cnica 1 &#8211; Reinforcement and Explanation 08:30 Abertura 08:40 Mining Exceptional&hellip; <\/p>\n","protected":false},"author":29,"featured_media":0,"parent":0,"menu_order":0,"comment_status":"closed","ping_status":"closed","template":"","meta":{"footnotes":""},"class_list":["post-7426","page","type-page","status-publish","hentry"],"_links":{"self":[{"href":"https:\/\/sbbd.org.br\/2023\/wp-json\/wp\/v2\/pages\/7426","targetHints":{"allow":["GET"]}}],"collection":[{"href":"https:\/\/sbbd.org.br\/2023\/wp-json\/wp\/v2\/pages"}],"about":[{"href":"https:\/\/sbbd.org.br\/2023\/wp-json\/wp\/v2\/types\/page"}],"author":[{"embeddable":true,"href":"https:\/\/sbbd.org.br\/2023\/wp-json\/wp\/v2\/users\/29"}],"replies":[{"embeddable":true,"href":"https:\/\/sbbd.org.br\/2023\/wp-json\/wp\/v2\/comments?post=7426"}],"version-history":[{"count":12,"href":"https:\/\/sbbd.org.br\/2023\/wp-json\/wp\/v2\/pages\/7426\/revisions"}],"predecessor-version":[{"id":7623,"href":"https:\/\/sbbd.org.br\/2023\/wp-json\/wp\/v2\/pages\/7426\/revisions\/7623"}],"wp:attachment":[{"href":"https:\/\/sbbd.org.br\/2023\/wp-json\/wp\/v2\/media?parent=7426"}],"curies":[{"name":"wp","href":"https:\/\/api.w.org\/{rel}","templated":true}]}}