{"id":7405,"date":"2023-08-24T23:33:01","date_gmt":"2023-08-25T02:33:01","guid":{"rendered":"https:\/\/sbbd.org.br\/2023\/?page_id=7405"},"modified":"2023-10-05T15:00:28","modified_gmt":"2023-10-05T18:00:28","slug":"maratona","status":"publish","type":"page","link":"https:\/\/sbbd.org.br\/2023\/maratona\/","title":{"rendered":"Maratona SQL"},"content":{"rendered":"\n<p>Teremos, no SBBD 2023, a terceira edi\u00e7\u00e3o da Maratona SQL. Inspirada na maratona de programa\u00e7\u00e3o da SBC, a maratona SQL tem como objetivo principal atrair alunos de ensino m\u00e9dio t\u00e9cnico, gradua\u00e7\u00e3o e desenvolvedores em geral para a \u00e1rea de Banco de Dados, mais especificamente para o SBBD.<\/p>\n\n\n\n<p>Assim, a competi\u00e7\u00e3o ir\u00e1 medir a habilidade dos participantes em resolver problemas, utilizando a linguagem SQL (Structured Query Language), linguagem padr\u00e3o de acesso a bancos de dados relacional. Para tanto, ser\u00e1 dado um esquema de banco de dados, com sua inst\u00e2ncia. As solu\u00e7\u00f5es (consultas) ser\u00e3o avaliadas quanto \u00e0 corretude e ao tempo de resposta (efici\u00eancia).<\/p>\n\n\n\n<p>Cada equipe ser\u00e1 formada por at\u00e9 tr\u00eas pessoas compostas por, alunos de ensino m\u00e9dio, gradua\u00e7\u00e3o ou graduados (desenvolvedores). As equipes s\u00f3 poder\u00e3o usar um \u00fanico computador, para resolver at\u00e9 seis problemas em at\u00e9 2,5 horas. Os times podem utilizar livros, artigos ou manuais impressos. O sistema de banco de dados utilizado na maratona ser\u00e1 o PostgreSQL. Portanto, faz-se necess\u00e1rio o conhecimento de sua sintaxe SQL. A classifica\u00e7\u00e3o das equipes se dar\u00e1 pelo n\u00famero de problemas resolvidos.&nbsp; O crit\u00e9rio de desempate ser\u00e1 o tempo de resposta de todas as consultas.&nbsp; A equipe vencedora ser\u00e1 a que resolver o maior n\u00famero de problemas, cujas solu\u00e7\u00f5es apresentem um menor tempo de execu\u00e7\u00e3o.<\/p>\n\n\n\n<p>As tr\u00eas equipes melhores classificadas receber\u00e3o certificados.<\/p>\n\n\n\n<p><strong>Datas importantes e Inscri\u00e7\u00e3o<\/strong><\/p>\n\n\n\n<p>A inscri\u00e7\u00e3o \u00e9 gratuita para participantes do SBBD.&nbsp;<\/p>\n\n\n\n<p>Data-limite para inscri\u00e7\u00e3o de equipes: At\u00e9 18\/9, por meio do seguinte link: <a href=\"https:\/\/forms.gle\/1ydXY9B1Hvwo1Bgi6\">https:\/\/forms.gle\/1ydXY9B1Hvwo1Bgi6<\/a><\/p>\n\n\n\n<p><strong>Data da competi\u00e7\u00e3o<\/strong><\/p>\n\n\n\n<p>A competi\u00e7\u00e3o ter\u00e1 in\u00edcio \u00e0s 14h00 do dia 28\/9, e se encerrar\u00e1 \u00e0s 17h.<\/p>\n\n\n\n<p><strong>Comiss\u00e3o Organizadora<\/strong><\/p>\n\n\n\n<p>Angelo Brayner &#8211; UFC<br>Daniel Hasan Dalip &#8211; CEFET-MG<br>Diego Ascanio Santos\u00a0 &#8211; CEFET-MG<br>Jos\u00e9 Maria da Silva Monteiro Filho &#8211; UFC<br>Paulo Jos\u00e9 Lage Alvarenga &#8211; UNIFEI<\/p>\n\n\n\n<p><strong>Apoio<\/strong><\/p>\n\n\n\n<figure class=\"wp-block-image size-large is-resized\"><a href=\"https:\/\/www.beecrowd.com.br\/\"><img loading=\"lazy\" decoding=\"async\" src=\"https:\/\/sbbd.org.br\/2023\/wp-content\/uploads\/sites\/16\/2023\/09\/beecrowd__roxoVert-1024x824.png\" alt=\"\" class=\"wp-image-7659\" width=\"191\" height=\"153\" srcset=\"https:\/\/sbbd.org.br\/2023\/wp-content\/uploads\/sites\/16\/2023\/09\/beecrowd__roxoVert-1024x824.png 1024w, https:\/\/sbbd.org.br\/2023\/wp-content\/uploads\/sites\/16\/2023\/09\/beecrowd__roxoVert-300x241.png 300w, https:\/\/sbbd.org.br\/2023\/wp-content\/uploads\/sites\/16\/2023\/09\/beecrowd__roxoVert-768x618.png 768w, https:\/\/sbbd.org.br\/2023\/wp-content\/uploads\/sites\/16\/2023\/09\/beecrowd__roxoVert-1536x1235.png 1536w, https:\/\/sbbd.org.br\/2023\/wp-content\/uploads\/sites\/16\/2023\/09\/beecrowd__roxoVert-2048x1647.png 2048w\" sizes=\"auto, (max-width: 191px) 100vw, 191px\" \/><\/a><\/figure>\n","protected":false},"excerpt":{"rendered":"<p>Teremos, no SBBD 2023, a terceira edi\u00e7\u00e3o da Maratona SQL. Inspirada na maratona de programa\u00e7\u00e3o da SBC, a maratona SQL&hellip; <\/p>\n","protected":false},"author":26,"featured_media":0,"parent":0,"menu_order":0,"comment_status":"closed","ping_status":"closed","template":"","meta":{"footnotes":""},"class_list":["post-7405","page","type-page","status-publish","hentry"],"_links":{"self":[{"href":"https:\/\/sbbd.org.br\/2023\/wp-json\/wp\/v2\/pages\/7405","targetHints":{"allow":["GET"]}}],"collection":[{"href":"https:\/\/sbbd.org.br\/2023\/wp-json\/wp\/v2\/pages"}],"about":[{"href":"https:\/\/sbbd.org.br\/2023\/wp-json\/wp\/v2\/types\/page"}],"author":[{"embeddable":true,"href":"https:\/\/sbbd.org.br\/2023\/wp-json\/wp\/v2\/users\/26"}],"replies":[{"embeddable":true,"href":"https:\/\/sbbd.org.br\/2023\/wp-json\/wp\/v2\/comments?post=7405"}],"version-history":[{"count":3,"href":"https:\/\/sbbd.org.br\/2023\/wp-json\/wp\/v2\/pages\/7405\/revisions"}],"predecessor-version":[{"id":7839,"href":"https:\/\/sbbd.org.br\/2023\/wp-json\/wp\/v2\/pages\/7405\/revisions\/7839"}],"wp:attachment":[{"href":"https:\/\/sbbd.org.br\/2023\/wp-json\/wp\/v2\/media?parent=7405"}],"curies":[{"name":"wp","href":"https:\/\/api.w.org\/{rel}","templated":true}]}}