{"id":7127,"date":"2023-04-06T09:46:44","date_gmt":"2023-04-06T12:46:44","guid":{"rendered":"https:\/\/sbbd.org.br\/2023\/?page_id=7127"},"modified":"2023-06-04T20:59:56","modified_gmt":"2023-06-04T23:59:56","slug":"chamada-ctdbd","status":"publish","type":"page","link":"https:\/\/sbbd.org.br\/2023\/chamada-ctdbd\/","title":{"rendered":"Chamada \u2013 V Concurso de Teses e Disserta\u00e7\u00f5es em Banco de Dados"},"content":{"rendered":"\n<p>O Concurso de Teses e Disserta\u00e7\u00f5es em Banco de Dados (CTDBD) do Simp\u00f3sio Brasileiro de Banco de Dados (SBBD) tem como objetivos selecionar e premiar as melhores teses de doutorado e disserta\u00e7\u00f5es de mestrado em Banco de Dados do pa\u00eds que tenham sido conclu\u00eddas, defendidas e aprovadas no per\u00edodo de 1\u00ba de janeiro de 2021 a 31 de dezembro de 2022. Podem concorrer as teses e disserta\u00e7\u00f5es relacionadas aos&nbsp;<a href=\"https:\/\/sbbd.org.br\/2023\/topicos-de-interesse\/\" target=\"_blank\" rel=\"noreferrer noopener\">t\u00f3picos de interesse do SBBD<\/a>.<\/p>\n\n\n\n<p>As teses e disserta\u00e7\u00f5es s\u00e3o avaliadas de acordo com os resultados cient\u00edficos e tecnol\u00f3gicos gerados pelo trabalho, assim como pelo seu potencial de impacto na sociedade e no estado da arte em Banco de Dados.<\/p>\n\n\n\n<h3 class=\"wp-block-heading\">Datas Importantes:<\/h3>\n\n\n\n<p><strong>Primeira fase<\/strong><\/p>\n\n\n\n<ul class=\"wp-block-list\"><li>Registro dos resumos:&nbsp;<strong>05\/06\/2023<\/strong><\/li><li>Submiss\u00e3o da tese ou disserta\u00e7\u00e3o, do artigo, do certificado de conclus\u00e3o e do e-mail do orientador:&nbsp;<strong>12\/06\/2023<\/strong><\/li><li>Notifica\u00e7\u00e3o dos autores selecionados para a segunda fase:&nbsp;<strong>24\/07\/2023<\/strong><\/li><\/ul>\n\n\n\n<p><strong>Segunda fase<\/strong><\/p>\n\n\n\n<ul class=\"wp-block-list\"><li>Submiss\u00e3o do artigo revisado (para os 6 trabalhos selecionados):&nbsp;<strong>07\/08\/2023<\/strong><\/li><\/ul>\n\n\n\n<h3 class=\"wp-block-heading\">Processo de Sele\u00e7\u00e3o:<\/h3>\n\n\n\n<p>O processo de sele\u00e7\u00e3o ocorre em duas fases.<\/p>\n\n\n\n<ul class=\"wp-block-list\"><li><strong>Primeira fase:<\/strong>&nbsp;cada trabalho submetido \u00e9 avaliado por pelo menos tr\u00eas especialistas, os quais analisam o material submetido pelos autores (ver os documentos necess\u00e1rios na se\u00e7\u00e3o \u201cSubmiss\u00e3o de Trabalhos\u201d). Ap\u00f3s a an\u00e1lise, o Comit\u00ea Avaliador seleciona at\u00e9 3 (tr\u00eas) teses de doutorado e at\u00e9 3 (tr\u00eas) disserta\u00e7\u00f5es de mestrado para serem encaminhadas para a segunda fase.<\/li><li><strong>Segunda fase:<\/strong>&nbsp;os autores dos trabalhos selecionados devem submeter uma vers\u00e3o revisada do artigo, a qual deve conter altera\u00e7\u00f5es frente \u00e0s considera\u00e7\u00f5es realizadas pelo Comit\u00ea Avaliador.<\/li><\/ul>\n\n\n\n<h3 class=\"wp-block-heading\">Premia\u00e7\u00e3o e Publica\u00e7\u00e3o:<\/h3>\n\n\n\n<p>Os trabalhos selecionados ser\u00e3o apresentados durante o CTDBD do SBBD 2023. Para fins de premia\u00e7\u00e3o, ser\u00e3o avaliados os artigos revisados submetidos, a qualidade da apresenta\u00e7\u00e3o oral e a desenvoltura nas respostas \u00e0s perguntas realizadas ap\u00f3s a apresenta\u00e7\u00e3o oral. Os autores que n\u00e3o apresentarem seus trabalhos no SBBD n\u00e3o concorrer\u00e3o aos pr\u00eamios.<\/p>\n\n\n\n<p>Os artigos das teses e disserta\u00e7\u00f5es selecionadas ser\u00e3o publicados nos Anais do SBBD 2023 junto aos eventos sat\u00e9lites.<\/p>\n\n\n\n<h3 class=\"wp-block-heading\">Instru\u00e7\u00f5es de Submiss\u00e3o:<\/h3>\n\n\n\n<p>conjunto), os autores dos trabalhos submetidos ao congresso devem seguir algumas&nbsp;<a href=\"https:\/\/sbbd.org.br\/2023\/informacoes\/\" target=\"_blank\" rel=\"noreferrer noopener\">recomenda\u00e7\u00f5es<\/a>.<\/p>\n\n\n\n<p>As submiss\u00f5es devem ser realizadas usando o sistema&nbsp;<a href=\"https:\/\/jems.sbc.org.br\/home.cgi?c=4329\" target=\"_blank\" rel=\"noreferrer noopener\">JEMS<\/a>.<\/p>\n\n\n\n<p>Cada submiss\u00e3o deve incluir os seguintes documentos:<\/p>\n\n\n\n<ul class=\"wp-block-list\"><li>Artigo de at\u00e9 15 p\u00e1ginas.<\/li><li>Documento que comprove que a tese ou disserta\u00e7\u00e3o foi defendida e aprovada.<\/li><li>Texto completo da tese ou disserta\u00e7\u00e3o.<\/li><\/ul>\n\n\n\n<p>Todos os documentos devem ser enviados em formato PDF. O texto completo da tese ou disserta\u00e7\u00e3o serve, essencialmente, como fonte de consulta para os avaliadores sobre os resultados do trabalho.<\/p>\n\n\n\n<p>Os artigos devem ser escritos em portugu\u00eas ou em ingl\u00eas, respeitando o limite m\u00e1ximo de 15 (quinze) p\u00e1ginas, incluindo texto, figuras, refer\u00eancias bibliogr\u00e1ficas e ap\u00eandices. Os resumos devem seguir as regras de formata\u00e7\u00e3o do SBBD, as quais podem ser obtidas no s\u00edtio da confer\u00eancia.<\/p>\n\n\n\n<p>O artigo deve destacar as contribui\u00e7\u00f5es, a originalidade e as possibilidades de impacto do trabalho desenvolvido durante o doutorado ou o mestrado. A organiza\u00e7\u00e3o do artigo deve conter, obrigatoriamente: (i) o t\u00edtulo do trabalho; (ii) o nome do autor da tese ou da disserta\u00e7\u00e3o; (iii) o departamento, instituto e universidade no qual a tese ou disserta\u00e7\u00e3o foi defendida; (iv) os nomes do orientador e dos co-orientadores com as respectivas afilia\u00e7\u00f5es; (v) um resumo (para textos escritos em portugu\u00eas) ou um abstract (para textos escritos em ingl\u00eas); e (vi) o texto propriamente dito.<\/p>\n\n\n\n<p>Com rela\u00e7\u00e3o ao texto propriamente dito, sugere-se que ele explicite a motiva\u00e7\u00e3o do trabalho, caracterizando a relev\u00e2ncia do tema e os principais desafios de pesquisa tratados, seus objetivos e suas contribui\u00e7\u00f5es e os resultados relevantes obtidos. Caso se aplique, os autores tamb\u00e9m podem indicar subprodutos do trabalho, tais como patentes, programas registrados, programas de dom\u00ednio p\u00fablico\/livre (indicando os respectivos s\u00edtios), artigos publicados ou aceitos para publica\u00e7\u00e3o (com informa\u00e7\u00f5es sobre a relev\u00e2ncia dos ve\u00edculos de publica\u00e7\u00e3o em suas \u00e1reas), assim como quaisquer outros elementos que permitam qualificar o trabalho como sendo um dos melhores do pa\u00eds no per\u00edodo tratado por esta chamada.<\/p>\n\n\n\n<p>Adicionalmente, as submiss\u00f5es devem ter a aprova\u00e7\u00e3o do orientador do aluno. A aprova\u00e7\u00e3o deve ser realizada por e-mail enviado ao coordenador do CTDBD 2023 (<a href=\"mailto:eduardo@inf.ufpr.br\" target=\"_blank\" rel=\"noreferrer noopener\"><\/a><a href=\"mailto:eduardo@inf.ufpr.br\">eduardo@inf.ufpr.br<\/a>) com o assunto \u201cConcord\u00e2ncia na submiss\u00e3o para o CTDBD 2023\u201d e com o conte\u00fado \u201cConcordo com a submiss\u00e3o da tese\/disserta\u00e7\u00e3o do aluno NOME ALUNO para o CTDBD 2023, bem como com a apresenta\u00e7\u00e3o do trabalho neste evento, caso o trabalho seja selecionado.\u201d<\/p>\n\n\n\n<h3 class=\"wp-block-heading\"><strong>Coordenadores do CTDBD:<\/strong><\/h3>\n\n\n\n<p>Eduardo Cunha de Almeida<\/p>\n\n\n\n<p>Universidade Federal do Paran\u00e1 (UFPR)<\/p>\n\n\n\n<p><a href=\"mailto:eduardo@inf.ufpr.br\" target=\"_blank\" rel=\"noreferrer noopener\"><\/a><a href=\"mailto:eduardo@inf.ufpr.br\">eduardo@inf.ufpr.br<\/a><\/p>\n\n\n\n<p>Eduardo Henrique Monteiro Pena<\/p>\n\n\n\n<p>Universidade Tecnol\u00f3gica Federal do Paran\u00e1 (UTFPR)<\/p>\n\n\n\n<p><a rel=\"noreferrer noopener\" href=\"mailto:duardohmpena@gmail.com\" target=\"_blank\"><\/a><a href=\"mailto:eduardohmpena@gmail.com\">eduardohmpena@gmail.com<\/a><\/p>\n","protected":false},"excerpt":{"rendered":"<p>O Concurso de Teses e Disserta\u00e7\u00f5es em Banco de Dados (CTDBD) do Simp\u00f3sio Brasileiro de Banco de Dados (SBBD) tem&hellip; <\/p>\n","protected":false},"author":27,"featured_media":0,"parent":0,"menu_order":0,"comment_status":"closed","ping_status":"closed","template":"","meta":{"footnotes":""},"class_list":["post-7127","page","type-page","status-publish","hentry"],"_links":{"self":[{"href":"https:\/\/sbbd.org.br\/2023\/wp-json\/wp\/v2\/pages\/7127","targetHints":{"allow":["GET"]}}],"collection":[{"href":"https:\/\/sbbd.org.br\/2023\/wp-json\/wp\/v2\/pages"}],"about":[{"href":"https:\/\/sbbd.org.br\/2023\/wp-json\/wp\/v2\/types\/page"}],"author":[{"embeddable":true,"href":"https:\/\/sbbd.org.br\/2023\/wp-json\/wp\/v2\/users\/27"}],"replies":[{"embeddable":true,"href":"https:\/\/sbbd.org.br\/2023\/wp-json\/wp\/v2\/comments?post=7127"}],"version-history":[{"count":11,"href":"https:\/\/sbbd.org.br\/2023\/wp-json\/wp\/v2\/pages\/7127\/revisions"}],"predecessor-version":[{"id":7303,"href":"https:\/\/sbbd.org.br\/2023\/wp-json\/wp\/v2\/pages\/7127\/revisions\/7303"}],"wp:attachment":[{"href":"https:\/\/sbbd.org.br\/2023\/wp-json\/wp\/v2\/media?parent=7127"}],"curies":[{"name":"wp","href":"https:\/\/api.w.org\/{rel}","templated":true}]}}