{"id":6996,"date":"2023-03-05T19:46:28","date_gmt":"2023-03-05T22:46:28","guid":{"rendered":"https:\/\/sbbd.org.br\/2023\/?page_id=6996"},"modified":"2023-07-30T23:18:16","modified_gmt":"2023-07-31T02:18:16","slug":"informacoes-sobre-hoteis","status":"publish","type":"page","link":"https:\/\/sbbd.org.br\/2023\/informacoes-sobre-hoteis\/","title":{"rendered":"Informa\u00e7\u00f5es sobre hot\u00e9is"},"content":{"rendered":"\n<h2 class=\"wp-block-heading\">Hotel Parceiro:<\/h2>\n\n\n\n<h3 class=\"wp-block-heading\">Royal Boutique Savassi<\/h3>\n\n\n\n<p><strong>Pre\u00e7o m\u00e9dio:<\/strong> R$ 270,00<\/p>\n\n\n\n<p><strong>Avalia\u00e7\u00e3o:<\/strong> \u2605\u2605\u2605\u2605\u2606 <strong>4,4<\/strong>\/5 estrelas (1.077 avalia\u00e7\u00f5es)<\/p>\n\n\n\n<p><strong>Endere\u00e7o:<\/strong> R. Alagoas, 699 &#8211; Savassi, Belo Horizonte<\/p>\n\n\n\n<p><strong>Dist\u00e2ncia at\u00e9 a PUC Liberdade:<\/strong> 290m<\/p>\n\n\n\n<p>O c\u00f3digo promocional SBBD12, que fornece <strong>12% <\/strong>de desconto para participantes da <strong>SIMP\u00d3SIO BRASILEIRO DE BANCOS DE DADOS (SBBD) 2023<\/strong>, que ocorrer\u00e1 de 25 a 29\/09\/2023, na PUC-MG, sendo que as reservas poder\u00e3o ser efetuadas atrav\u00e9s do nosso site<a rel=\"noreferrer noopener\" href=\"http:\/\/www.royalhoteis.com.br\" data-type=\"URL\" data-id=\"www.royalhoteis.com.br\" target=\"_blank\"> www.royalhoteis.com.br<\/a>, ou pela Central de Reservas pelo e-mail reservas@royalhoteis.com.br e ainda pelo telefone (31) 2102-7320. Basta escolher o hotel, selecionar a data e quantidade de pessoas, e digitar o <strong>c\u00f3digo SBBD12.<\/strong><\/p>\n\n\n\n<p><\/p>\n\n\n\n<p><\/p>\n\n\n\n<h2 class=\"wp-block-heading\">Outras op\u00e7\u00f5es:<\/h2>\n\n\n\n<h3 class=\"wp-block-heading\">Ibis Belo Horizonte Savassi<\/h3>\n\n\n\n<p><strong>Pre\u00e7o m\u00e9dio:<\/strong> R$ 275,00<\/p>\n\n\n\n<p><strong>Avalia\u00e7\u00e3o:<\/strong> \u2605\u2605\u2605\u2605\u2606 <strong>4,2<\/strong>\/5 estrelas (2.754 avalia\u00e7\u00f5es)<\/p>\n\n\n\n<p><strong>Endere\u00e7o:<\/strong> Av. do Contorno, 6180 &#8211; Savassi, Belo Horizonte<\/p>\n\n\n\n<p><strong>Dist\u00e2ncia at\u00e9 a PUC Liberdade:<\/strong> 850m<\/p>\n\n\n\n<p><a href=\"https:\/\/all.accor.com\/ssr\/app\/accor\/rates\/7021\/index.pt-br.shtml?dateIn=2023-05-17&amp;nights=1&amp;compositions=1&amp;stayplus=false&amp;snu=false&amp;accessibleRooms=false&amp;gclid=Cj0KCQjw27mhBhC9ARIsAIFsETEaCz8N4VtMAifXg5uAC9GTqfhjUdRfyu7x6tS0VUUihlC_rGYQWiQaAmIXEALw_wcB&amp;utm_campaign=7021-BR-cpc-desktop-selected-0--mapresults-15648466237-0-0-1&amp;utm_medium=partenariats&amp;hmGUID=65264cc2-5da5-4953-9acf-b5cd7c01755e&amp;utm_source=Google%20Hotel%20Ads&amp;destination=Belo%20horizonte,%20Brasil\" data-type=\"URL\" data-id=\"https:\/\/all.accor.com\/ssr\/app\/accor\/rates\/7021\/index.pt-br.shtml?dateIn=2023-05-17&amp;nights=1&amp;compositions=1&amp;stayplus=false&amp;snu=false&amp;accessibleRooms=false&amp;gclid=Cj0KCQjw27mhBhC9ARIsAIFsETEaCz8N4VtMAifXg5uAC9GTqfhjUdRfyu7x6tS0VUUihlC_rGYQWiQaAmIXEALw_wcB&amp;utm_campaign=7021-BR-cpc-desktop-selected-0--mapresults-15648466237-0-0-1&amp;utm_medium=partenariats&amp;hmGUID=65264cc2-5da5-4953-9acf-b5cd7c01755e&amp;utm_source=Google%20Hotel%20Ads&amp;destination=Belo%20horizonte,%20Brasil\">Acesso<\/a><\/p>\n\n\n\n<p><\/p>\n\n\n\n<h3 class=\"wp-block-heading\">Ibis Belo Horizonte Afonso Pena<\/h3>\n\n\n\n<p><strong>Pre\u00e7o m\u00e9dio:<\/strong> R$ 206,00<\/p>\n\n\n\n<p><strong>Avalia\u00e7\u00e3o:<\/strong> \u2605\u2605\u2605\u2605\u2606 <strong>4,1<\/strong>\/5 estrelas (1.977 avalia\u00e7\u00f5es)<\/p>\n\n\n\n<p><strong>Endere\u00e7o:<\/strong> R. Gon\u00e7alves Dias, 720 &#8211; Funcion\u00e1rios, Belo Horizonte<\/p>\n\n\n\n<p><strong>Dist\u00e2ncia at\u00e9 a PUC Liberdade:<\/strong> 650m<\/p>\n\n\n\n<p><a href=\"https:\/\/all.accor.com\/ssr\/app\/accor\/rates\/8498\/index.pt-br.shtml?dateIn=2023-05-17&amp;nights=1&amp;compositions=1&amp;stayplus=false&amp;snu=false&amp;accessibleRooms=false&amp;utm_campaign=8498-BR-cpc-desktop-selected-0--mapresults--0-0-0&amp;utm_medium=partenariats&amp;hmGUID=65264cc2-5da5-4953-9acf-b5cd7c01755e&amp;utm_source=seo_meta_google&amp;destination=Belo%20horizonte,%20Brasil\" data-type=\"URL\" data-id=\"https:\/\/all.accor.com\/ssr\/app\/accor\/rates\/8498\/index.pt-br.shtml?dateIn=2023-05-17&amp;nights=1&amp;compositions=1&amp;stayplus=false&amp;snu=false&amp;accessibleRooms=false&amp;utm_campaign=8498-BR-cpc-desktop-selected-0--mapresults--0-0-0&amp;utm_medium=partenariats&amp;hmGUID=65264cc2-5da5-4953-9acf-b5cd7c01755e&amp;utm_source=seo_meta_google&amp;destination=Belo%20horizonte,%20Brasil\">Acesso<\/a><\/p>\n\n\n\n<p><\/p>\n\n\n\n<h3 class=\"wp-block-heading\">Ibis Budget Belo Horizonte Minascentro<\/h3>\n\n\n\n<p><strong>Pre\u00e7o m\u00e9dio:<\/strong> R$ 169,00<\/p>\n\n\n\n<p><strong>Avalia\u00e7\u00e3o:<\/strong> \u2605\u2605\u2605\u2605\u2606 <strong>4<\/strong>\/5 estrelas (5.322 avalia\u00e7\u00f5es)<\/p>\n\n\n\n<p><strong>Endere\u00e7o:<\/strong> Av. Bias Fortes, 783 &#8211; Lourdes, Belo Horizonte<\/p>\n\n\n\n<p><strong>Dist\u00e2ncia at\u00e9 a PUC Liberdade:<\/strong> 1.1km<\/p>\n\n\n\n<p><a href=\"https:\/\/all.accor.com\/ssr\/app\/accor\/rates\/5625\/index.pt-br.shtml?dateIn=2023-05-17&amp;nights=1&amp;compositions=1&amp;stayplus=false&amp;snu=false&amp;accessibleRooms=false&amp;gclid=Cj0KCQjw27mhBhC9ARIsAIFsETE9s8OzXXwtY5gfxBT-o-HtJAZcFy08wWkzPwxdqEqBRGacbY1cYtgaAhw5EALw_wcB&amp;utm_campaign=5625-BR-cpc-desktop-selected-0--mapresults-15648466237-0-0-1&amp;utm_medium=partenariats&amp;hmGUID=65264cc2-5da5-4953-9acf-b5cd7c01755e&amp;utm_source=Google%20Hotel%20Ads&amp;destination=Belo%20horizonte,%20Brasil\" data-type=\"URL\" data-id=\"https:\/\/all.accor.com\/ssr\/app\/accor\/rates\/5625\/index.pt-br.shtml?dateIn=2023-05-17&amp;nights=1&amp;compositions=1&amp;stayplus=false&amp;snu=false&amp;accessibleRooms=false&amp;gclid=Cj0KCQjw27mhBhC9ARIsAIFsETE9s8OzXXwtY5gfxBT-o-HtJAZcFy08wWkzPwxdqEqBRGacbY1cYtgaAhw5EALw_wcB&amp;utm_campaign=5625-BR-cpc-desktop-selected-0--mapresults-15648466237-0-0-1&amp;utm_medium=partenariats&amp;hmGUID=65264cc2-5da5-4953-9acf-b5cd7c01755e&amp;utm_source=Google%20Hotel%20Ads&amp;destination=Belo%20horizonte,%20Brasil\">Acesso<\/a><\/p>\n\n\n\n<p><\/p>\n\n\n\n<h3 class=\"wp-block-heading\">Ibis Belo Horizonte Liberdade<\/h3>\n\n\n\n<p><strong>Pre\u00e7o m\u00e9dio:<\/strong> R$ 242,00<\/p>\n\n\n\n<p><strong>Avalia\u00e7\u00e3o:<\/strong> \u2605\u2605\u2605\u2605\u2606 <strong>4,4<\/strong>\/5 estrelas (1.077 avalia\u00e7\u00f5es)<\/p>\n\n\n\n<p><strong>Endere\u00e7o:<\/strong> R. Alagoas, 699 &#8211; Savassi, Belo Horizonte<\/p>\n\n\n\n<p><strong>Dist\u00e2ncia at\u00e9 a PUC Liberdade:<\/strong> 290m<\/p>\n\n\n\n<p><a href=\"https:\/\/all.accor.com\/ssr\/app\/accor\/rates\/5298\/index.pt-br.shtml?dateIn=2023-05-17&amp;nights=1&amp;compositions=1&amp;stayplus=false&amp;snu=false&amp;accessibleRooms=false&amp;utm_campaign=5298-BR-cpc-desktop-selected-0--mapresults--0-0-0&amp;utm_medium=partenariats&amp;hmGUID=65264cc2-5da5-4953-9acf-b5cd7c01755e&amp;utm_source=seo_meta_google&amp;destination=Belo%20horizonte,%20Brasil\" data-type=\"URL\" data-id=\"https:\/\/all.accor.com\/ssr\/app\/accor\/rates\/5298\/index.pt-br.shtml?dateIn=2023-05-17&amp;nights=1&amp;compositions=1&amp;stayplus=false&amp;snu=false&amp;accessibleRooms=false&amp;utm_campaign=5298-BR-cpc-desktop-selected-0--mapresults--0-0-0&amp;utm_medium=partenariats&amp;hmGUID=65264cc2-5da5-4953-9acf-b5cd7c01755e&amp;utm_source=seo_meta_google&amp;destination=Belo%20horizonte,%20Brasil\">Acesso<\/a><\/p>\n\n\n\n<p><\/p>\n\n\n\n<h3 class=\"wp-block-heading\"><\/h3>\n","protected":false},"excerpt":{"rendered":"<p>Hotel Parceiro: Royal Boutique Savassi Pre\u00e7o m\u00e9dio: R$ 270,00 Avalia\u00e7\u00e3o: \u2605\u2605\u2605\u2605\u2606 4,4\/5 estrelas (1.077 avalia\u00e7\u00f5es) Endere\u00e7o: R. Alagoas, 699 &#8211;&hellip; <\/p>\n","protected":false},"author":28,"featured_media":0,"parent":0,"menu_order":0,"comment_status":"closed","ping_status":"closed","template":"","meta":{"footnotes":""},"class_list":["post-6996","page","type-page","status-publish","hentry"],"_links":{"self":[{"href":"https:\/\/sbbd.org.br\/2023\/wp-json\/wp\/v2\/pages\/6996","targetHints":{"allow":["GET"]}}],"collection":[{"href":"https:\/\/sbbd.org.br\/2023\/wp-json\/wp\/v2\/pages"}],"about":[{"href":"https:\/\/sbbd.org.br\/2023\/wp-json\/wp\/v2\/types\/page"}],"author":[{"embeddable":true,"href":"https:\/\/sbbd.org.br\/2023\/wp-json\/wp\/v2\/users\/28"}],"replies":[{"embeddable":true,"href":"https:\/\/sbbd.org.br\/2023\/wp-json\/wp\/v2\/comments?post=6996"}],"version-history":[{"count":8,"href":"https:\/\/sbbd.org.br\/2023\/wp-json\/wp\/v2\/pages\/6996\/revisions"}],"predecessor-version":[{"id":7375,"href":"https:\/\/sbbd.org.br\/2023\/wp-json\/wp\/v2\/pages\/6996\/revisions\/7375"}],"wp:attachment":[{"href":"https:\/\/sbbd.org.br\/2023\/wp-json\/wp\/v2\/media?parent=6996"}],"curies":[{"name":"wp","href":"https:\/\/api.w.org\/{rel}","templated":true}]}}