{"id":6992,"date":"2023-03-05T19:39:57","date_gmt":"2023-03-05T22:39:57","guid":{"rendered":"https:\/\/sbbd.org.br\/2023\/?page_id=6992"},"modified":"2023-04-01T18:54:17","modified_gmt":"2023-04-01T21:54:17","slug":"informacoes-sobre-bh","status":"publish","type":"page","link":"https:\/\/sbbd.org.br\/2023\/informacoes-sobre-bh\/","title":{"rendered":"Informa\u00e7\u00f5es sobre BH"},"content":{"rendered":"\n<p>Belo Horizonte \u00e9 a capital do estado de Minas Gerais, localizada na regi\u00e3o Sudeste do Brasil. Fundada em 1897, a cidade tem uma popula\u00e7\u00e3o de cerca de 2,5 milh\u00f5es de habitantes e \u00e9 a sexta maior cidade do pa\u00eds em termos de popula\u00e7\u00e3o.<\/p>\n\n\n\n<p><br>Belo Horizonte \u00e9 conhecida por sua arquitetura moderna, com destaque para o Conjunto Arquitet\u00f4nico da Pampulha, projetado por Oscar Niemeyer, que inclui a Igreja de S\u00e3o Francisco de Assis, o Museu de Arte da Pampulha, a Casa do Baile e o Iate T\u00eanis Clube.<\/p>\n\n\n\n<p><br>A cidade tamb\u00e9m \u00e9 conhecida pela sua culin\u00e1ria, com destaque para os pratos t\u00edpicos mineiros, como o feij\u00e3o tropeiro, o frango ao molho pardo e o p\u00e3o de queijo. Al\u00e9m disso, Belo Horizonte tem uma vida noturna agitada, com muitas op\u00e7\u00f5es de bares, boates e shows ao vivo.<\/p>\n\n\n\n<p><a rel=\"noreferrer noopener\" href=\"https:\/\/guiabh.com.br\/\" target=\"_blank\">Clique aqui<\/a> para conhecer mais sobre a capital mineira.<\/p>\n\n\n\n<figure class=\"wp-block-gallery has-nested-images columns-default is-cropped wp-block-gallery-1 is-layout-flex wp-block-gallery-is-layout-flex\">\n<figure class=\"wp-block-image size-large\"><img loading=\"lazy\" decoding=\"async\" width=\"1008\" height=\"756\" data-id=\"7122\" src=\"https:\/\/sbbd.org.br\/2023\/wp-content\/uploads\/sites\/16\/2023\/04\/photo02.png\" alt=\"\" class=\"wp-image-7122\" srcset=\"https:\/\/sbbd.org.br\/2023\/wp-content\/uploads\/sites\/16\/2023\/04\/photo02.png 1008w, https:\/\/sbbd.org.br\/2023\/wp-content\/uploads\/sites\/16\/2023\/04\/photo02-300x225.png 300w, https:\/\/sbbd.org.br\/2023\/wp-content\/uploads\/sites\/16\/2023\/04\/photo02-768x576.png 768w\" sizes=\"auto, (max-width: 1008px) 100vw, 1008px\" \/><\/figure>\n\n\n\n<figure class=\"wp-block-image size-large\"><img loading=\"lazy\" decoding=\"async\" width=\"1024\" height=\"683\" data-id=\"7120\" src=\"https:\/\/sbbd.org.br\/2023\/wp-content\/uploads\/sites\/16\/2023\/04\/photo03-1024x683.jpg\" alt=\"\" class=\"wp-image-7120\" srcset=\"https:\/\/sbbd.org.br\/2023\/wp-content\/uploads\/sites\/16\/2023\/04\/photo03-1024x683.jpg 1024w, https:\/\/sbbd.org.br\/2023\/wp-content\/uploads\/sites\/16\/2023\/04\/photo03-300x200.jpg 300w, https:\/\/sbbd.org.br\/2023\/wp-content\/uploads\/sites\/16\/2023\/04\/photo03-768x512.jpg 768w, https:\/\/sbbd.org.br\/2023\/wp-content\/uploads\/sites\/16\/2023\/04\/photo03.jpg 1200w\" sizes=\"auto, (max-width: 1024px) 100vw, 1024px\" \/><\/figure>\n\n\n\n<figure class=\"wp-block-image size-large\"><img loading=\"lazy\" decoding=\"async\" width=\"960\" height=\"666\" data-id=\"7119\" src=\"https:\/\/sbbd.org.br\/2023\/wp-content\/uploads\/sites\/16\/2023\/04\/photo01.jpg\" alt=\"\" class=\"wp-image-7119\" srcset=\"https:\/\/sbbd.org.br\/2023\/wp-content\/uploads\/sites\/16\/2023\/04\/photo01.jpg 960w, https:\/\/sbbd.org.br\/2023\/wp-content\/uploads\/sites\/16\/2023\/04\/photo01-300x208.jpg 300w, https:\/\/sbbd.org.br\/2023\/wp-content\/uploads\/sites\/16\/2023\/04\/photo01-768x533.jpg 768w\" sizes=\"auto, (max-width: 960px) 100vw, 960px\" \/><\/figure>\n\n\n\n<figure class=\"wp-block-image size-large\"><img loading=\"lazy\" decoding=\"async\" width=\"1024\" height=\"576\" data-id=\"7124\" src=\"https:\/\/sbbd.org.br\/2023\/wp-content\/uploads\/sites\/16\/2023\/04\/photo06-1024x576.jpeg\" alt=\"\" class=\"wp-image-7124\" srcset=\"https:\/\/sbbd.org.br\/2023\/wp-content\/uploads\/sites\/16\/2023\/04\/photo06-1024x576.jpeg 1024w, https:\/\/sbbd.org.br\/2023\/wp-content\/uploads\/sites\/16\/2023\/04\/photo06-300x169.jpeg 300w, https:\/\/sbbd.org.br\/2023\/wp-content\/uploads\/sites\/16\/2023\/04\/photo06-768x432.jpeg 768w, https:\/\/sbbd.org.br\/2023\/wp-content\/uploads\/sites\/16\/2023\/04\/photo06.jpeg 1140w\" sizes=\"auto, (max-width: 1024px) 100vw, 1024px\" \/><\/figure>\n\n\n\n<figure class=\"wp-block-image size-large\"><img loading=\"lazy\" decoding=\"async\" width=\"770\" height=\"420\" data-id=\"7123\" src=\"https:\/\/sbbd.org.br\/2023\/wp-content\/uploads\/sites\/16\/2023\/04\/photo05.jpg\" alt=\"\" class=\"wp-image-7123\" srcset=\"https:\/\/sbbd.org.br\/2023\/wp-content\/uploads\/sites\/16\/2023\/04\/photo05.jpg 770w, https:\/\/sbbd.org.br\/2023\/wp-content\/uploads\/sites\/16\/2023\/04\/photo05-300x164.jpg 300w, https:\/\/sbbd.org.br\/2023\/wp-content\/uploads\/sites\/16\/2023\/04\/photo05-768x419.jpg 768w\" sizes=\"auto, (max-width: 770px) 100vw, 770px\" \/><\/figure>\n<\/figure>\n","protected":false},"excerpt":{"rendered":"<p>Belo Horizonte \u00e9 a capital do estado de Minas Gerais, localizada na regi\u00e3o Sudeste do Brasil. Fundada em 1897, a&hellip; <\/p>\n","protected":false},"author":28,"featured_media":0,"parent":0,"menu_order":0,"comment_status":"closed","ping_status":"closed","template":"","meta":{"footnotes":""},"class_list":["post-6992","page","type-page","status-publish","hentry"],"_links":{"self":[{"href":"https:\/\/sbbd.org.br\/2023\/wp-json\/wp\/v2\/pages\/6992","targetHints":{"allow":["GET"]}}],"collection":[{"href":"https:\/\/sbbd.org.br\/2023\/wp-json\/wp\/v2\/pages"}],"about":[{"href":"https:\/\/sbbd.org.br\/2023\/wp-json\/wp\/v2\/types\/page"}],"author":[{"embeddable":true,"href":"https:\/\/sbbd.org.br\/2023\/wp-json\/wp\/v2\/users\/28"}],"replies":[{"embeddable":true,"href":"https:\/\/sbbd.org.br\/2023\/wp-json\/wp\/v2\/comments?post=6992"}],"version-history":[{"count":5,"href":"https:\/\/sbbd.org.br\/2023\/wp-json\/wp\/v2\/pages\/6992\/revisions"}],"predecessor-version":[{"id":7125,"href":"https:\/\/sbbd.org.br\/2023\/wp-json\/wp\/v2\/pages\/6992\/revisions\/7125"}],"wp:attachment":[{"href":"https:\/\/sbbd.org.br\/2023\/wp-json\/wp\/v2\/media?parent=6992"}],"curies":[{"name":"wp","href":"https:\/\/api.w.org\/{rel}","templated":true}]}}