{"id":6944,"date":"2023-02-24T18:24:22","date_gmt":"2023-02-24T21:24:22","guid":{"rendered":"https:\/\/sbbd.org.br\/2023\/?page_id=6944"},"modified":"2023-03-05T17:17:07","modified_gmt":"2023-03-05T20:17:07","slug":"informacoes","status":"publish","type":"page","link":"https:\/\/sbbd.org.br\/2023\/informacoes\/","title":{"rendered":"Instru\u00e7\u00f5es Gerais aos Autores"},"content":{"rendered":"\n<p>Os autores dos trabalhos aceitos devem se inscrever e apresentar seus trabalhos durante o congresso.<br>Considerando os temas de interesse do SBBD (unicamente ou em conjunto), os autores dos trabalhos submetidos ao congresso devem seguir as seguintes recomenda\u00e7\u00f5es:<\/p>\n\n\n\n<ul class=\"has-small-font-size wp-block-list\"><li>Os artigos devem destacar claramente o contexto da pesquisa relatada.<\/li><li>Os autores devem indicar os temas de interesse do SBBD 2023.<\/li><li>Na introdu\u00e7\u00e3o, n\u00e3o deixe de destacar a motiva\u00e7\u00e3o do trabalho, o problema de pesquisa, os objetivos gerais e espec\u00edficos, a contribui\u00e7\u00e3o e sua originalidade cient\u00edfica, apresentando a justificativa e relev\u00e2ncia do trabalho.<\/li><li>Os trabalhos do SBBD devem posicionar o trabalho apresentado em rela\u00e7\u00e3o a trabalhos relacionados publicados na literatura especializada, mostrando a necessidade de uma nova abordagem, o aprimoramento de uma j\u00e1 existente ou mesmo a aplica\u00e7\u00e3o de gerenciamento de dados em problemas reais. Algumas sugest\u00f5es de peri\u00f3dicos e eventos cient\u00edficos da \u00e1rea, que podem servir de base para a pesquisa s\u00e3o (lista n\u00e3o exaustiva): SBBD, JIDM, KDMile, VLDB, SIGMOD, EDBT, ICDE, CIDR, Journal of Information Systems, Decision Sistemas de Apoio, Journal of Information Sciences.<\/li><li>Os trabalhos do SBBD devem descrever claramente a metodologia cient\u00edfica empregada, bem como apresentar a an\u00e1lise ou discuss\u00e3o dos resultados, destacando as contribui\u00e7\u00f5es da pesquisa e inova\u00e7\u00e3o e, para uma determinada \u00e1rea de aplica\u00e7\u00e3o, posicionando-a em rela\u00e7\u00e3o a outros trabalhos da \u00e1rea. Os autores devem descrever os resultados de forma objetiva, relacionando-se com o problema e os objetivos da pesquisa. Espera-se tamb\u00e9m apontar as limita\u00e7\u00f5es da pesquisa e trabalhos futuros<\/li><li>Por favor, revise o texto de acordo com o idioma utilizado e a formata\u00e7\u00e3o. O texto deve ser cuidadosamente revisado quanto \u00e0 sua reda\u00e7\u00e3o, devendo ser claro, objetivo e sem erros de linguagem. Formate seu artigo de acordo com o modelo de artigo da SBC e revise os formatos de cita\u00e7\u00e3o e refer\u00eancia. Figuras e tabelas devem ser leg\u00edveis.<\/li><li>Quanto \u00e0 fase de avalia\u00e7\u00e3o, os trabalhos submetidos ao SBBD 2023 que passar\u00e3o por um processo de avalia\u00e7\u00e3o \u201cduplo-cego\u201d (artigos completos e curtos) devem garantir o anonimato da autoria. Os autores devem, pelo menos, fazer o seguinte: (i) os nomes e afilia\u00e7\u00f5es dos autores n\u00e3o devem aparecer na p\u00e1gina de t\u00edtulo ou em qualquer outra parte do artigo; (ii) as auto-refer\u00eancias devem ser limitadas apenas aos artigos que s\u00e3o relevantes para aqueles que revisam o artigo submetido, e a terceira pessoa deve ser usada para se referir ao trabalho que os autores realizaram anteriormente, por exemplo, substituir quaisquer frases como &#8220;como mostramos antes\u201d com \u201c\u2026 foi exibido antes [Autor 2020]\u201d; (iii) quando autocita\u00e7\u00e3o expl\u00edcita \u00e9 necess\u00e1ria, a lista de refer\u00eancias deve ser cega: &#8216;[Autor 2007] Detalhes omitidos para revis\u00e3o duplo-cega.&#8217;; e (iv) fontes de financiamento, membros de grupos de pesquisa ou outros colegas ou colaboradores n\u00e3o devem ser citados em nenhuma parte do trabalho. O objetivo \u00e9 permitir que o leitor compreenda totalmente o contexto do artigo submetido, preservando o anonimato. \u00c9 responsabilidade dos autores fazer o poss\u00edvel para preservar o anonimato. Artigos que n\u00e3o seguem as diretrizes, ou de outra forma divulgam a identidade dos autores, est\u00e3o sujeitos a rejei\u00e7\u00e3o imediata.<\/li><li>Por favor, revise o texto de acordo com o idioma utilizado e a formata\u00e7\u00e3o. O texto deve ser cuidadosamente revisado quanto \u00e0 sua reda\u00e7\u00e3o, devendo ser claro, objetivo e sem erros de linguagem. Formate seu artigo de acordo com o modelo de artigo da SBC (https:\/\/www.sbc.org.br\/documentos-da-sbc\/category\/169-templates-para-artigos-e-capitulos-de-livros) e revise a cita\u00e7\u00e3o e formatos de refer\u00eancia. Figuras e tabelas devem ser leg\u00edveis.<\/li><\/ul>\n\n\n\n<p>Sugerimos que todos os artigos completos disponibilizem seus c\u00f3digos, dados, scripts e anota\u00e7\u00f5es, se poss\u00edvel. Embora n\u00e3o seja obrigat\u00f3rio para aceita\u00e7\u00e3o, fornecer esse material extra pode ajudar os revisores a avaliar seu trabalho mais detalhadamente.<\/p>\n","protected":false},"excerpt":{"rendered":"<p>Os autores dos trabalhos aceitos devem se inscrever e apresentar seus trabalhos durante o congresso.Considerando os temas de interesse do&hellip; <\/p>\n","protected":false},"author":27,"featured_media":0,"parent":0,"menu_order":0,"comment_status":"closed","ping_status":"closed","template":"","meta":{"footnotes":""},"class_list":["post-6944","page","type-page","status-publish","hentry"],"_links":{"self":[{"href":"https:\/\/sbbd.org.br\/2023\/wp-json\/wp\/v2\/pages\/6944","targetHints":{"allow":["GET"]}}],"collection":[{"href":"https:\/\/sbbd.org.br\/2023\/wp-json\/wp\/v2\/pages"}],"about":[{"href":"https:\/\/sbbd.org.br\/2023\/wp-json\/wp\/v2\/types\/page"}],"author":[{"embeddable":true,"href":"https:\/\/sbbd.org.br\/2023\/wp-json\/wp\/v2\/users\/27"}],"replies":[{"embeddable":true,"href":"https:\/\/sbbd.org.br\/2023\/wp-json\/wp\/v2\/comments?post=6944"}],"version-history":[{"count":7,"href":"https:\/\/sbbd.org.br\/2023\/wp-json\/wp\/v2\/pages\/6944\/revisions"}],"predecessor-version":[{"id":6969,"href":"https:\/\/sbbd.org.br\/2023\/wp-json\/wp\/v2\/pages\/6944\/revisions\/6969"}],"wp:attachment":[{"href":"https:\/\/sbbd.org.br\/2023\/wp-json\/wp\/v2\/media?parent=6944"}],"curies":[{"name":"wp","href":"https:\/\/api.w.org\/{rel}","templated":true}]}}