{"id":5761,"date":"2022-08-16T15:24:45","date_gmt":"2022-08-16T18:24:45","guid":{"rendered":"https:\/\/sbbd.org.br\/2023\/?page_id=5761"},"modified":"2023-08-30T19:19:49","modified_gmt":"2023-08-30T22:19:49","slug":"infos-gerais-sbbd-2022","status":"publish","type":"page","link":"https:\/\/sbbd.org.br\/2023\/","title":{"rendered":"Informa\u00e7\u00f5es Gerais"},"content":{"rendered":"\n<p class=\"has-medium-font-size\"><strong>Datas: 25-29 de setembro, 2023<br>Cidade: Belo Horizonte &#8211; Minas Gerais<br>Local: PUC-Minas unidade Pra\u00e7a Liberdade <br>Endere\u00e7o: Avenida Brasil, 2.023 &#8211; Pr\u00e9dio 1 &#8211; Edif\u00edcio Dom Cabral &#8211; Bairro Savassi<\/strong><\/p>\n\n\n\n<p><br><\/p>\n\n\n\n<p><em><strong>A Principal Confer\u00eancia Brasileira em Big Data, Engenharia e Ci\u00eancia de Dados<\/strong><\/em><\/p>\n\n\n\n<p>O SIMP\u00d3SIO BRASILEIRO DE BANCOS DE DADOS (SBBD) \u00e9 o evento oficial da Sociedade Brasileira de Computa\u00e7\u00e3o (SBC)&nbsp;sobre ci\u00eancia e tecnologia na grande \u00e1rea de bancos de dados. \u00c9&nbsp;a principal confer\u00eancia brasileira e a maior da Am\u00e9rica Latina sobre ci\u00eancia de dados e big data. O SBBD \u00e9 promovido anualmente pela Comiss\u00e3o Especial de Bancos de Dados (<a href=\"https:\/\/comissoes.sbc.org.br\/cebd\/institucional.html#cebd\">CEBD<\/a>) da SBC e envolve as comunidades cient\u00edfica, acad\u00eamica e industrial nacionais e internacionais. O evento abrange quest\u00f5es em gerenciamento de dados, pesquisa de banco de dados e sistemas de informa\u00e7\u00e3o, ci\u00eancia de dados, big data e outros t\u00f3picos relacionados, considerando os dados como uma pedra angular tecnol\u00f3gica de aplicativos emergentes.<br><br>Juntamente com sess\u00f5es t\u00e9cnicas com apresenta\u00e7\u00e3o de artigos cient\u00edficos selecionados e avaliados criteriosamente,&nbsp; acontecem atividades que incluem ferramentas desenvolvidas (<em>demos<\/em>), um workshop de trabalhos de pesquisa de doutorado, mestrado e tamb\u00e9m de estudantes de gradua\u00e7\u00e3o. O simp\u00f3sio ter\u00e1 palestras convidadas, tutoriais e minicursos ministrados por professores e pesquisadores ilustres da comunidade nacional e internacional.&nbsp;&nbsp;O SBBD \u00e9 um f\u00f3rum de apresenta\u00e7\u00e3o e discuss\u00e3o de temas importantes e recentes na \u00e1rea, reunindo estudantes, pesquisadores, profissionais, fornecedores, governo e sociedade em geral para a divulga\u00e7\u00e3o de resultados de pesquisa e inova\u00e7\u00e3o, promover a troca de conhecimento e a atualiza\u00e7\u00e3o tecnol\u00f3gica dos participantes.<\/p>\n\n\n\n<p>Assim como j\u00e1 ocorreu em outros anos, a 38\u00aa edi\u00e7\u00e3o do SBBD ocorrer\u00e1 co-localizado com o <em>Symposium on Knowledge Discovery, Mining and Learning <\/em>(KDMiLe 2023). Inscritos no SBBD ter\u00e3o direito de participar do KDMiLe e vice-versa.<\/p>\n\n\n\n<div style=\"height:0px\" aria-hidden=\"true\" class=\"wp-block-spacer\"><\/div>\n\n\n\n<div class=\"wp-block-columns is-layout-flex wp-container-core-columns-is-layout-9d6595d7 wp-block-columns-is-layout-flex\">\n<div class=\"wp-block-column is-layout-flow wp-block-column-is-layout-flow\" style=\"flex-basis:100%\"><\/div>\n<\/div>\n","protected":false},"excerpt":{"rendered":"<p>Datas: 25-29 de setembro, 2023Cidade: Belo Horizonte &#8211; Minas GeraisLocal: PUC-Minas unidade Pra\u00e7a Liberdade Endere\u00e7o: Avenida Brasil, 2.023 &#8211; Pr\u00e9dio&hellip; <\/p>\n","protected":false},"author":18,"featured_media":0,"parent":0,"menu_order":-4,"comment_status":"closed","ping_status":"closed","template":"","meta":{"footnotes":""},"class_list":["post-5761","page","type-page","status-publish","hentry"],"_links":{"self":[{"href":"https:\/\/sbbd.org.br\/2023\/wp-json\/wp\/v2\/pages\/5761","targetHints":{"allow":["GET"]}}],"collection":[{"href":"https:\/\/sbbd.org.br\/2023\/wp-json\/wp\/v2\/pages"}],"about":[{"href":"https:\/\/sbbd.org.br\/2023\/wp-json\/wp\/v2\/types\/page"}],"author":[{"embeddable":true,"href":"https:\/\/sbbd.org.br\/2023\/wp-json\/wp\/v2\/users\/18"}],"replies":[{"embeddable":true,"href":"https:\/\/sbbd.org.br\/2023\/wp-json\/wp\/v2\/comments?post=5761"}],"version-history":[{"count":13,"href":"https:\/\/sbbd.org.br\/2023\/wp-json\/wp\/v2\/pages\/5761\/revisions"}],"predecessor-version":[{"id":7480,"href":"https:\/\/sbbd.org.br\/2023\/wp-json\/wp\/v2\/pages\/5761\/revisions\/7480"}],"wp:attachment":[{"href":"https:\/\/sbbd.org.br\/2023\/wp-json\/wp\/v2\/media?parent=5761"}],"curies":[{"name":"wp","href":"https:\/\/api.w.org\/{rel}","templated":true}]}}