{"id":5229,"date":"2022-07-24T18:38:04","date_gmt":"2022-07-24T21:38:04","guid":{"rendered":"https:\/\/sbbd.org.br\/2023\/inscricoes-copy\/"},"modified":"2023-09-07T22:44:09","modified_gmt":"2023-09-08T01:44:09","slug":"inscricoes","status":"publish","type":"page","link":"https:\/\/sbbd.org.br\/2023\/inscricoes\/","title":{"rendered":"Inscri\u00e7\u00f5es"},"content":{"rendered":"\n<figure class=\"wp-block-gallery has-nested-images columns-default is-cropped wp-block-gallery-1 is-layout-flex wp-block-gallery-is-layout-flex\">\n<figure class=\"wp-block-image size-full\"><img loading=\"lazy\" decoding=\"async\" width=\"1024\" height=\"168\" data-id=\"7341\" src=\"https:\/\/sbbd.org.br\/2023\/wp-content\/uploads\/sites\/16\/2023\/07\/banner_COMBO-1024x168-1.jpg\" alt=\"\" class=\"wp-image-7341\" srcset=\"https:\/\/sbbd.org.br\/2023\/wp-content\/uploads\/sites\/16\/2023\/07\/banner_COMBO-1024x168-1.jpg 1024w, https:\/\/sbbd.org.br\/2023\/wp-content\/uploads\/sites\/16\/2023\/07\/banner_COMBO-1024x168-1-300x49.jpg 300w, https:\/\/sbbd.org.br\/2023\/wp-content\/uploads\/sites\/16\/2023\/07\/banner_COMBO-1024x168-1-768x126.jpg 768w\" sizes=\"auto, (max-width: 1024px) 100vw, 1024px\" \/><\/figure>\n<\/figure>\n\n\n\n<p><\/p>\n\n\n\n<div class=\"wp-block-buttons is-layout-flex wp-block-buttons-is-layout-flex\">\n<div class=\"wp-block-button\"><a class=\"wp-block-button__link\" href=\"https:\/\/centraldesistemas.sbc.org.br\/ecos\/sbbd2023\" target=\"_blank\" rel=\"noreferrer noopener\">Inscreva-se<\/a><\/div>\n<\/div>\n\n\n\n<div class=\"wp-block-columns is-layout-flex wp-container-core-columns-is-layout-9d6595d7 wp-block-columns-is-layout-flex\">\n<div class=\"wp-block-column is-layout-flow wp-block-column-is-layout-flow\" style=\"flex-basis:66.66%\">\n<figure class=\"wp-block-image size-full\"><img loading=\"lazy\" decoding=\"async\" width=\"596\" height=\"650\" src=\"https:\/\/sbbd.org.br\/2023\/wp-content\/uploads\/sites\/16\/2023\/09\/tabela-5.png\" alt=\"\" class=\"wp-image-7556\" srcset=\"https:\/\/sbbd.org.br\/2023\/wp-content\/uploads\/sites\/16\/2023\/09\/tabela-5.png 596w, https:\/\/sbbd.org.br\/2023\/wp-content\/uploads\/sites\/16\/2023\/09\/tabela-5-275x300.png 275w\" sizes=\"auto, (max-width: 596px) 100vw, 596px\" \/><\/figure>\n<\/div>\n\n\n\n<div class=\"wp-block-column is-layout-flow wp-block-column-is-layout-flow\" style=\"flex-basis:33.33%\"><\/div>\n<\/div>\n\n\n\n<p><strong>A inscri\u00e7\u00e3o inclui participa\u00e7\u00e3o em:<\/strong><\/p>\n\n\n\n<ul class=\"wp-block-list\"><li>Todas as sess\u00f5es t\u00e9cnicas;<\/li><li>Apresenta\u00e7\u00f5es de palestrantes convidados;<\/li><li>Todos os tutoriais;<\/li><li>Sess\u00f5es WTDBD;<\/li><li>Sess\u00f5es de Demos;<\/li><li>Todos os minicursos;<\/li><li>Reuni\u00e3o aberta da CEBD (Comiss\u00e3o Especial de Bancos de Dados) da SBC.<\/li><\/ul>\n\n\n\n<p><strong>Aten\u00e7\u00e3o:<\/strong> Para garantir sua vaga em um ou nos dois minicursos do SBBD 2023, \u00e9 necess\u00e1rio preencher o formul\u00e1rio: <a rel=\"noreferrer noopener\" href=\"https:\/\/forms.gle\/cKJR2mLZiiG2uh9X9\" target=\"_blank\">https:\/\/forms.gle\/cKJR2mLZiiG2uh9X9<\/a>.<\/p>\n\n\n\n<p><strong>B\u00f4nus:<\/strong> Inscritos no SBBD 2023 tamb\u00e9m poder\u00e3o participar do <a href=\"https:\/\/sbbd.org.br\/2023\/kdmile-2023\/\" data-type=\"page\" data-id=\"6963\">KDMiLe 2023<\/a>.<\/p>\n\n\n\n<p><strong>Jantar:<\/strong> Os ingressos para o jantar devem ser adquiridos juntamente com a inscri\u00e7\u00e3o pelo valor de R$150,00.<\/p>\n\n\n\n<p><strong>Formas de Pagamento:<\/strong><\/p>\n\n\n\n<p>Os pagamentos por boleto e d\u00e9bito encerram-se dia <strong>20\/09\/2023<\/strong>, os pagamentos por cart\u00e3o de cr\u00e9dito, nota de empenho e faturamento ficar\u00e3o abertos at\u00e9 o \u00faltimo dia do evento.<\/p>\n\n\n\n<p><strong>Autores<\/strong>:<\/p>\n\n\n\n<p>Pelo menos um autor para cada artigo aceito a ser apresentado no SBBD 2023, ter\u00e1 de confirmar sua inscri\u00e7\u00e3o at\u00e9 <strong>15 de agosto de 2023<\/strong>.<\/p>\n\n\n\n<p><strong>Observa\u00e7\u00e3o para estudantes<\/strong>:<\/p>\n\n\n\n<p>Tarifas de estudante est\u00e3o dispon\u00edveis apenas para estudantes matriculados em institui\u00e7\u00f5es de ensino superior como aluno de gradua\u00e7\u00e3o ou de p\u00f3s-gradua\u00e7\u00e3o (mestrandos e doutorandos). Declara\u00e7\u00f5es de status contendo nome da institui\u00e7\u00e3o, nome do aluno, curso matriculado e data corrente dever\u00e3oe ser apresentados quando requisitado. A aus\u00eancia de documento implica no pagamento da diferen\u00e7a da tarifa profissional para a tarifa de estudante (sem desconto). Para&nbsp; posdocs, ser\u00e1 cobrada a tarifa de estudantes de p\u00f3s-gradua\u00e7\u00e3o.<\/p>\n\n\n\n<p><strong>Direitos de Imagem:<\/strong><\/p>\n\n\n\n<p>Apesar do SBBD 2023 ser totalmente presencial, podem existir alguns momentos de transmiss\u00f5es online, sendo assim minha imagem e minha fala poder\u00e3o ser transmitidas, gravadas e editadas (por meio de recortes ou exclus\u00e3o\/jun\u00e7\u00e3o de trechos) durante as transmiss\u00f5es e que este conte\u00fado \u00e9 propriedade exclusiva da Sociedade Brasileira de Computa\u00e7\u00e3o, podendo ser utilizado posteriormente para divulga\u00e7\u00e3o em distintos canais de comunica\u00e7\u00e3o e pe\u00e7as publicit\u00e1rias, sem fins comerciais.<\/p>\n","protected":false},"excerpt":{"rendered":"<p>A inscri\u00e7\u00e3o inclui participa\u00e7\u00e3o em: Todas as sess\u00f5es t\u00e9cnicas; Apresenta\u00e7\u00f5es de palestrantes convidados; Todos os tutoriais; Sess\u00f5es WTDBD; Sess\u00f5es de&hellip; <\/p>\n","protected":false},"author":18,"featured_media":0,"parent":0,"menu_order":0,"comment_status":"closed","ping_status":"closed","template":"","meta":{"footnotes":""},"class_list":["post-5229","page","type-page","status-publish","hentry"],"_links":{"self":[{"href":"https:\/\/sbbd.org.br\/2023\/wp-json\/wp\/v2\/pages\/5229","targetHints":{"allow":["GET"]}}],"collection":[{"href":"https:\/\/sbbd.org.br\/2023\/wp-json\/wp\/v2\/pages"}],"about":[{"href":"https:\/\/sbbd.org.br\/2023\/wp-json\/wp\/v2\/types\/page"}],"author":[{"embeddable":true,"href":"https:\/\/sbbd.org.br\/2023\/wp-json\/wp\/v2\/users\/18"}],"replies":[{"embeddable":true,"href":"https:\/\/sbbd.org.br\/2023\/wp-json\/wp\/v2\/comments?post=5229"}],"version-history":[{"count":45,"href":"https:\/\/sbbd.org.br\/2023\/wp-json\/wp\/v2\/pages\/5229\/revisions"}],"predecessor-version":[{"id":7628,"href":"https:\/\/sbbd.org.br\/2023\/wp-json\/wp\/v2\/pages\/5229\/revisions\/7628"}],"wp:attachment":[{"href":"https:\/\/sbbd.org.br\/2023\/wp-json\/wp\/v2\/media?parent=5229"}],"curies":[{"name":"wp","href":"https:\/\/api.w.org\/{rel}","templated":true}]}}