{"id":4895,"date":"2022-06-27T11:57:17","date_gmt":"2022-06-27T14:57:17","guid":{"rendered":"https:\/\/sbbd.org.br\/2023\/artigos-curtos-copy\/"},"modified":"2023-09-12T22:41:50","modified_gmt":"2023-09-13T01:41:50","slug":"wtag","status":"publish","type":"page","link":"https:\/\/sbbd.org.br\/2023\/wtag\/","title":{"rendered":"WTAG"},"content":{"rendered":"\n<h3 class=\"wp-block-heading\">Coordenador do Comit\u00ea de Programa do WTAG:<\/h3>\n\n\n\n<p>Marcelo Iury (UFPB) \u2013&nbsp;<a href=\"mailto:marcelo@ci.ufpb.br\" target=\"_blank\" rel=\"noreferrer noopener\"><\/a><a href=\"mailto:marcelo@ci.ufpb.br\">marcelo@ci.ufpb.br<\/a><\/p>\n\n\n\n<h3 class=\"wp-block-heading\">Comit\u00ea de Programa do WTAG:<\/h3>\n\n\n\n<p>Andr\u00e9 Carvalho (Universidade Federal do Amazonas)<br>Bernadette L\u00f3scio (Universidade Federal de Pernambuco)<br>Ellen Souza (Universidade Federal Rural de Pernambuco)<br>Everaldo Neto (IFBA)<br>Hidelberg Albuquerque (Universidade Federal Rural de Pernambuco)<br>Jos\u00e9 Monteiro (Universidade Federal do Cear\u00e1)<br>L\u00edvia Cruz (Universidade Federal do Cear\u00e1)<br>Leandro Miranda (Blueshift)<br>Luis Gustavo Coutinho do R\u00eago (Insight Data Science Lab\/Universidade Federal do Cear\u00e1)<br>Marcelo Silva (CEFET\/RJ)<br>Tha\u00eds Gaud\u00eancio do R\u00eago (Universidade Federal da Para\u00edba)<br>Yuri Malheiros (Universidade Federal da Para\u00edba)<\/p>\n","protected":false},"excerpt":{"rendered":"<p>Coordenador do Comit\u00ea de Programa do WTAG: Marcelo Iury (UFPB) \u2013&nbsp;marcelo@ci.ufpb.br Comit\u00ea de Programa do WTAG: Andr\u00e9 Carvalho (Universidade Federal&hellip; <\/p>\n","protected":false},"author":18,"featured_media":0,"parent":0,"menu_order":0,"comment_status":"closed","ping_status":"closed","template":"","meta":{"footnotes":""},"class_list":["post-4895","page","type-page","status-publish","hentry"],"_links":{"self":[{"href":"https:\/\/sbbd.org.br\/2023\/wp-json\/wp\/v2\/pages\/4895","targetHints":{"allow":["GET"]}}],"collection":[{"href":"https:\/\/sbbd.org.br\/2023\/wp-json\/wp\/v2\/pages"}],"about":[{"href":"https:\/\/sbbd.org.br\/2023\/wp-json\/wp\/v2\/types\/page"}],"author":[{"embeddable":true,"href":"https:\/\/sbbd.org.br\/2023\/wp-json\/wp\/v2\/users\/18"}],"replies":[{"embeddable":true,"href":"https:\/\/sbbd.org.br\/2023\/wp-json\/wp\/v2\/comments?post=4895"}],"version-history":[{"count":9,"href":"https:\/\/sbbd.org.br\/2023\/wp-json\/wp\/v2\/pages\/4895\/revisions"}],"predecessor-version":[{"id":7664,"href":"https:\/\/sbbd.org.br\/2023\/wp-json\/wp\/v2\/pages\/4895\/revisions\/7664"}],"wp:attachment":[{"href":"https:\/\/sbbd.org.br\/2023\/wp-json\/wp\/v2\/media?parent=4895"}],"curies":[{"name":"wp","href":"https:\/\/api.w.org\/{rel}","templated":true}]}}