{"id":4874,"date":"2022-06-27T11:17:47","date_gmt":"2022-06-27T14:17:47","guid":{"rendered":"https:\/\/sbbd.org.br\/2023\/informacoes-gerais-copy\/"},"modified":"2023-03-27T14:44:03","modified_gmt":"2023-03-27T17:44:03","slug":"chamada-contribuicoes","status":"publish","type":"page","link":"https:\/\/sbbd.org.br\/2023\/chamada-contribuicoes\/","title":{"rendered":"Chamada para contribui\u00e7\u00f5es"},"content":{"rendered":"\n<div class=\"wp-block-columns is-layout-flex wp-container-core-columns-is-layout-9d6595d7 wp-block-columns-is-layout-flex\">\n<div class=\"wp-block-column is-layout-flow wp-block-column-is-layout-flow\" style=\"flex-basis:100%\">\n<div class=\"wp-block-columns are-vertically-aligned-center is-layout-flex wp-container-core-columns-is-layout-9d6595d7 wp-block-columns-is-layout-flex\">\n<div class=\"wp-block-column is-vertically-aligned-center is-layout-flow wp-block-column-is-layout-flow\" style=\"flex-basis:100%\">\n<div class=\"wp-block-columns is-layout-flex wp-container-core-columns-is-layout-9d6595d7 wp-block-columns-is-layout-flex\">\n<div class=\"wp-block-column is-layout-flow wp-block-column-is-layout-flow\">\n<div class=\"wp-block-columns is-layout-flex wp-container-core-columns-is-layout-9d6595d7 wp-block-columns-is-layout-flex\">\n<div class=\"wp-block-column is-layout-flow wp-block-column-is-layout-flow\" style=\"flex-basis:66.66%\">\n<div class=\"wp-block-columns is-layout-flex wp-container-core-columns-is-layout-9d6595d7 wp-block-columns-is-layout-flex\">\n<div class=\"wp-block-column is-layout-flow wp-block-column-is-layout-flow\"><\/div>\n\n\n\n<div class=\"wp-block-column is-layout-flow wp-block-column-is-layout-flow\">\n<h5 class=\"wp-block-heading\" id=\"topics-of-interestcall-for-full-paperscall-for-short-paperscall-for-jidm-paperscall-for-the-dissemination-trackcall-for-workshopschamadas-para-minicursoschamadas-para-wtagchamadas-para-wtdbdauthor-s-general-guidelines\">Informa\u00e7\u00f5es gerais<\/h5>\n\n\n\n<p><a href=\"https:\/\/sbbd.org.br\/2023\/topicos-de-interesse\/\">T\u00f3picos de interesse<\/a><br><a href=\"https:\/\/sbbd.org.br\/2023\/informacoes\/\" data-type=\"page\" data-id=\"6944\">Diretrizes gerais \u2013 autores<\/a><\/p>\n\n\n\n<h5 class=\"wp-block-heading\">Trilha de artigos<\/h5>\n\n\n\n<p><a href=\"https:\/\/sbbd.org.br\/2023\/chamada-artigos-completos\/\">Chamada \u2013 Artigos completos<\/a><br><a href=\"https:\/\/sbbd.org.br\/2023\/chamada-artigos-curtos\/\">Chamada \u2013 Artigos curtos<\/a><br><a href=\"https:\/\/sbbd.org.br\/2023\/chamada-artigos-jidm\/\">Chamada \u2013 Artigos JIDM<\/a><br><a href=\"https:\/\/sbbd.org.br\/2023\/chamada-artigos-de-disseminacao\/\">Chamada \u2013 Artigos de dissemina\u00e7\u00e3o<\/a><\/p>\n\n\n\n<h5 class=\"wp-block-heading\">Atividades complementares<\/h5>\n\n\n\n<p><a href=\"https:\/\/sbbd.org.br\/2023\/chamada-tutoriais\/\">Chamada \u2013 Tutoriais<\/a><br><a href=\"https:\/\/sbbd.org.br\/2023\/chamada-minicursos\/\">Chamada \u2013 Minicursos<\/a><br><a href=\"https:\/\/sbbd.org.br\/2023\/chamada-workshops\/\">Chamada \u2013 Workshops<\/a><\/p>\n\n\n\n<h5 class=\"wp-block-heading\">Trilha acad\u00eamica<\/h5>\n\n\n\n<p><a href=\"https:\/\/sbbd.org.br\/2023\/chamada-demos\/\">Chamada \u2013 Demos<\/a><br><a href=\"https:\/\/sbbd.org.br\/2023\/chamada-wtag\/\">Chamada \u2013 WTAG<\/a><br><a href=\"https:\/\/sbbd.org.br\/2023\/chamada-wtdbd\/\">Chamada \u2013 WTDBD<\/a><\/p>\n\n\n\n<p><\/p>\n<\/div>\n<\/div>\n<\/div>\n<\/div>\n<\/div>\n<\/div>\n<\/div>\n<\/div>\n<\/div>\n<\/div>\n","protected":false},"excerpt":{"rendered":"<p>Informa\u00e7\u00f5es gerais T\u00f3picos de interesseDiretrizes gerais \u2013 autores Trilha de artigos Chamada \u2013 Artigos completosChamada \u2013 Artigos curtosChamada \u2013 Artigos&hellip; <\/p>\n","protected":false},"author":18,"featured_media":0,"parent":0,"menu_order":0,"comment_status":"closed","ping_status":"closed","template":"","meta":{"footnotes":""},"class_list":["post-4874","page","type-page","status-publish","hentry"],"_links":{"self":[{"href":"https:\/\/sbbd.org.br\/2023\/wp-json\/wp\/v2\/pages\/4874","targetHints":{"allow":["GET"]}}],"collection":[{"href":"https:\/\/sbbd.org.br\/2023\/wp-json\/wp\/v2\/pages"}],"about":[{"href":"https:\/\/sbbd.org.br\/2023\/wp-json\/wp\/v2\/types\/page"}],"author":[{"embeddable":true,"href":"https:\/\/sbbd.org.br\/2023\/wp-json\/wp\/v2\/users\/18"}],"replies":[{"embeddable":true,"href":"https:\/\/sbbd.org.br\/2023\/wp-json\/wp\/v2\/comments?post=4874"}],"version-history":[{"count":20,"href":"https:\/\/sbbd.org.br\/2023\/wp-json\/wp\/v2\/pages\/4874\/revisions"}],"predecessor-version":[{"id":7276,"href":"https:\/\/sbbd.org.br\/2023\/wp-json\/wp\/v2\/pages\/4874\/revisions\/7276"}],"wp:attachment":[{"href":"https:\/\/sbbd.org.br\/2023\/wp-json\/wp\/v2\/media?parent=4874"}],"curies":[{"name":"wp","href":"https:\/\/api.w.org\/{rel}","templated":true}]}}