{"id":3987,"date":"2022-03-11T12:07:20","date_gmt":"2022-03-11T15:07:20","guid":{"rendered":"https:\/\/sbbd.org.br\/2023\/call-for-demos-2-copy\/"},"modified":"2023-07-05T17:20:16","modified_gmt":"2023-07-05T20:20:16","slug":"chamada-tutoriais","status":"publish","type":"page","link":"https:\/\/sbbd.org.br\/2023\/chamada-tutoriais\/","title":{"rendered":"Chamada \u2013 Tutoriais"},"content":{"rendered":"\n<h3 class=\"wp-block-heading\"><strong>Tutoriais Aceitos<\/strong><\/h3>\n\n\n\n<ul class=\"wp-block-list\"><li>Introdu\u00e7\u00e3o \u00e0 Ci\u00eancia de Dados em Ciberseguran\u00e7a<\/li><li>Prompting and Fine-tuning Pre-trained Generative Language Models<\/li><li>Automatic Disambiguation of Author Names: Foundations, Methods, and Open Issues<\/li><li>Graph-based Methods for Similarity Searches<\/li><li>Privacy-Preserving Techniques for Social Network Analysis<\/li><\/ul>\n\n\n\n<p><\/p>\n\n\n\n<h3 class=\"wp-block-heading\"><strong>Coordenador de Tutoriais<\/strong><\/h3>\n\n\n\n<p>Marcos Andr\u00e9 Gon\u00e7alves<br>Universidade Federal de Minas Gerais (UFMG)<br><a href=\"mailto:mgoncalv@dcc.ufmg.br\" target=\"_blank\" rel=\"noreferrer noopener\"><\/a><a href=\"mailto:mgoncalv@dcc.ufmg.br\">mgoncalv@dcc.ufmg.br<\/a><\/p>\n","protected":false},"excerpt":{"rendered":"<p>Tutoriais Aceitos Introdu\u00e7\u00e3o \u00e0 Ci\u00eancia de Dados em Ciberseguran\u00e7a Prompting and Fine-tuning Pre-trained Generative Language Models Automatic Disambiguation of Author&hellip; <\/p>\n","protected":false},"author":18,"featured_media":0,"parent":0,"menu_order":0,"comment_status":"closed","ping_status":"closed","template":"","meta":{"footnotes":""},"class_list":["post-3987","page","type-page","status-publish","hentry"],"_links":{"self":[{"href":"https:\/\/sbbd.org.br\/2023\/wp-json\/wp\/v2\/pages\/3987","targetHints":{"allow":["GET"]}}],"collection":[{"href":"https:\/\/sbbd.org.br\/2023\/wp-json\/wp\/v2\/pages"}],"about":[{"href":"https:\/\/sbbd.org.br\/2023\/wp-json\/wp\/v2\/types\/page"}],"author":[{"embeddable":true,"href":"https:\/\/sbbd.org.br\/2023\/wp-json\/wp\/v2\/users\/18"}],"replies":[{"embeddable":true,"href":"https:\/\/sbbd.org.br\/2023\/wp-json\/wp\/v2\/comments?post=3987"}],"version-history":[{"count":28,"href":"https:\/\/sbbd.org.br\/2023\/wp-json\/wp\/v2\/pages\/3987\/revisions"}],"predecessor-version":[{"id":7348,"href":"https:\/\/sbbd.org.br\/2023\/wp-json\/wp\/v2\/pages\/3987\/revisions\/7348"}],"wp:attachment":[{"href":"https:\/\/sbbd.org.br\/2023\/wp-json\/wp\/v2\/media?parent=3987"}],"curies":[{"name":"wp","href":"https:\/\/api.w.org\/{rel}","templated":true}]}}