{"id":3973,"date":"2022-03-10T08:37:35","date_gmt":"2022-03-10T11:37:35","guid":{"rendered":"https:\/\/sbbd.org.br\/2023\/chamada-para-wtdbd-copy\/"},"modified":"2023-06-01T10:55:48","modified_gmt":"2023-06-01T13:55:48","slug":"chamada-demos","status":"publish","type":"page","link":"https:\/\/sbbd.org.br\/2023\/chamada-demos\/","title":{"rendered":"Chamada \u2013 Demos"},"content":{"rendered":"\n<p>A sess\u00e3o de Demos do SBBD 2023 \u00e9 um f\u00f3rum de discuss\u00e3o para troca de experi\u00eancias e apresenta\u00e7\u00e3o de solu\u00e7\u00f5es inovadoras. Convidamos a submiss\u00e3o de pesquisadores, desenvolvedores e profissionais, tanto da academia quanto da ind\u00fastria, interessados em solu\u00e7\u00f5es pr\u00e1ticas e funcionais para problemas relevantes envolvendo tecnologia de gerenciamento de dados e informa\u00e7\u00f5es.<\/p>\n\n\n\n<h3 class=\"wp-block-heading\"><strong>Instru\u00e7\u00f5es para Submiss\u00f5es<\/strong><\/h3>\n\n\n\n<p>Os autores devem submeter um artigo de at\u00e9 6 p\u00e1ginas, incluindo imagens e refer\u00eancias, descrevendo as principais caracter\u00edsticas de sua demonstra\u00e7\u00e3o\/aplica\u00e7\u00e3o.<\/p>\n\n\n\n<p>Cada artigo ser\u00e1 analisado por pelo menos tr\u00eas membros do comit\u00ea de programa quanto \u00e0 originalidade, alcance pr\u00e1tico, contribui\u00e7\u00e3o t\u00e9cnica e apresenta\u00e7\u00e3o. Juntamente com o artigo submetido, os autores s\u00e3o fortemente encorajados a fornecer um link para um v\u00eddeo de demonstra\u00e7\u00e3o (screencast) de at\u00e9 5 minutos de dura\u00e7\u00e3o, apresentando a demonstra\u00e7\u00e3o\/aplica\u00e7\u00e3o. Este recurso ser\u00e1 muito apreciado e considerado como uma caracter\u00edstica distintiva no processo de revis\u00e3o. Al\u00e9m disso, os autores s\u00e3o fortemente encorajados a disponibilizar o c\u00f3digo-fonte e\/ou bin\u00e1rio\/execut\u00e1vel \u00fanico em um reposit\u00f3rio versionado (ex.:&nbsp;<a href=\"https:\/\/github.com\/\" target=\"_blank\" rel=\"noreferrer noopener\">GitHub<\/a>&nbsp;ou&nbsp;<a href=\"https:\/\/bitbucket.org\/\" target=\"_blank\" rel=\"noreferrer noopener\">BitBucket<\/a>).<\/p>\n\n\n\n<p>Os trabalhos devem ser redigidos em portugu\u00eas ou ingl\u00eas e formatados de acordo com o<a rel=\"noreferrer noopener\" href=\"https:\/\/www.sbc.org.br\/documentos-da-sbc\/category\/169-templates-para-artigos-e-capitulos-de-livros\" target=\"_blank\">&nbsp;modelo da SBC<\/a>. Ser\u00e3o consideradas apenas submiss\u00f5es eletr\u00f4nicas em formato PDF. O link para o v\u00eddeo de demonstra\u00e7\u00e3o ou a vers\u00e3o online da demonstra\u00e7\u00e3o deve ser informado na nota de rodap\u00e9 na primeira p\u00e1gina do trabalho (na primeira men\u00e7\u00e3o). Por favor, fa\u00e7a o upload da sua submiss\u00e3o dentro do prazo por meio do<a href=\"https:\/\/jems.sbc.org.br\/home.cgi?c=4327\"> site&nbsp;JEMS<\/a>.<\/p>\n\n\n\n<p>Pelo menos um autor de cada trabalho aceito deve se registrar e comparecer \u00e0 confer\u00eancia para apresentar o trabalho. Os trabalhos aceitos ser\u00e3o publicados nos Anais do SBBD 2023 Satellite Events.<\/p>\n\n\n\n<h3 class=\"wp-block-heading\"><strong>Datas Importantes:<\/strong><\/h3>\n\n\n\n<ul class=\"wp-block-list\"><li>Registros dos resumos:\u00a0<strong>19 de Junho <\/strong> <strong><s>05 de Junho<\/s><\/strong> (Nova data!)<\/li><li>Submiss\u00e3o dos artigos:\u00a0<strong>26 de Junho <strong><s>12 de Junho<\/s><\/strong> <\/strong>(Nova data!)<\/li><li>Notifica\u00e7\u00e3o dos autores:\u00a0\u00a0<strong>31 de Julho<\/strong> <strong><s>24 de Julho<\/s><\/strong> (Nova data!)<\/li><li>Submiss\u00e3o da vers\u00e3o final:\u00a0<strong>15 de Agosto<\/strong> <strong><s>07 de Agosto<\/s><\/strong> (Nova data!)<\/li><\/ul>\n\n\n\n<h3 class=\"wp-block-heading\"><strong>Coordenador da Sess\u00e3o de Demos<\/strong><\/h3>\n\n\n\n<p>Marcos Bedo<\/p>\n\n\n\n<p>Universidade Federal Fluminense (IC\/UFF)<\/p>\n\n\n\n<p><a href=\"mailto:marcosbedo@ic.uff.br\" target=\"_blank\" rel=\"noreferrer noopener\"><\/a><a href=\"mailto:marcosbedo@ic.uff.br\">marcosbedo@ic.uff.br<\/a><\/p>\n\n\n\n<p><\/p>\n","protected":false},"excerpt":{"rendered":"<p>A sess\u00e3o de Demos do SBBD 2023 \u00e9 um f\u00f3rum de discuss\u00e3o para troca de experi\u00eancias e apresenta\u00e7\u00e3o de solu\u00e7\u00f5es&hellip; <\/p>\n","protected":false},"author":18,"featured_media":0,"parent":0,"menu_order":0,"comment_status":"closed","ping_status":"closed","template":"","meta":{"footnotes":""},"class_list":["post-3973","page","type-page","status-publish","hentry"],"_links":{"self":[{"href":"https:\/\/sbbd.org.br\/2023\/wp-json\/wp\/v2\/pages\/3973","targetHints":{"allow":["GET"]}}],"collection":[{"href":"https:\/\/sbbd.org.br\/2023\/wp-json\/wp\/v2\/pages"}],"about":[{"href":"https:\/\/sbbd.org.br\/2023\/wp-json\/wp\/v2\/types\/page"}],"author":[{"embeddable":true,"href":"https:\/\/sbbd.org.br\/2023\/wp-json\/wp\/v2\/users\/18"}],"replies":[{"embeddable":true,"href":"https:\/\/sbbd.org.br\/2023\/wp-json\/wp\/v2\/comments?post=3973"}],"version-history":[{"count":29,"href":"https:\/\/sbbd.org.br\/2023\/wp-json\/wp\/v2\/pages\/3973\/revisions"}],"predecessor-version":[{"id":7294,"href":"https:\/\/sbbd.org.br\/2023\/wp-json\/wp\/v2\/pages\/3973\/revisions\/7294"}],"wp:attachment":[{"href":"https:\/\/sbbd.org.br\/2023\/wp-json\/wp\/v2\/media?parent=3973"}],"curies":[{"name":"wp","href":"https:\/\/api.w.org\/{rel}","templated":true}]}}