{"id":3951,"date":"2022-02-17T08:54:24","date_gmt":"2022-02-17T11:54:24","guid":{"rendered":"https:\/\/sbbd.org.br\/2023\/chamada-para-wtag-copy\/"},"modified":"2023-05-03T10:32:21","modified_gmt":"2023-05-03T13:32:21","slug":"chamada-minicursos","status":"publish","type":"page","link":"https:\/\/sbbd.org.br\/2023\/chamada-minicursos\/","title":{"rendered":"Chamada \u2013 Minicursos"},"content":{"rendered":"\n<p>Os minicursos do SBBD s\u00e3o eventos de curta dura\u00e7\u00e3o com objetivo de apresentar uma vis\u00e3o introdut\u00f3ria ou avan\u00e7ada de t\u00f3picos atuais de pesquisa e\/ou tecnologia que sejam de interesse da comunidade de Banco de Dados. Com isso, o participante tem a oportunidade de aprender sobre um novo assunto vinculado \u00e0 sua \u00e1rea de atua\u00e7\u00e3o e pode tamb\u00e9m extrair elementos que podem ser aplicados em seus estudos cient\u00edficos e\/ou em suas atividades profissionais.<\/p>\n\n\n\n<p>Os minicursos dever\u00e3o ter 4 horas de dura\u00e7\u00e3o e apresenta\u00e7\u00e3o em portugu\u00eas ou ingl\u00eas. O p\u00fablico-alvo ser\u00e1 de estudantes de gradua\u00e7\u00e3o, p\u00f3s-gradua\u00e7\u00e3o e profissionais da \u00e1rea em geral.<\/p>\n\n\n\n<h3 class=\"wp-block-heading\">Instru\u00e7\u00f5es de Submiss\u00e3o<\/h3>\n\n\n\n<p>As propostas iniciais devem se limitar a 5 (cinco) p\u00e1ginas, no modelo de cap\u00edtulo de livro da SBC (<a href=\"https:\/\/www.sbc.org.br\/documentos-da-sbc\/summary\/169-templates-para-artigos-e-capitulos-de-livros\/878-modelosparapublicacaodeartigos\">https:\/\/www.sbc.org.br\/documentos-da-sbc\/summary\/169-templates-para-artigos-e-capitulos-de-livros\/878-modelosparapublicacaodeartigos<\/a>), incluindo:<\/p>\n\n\n\n<ul class=\"wp-block-list\"><li>t\u00edtulo do minicurso;<\/li><li>autores;<\/li><li>resumo (de at\u00e9 200 palavras);<\/li><li>indica\u00e7\u00e3o de p\u00fablico-alvo (para propostas com perfil interdisciplinar), com especifica\u00e7\u00e3o e justificativa de pr\u00e9-requisitos;<\/li><li>sum\u00e1rio do texto com uma descri\u00e7\u00e3o para cada um dos t\u00f3picos do sum\u00e1rio;<\/li><li>indica\u00e7\u00e3o de por que o curso \u00e9 interessante e deve atrair a aten\u00e7\u00e3o do p\u00fablico alvo;<\/li><li>breve curr\u00edculo dos autores;<\/li><li>indica\u00e7\u00e3o de qual autor apresentar\u00e1 o curso;<\/li><li>os recursos computacionais e audiovisuais necess\u00e1rios.<\/li><\/ul>\n\n\n\n<p>A submiss\u00e3o de propostas de minicursos deve ser realizada diretamente por e-mail para <a href=\"mailto:humberto.razente@ufu.br\">humberto.razente@ufu.br<\/a> com o assunto \u201c[SBBD2023] Submiss\u00e3o de Proposta de Minicurso\u201c. No e-mail devem constar a identifica\u00e7\u00e3o do(s) autor(es) e um arquivo, como anexo, em formato PDF, com a proposta do minicurso. As propostas ser\u00e3o avaliadas de acordo com sua originalidade, relev\u00e2ncia, apresenta\u00e7\u00e3o e afinidade com o p\u00fablico-alvo.<\/p>\n\n\n\n<p>As propostas iniciais aceitas participar\u00e3o de nova fase, na qual dever\u00e3o ser mais detalhadas em um texto com o m\u00ednimo de 20 p\u00e1ginas e m\u00e1ximo de 30 p\u00e1ginas. O texto ser\u00e1 publicado no formato de cap\u00edtulo de livro. Os formatos finais dos cap\u00edtulos ser\u00e3o divulgados diretamente aos autores. D\u00favidas sobre a submiss\u00e3o de minicursos devem ser enviadas para <a href=\"mailto:humberto.razente@ufu.br\">humberto.razente@ufu.br<\/a>.<\/p>\n\n\n\n<h3 class=\"wp-block-heading\">Datas importantes<\/h3>\n\n\n\n<ul class=\"wp-block-list\"><li>Submiss\u00e3o de minicursos: at\u00e9 <strong>15\/05\/2023<\/strong><\/li><li>Notifica\u00e7\u00e3o de aceite: 01\/06\/2023<\/li><li>Envio da vers\u00e3o final: 01\/08\/2023<\/li><\/ul>\n\n\n\n<h3 class=\"wp-block-heading\">Aux\u00edlio para viabilizar a participa\u00e7\u00e3o de um dos autores<\/h3>\n\n\n\n<p>Caso haja disponibilidade de recursos, um dos autores poder\u00e1 receber aux\u00edlio para passagem e hospedagem para apresentar o minicurso. Na aus\u00eancia de recursos suficientes para todos os autores selecionados, a organiza\u00e7\u00e3o do evento estabelecer\u00e1 crit\u00e9rios para a distribui\u00e7\u00e3o dos aux\u00edlios, de modo a cobrir o maior n\u00famero poss\u00edvel de propostas, informando os autores durante a submiss\u00e3o da vers\u00e3o final. Ao menos um autor do minicurso deve se inscrever no simp\u00f3sio, preferencialmente o apresentador.<\/p>\n\n\n\n<h3 class=\"wp-block-heading\">Coordena\u00e7\u00e3o de Minicursos<\/h3>\n\n\n\n<p>Humberto Humberto Razente<\/p>\n\n\n\n<p>Universidade Federal de Uberl\u00e2ndia (UFU)<\/p>\n\n\n\n<p><a href=\"mailto:humberto.razente@ufu.br\">humberto.razente@ufu.br<\/a><\/p>\n\n\n\n<div style=\"height:7px\" aria-hidden=\"true\" class=\"wp-block-spacer\"><\/div>\n","protected":false},"excerpt":{"rendered":"<p>Os minicursos do SBBD s\u00e3o eventos de curta dura\u00e7\u00e3o com objetivo de apresentar uma vis\u00e3o introdut\u00f3ria ou avan\u00e7ada de t\u00f3picos&hellip; <\/p>\n","protected":false},"author":18,"featured_media":0,"parent":0,"menu_order":0,"comment_status":"closed","ping_status":"closed","template":"","meta":{"footnotes":""},"class_list":["post-3951","page","type-page","status-publish","hentry"],"_links":{"self":[{"href":"https:\/\/sbbd.org.br\/2023\/wp-json\/wp\/v2\/pages\/3951","targetHints":{"allow":["GET"]}}],"collection":[{"href":"https:\/\/sbbd.org.br\/2023\/wp-json\/wp\/v2\/pages"}],"about":[{"href":"https:\/\/sbbd.org.br\/2023\/wp-json\/wp\/v2\/types\/page"}],"author":[{"embeddable":true,"href":"https:\/\/sbbd.org.br\/2023\/wp-json\/wp\/v2\/users\/18"}],"replies":[{"embeddable":true,"href":"https:\/\/sbbd.org.br\/2023\/wp-json\/wp\/v2\/comments?post=3951"}],"version-history":[{"count":9,"href":"https:\/\/sbbd.org.br\/2023\/wp-json\/wp\/v2\/pages\/3951\/revisions"}],"predecessor-version":[{"id":7219,"href":"https:\/\/sbbd.org.br\/2023\/wp-json\/wp\/v2\/pages\/3951\/revisions\/7219"}],"wp:attachment":[{"href":"https:\/\/sbbd.org.br\/2023\/wp-json\/wp\/v2\/media?parent=3951"}],"curies":[{"name":"wp","href":"https:\/\/api.w.org\/{rel}","templated":true}]}}