{"id":3938,"date":"2022-02-17T08:11:35","date_gmt":"2022-02-17T11:11:35","guid":{"rendered":"https:\/\/sbbd.org.br\/2023\/chamada-para-wtdbd-copy\/"},"modified":"2023-06-27T18:15:42","modified_gmt":"2023-06-27T21:15:42","slug":"chamada-wtag","status":"publish","type":"page","link":"https:\/\/sbbd.org.br\/2023\/chamada-wtag\/","title":{"rendered":"Chamada \u2013 IV Workshop de Trabalhos de Alunos de Gradua\u00e7\u00e3o"},"content":{"rendered":"\n<p>O IV Workshop de Trabalhos de Alunos de Gradua\u00e7\u00e3o (IV WTAG) ser\u00e1 realizado durante o Simp\u00f3sio Brasileiro de Banco de Dados (SBBD) 2023. O WTAG visa promover a participa\u00e7\u00e3o de estudantes de gradua\u00e7\u00e3o e de rec\u00e9m-graduados na produ\u00e7\u00e3o e divulga\u00e7\u00e3o de trabalhos sobre temas relacionados \u00e0 \u00e1rea de Banco de Dados. Autores est\u00e3o convidados a submeter trabalhos que incluam resultados parciais ou finais das suas pesquisas tecnol\u00f3gicas e cient\u00edficas, incluindo: Trabalhos de Inicia\u00e7\u00e3o Cient\u00edfica (IC), Trabalhos de Inicia\u00e7\u00e3o Tecnol\u00f3gica (IT), Trabalhos de Conclus\u00e3o de Curso (TCC), implementa\u00e7\u00f5es de software e projetos de pesquisa ou desenvolvimento independentes que se encaixem nos&nbsp;<a href=\"https:\/\/sbbd.org.br\/2023\/topicos-de-interesse\/\" target=\"_blank\" rel=\"noreferrer noopener\">t\u00f3picos de interesse do SBBD<\/a>.<\/p>\n\n\n\n<h3 class=\"wp-block-heading\">Instru\u00e7\u00f5es de Submiss\u00e3o:<\/h3>\n\n\n\n<p>A submiss\u00e3o de artigos ser\u00e1 exclusivamente eletr\u00f4nica, por meio do<a href=\"https:\/\/submissoes.sbc.org.br\/\" target=\"_blank\" rel=\"noreferrer noopener\">&nbsp;sistema JEMS<\/a>. Para a submiss\u00e3o, os autores devem escrever artigos em ingl\u00eas ou portugu\u00eas, limitados a 6 (seis) p\u00e1ginas de conte\u00fado incluindo resumo (e&nbsp;<em>abstract<\/em>, para artigos em portugu\u00eas), figuras, diagramas, e anexos, e uma p\u00e1gina extra para refer\u00eancias. Os trabalhos devem ser formatados seguindo<a href=\"https:\/\/www.sbc.org.br\/documentos-da-sbc\/summary\/169-templates-para-artigos-e-capitulos-de-livros\/878-modelosparapublicaodeartigos\" target=\"_blank\" rel=\"noreferrer noopener\">&nbsp;o modelo de artigos da SBC.<\/a><\/p>\n\n\n\n<p>Os artigos passar\u00e3o por um processo de revis\u00e3o pelo Comit\u00ea de Programa do WTAG, e os trabalhos selecionados ser\u00e3o organizados para apresenta\u00e7\u00e3o e publica\u00e7\u00e3o nos anais do evento.<\/p>\n\n\n\n<p>Cada artigo deve ter no m\u00ednimo 2 autores: (1) um estudante de gradua\u00e7\u00e3o ou rec\u00e9m-formado (graduado em 2021 ou 2022); e (2) professor orientador do trabalho.<\/p>\n\n\n\n<p>O estudante deve ser o primeiro autor da submiss\u00e3o.<\/p>\n\n\n\n<p>O estudante de cada artigo selecionado dever\u00e1 se inscrever no SBBD 2023 e apresentar o trabalho.<\/p>\n\n\n\n<h3 class=\"wp-block-heading\">Pr\u00eamio para os Melhores Artigos:<\/h3>\n\n\n\n<p>Para fins de premia\u00e7\u00e3o, ser\u00e3o avaliados, por um Comit\u00ea espec\u00edfico do WTAG, os artigos aceitos revisados e a qualidade da apresenta\u00e7\u00e3o oral realizada pelo estudante. Os melhores artigos ser\u00e3o premiados com um certificado ao final do WTAG.<\/p>\n\n\n\n<h3 class=\"wp-block-heading\">Datas Importantes:<\/h3>\n\n\n\n<ul class=\"wp-block-list\"><li>Registro dos resumos:\u00a0<strong>19 de Junho<\/strong><\/li><li>Submiss\u00f5es:\u00a0<strong>30 de Junho<\/strong> (Nova data!)<\/li><li>Notifica\u00e7\u00e3o:\u00a0<strong>31 de Julho<\/strong><\/li><li>Vers\u00e3o final:\u00a0<strong>15 de Agosto<\/strong><\/li><\/ul>\n\n\n\n<h3 class=\"wp-block-heading\">Coordenador do WTAG:<\/h3>\n\n\n\n<p>Marcelo Iury S. Oliveira<\/p>\n\n\n\n<p>Universidade Federal da Para\u00edba (UFPB)<\/p>\n\n\n\n<p><a href=\"mailto:marcelo@ci.ufpb.br\" target=\"_blank\" rel=\"noreferrer noopener\"><\/a><a href=\"mailto:marcelo@ci.ufpb.br\">marcelo@ci.ufpb.br<\/a><\/p>\n","protected":false},"excerpt":{"rendered":"<p>O IV Workshop de Trabalhos de Alunos de Gradua\u00e7\u00e3o (IV WTAG) ser\u00e1 realizado durante o Simp\u00f3sio Brasileiro de Banco de&hellip; <\/p>\n","protected":false},"author":18,"featured_media":0,"parent":0,"menu_order":0,"comment_status":"closed","ping_status":"closed","template":"","meta":{"footnotes":""},"class_list":["post-3938","page","type-page","status-publish","hentry"],"_links":{"self":[{"href":"https:\/\/sbbd.org.br\/2023\/wp-json\/wp\/v2\/pages\/3938","targetHints":{"allow":["GET"]}}],"collection":[{"href":"https:\/\/sbbd.org.br\/2023\/wp-json\/wp\/v2\/pages"}],"about":[{"href":"https:\/\/sbbd.org.br\/2023\/wp-json\/wp\/v2\/types\/page"}],"author":[{"embeddable":true,"href":"https:\/\/sbbd.org.br\/2023\/wp-json\/wp\/v2\/users\/18"}],"replies":[{"embeddable":true,"href":"https:\/\/sbbd.org.br\/2023\/wp-json\/wp\/v2\/comments?post=3938"}],"version-history":[{"count":20,"href":"https:\/\/sbbd.org.br\/2023\/wp-json\/wp\/v2\/pages\/3938\/revisions"}],"predecessor-version":[{"id":7319,"href":"https:\/\/sbbd.org.br\/2023\/wp-json\/wp\/v2\/pages\/3938\/revisions\/7319"}],"wp:attachment":[{"href":"https:\/\/sbbd.org.br\/2023\/wp-json\/wp\/v2\/media?parent=3938"}],"curies":[{"name":"wp","href":"https:\/\/api.w.org\/{rel}","templated":true}]}}