{"id":3856,"date":"2022-02-07T19:02:38","date_gmt":"2022-02-07T22:02:38","guid":{"rendered":"https:\/\/sbbd.org.br\/2023\/call-for-demos-copy\/"},"modified":"2023-08-02T20:45:36","modified_gmt":"2023-08-02T23:45:36","slug":"chamada-artigos-de-disseminacao","status":"publish","type":"page","link":"https:\/\/sbbd.org.br\/2023\/chamada-artigos-de-disseminacao\/","title":{"rendered":"Chamada \u2013 Artigos de Dissemina\u00e7\u00e3o"},"content":{"rendered":"\n<p>O objetivo das submiss\u00f5es para Artigos de Dissemina\u00e7\u00e3o \u00e9 divulgar pesquisas relevantes desenvolvidas por pesquisadores brasileiros, que s\u00e3o relatadas em artigos publicados anteriormente nos principais locais relacionados \u00e0 gest\u00e3o de dados e informa\u00e7\u00f5es (revistas ou confer\u00eancias de alto impacto) em 2022\/2023.<\/p>\n\n\n\n<p>As submiss\u00f5es nesta categoria ser\u00e3o convidadas para uma apresenta\u00e7\u00e3o oral, onde as submiss\u00f5es ser\u00e3o avaliadas por um Comit\u00ea SBBD espec\u00edfico com base na relev\u00e2ncia, inova\u00e7\u00e3o e qualidade do local de publica\u00e7\u00e3o original e impacto das ideias para a comunidade brasileira de bancos de dados. Os trabalhos nesta categoria devem ser em sua maioria de autoria de pesquisadores brasileiros, e o primeiro autor deve ser de uma institui\u00e7\u00e3o brasileira.<\/p>\n\n\n\n<p>Esses trabalhos n\u00e3o aparecer\u00e3o nos anais da confer\u00eancia e, portanto, n\u00e3o constituem uma nova publica\u00e7\u00e3o, nem um pr\u00eamio.<\/p>\n\n\n\n<h3 class=\"wp-block-heading\" id=\"submission-instructions\">Instru\u00e7\u00f5es de Submiss\u00e3o<\/h3>\n\n\n\n<p>O artigo deve ser submetido \u201ccomo est\u00e1\u201d, indicando explicitamente o f\u00f3rum onde o trabalho foi publicado. Os trabalhos devem ser enviados dentro do prazo, anexados a um e-mail para <a href=\"mailto:dskaster@uel.br\">dskaster@uel.br<\/a>, com o assunto &#8220;[SBBD2023] Artigos de Dissemina\u00e7\u00e3o&#8221;.<\/p>\n\n\n\n<h3 class=\"wp-block-heading\" id=\"important-dates\">Datas Importantes<\/h3>\n\n\n\n<p>\u2013 Inscri\u00e7\u00f5es at\u00e9: 21\/08\/2023<br>\u2013 Prazo de notifica\u00e7\u00e3o:&nbsp; 28\/08\/2023<\/p>\n\n\n\n<p>Coordena\u00e7\u00e3o do Programa de Artigos de Dissemina\u00e7\u00e3o:<\/p>\n\n\n\n<p>Daniel Kaster<br>Universidade Estadual de Londrina (UEL)<br><a href=\"mailto:dskaster@uel.br\">dskaster@uel.br<\/a><\/p>\n","protected":false},"excerpt":{"rendered":"<p>O objetivo das submiss\u00f5es para Artigos de Dissemina\u00e7\u00e3o \u00e9 divulgar pesquisas relevantes desenvolvidas por pesquisadores brasileiros, que s\u00e3o relatadas em&hellip; <\/p>\n","protected":false},"author":18,"featured_media":0,"parent":0,"menu_order":0,"comment_status":"closed","ping_status":"closed","template":"","meta":{"footnotes":""},"class_list":["post-3856","page","type-page","status-publish","hentry"],"_links":{"self":[{"href":"https:\/\/sbbd.org.br\/2023\/wp-json\/wp\/v2\/pages\/3856","targetHints":{"allow":["GET"]}}],"collection":[{"href":"https:\/\/sbbd.org.br\/2023\/wp-json\/wp\/v2\/pages"}],"about":[{"href":"https:\/\/sbbd.org.br\/2023\/wp-json\/wp\/v2\/types\/page"}],"author":[{"embeddable":true,"href":"https:\/\/sbbd.org.br\/2023\/wp-json\/wp\/v2\/users\/18"}],"replies":[{"embeddable":true,"href":"https:\/\/sbbd.org.br\/2023\/wp-json\/wp\/v2\/comments?post=3856"}],"version-history":[{"count":25,"href":"https:\/\/sbbd.org.br\/2023\/wp-json\/wp\/v2\/pages\/3856\/revisions"}],"predecessor-version":[{"id":7378,"href":"https:\/\/sbbd.org.br\/2023\/wp-json\/wp\/v2\/pages\/3856\/revisions\/7378"}],"wp:attachment":[{"href":"https:\/\/sbbd.org.br\/2023\/wp-json\/wp\/v2\/media?parent=3856"}],"curies":[{"name":"wp","href":"https:\/\/api.w.org\/{rel}","templated":true}]}}