{"id":3849,"date":"2022-02-07T18:55:13","date_gmt":"2022-02-07T21:55:13","guid":{"rendered":"https:\/\/sbbd.org.br\/2023\/call-for-demos-copy\/"},"modified":"2023-02-24T17:04:46","modified_gmt":"2023-02-24T20:04:46","slug":"chamada-artigos-jidm","status":"publish","type":"page","link":"https:\/\/sbbd.org.br\/2023\/chamada-artigos-jidm\/","title":{"rendered":"Chamada \u2013 Artigos JIDM"},"content":{"rendered":"\n<p>Autores de trabalhos aceitos para publica\u00e7\u00e3o no Journal of Information and Data Management (JIDM) de agosto de 2021 a agosto de 2023 ser\u00e3o convidados a apresentar seus trabalhos durante o SBBD 2023. Devem ser escritos em ingl\u00eas e formatados de acordo com o modelo JIDM. As submiss\u00f5es ser\u00e3o julgadas pelo conselho editorial do JIDM e s\u00e3o feitas continuamente ao longo dos anos.<\/p>\n\n\n\n<h3 class=\"wp-block-heading\" id=\"submission-instructions\">Instru\u00e7\u00f5es para submiss\u00f5es<\/h3>\n\n\n\n<p>Instru\u00e7\u00f5es detalhadas e os modelos para submiss\u00e3o est\u00e3o dispon\u00edveis aqui:<\/p>\n\n\n\n<p><a href=\"https:\/\/sol.sbc.org.br\/journals\/index.php\/jidm\">https:\/\/sol.sbc.org.br\/journals\/index.php\/jidm<\/a>.<\/p>\n\n\n\n<h3 class=\"wp-block-heading\" id=\"important-dates\"><br>Datas importantes<\/h3>\n\n\n\n<p>Prazo de submiss\u00e3o: continuamente ao longo do ano, usando o site de submiss\u00e3o do<a href=\"https:\/\/jems.sbc.org.br\/jems2\/index.php?r=site\/login\"> JIDM<\/a>.<\/p>\n\n\n\n<p><strong>Editores-chefes do JIDM<\/strong><\/p>\n\n\n\n<p>Maristela Holanda<br>Universidade de Bras\u00edlia (UNB)<br>maristela.holanda@gmail.com<\/p>\n\n\n\n<p>Daniel Cardoso Moraes de Oliveira<br>Universidade Federal Fluminense (UFF)<br>danielcmo@ic.uff.br<\/p>\n","protected":false},"excerpt":{"rendered":"<p>Autores de trabalhos aceitos para publica\u00e7\u00e3o no Journal of Information and Data Management (JIDM) de agosto de 2021 a agosto&hellip; <\/p>\n","protected":false},"author":18,"featured_media":0,"parent":0,"menu_order":0,"comment_status":"closed","ping_status":"closed","template":"","meta":{"footnotes":""},"class_list":["post-3849","page","type-page","status-publish","hentry"],"_links":{"self":[{"href":"https:\/\/sbbd.org.br\/2023\/wp-json\/wp\/v2\/pages\/3849","targetHints":{"allow":["GET"]}}],"collection":[{"href":"https:\/\/sbbd.org.br\/2023\/wp-json\/wp\/v2\/pages"}],"about":[{"href":"https:\/\/sbbd.org.br\/2023\/wp-json\/wp\/v2\/types\/page"}],"author":[{"embeddable":true,"href":"https:\/\/sbbd.org.br\/2023\/wp-json\/wp\/v2\/users\/18"}],"replies":[{"embeddable":true,"href":"https:\/\/sbbd.org.br\/2023\/wp-json\/wp\/v2\/comments?post=3849"}],"version-history":[{"count":12,"href":"https:\/\/sbbd.org.br\/2023\/wp-json\/wp\/v2\/pages\/3849\/revisions"}],"predecessor-version":[{"id":6890,"href":"https:\/\/sbbd.org.br\/2023\/wp-json\/wp\/v2\/pages\/3849\/revisions\/6890"}],"wp:attachment":[{"href":"https:\/\/sbbd.org.br\/2023\/wp-json\/wp\/v2\/media?parent=3849"}],"curies":[{"name":"wp","href":"https:\/\/api.w.org\/{rel}","templated":true}]}}