{"id":3838,"date":"2022-02-07T18:41:59","date_gmt":"2022-02-07T21:41:59","guid":{"rendered":"https:\/\/sbbd.org.br\/2023\/call-for-full-papers-copy\/"},"modified":"2023-06-01T10:54:29","modified_gmt":"2023-06-01T13:54:29","slug":"chamada-artigos-curtos","status":"publish","type":"page","link":"https:\/\/sbbd.org.br\/2023\/chamada-artigos-curtos\/","title":{"rendered":"Chamada \u2013 Artigos Curtos"},"content":{"rendered":"\n<p>Os artigos curtos devem apresentar resultados iniciais ou trabalhos em andamento em qualquer um dos <a href=\"https:\/\/sbbd.org.br\/2023\/topicos-de-interesse\/\" data-type=\"page\" data-id=\"3816\">t\u00f3picos de interesse do SBBD<\/a>.<\/p>\n\n\n\n<p>Da mesma forma que os artigos completos, os artigos curtos podem ser: (i) Artigos de Pesquisa Regulares, (ii) Artigos de Vis\u00e3o ou (iii) Artigos Industriais ou de Aplica\u00e7\u00e3o.<\/p>\n\n\n\n<p><strong>Pesquisa:<\/strong>&nbsp;Artigos cient\u00edficos com contribui\u00e7\u00f5es para a pesquisa na \u00e1rea de SBBD.<\/p>\n\n\n\n<p><strong>Vis\u00e3o:<\/strong>&nbsp;Os artigos de vis\u00e3o devem apresentar novos problemas, novos dom\u00ednios de aplica\u00e7\u00e3o ou novas metodologias que possam estimular novas pesquisas e discuss\u00f5es significativas. Os artigos de vis\u00e3o devem convencer o p\u00fablico de que a ideia em m\u00e3os \u00e9 v\u00e1lida e vale a pena ouvir, sem a necessidade de apresentar trabalhos de pesquisa conclu\u00eddos e\/ou resultados validados.<\/p>\n\n\n\n<p><strong>Industrial ou aplica\u00e7\u00f5es:<\/strong>&nbsp;Artigos industriais apresentam novas aplica\u00e7\u00f5es do mundo real de sistemas de gerenciamento de dados e experi\u00eancia na aplica\u00e7\u00e3o de avan\u00e7os de pesquisas recentes para problemas do mundo real. Problemas do mundo real podem surgir da ind\u00fastria, sociedade, governo, comunidade cient\u00edfica ou outros tipos de empresas.<\/p>\n\n\n\n<h3 class=\"wp-block-heading\">Instru\u00e7\u00f5es de Submiss\u00e3o:<\/h3>\n\n\n\n<p>Os artigos curtos devem ser escritos em portugu\u00eas ou ingl\u00eas e n\u00e3o exceder 6 p\u00e1ginas, conforme o modelo da SBC. Os artigos curtos submetidos ao SBBD n\u00e3o devem ter sido submetidos simultaneamente a qualquer outro f\u00f3rum (confer\u00eancia ou revista), nem j\u00e1 ter sido publicados em outro lugar. A aceita\u00e7\u00e3o de um trabalho implica que pelo menos um dos seus autores se inscreva no simp\u00f3sio para apresent\u00e1-lo. Os trabalhos devem ser enviados dentro do prazo atrav\u00e9s do <a href=\"https:\/\/jems.sbc.org.br\/home.cgi?c=4326\">sistema JEMS<\/a>.<\/p>\n\n\n\n<p>Os artigos curtos enviados passar\u00e3o por um processo de revis\u00e3o \u201c<strong>duplo-cego<\/strong>\u201d e ser\u00e3o revisados com base na originalidade, relev\u00e2ncia, solidez t\u00e9cnica e clareza da apresenta\u00e7\u00e3o. Artigos industriais ou de aplica\u00e7\u00e3o tamb\u00e9m ser\u00e3o revisados com base no contexto e potencial de inova\u00e7\u00e3o.<\/p>\n\n\n\n<p>Considerando os temas de interesse do SBBD (isoladamente ou em conjunto), os autores dos trabalhos submetidos ao congresso devem seguir algumas&nbsp;<a href=\"https:\/\/sbbd.org.br\/2022\/authors-general-guidelines\/\" target=\"_blank\" rel=\"noreferrer noopener\">recomenda\u00e7\u00f5es<\/a>.<\/p>\n\n\n\n<h3 class=\"wp-block-heading\">Datas Importantes:<\/h3>\n\n\n\n<ul class=\"wp-block-list\"><li>Registros dos resumos:\u00a0<strong>19 de Junho <s>05 de Junho<\/s> <\/strong>(Nova data!)<\/li><li>Submiss\u00e3o dos artigos:\u00a0<strong>26 de Junho <s>12 de Junho<\/s><\/strong> (Nova data!)<\/li><li>Notifica\u00e7\u00e3o dos autores:\u00a0\u00a0<strong>31 de Julho<\/strong> <strong><s>24 de Julho<\/s><\/strong> (Nova data!)<\/li><li>Submiss\u00e3o da vers\u00e3o final:\u00a0<strong>15 de Agosto<\/strong> <strong><s>07 de Agosto<\/s><\/strong> (Nova data!)<\/li><\/ul>\n\n\n\n<h3 class=\"wp-block-heading\">Coordenador de Artigos Curtos:<\/h3>\n\n\n\n<p>Eduardo Ogasawara<\/p>\n\n\n\n<p>Centro Federal de Educa\u00e7\u00e3o Tecnol\u00f3gica do Rio de Janeiro (CEFET\/RJ)<\/p>\n\n\n\n<p><a href=\"mailto:eogasawara@ieee.org\" target=\"_blank\" rel=\"noreferrer noopener\"><\/a><a href=\"mailto:eogasawara@ieee.org\">eogasawara@ieee.org<\/a><\/p>\n","protected":false},"excerpt":{"rendered":"<p>Os artigos curtos devem apresentar resultados iniciais ou trabalhos em andamento em qualquer um dos t\u00f3picos de interesse do SBBD.&hellip; <\/p>\n","protected":false},"author":18,"featured_media":0,"parent":0,"menu_order":0,"comment_status":"closed","ping_status":"closed","template":"","meta":{"footnotes":""},"class_list":["post-3838","page","type-page","status-publish","hentry"],"_links":{"self":[{"href":"https:\/\/sbbd.org.br\/2023\/wp-json\/wp\/v2\/pages\/3838","targetHints":{"allow":["GET"]}}],"collection":[{"href":"https:\/\/sbbd.org.br\/2023\/wp-json\/wp\/v2\/pages"}],"about":[{"href":"https:\/\/sbbd.org.br\/2023\/wp-json\/wp\/v2\/types\/page"}],"author":[{"embeddable":true,"href":"https:\/\/sbbd.org.br\/2023\/wp-json\/wp\/v2\/users\/18"}],"replies":[{"embeddable":true,"href":"https:\/\/sbbd.org.br\/2023\/wp-json\/wp\/v2\/comments?post=3838"}],"version-history":[{"count":37,"href":"https:\/\/sbbd.org.br\/2023\/wp-json\/wp\/v2\/pages\/3838\/revisions"}],"predecessor-version":[{"id":7293,"href":"https:\/\/sbbd.org.br\/2023\/wp-json\/wp\/v2\/pages\/3838\/revisions\/7293"}],"wp:attachment":[{"href":"https:\/\/sbbd.org.br\/2023\/wp-json\/wp\/v2\/media?parent=3838"}],"curies":[{"name":"wp","href":"https:\/\/api.w.org\/{rel}","templated":true}]}}