{"id":3822,"date":"2022-02-07T18:26:58","date_gmt":"2022-02-07T21:26:58","guid":{"rendered":"https:\/\/sbbd.org.br\/2023\/call-for-papers-2-copy\/"},"modified":"2023-07-07T10:55:36","modified_gmt":"2023-07-07T13:55:36","slug":"chamada-artigos-completos","status":"publish","type":"page","link":"https:\/\/sbbd.org.br\/2023\/chamada-artigos-completos\/","title":{"rendered":"Chamada \u2013 Artigos completos"},"content":{"rendered":"\n<p>As submiss\u00f5es nesta categoria devem apresentar resultados de pesquisa e discuss\u00e3o em qualquer um dos <a href=\"https:\/\/sbbd.org.br\/2023\/topicos-de-interesse\/\" data-type=\"page\" data-id=\"3816\">t\u00f3picos de interesse do SBBD<\/a>. Existem tr\u00eas categorias igualmente importantes de artigos completos: (i) Artigos de Pesquisa Regulares; (ii) Artigos de Vis\u00e3o e (iii) Artigos Industriais ou de Aplica\u00e7\u00e3o.<\/p>\n\n\n\n<p><strong>Pesquisa:<\/strong>&nbsp;Artigos cient\u00edficos com contribui\u00e7\u00f5es para a pesquisa na \u00e1rea de SBBD.<\/p>\n\n\n\n<p><strong>Vis\u00e3o:<\/strong>&nbsp;Os artigos de vis\u00e3o devem apresentar novos problemas, novos dom\u00ednios de aplica\u00e7\u00e3o ou novas metodologias que possam estimular novas pesquisas e discuss\u00f5es significativas. Os artigos de vis\u00e3o devem convencer o p\u00fablico de que a ideia em m\u00e3os \u00e9 v\u00e1lida e vale a pena ouvir, sem a necessidade de apresentar trabalhos de pesquisa conclu\u00eddos e\/ou resultados validados.<\/p>\n\n\n\n<p><strong>Industrial ou aplica\u00e7\u00f5es:<\/strong>&nbsp;Artigos industriais apresentam novas aplica\u00e7\u00f5es do mundo real de sistemas de gerenciamento de dados e experi\u00eancia na aplica\u00e7\u00e3o de avan\u00e7os de pesquisas recentes para problemas do mundo real. Problemas do mundo real podem surgir da ind\u00fastria, sociedade, governo, comunidade cient\u00edfica ou outros tipos de empresas.<\/p>\n\n\n\n<h3 class=\"wp-block-heading\">Instru\u00e7\u00f5es de Submiss\u00e3o:<\/h3>\n\n\n\n<p>Os artigos completos devem ser escritos em portugu\u00eas ou ingl\u00eas e n\u00e3o exceder 12 p\u00e1ginas, conforme modelo da SBC. Os artigos completos submetidos ao SBBD n\u00e3o devem ter sido submetidos simultaneamente a qualquer outro f\u00f3rum (confer\u00eancia ou revista), nem j\u00e1 ter sido publicados em outro lugar. A aceita\u00e7\u00e3o de um trabalho implica que pelo menos um dos seus autores se inscreva no simp\u00f3sio para apresent\u00e1-lo. Os trabalhos devem ser enviados dentro do prazo atrav\u00e9s do <a href=\"https:\/\/jems.sbc.org.br\/home.cgi?c=4325\">sistema JEMS<\/a>.<\/p>\n\n\n\n<p>Os artigos enviados passar\u00e3o por um processo de revis\u00e3o \u201c<strong>duplo-cego<\/strong>\u201d, onde as identidades dos autores s\u00e3o ocultadas dos revisores e as identidades dos revisores s\u00e3o ocultadas dos autores. Os trabalhos ser\u00e3o avaliados com base na originalidade, relev\u00e2ncia, solidez t\u00e9cnica e clareza de apresenta\u00e7\u00e3o. Artigos industriais ou de aplica\u00e7\u00e3o tamb\u00e9m ser\u00e3o revisados com base no contexto e potencial de inova\u00e7\u00e3o.<\/p>\n\n\n\n<p>Os artigos completos do SBBD ter\u00e3o um processo de revis\u00e3o em duas etapas para artigos lim\u00edtrofes, onde os autores podem ver uma vers\u00e3o das revis\u00f5es e podem escrever um rebuttal para defender seu artigo com rela\u00e7\u00e3o aos coment\u00e1rios dos revisores. No rebuttal, os autores podem propor fazer algumas coisas para corrigir pequenos problemas no artigo para a vers\u00e3o final do artigo.<\/p>\n\n\n\n<p>Considerando os temas de interesse do SBBD (isoladamente ou em conjunto), os autores dos trabalhos submetidos ao congresso devem seguir algumas&nbsp;<a href=\"https:\/\/sbbd.org.br\/2023\/informacoes\/\" target=\"_blank\" rel=\"noreferrer noopener\">recomenda\u00e7\u00f5es<\/a>.<\/p>\n\n\n\n<h3 class=\"wp-block-heading\">Datas Importantes:<\/h3>\n\n\n\n<ul class=\"wp-block-list\"><li>Registro dos resumos:\u00a0<strong>22\/05\/2023<\/strong> (Nova data!)<\/li><li>Submiss\u00f5es:\u00a0<strong>29\/05\/2023<\/strong> (Nova data!)<\/li><li>Notifica\u00e7\u00e3o:\u00a0<strong>06\/07\/2023<\/strong> (Nova data!)<\/li><li>Rebuttal:\u00a0<strong>13\/0<\/strong><strong style=\"color: initial;\">7\/2023<\/strong> (Nova data!)<\/li><li>Notifica\u00e7\u00e3o Final: <strong>19\/07\/2023<\/strong> (Nova data!)<\/li><li>Vers\u00e3o final:\u00a0<strong>07\/08\/2028<\/strong> (Nova data!)<\/li><\/ul>\n\n\n\n<h3 class=\"wp-block-heading\"><strong>Coordenador de Programa:<\/strong><\/h3>\n\n\n\n<p>Daniel Kaster<br>Universidade Estadual de Londrina (UEL)<br><a href=\"mailto:dskaster@uel.br\" target=\"_blank\" rel=\"noreferrer noopener\"><\/a><a href=\"mailto:dskaster@uel.br\">dskaster@uel.br<\/a><\/p>\n","protected":false},"excerpt":{"rendered":"<p>As submiss\u00f5es nesta categoria devem apresentar resultados de pesquisa e discuss\u00e3o em qualquer um dos t\u00f3picos de interesse do SBBD.&hellip; <\/p>\n","protected":false},"author":18,"featured_media":0,"parent":0,"menu_order":0,"comment_status":"closed","ping_status":"closed","template":"","meta":{"footnotes":""},"class_list":["post-3822","page","type-page","status-publish","hentry"],"_links":{"self":[{"href":"https:\/\/sbbd.org.br\/2023\/wp-json\/wp\/v2\/pages\/3822","targetHints":{"allow":["GET"]}}],"collection":[{"href":"https:\/\/sbbd.org.br\/2023\/wp-json\/wp\/v2\/pages"}],"about":[{"href":"https:\/\/sbbd.org.br\/2023\/wp-json\/wp\/v2\/types\/page"}],"author":[{"embeddable":true,"href":"https:\/\/sbbd.org.br\/2023\/wp-json\/wp\/v2\/users\/18"}],"replies":[{"embeddable":true,"href":"https:\/\/sbbd.org.br\/2023\/wp-json\/wp\/v2\/comments?post=3822"}],"version-history":[{"count":63,"href":"https:\/\/sbbd.org.br\/2023\/wp-json\/wp\/v2\/pages\/3822\/revisions"}],"predecessor-version":[{"id":7354,"href":"https:\/\/sbbd.org.br\/2023\/wp-json\/wp\/v2\/pages\/3822\/revisions\/7354"}],"wp:attachment":[{"href":"https:\/\/sbbd.org.br\/2023\/wp-json\/wp\/v2\/media?parent=3822"}],"curies":[{"name":"wp","href":"https:\/\/api.w.org\/{rel}","templated":true}]}}