{"id":3684,"date":"2022-01-23T12:02:49","date_gmt":"2022-01-23T15:02:49","guid":{"rendered":"https:\/\/sbbd.org.br\/2023\/short-vision-industrial-committee-copy\/"},"modified":"2023-09-18T16:14:53","modified_gmt":"2023-09-18T19:14:53","slug":"organizacao","status":"publish","type":"page","link":"https:\/\/sbbd.org.br\/2023\/organizacao\/","title":{"rendered":"Organiza\u00e7\u00e3o"},"content":{"rendered":"\n<div class=\"wp-block-columns is-layout-flex wp-container-core-columns-is-layout-9d6595d7 wp-block-columns-is-layout-flex\">\n<div class=\"wp-block-column is-layout-flow wp-block-column-is-layout-flow\" style=\"flex-basis:33.33%\"><\/div>\n\n\n\n<div class=\"wp-block-column is-layout-flow wp-block-column-is-layout-flow\" style=\"flex-basis:66.66%\">\n<h4 class=\"wp-block-heading\">Coordena\u00e7\u00e3o de Programa Acad\u00eamico e Cient\u00edfico<\/h4>\n\n\n\n<p>Coordenador de Programa \u2013 <strong>Daniel Kaster<\/strong> (UEL) &#8211; dskaster@uel.br<br>Coordenador Trilha Short \u2013 <strong>Eduardo Ogasawara<\/strong> (CEFET\/RJ) &#8211; eogasawara@ieee.org<br>Coordenador de Tutoriais \u2013 <strong>Marcos Andr\u00e9 Gon\u00e7alves<\/strong> (UFMG) &#8211; mgoncalv@dcc.ufmg.br<br>Coordenador de Demos \u2013 <strong>Marcos Bedo<\/strong> (UFF) &#8211; marcosbedo@ic.uff.br<br>Coordenadora WTDBD \u2013 <strong>Renata Galante<\/strong> (UFRGS) &#8211; galante@inf.ufrgs.br<br>Coordenador de minicursos \u2013 <strong>Humberto Razente<\/strong> (UFU) &#8211; humberto.razente@ufu.br<br>Coordenadora de workshops \u2013 <strong>Elaine Parros de Sousa<\/strong> (USP) &#8211; parros@icmc.usp.br<br>Coordenador do CTDBD \u2013 <strong>Eduardo Cunha de Almeida<\/strong> (UFPR) &#8211; eduardo@inf.ufpr.br<br>Coordenador do CTDBD \u2013 <strong>Eduardo Pena<\/strong> (UTFPR) &#8211; eduardopena@utfpr.edu.br<br>Coordenador do WTAG \u2013 <strong>Marcelo Iury<\/strong> (UFPB) &#8211; marcelo@ci.ufpb.br<\/p>\n\n\n\n<h4 class=\"wp-block-heading\">Coordena\u00e7\u00e3o Geral e Local<\/h4>\n\n\n\n<p><strong>Michele Amaral Brand\u00e3o<\/strong> (IFMG) &#8211; michele.brandao@ifmg.edu.br<br><strong>Felipe Domingos da Cunha <\/strong>(PUC Minas) &#8211; felipe@pucminas.br<\/p>\n\n\n\n<h4 class=\"wp-block-heading\">Coordena\u00e7\u00e3o de Patroc\u00ednios e Contatos Institucionais<\/h4>\n\n\n\n<p><strong>Wladmir Cardoso Brand\u00e3o<\/strong> (PUC Minas) &#8211; wladmir@pucminas.br<\/p>\n\n\n\n<h4 class=\"wp-block-heading\">Coordena\u00e7\u00e3o de Publica\u00e7\u00f5es<\/h4>\n\n\n\n<p><strong>Ticiana L. Coelho da Silva<\/strong>&nbsp;(UFC,&nbsp;Brasil)<\/p>\n\n\n\n<p><\/p>\n\n\n\n<h4 class=\"wp-block-heading\">Organiza\u00e7\u00e3o Financeira<\/h4>\n\n\n\n<p><strong>Daniel Hasan Dalip<\/strong> (CEFET-MG) &#8211; hasan@cefetmg.br<br><strong>Danilo Boechat Seufitelli<\/strong> (PUC Minas) &#8211; daniloboechat@pucminas.br<br><strong>Juliana Padilha <\/strong>(CEFET-MG\/Faculdade \u00danica) &#8211;<strong> <\/strong>padilha.ju@gmail.com<\/p>\n\n\n\n<h4 class=\"wp-block-heading\">Volunt\u00e1rios<\/h4>\n\n\n\n<p><strong>Al\u00e9xia Cordeiro Oliveira<\/strong> (CEFET-MG)<br><strong>Daniel de Oliveira Capanema<\/strong> (PUC Minas)<br><strong>Daniel Rocha de Souza<\/strong> (IFMG)<br><strong>Gabriel Pereira de Oliveira<\/strong> (UFMG)<br><strong>Gabrielle Carolina Silva do Nascimento<\/strong> (IFMG)<br><strong>Isabelle Cristine Lucas Costa<\/strong> (PUC Minas)<br><strong>Izabela Cecilia Silva Barbosa<\/strong> (PUC Minas)<br><strong>Lu\u00eds Henrique Ferreira<\/strong> (IFMG)<br><strong>Lu\u00edsa Marques<\/strong> (UFMG)<br><strong>Marcela Prata <\/strong>(CEFET-MG)<br><strong>Mariana de Oliveira Santos Silva<\/strong> (UFMG)<br><strong>Matheus Costa de Menezes<\/strong> (CEFET-MG)<br><strong>Mayara do Carmo Mendes<\/strong> (UFMG)<br><strong>Paulo Jos\u00e9 Lage Alvarenga<\/strong> (UNIFEI)<br><strong>Ricardo Henrique Guedes Furiati<\/strong> (PUC Minas)<br><strong>Samyris Alves Rodrigues<\/strong> (CEFET-MG)<br><strong>Silas Pereira Lima Filho<\/strong> (UFRJ)<br><strong>Vitor Fernandes de Souza<\/strong> (PUC Minas)<\/p>\n\n\n<div class=\"wp-block-image\">\n<figure class=\"alignleft size-large is-resized\"><a href=\"https:\/\/www.facebook.com\/abritodesignstudio\"><img loading=\"lazy\" decoding=\"async\" src=\"https:\/\/sbbd.org.br\/2023\/wp-content\/uploads\/sites\/16\/2022\/07\/AUGUSTO_BRITOlogoHorizLaranja-1024x320.png\" alt=\"\" class=\"wp-image-5023\" width=\"144\" height=\"44\" srcset=\"https:\/\/sbbd.org.br\/2023\/wp-content\/uploads\/sites\/16\/2022\/07\/AUGUSTO_BRITOlogoHorizLaranja-1024x320.png 1024w, https:\/\/sbbd.org.br\/2023\/wp-content\/uploads\/sites\/16\/2022\/07\/AUGUSTO_BRITOlogoHorizLaranja-300x94.png 300w, https:\/\/sbbd.org.br\/2023\/wp-content\/uploads\/sites\/16\/2022\/07\/AUGUSTO_BRITOlogoHorizLaranja-768x240.png 768w, https:\/\/sbbd.org.br\/2023\/wp-content\/uploads\/sites\/16\/2022\/07\/AUGUSTO_BRITOlogoHorizLaranja.png 1231w\" sizes=\"auto, (max-width: 144px) 100vw, 144px\" \/><\/a><\/figure>\n<\/div><\/div>\n<\/div>\n\n\n\n<div class=\"wp-block-columns is-layout-flex wp-container-core-columns-is-layout-9d6595d7 wp-block-columns-is-layout-flex\">\n<div class=\"wp-block-column is-layout-flow wp-block-column-is-layout-flow\" style=\"flex-basis:100%\"><\/div>\n<\/div>\n","protected":false},"excerpt":{"rendered":"<p>Coordena\u00e7\u00e3o de Programa Acad\u00eamico e Cient\u00edfico Coordenador de Programa \u2013 Daniel Kaster (UEL) &#8211; dskaster@uel.brCoordenador Trilha Short \u2013 Eduardo Ogasawara&hellip; <\/p>\n","protected":false},"author":18,"featured_media":0,"parent":0,"menu_order":0,"comment_status":"closed","ping_status":"closed","template":"","meta":{"footnotes":""},"class_list":["post-3684","page","type-page","status-publish","hentry"],"_links":{"self":[{"href":"https:\/\/sbbd.org.br\/2023\/wp-json\/wp\/v2\/pages\/3684","targetHints":{"allow":["GET"]}}],"collection":[{"href":"https:\/\/sbbd.org.br\/2023\/wp-json\/wp\/v2\/pages"}],"about":[{"href":"https:\/\/sbbd.org.br\/2023\/wp-json\/wp\/v2\/types\/page"}],"author":[{"embeddable":true,"href":"https:\/\/sbbd.org.br\/2023\/wp-json\/wp\/v2\/users\/18"}],"replies":[{"embeddable":true,"href":"https:\/\/sbbd.org.br\/2023\/wp-json\/wp\/v2\/comments?post=3684"}],"version-history":[{"count":57,"href":"https:\/\/sbbd.org.br\/2023\/wp-json\/wp\/v2\/pages\/3684\/revisions"}],"predecessor-version":[{"id":7725,"href":"https:\/\/sbbd.org.br\/2023\/wp-json\/wp\/v2\/pages\/3684\/revisions\/7725"}],"wp:attachment":[{"href":"https:\/\/sbbd.org.br\/2023\/wp-json\/wp\/v2\/media?parent=3684"}],"curies":[{"name":"wp","href":"https:\/\/api.w.org\/{rel}","templated":true}]}}