{"id":167,"date":"2015-02-19T16:52:32","date_gmt":"2015-02-19T19:52:32","guid":{"rendered":"http:\/\/demo.themeskingdom.com\/eveny\/?page_id=167"},"modified":"2023-03-23T11:50:14","modified_gmt":"2023-03-23T14:50:14","slug":"sobre","status":"publish","type":"page","link":"https:\/\/sbbd.org.br\/2023\/sobre\/","title":{"rendered":"Sobre o SBBD"},"content":{"rendered":"\n<p><a href=\"https:\/\/sbbd.org.br\/2023\/\" data-type=\"URL\" data-id=\"https:\/\/sbbd.org.br\/2023\/\">Informa\u00e7\u00f5es SBBD 2023<\/a><br><a href=\"https:\/\/sbbd.org.br\/2023\/identidade-visual\/\">Identidade Visual<\/a><br><a href=\"https:\/\/sbbd.org.br\/2023\/informacoes-sobre-bh\/\" data-type=\"page\" data-id=\"6992\">Informa\u00e7\u00f5es BH<\/a><\/p>\n\n\n\n<div class=\"wp-block-columns is-layout-flex wp-container-core-columns-is-layout-9d6595d7 wp-block-columns-is-layout-flex\">\n<div class=\"wp-block-column is-layout-flow wp-block-column-is-layout-flow\" style=\"flex-basis:100%\"><\/div>\n<\/div>\n","protected":false},"excerpt":{"rendered":"<p>Informa\u00e7\u00f5es SBBD 2023Identidade VisualInforma\u00e7\u00f5es BH<\/p>\n","protected":false},"author":12,"featured_media":0,"parent":0,"menu_order":-4,"comment_status":"closed","ping_status":"closed","template":"","meta":{"footnotes":""},"class_list":["post-167","page","type-page","status-publish","hentry"],"_links":{"self":[{"href":"https:\/\/sbbd.org.br\/2023\/wp-json\/wp\/v2\/pages\/167","targetHints":{"allow":["GET"]}}],"collection":[{"href":"https:\/\/sbbd.org.br\/2023\/wp-json\/wp\/v2\/pages"}],"about":[{"href":"https:\/\/sbbd.org.br\/2023\/wp-json\/wp\/v2\/types\/page"}],"author":[{"embeddable":true,"href":"https:\/\/sbbd.org.br\/2023\/wp-json\/wp\/v2\/users\/12"}],"replies":[{"embeddable":true,"href":"https:\/\/sbbd.org.br\/2023\/wp-json\/wp\/v2\/comments?post=167"}],"version-history":[{"count":172,"href":"https:\/\/sbbd.org.br\/2023\/wp-json\/wp\/v2\/pages\/167\/revisions"}],"predecessor-version":[{"id":7047,"href":"https:\/\/sbbd.org.br\/2023\/wp-json\/wp\/v2\/pages\/167\/revisions\/7047"}],"wp:attachment":[{"href":"https:\/\/sbbd.org.br\/2023\/wp-json\/wp\/v2\/media?parent=167"}],"curies":[{"name":"wp","href":"https:\/\/api.w.org\/{rel}","templated":true}]}}